{"id":137389,"date":"2024-02-13T14:41:05","date_gmt":"2024-02-13T12:41:05","guid":{"rendered":"https:\/\/metaltale.com\/produktas\/vihmaduss-antiikmessingist-gold-glen-2\/"},"modified":"2024-02-13T14:41:05","modified_gmt":"2024-02-13T12:41:05","slug":"vihmaduss-antiikmessingist-gold-glen-2","status":"publish","type":"product","link":"https:\/\/metaltale.com\/et\/toode\/vihmaduss-antiikmessingist-gold-glen-2\/","title":{"rendered":"Vihmadu\u0161\u0161 antiikmessingist GOLD GLEN 2"},"content":{"rendered":"<div class=\"prod_data\"><strong>Mudel<\/strong> WX. SH2. GG. SHOWCASE  <br \/>Gold Glen kollektsioon <br \/><strong>EAN.<\/strong>  5905369901911  <br \/><strong>\u00dcldine k\u00f5rgus (cm)<\/strong> 11  <br \/>\u00dcldl\u00e4bim\u00f5\u00f5t (cm) 20,5 <br \/>Anti-Calc (lubjavastane) Jah <br \/>V\u00e4rv Antik messingist <br \/>Viimistlus Pehme, satiinne efekt <br \/>Reguleeritav du\u0161ipea nurk <br \/>LISATEAVE Pakkumine kehtib ainult du\u0161ipeale \/ vihmadu\u0161ile. <\/p>\n<p>&#8211; \u00fcmmargune vihmadu\u0161\u0161 l\u00e4bim\u00f5\u00f5duga 20,5 cm<br \/>&#8211; kuuliitmik<br \/>&#8211; vihmavool<br \/>&#8211; Anti-Calc &#8211; katlakivivastane s\u00fcsteem  <br \/>&#8211; Vihmadu\u0161\u0161, mis sobib Gold Glen kollektsiooni jaoks<br \/>&#8211; Vihmadu\u0161\u0161 ilma k\u00e4eta<\/p>\n<hr>\n<p>Retro vihmadu\u0161\u0161 kuppelmajandiga on ettepanek glamuuri, retro- v\u00f5i rustikaalse galm stiiliga vannitubadesse. Kividevastane s\u00fcsteem ei tee suplemist mitte ainult meeldivaks, vaid ka lihtsustab vihmadu\u0161i puhtana hoidmist.<\/p>\n<\/div>\n","protected":false},"excerpt":{"rendered":"<p>Mudel WX. SH2. GG. SHOWCASE Gold Glen kollektsioon EAN. 5905369901911 \u00dcldine k\u00f5rgus (cm) 11 \u00dcldl\u00e4bim\u00f5\u00f5t (cm) 20,5 Anti-Calc (lubjavastane) Jah<\/p>\n","protected":false},"featured_media":89732,"comment_status":"open","ping_status":"closed","template":"","meta":{"_acf_changed":false,"pmpro_default_level":""},"product_brand":[],"product_cat":[24183],"product_tag":[],"class_list":{"0":"post-137389","1":"product","2":"type-product","3":"status-publish","4":"has-post-thumbnail","6":"product_cat-vihmadusid-ja-dusijuhid","7":"pmpro-has-access","9":"first","10":"instock","11":"shipping-taxable","12":"purchasable","13":"product-type-simple"},"acf":[],"yoast_head":"<!-- This site is optimized with the Yoast SEO plugin v24.9 - https:\/\/yoast.com\/wordpress\/plugins\/seo\/ -->\n<title>Vihmadu\u0161\u0161 antiikmessingist GOLD GLEN 2 - MetalTale.com<\/title>\n<meta name=\"robots\" content=\"index, follow, max-snippet:-1, max-image-preview:large, max-video-preview:-1\" \/>\n<link rel=\"canonical\" href=\"https:\/\/metaltale.com\/et\/toode\/vihmaduss-antiikmessingist-gold-glen-2\/\" \/>\n<meta property=\"og:locale\" content=\"et_EE\" \/>\n<meta property=\"og:type\" content=\"article\" \/>\n<meta property=\"og:title\" content=\"Vihmadu\u0161\u0161 antiikmessingist GOLD GLEN 2 - MetalTale.com\" \/>\n<meta property=\"og:description\" content=\"Mudel WX. SH2. GG. SHOWCASE Gold Glen kollektsioon EAN. 5905369901911 \u00dcldine k\u00f5rgus (cm) 11 \u00dcldl\u00e4bim\u00f5\u00f5t (cm) 20,5 Anti-Calc (lubjavastane) Jah\" \/>\n<meta property=\"og:url\" content=\"https:\/\/metaltale.com\/et\/toode\/vihmaduss-antiikmessingist-gold-glen-2\/\" \/>\n<meta property=\"og:site_name\" content=\"MetalTale.com\" \/>\n<meta name=\"twitter:card\" content=\"summary_large_image\" \/>\n<script type=\"application\/ld+json\" class=\"yoast-schema-graph\">{\"@context\":\"https:\/\/schema.org\",\"@graph\":[{\"@type\":\"WebPage\",\"@id\":\"https:\/\/metaltale.com\/et\/toode\/vihmaduss-antiikmessingist-gold-glen-2\/\",\"url\":\"https:\/\/metaltale.com\/et\/toode\/vihmaduss-antiikmessingist-gold-glen-2\/\",\"name\":\"Vihmadu\u0161\u0161 antiikmessingist GOLD GLEN 2 - MetalTale.com\",\"isPartOf\":{\"@id\":\"https:\/\/metaltale.com\/et\/#website\"},\"primaryImageOfPage\":{\"@id\":\"https:\/\/metaltale.com\/et\/toode\/vihmaduss-antiikmessingist-gold-glen-2\/#primaryimage\"},\"image\":{\"@id\":\"https:\/\/metaltale.com\/et\/toode\/vihmaduss-antiikmessingist-gold-glen-2\/#primaryimage\"},\"thumbnailUrl\":\"https:\/\/metaltale.com\/wp-content\/uploads\/2023\/10\/Lietaus-dux161as-antikvarinis-x17Ealvaris-GOLD-GLEN-2.jpg\",\"datePublished\":\"2024-02-13T12:41:05+00:00\",\"breadcrumb\":{\"@id\":\"https:\/\/metaltale.com\/et\/toode\/vihmaduss-antiikmessingist-gold-glen-2\/#breadcrumb\"},\"inLanguage\":\"et\",\"potentialAction\":[{\"@type\":\"ReadAction\",\"target\":[\"https:\/\/metaltale.com\/et\/toode\/vihmaduss-antiikmessingist-gold-glen-2\/\"]}]},{\"@type\":\"ImageObject\",\"inLanguage\":\"et\",\"@id\":\"https:\/\/metaltale.com\/et\/toode\/vihmaduss-antiikmessingist-gold-glen-2\/#primaryimage\",\"url\":\"https:\/\/metaltale.com\/wp-content\/uploads\/2023\/10\/Lietaus-dux161as-antikvarinis-x17Ealvaris-GOLD-GLEN-2.jpg\",\"contentUrl\":\"https:\/\/metaltale.com\/wp-content\/uploads\/2023\/10\/Lietaus-dux161as-antikvarinis-x17Ealvaris-GOLD-GLEN-2.jpg\",\"width\":800,\"height\":800},{\"@type\":\"BreadcrumbList\",\"@id\":\"https:\/\/metaltale.com\/et\/toode\/vihmaduss-antiikmessingist-gold-glen-2\/#breadcrumb\",\"itemListElement\":[{\"@type\":\"ListItem\",\"position\":1,\"name\":\"Home\",\"item\":\"https:\/\/metaltale.com\/et\/kodu\/\"},{\"@type\":\"ListItem\",\"position\":2,\"name\":\"Kauplus\",\"item\":\"https:\/\/metaltale.com\/et\/shop\/\"},{\"@type\":\"ListItem\",\"position\":3,\"name\":\"Vihmadu\u0161\u0161 antiikmessingist GOLD GLEN 2\"}]},{\"@type\":\"WebSite\",\"@id\":\"https:\/\/metaltale.com\/et\/#website\",\"url\":\"https:\/\/metaltale.com\/et\/\",\"name\":\"Metaltale.com\",\"description\":\"\",\"potentialAction\":[{\"@type\":\"SearchAction\",\"target\":{\"@type\":\"EntryPoint\",\"urlTemplate\":\"https:\/\/metaltale.com\/et\/?s={search_term_string}\"},\"query-input\":{\"@type\":\"PropertyValueSpecification\",\"valueRequired\":true,\"valueName\":\"search_term_string\"}}],\"inLanguage\":\"et\"}]}<\/script>\n<!-- \/ Yoast SEO plugin. -->","yoast_head_json":{"title":"Vihmadu\u0161\u0161 antiikmessingist GOLD GLEN 2 - MetalTale.com","robots":{"index":"index","follow":"follow","max-snippet":"max-snippet:-1","max-image-preview":"max-image-preview:large","max-video-preview":"max-video-preview:-1"},"canonical":"https:\/\/metaltale.com\/et\/toode\/vihmaduss-antiikmessingist-gold-glen-2\/","og_locale":"et_EE","og_type":"article","og_title":"Vihmadu\u0161\u0161 antiikmessingist GOLD GLEN 2 - MetalTale.com","og_description":"Mudel WX. SH2. GG. SHOWCASE Gold Glen kollektsioon EAN. 5905369901911 \u00dcldine k\u00f5rgus (cm) 11 \u00dcldl\u00e4bim\u00f5\u00f5t (cm) 20,5 Anti-Calc (lubjavastane) Jah","og_url":"https:\/\/metaltale.com\/et\/toode\/vihmaduss-antiikmessingist-gold-glen-2\/","og_site_name":"MetalTale.com","twitter_card":"summary_large_image","schema":{"@context":"https:\/\/schema.org","@graph":[{"@type":"WebPage","@id":"https:\/\/metaltale.com\/et\/toode\/vihmaduss-antiikmessingist-gold-glen-2\/","url":"https:\/\/metaltale.com\/et\/toode\/vihmaduss-antiikmessingist-gold-glen-2\/","name":"Vihmadu\u0161\u0161 antiikmessingist GOLD GLEN 2 - MetalTale.com","isPartOf":{"@id":"https:\/\/metaltale.com\/et\/#website"},"primaryImageOfPage":{"@id":"https:\/\/metaltale.com\/et\/toode\/vihmaduss-antiikmessingist-gold-glen-2\/#primaryimage"},"image":{"@id":"https:\/\/metaltale.com\/et\/toode\/vihmaduss-antiikmessingist-gold-glen-2\/#primaryimage"},"thumbnailUrl":"https:\/\/metaltale.com\/wp-content\/uploads\/2023\/10\/Lietaus-dux161as-antikvarinis-x17Ealvaris-GOLD-GLEN-2.jpg","datePublished":"2024-02-13T12:41:05+00:00","breadcrumb":{"@id":"https:\/\/metaltale.com\/et\/toode\/vihmaduss-antiikmessingist-gold-glen-2\/#breadcrumb"},"inLanguage":"et","potentialAction":[{"@type":"ReadAction","target":["https:\/\/metaltale.com\/et\/toode\/vihmaduss-antiikmessingist-gold-glen-2\/"]}]},{"@type":"ImageObject","inLanguage":"et","@id":"https:\/\/metaltale.com\/et\/toode\/vihmaduss-antiikmessingist-gold-glen-2\/#primaryimage","url":"https:\/\/metaltale.com\/wp-content\/uploads\/2023\/10\/Lietaus-dux161as-antikvarinis-x17Ealvaris-GOLD-GLEN-2.jpg","contentUrl":"https:\/\/metaltale.com\/wp-content\/uploads\/2023\/10\/Lietaus-dux161as-antikvarinis-x17Ealvaris-GOLD-GLEN-2.jpg","width":800,"height":800},{"@type":"BreadcrumbList","@id":"https:\/\/metaltale.com\/et\/toode\/vihmaduss-antiikmessingist-gold-glen-2\/#breadcrumb","itemListElement":[{"@type":"ListItem","position":1,"name":"Home","item":"https:\/\/metaltale.com\/et\/kodu\/"},{"@type":"ListItem","position":2,"name":"Kauplus","item":"https:\/\/metaltale.com\/et\/shop\/"},{"@type":"ListItem","position":3,"name":"Vihmadu\u0161\u0161 antiikmessingist GOLD GLEN 2"}]},{"@type":"WebSite","@id":"https:\/\/metaltale.com\/et\/#website","url":"https:\/\/metaltale.com\/et\/","name":"Metaltale.com","description":"","potentialAction":[{"@type":"SearchAction","target":{"@type":"EntryPoint","urlTemplate":"https:\/\/metaltale.com\/et\/?s={search_term_string}"},"query-input":{"@type":"PropertyValueSpecification","valueRequired":true,"valueName":"search_term_string"}}],"inLanguage":"et"}]}},"_links":{"self":[{"href":"https:\/\/metaltale.com\/et\/wp-json\/wp\/v2\/product\/137389","targetHints":{"allow":["GET"]}}],"collection":[{"href":"https:\/\/metaltale.com\/et\/wp-json\/wp\/v2\/product"}],"about":[{"href":"https:\/\/metaltale.com\/et\/wp-json\/wp\/v2\/types\/product"}],"replies":[{"embeddable":true,"href":"https:\/\/metaltale.com\/et\/wp-json\/wp\/v2\/comments?post=137389"}],"version-history":[{"count":0,"href":"https:\/\/metaltale.com\/et\/wp-json\/wp\/v2\/product\/137389\/revisions"}],"wp:featuredmedia":[{"embeddable":true,"href":"https:\/\/metaltale.com\/et\/wp-json\/wp\/v2\/media\/89732"}],"wp:attachment":[{"href":"https:\/\/metaltale.com\/et\/wp-json\/wp\/v2\/media?parent=137389"}],"wp:term":[{"taxonomy":"product_brand","embeddable":true,"href":"https:\/\/metaltale.com\/et\/wp-json\/wp\/v2\/product_brand?post=137389"},{"taxonomy":"product_cat","embeddable":true,"href":"https:\/\/metaltale.com\/et\/wp-json\/wp\/v2\/product_cat?post=137389"},{"taxonomy":"product_tag","embeddable":true,"href":"https:\/\/metaltale.com\/et\/wp-json\/wp\/v2\/product_tag?post=137389"}],"curies":[{"name":"wp","href":"https:\/\/api.w.org\/{rel}","templated":true}]}}