{"id":137387,"date":"2024-02-13T14:39:55","date_gmt":"2024-02-13T12:39:55","guid":{"rendered":"https:\/\/metaltale.com\/produktas\/iris-attic-terasest-klaasist-latern\/"},"modified":"2024-02-13T14:39:55","modified_gmt":"2024-02-13T12:39:55","slug":"iris-attic-terasest-klaasist-latern","status":"publish","type":"product","link":"https:\/\/metaltale.com\/et\/toode\/iris-attic-terasest-klaasist-latern\/","title":{"rendered":"IRIS Attic terasest klaasist latern"},"content":{"rendered":"<div class=\"prod_data\"><strong>Mudel<\/strong> AF.421.204.00  <br \/><strong>EAN.<\/strong>  5905369923272  <br \/><strong>Materjal<\/strong> Metall, klaas  <br \/><strong> [cm]Kogupikkus<\/strong> 17 <strong> <\/strong> <br \/><strong>\u00dcldine k\u00f5rgus (cm)<\/strong> 46  <br \/><strong>\u00dcldine laius (cm)<\/strong> 25  <br \/>V\u00e4rv teras <\/p>\n<p>&#8211; metallist ja klaasist k\u00fc\u00fcnla latern<br \/>&#8211; turvaline t\u00f5mblukk ja praktiline k\u00e4epide<br \/>&#8211; \u00f5rnad pallikujulised jalad<br \/>&#8211; kokkupuude niiskusega p\u00f5hjustab korrosiooni<\/p>\n<hr>\n<p>Laternad on saanud meie kodudes, vaatetornides ja talveaedades alalise elukoha. Neist kiirguv k\u00fc\u00fcnlavalgus loob erilise soojuse, mis soodustab eriti pikki \u00f5htuseid vestlusi. IRISe konstruktsioon on toorest metallist ning toote t\u00f6\u00f6stuslikku iseloomu r\u00f5hutavad veelgi n\u00e4htavad keevis\u00f5mblused ja avatud hinged. Tehase stiili pehmendab keerukas t\u00f5mblukk ja \u00f5rnad jalad. Eeliseks on k\u00e4epide, mis h\u00f5lbustab toote k\u00e4sitsemist, mis samal ajal viitab k\u00fc\u00fcnalde algsele funktsioonile &#8211; tee valgustamisele.<\/p>\n<\/div>\n","protected":false},"excerpt":{"rendered":"<p>Mudel AF.421.204.00 EAN. 5905369923272 Materjal Metall, klaas [cm]Kogupikkus 17 \u00dcldine k\u00f5rgus (cm) 46 \u00dcldine laius (cm) 25 V\u00e4rv teras &#8211;<\/p>\n","protected":false},"featured_media":88964,"comment_status":"open","ping_status":"closed","template":"","meta":{"_acf_changed":false,"pmpro_default_level":""},"product_brand":[],"product_cat":[24190],"product_tag":[],"class_list":{"0":"post-137387","1":"product","2":"type-product","3":"status-publish","4":"has-post-thumbnail","6":"product_cat-valgustus","7":"pmpro-has-access","9":"first","10":"instock","11":"shipping-taxable","12":"purchasable","13":"product-type-simple"},"acf":[],"yoast_head":"<!-- This site is optimized with the Yoast SEO plugin v24.9 - https:\/\/yoast.com\/wordpress\/plugins\/seo\/ -->\n<title>IRIS Attic terasest klaasist latern - MetalTale.com<\/title>\n<meta name=\"robots\" content=\"index, follow, max-snippet:-1, max-image-preview:large, max-video-preview:-1\" \/>\n<link rel=\"canonical\" href=\"https:\/\/metaltale.com\/et\/toode\/iris-attic-terasest-klaasist-latern\/\" \/>\n<meta property=\"og:locale\" content=\"et_EE\" \/>\n<meta property=\"og:type\" content=\"article\" \/>\n<meta property=\"og:title\" content=\"IRIS Attic terasest klaasist latern - MetalTale.com\" \/>\n<meta property=\"og:description\" content=\"Mudel AF.421.204.00 EAN. 5905369923272 Materjal Metall, klaas [cm]Kogupikkus 17 \u00dcldine k\u00f5rgus (cm) 46 \u00dcldine laius (cm) 25 V\u00e4rv teras &#8211;\" \/>\n<meta property=\"og:url\" content=\"https:\/\/metaltale.com\/et\/toode\/iris-attic-terasest-klaasist-latern\/\" \/>\n<meta property=\"og:site_name\" content=\"MetalTale.com\" \/>\n<meta name=\"twitter:card\" content=\"summary_large_image\" \/>\n<meta name=\"twitter:label1\" content=\"Est. reading time\" \/>\n\t<meta name=\"twitter:data1\" content=\"1 minut\" \/>\n<script type=\"application\/ld+json\" class=\"yoast-schema-graph\">{\"@context\":\"https:\/\/schema.org\",\"@graph\":[{\"@type\":\"WebPage\",\"@id\":\"https:\/\/metaltale.com\/et\/toode\/iris-attic-terasest-klaasist-latern\/\",\"url\":\"https:\/\/metaltale.com\/et\/toode\/iris-attic-terasest-klaasist-latern\/\",\"name\":\"IRIS Attic terasest klaasist latern - MetalTale.com\",\"isPartOf\":{\"@id\":\"https:\/\/metaltale.com\/et\/#website\"},\"primaryImageOfPage\":{\"@id\":\"https:\/\/metaltale.com\/et\/toode\/iris-attic-terasest-klaasist-latern\/#primaryimage\"},\"image\":{\"@id\":\"https:\/\/metaltale.com\/et\/toode\/iris-attic-terasest-klaasist-latern\/#primaryimage\"},\"thumbnailUrl\":\"https:\/\/metaltale.com\/wp-content\/uploads\/2023\/10\/IRIS-x17Eibintx173-dekoravimas.jpg\",\"datePublished\":\"2024-02-13T12:39:55+00:00\",\"breadcrumb\":{\"@id\":\"https:\/\/metaltale.com\/et\/toode\/iris-attic-terasest-klaasist-latern\/#breadcrumb\"},\"inLanguage\":\"et\",\"potentialAction\":[{\"@type\":\"ReadAction\",\"target\":[\"https:\/\/metaltale.com\/et\/toode\/iris-attic-terasest-klaasist-latern\/\"]}]},{\"@type\":\"ImageObject\",\"inLanguage\":\"et\",\"@id\":\"https:\/\/metaltale.com\/et\/toode\/iris-attic-terasest-klaasist-latern\/#primaryimage\",\"url\":\"https:\/\/metaltale.com\/wp-content\/uploads\/2023\/10\/IRIS-x17Eibintx173-dekoravimas.jpg\",\"contentUrl\":\"https:\/\/metaltale.com\/wp-content\/uploads\/2023\/10\/IRIS-x17Eibintx173-dekoravimas.jpg\",\"width\":800,\"height\":800},{\"@type\":\"BreadcrumbList\",\"@id\":\"https:\/\/metaltale.com\/et\/toode\/iris-attic-terasest-klaasist-latern\/#breadcrumb\",\"itemListElement\":[{\"@type\":\"ListItem\",\"position\":1,\"name\":\"Home\",\"item\":\"https:\/\/metaltale.com\/et\/kodu\/\"},{\"@type\":\"ListItem\",\"position\":2,\"name\":\"Kauplus\",\"item\":\"https:\/\/metaltale.com\/et\/shop\/\"},{\"@type\":\"ListItem\",\"position\":3,\"name\":\"IRIS Attic terasest klaasist latern\"}]},{\"@type\":\"WebSite\",\"@id\":\"https:\/\/metaltale.com\/et\/#website\",\"url\":\"https:\/\/metaltale.com\/et\/\",\"name\":\"Metaltale.com\",\"description\":\"\",\"potentialAction\":[{\"@type\":\"SearchAction\",\"target\":{\"@type\":\"EntryPoint\",\"urlTemplate\":\"https:\/\/metaltale.com\/et\/?s={search_term_string}\"},\"query-input\":{\"@type\":\"PropertyValueSpecification\",\"valueRequired\":true,\"valueName\":\"search_term_string\"}}],\"inLanguage\":\"et\"}]}<\/script>\n<!-- \/ Yoast SEO plugin. -->","yoast_head_json":{"title":"IRIS Attic terasest klaasist latern - MetalTale.com","robots":{"index":"index","follow":"follow","max-snippet":"max-snippet:-1","max-image-preview":"max-image-preview:large","max-video-preview":"max-video-preview:-1"},"canonical":"https:\/\/metaltale.com\/et\/toode\/iris-attic-terasest-klaasist-latern\/","og_locale":"et_EE","og_type":"article","og_title":"IRIS Attic terasest klaasist latern - MetalTale.com","og_description":"Mudel AF.421.204.00 EAN. 5905369923272 Materjal Metall, klaas [cm]Kogupikkus 17 \u00dcldine k\u00f5rgus (cm) 46 \u00dcldine laius (cm) 25 V\u00e4rv teras &#8211;","og_url":"https:\/\/metaltale.com\/et\/toode\/iris-attic-terasest-klaasist-latern\/","og_site_name":"MetalTale.com","twitter_card":"summary_large_image","twitter_misc":{"Est. reading time":"1 minut"},"schema":{"@context":"https:\/\/schema.org","@graph":[{"@type":"WebPage","@id":"https:\/\/metaltale.com\/et\/toode\/iris-attic-terasest-klaasist-latern\/","url":"https:\/\/metaltale.com\/et\/toode\/iris-attic-terasest-klaasist-latern\/","name":"IRIS Attic terasest klaasist latern - MetalTale.com","isPartOf":{"@id":"https:\/\/metaltale.com\/et\/#website"},"primaryImageOfPage":{"@id":"https:\/\/metaltale.com\/et\/toode\/iris-attic-terasest-klaasist-latern\/#primaryimage"},"image":{"@id":"https:\/\/metaltale.com\/et\/toode\/iris-attic-terasest-klaasist-latern\/#primaryimage"},"thumbnailUrl":"https:\/\/metaltale.com\/wp-content\/uploads\/2023\/10\/IRIS-x17Eibintx173-dekoravimas.jpg","datePublished":"2024-02-13T12:39:55+00:00","breadcrumb":{"@id":"https:\/\/metaltale.com\/et\/toode\/iris-attic-terasest-klaasist-latern\/#breadcrumb"},"inLanguage":"et","potentialAction":[{"@type":"ReadAction","target":["https:\/\/metaltale.com\/et\/toode\/iris-attic-terasest-klaasist-latern\/"]}]},{"@type":"ImageObject","inLanguage":"et","@id":"https:\/\/metaltale.com\/et\/toode\/iris-attic-terasest-klaasist-latern\/#primaryimage","url":"https:\/\/metaltale.com\/wp-content\/uploads\/2023\/10\/IRIS-x17Eibintx173-dekoravimas.jpg","contentUrl":"https:\/\/metaltale.com\/wp-content\/uploads\/2023\/10\/IRIS-x17Eibintx173-dekoravimas.jpg","width":800,"height":800},{"@type":"BreadcrumbList","@id":"https:\/\/metaltale.com\/et\/toode\/iris-attic-terasest-klaasist-latern\/#breadcrumb","itemListElement":[{"@type":"ListItem","position":1,"name":"Home","item":"https:\/\/metaltale.com\/et\/kodu\/"},{"@type":"ListItem","position":2,"name":"Kauplus","item":"https:\/\/metaltale.com\/et\/shop\/"},{"@type":"ListItem","position":3,"name":"IRIS Attic terasest klaasist latern"}]},{"@type":"WebSite","@id":"https:\/\/metaltale.com\/et\/#website","url":"https:\/\/metaltale.com\/et\/","name":"Metaltale.com","description":"","potentialAction":[{"@type":"SearchAction","target":{"@type":"EntryPoint","urlTemplate":"https:\/\/metaltale.com\/et\/?s={search_term_string}"},"query-input":{"@type":"PropertyValueSpecification","valueRequired":true,"valueName":"search_term_string"}}],"inLanguage":"et"}]}},"_links":{"self":[{"href":"https:\/\/metaltale.com\/et\/wp-json\/wp\/v2\/product\/137387","targetHints":{"allow":["GET"]}}],"collection":[{"href":"https:\/\/metaltale.com\/et\/wp-json\/wp\/v2\/product"}],"about":[{"href":"https:\/\/metaltale.com\/et\/wp-json\/wp\/v2\/types\/product"}],"replies":[{"embeddable":true,"href":"https:\/\/metaltale.com\/et\/wp-json\/wp\/v2\/comments?post=137387"}],"version-history":[{"count":0,"href":"https:\/\/metaltale.com\/et\/wp-json\/wp\/v2\/product\/137387\/revisions"}],"wp:featuredmedia":[{"embeddable":true,"href":"https:\/\/metaltale.com\/et\/wp-json\/wp\/v2\/media\/88964"}],"wp:attachment":[{"href":"https:\/\/metaltale.com\/et\/wp-json\/wp\/v2\/media?parent=137387"}],"wp:term":[{"taxonomy":"product_brand","embeddable":true,"href":"https:\/\/metaltale.com\/et\/wp-json\/wp\/v2\/product_brand?post=137387"},{"taxonomy":"product_cat","embeddable":true,"href":"https:\/\/metaltale.com\/et\/wp-json\/wp\/v2\/product_cat?post=137387"},{"taxonomy":"product_tag","embeddable":true,"href":"https:\/\/metaltale.com\/et\/wp-json\/wp\/v2\/product_tag?post=137387"}],"curies":[{"name":"wp","href":"https:\/\/api.w.org\/{rel}","templated":true}]}}