{"id":137313,"date":"2024-02-13T14:45:05","date_gmt":"2024-02-13T12:45:05","guid":{"rendered":"https:\/\/metaltale.com\/produktas\/metallist-mooblijalg-tuba-193-cm-must\/"},"modified":"2024-02-13T14:45:05","modified_gmt":"2024-02-13T12:45:05","slug":"metallist-mooblijalg-tuba-193-cm-must","status":"publish","type":"product","link":"https:\/\/metaltale.com\/et\/toode\/metallist-mooblijalg-tuba-193-cm-must\/","title":{"rendered":"Metallist m\u00f6\u00f6blijalg TUBA 19,3 cm, must"},"content":{"rendered":"<div class=\"prod_data\">\n<p><strong>Mudel<\/strong> ZA. N10-TH<br \/>\n<strong>Materjal<\/strong> teras<br \/>\n<strong>\u00dcldine k\u00f5rgus (cm)<\/strong> 19,3<br \/>\n\u00dcldl\u00e4bim\u00f5\u00f5t (cm) 2<br \/>\nPaigalduskruvid Ei<br \/>\nV\u00e4rv Must<br \/>\n<strong>Viimistlus<\/strong> pulberv\u00e4rvitud<\/p>\n<p>mustast terasest m\u00f6\u00f6blijalg<\/p>\n<p>\u00dcks m\u00f6\u00f6blijalg v\u00f5imaldab t\u00e4pselt valida selle kinnituse m\u00f6\u00f6bli k\u00fclge<\/p>\n<p>must pulberv\u00e4rvitud jalg, mis on k\u00f5rge kriimustuskindlusega<\/p>\n<p>Lihtne kuju annab tootele mitmek\u00fclgse iseloomu.<\/p>\n<p>8,2 cm pikkune kinnituspind tagab saadud m\u00f6\u00f6bli stabiliseerimise<\/p>\n<hr>\n<p>\u00dche lihtsa TUBA jala mitmek\u00fclgne stiil muudab selle sobivaks paljude erinevate kujunduste jaoks. Pulbriga kaetud jalg on kriimustuskindel ja s\u00fcgavmust v\u00e4rv muudab selle ideaalseks valikuks retro ja loft&#8217;i armastajatele. Seda t\u00fc\u00fcpi toode sobib ideaalselt ebatavaliste m\u00f5\u00f5tmetega mittestandardse m\u00f6\u00f6bli jaoks. Mudelit saab kasutada nii k\u00f5rge poti loomiseks kui ka siis, kui tahame t\u00f5sta \u00f6\u00f6kappe v\u00f5i luua madala kohvilauda. Materjali paksus ja tugev paigaldusalus tagavad stabiilse m\u00f6\u00f6blieseme.<\/p>\n<\/div>\n","protected":false},"excerpt":{"rendered":"<p>Mudel ZA. N10-TH Materjal teras \u00dcldine k\u00f5rgus (cm) 19,3 \u00dcldl\u00e4bim\u00f5\u00f5t (cm) 2 Paigalduskruvid Ei V\u00e4rv Must Viimistlus pulberv\u00e4rvitud mustast terasest<\/p>\n","protected":false},"featured_media":119147,"comment_status":"open","ping_status":"closed","template":"","meta":{"_acf_changed":false,"pmpro_default_level":""},"product_brand":[],"product_cat":[24137,23898],"product_tag":[],"class_list":{"0":"post-137313","1":"product","2":"type-product","3":"status-publish","4":"has-post-thumbnail","6":"product_cat-moobli-jalad","7":"product_cat-baldu-kojeles-et","8":"pmpro-has-access","10":"first","11":"instock","12":"shipping-taxable","13":"purchasable","14":"product-type-simple"},"acf":[],"yoast_head":"<!-- This site is optimized with the Yoast SEO plugin v24.9 - https:\/\/yoast.com\/wordpress\/plugins\/seo\/ -->\n<title>Metallist m\u00f6\u00f6blijalg TUBA 19,3 cm, must - MetalTale.com<\/title>\n<meta name=\"robots\" content=\"index, follow, max-snippet:-1, max-image-preview:large, max-video-preview:-1\" \/>\n<link rel=\"canonical\" href=\"https:\/\/metaltale.com\/et\/toode\/metallist-mooblijalg-tuba-193-cm-must\/\" \/>\n<meta property=\"og:locale\" content=\"et_EE\" \/>\n<meta property=\"og:type\" content=\"article\" \/>\n<meta property=\"og:title\" content=\"Metallist m\u00f6\u00f6blijalg TUBA 19,3 cm, must - MetalTale.com\" \/>\n<meta property=\"og:description\" content=\"Mudel ZA. N10-TH Materjal teras \u00dcldine k\u00f5rgus (cm) 19,3 \u00dcldl\u00e4bim\u00f5\u00f5t (cm) 2 Paigalduskruvid Ei V\u00e4rv Must Viimistlus pulberv\u00e4rvitud mustast terasest\" \/>\n<meta property=\"og:url\" content=\"https:\/\/metaltale.com\/et\/toode\/metallist-mooblijalg-tuba-193-cm-must\/\" \/>\n<meta property=\"og:site_name\" content=\"MetalTale.com\" \/>\n<meta name=\"twitter:card\" content=\"summary_large_image\" \/>\n<meta name=\"twitter:label1\" content=\"Est. reading time\" \/>\n\t<meta name=\"twitter:data1\" content=\"1 minut\" \/>\n<script type=\"application\/ld+json\" class=\"yoast-schema-graph\">{\"@context\":\"https:\/\/schema.org\",\"@graph\":[{\"@type\":\"WebPage\",\"@id\":\"https:\/\/metaltale.com\/et\/toode\/metallist-mooblijalg-tuba-193-cm-must\/\",\"url\":\"https:\/\/metaltale.com\/et\/toode\/metallist-mooblijalg-tuba-193-cm-must\/\",\"name\":\"Metallist m\u00f6\u00f6blijalg TUBA 19,3 cm, must - MetalTale.com\",\"isPartOf\":{\"@id\":\"https:\/\/metaltale.com\/et\/#website\"},\"primaryImageOfPage\":{\"@id\":\"https:\/\/metaltale.com\/et\/toode\/metallist-mooblijalg-tuba-193-cm-must\/#primaryimage\"},\"image\":{\"@id\":\"https:\/\/metaltale.com\/et\/toode\/metallist-mooblijalg-tuba-193-cm-must\/#primaryimage\"},\"thumbnailUrl\":\"https:\/\/metaltale.com\/wp-content\/uploads\/2023\/12\/baldu-kojele.jpg\",\"datePublished\":\"2024-02-13T12:45:05+00:00\",\"breadcrumb\":{\"@id\":\"https:\/\/metaltale.com\/et\/toode\/metallist-mooblijalg-tuba-193-cm-must\/#breadcrumb\"},\"inLanguage\":\"et\",\"potentialAction\":[{\"@type\":\"ReadAction\",\"target\":[\"https:\/\/metaltale.com\/et\/toode\/metallist-mooblijalg-tuba-193-cm-must\/\"]}]},{\"@type\":\"ImageObject\",\"inLanguage\":\"et\",\"@id\":\"https:\/\/metaltale.com\/et\/toode\/metallist-mooblijalg-tuba-193-cm-must\/#primaryimage\",\"url\":\"https:\/\/metaltale.com\/wp-content\/uploads\/2023\/12\/baldu-kojele.jpg\",\"contentUrl\":\"https:\/\/metaltale.com\/wp-content\/uploads\/2023\/12\/baldu-kojele.jpg\",\"width\":800,\"height\":800,\"caption\":\"M\u00f6\u00f6bli jalad\"},{\"@type\":\"BreadcrumbList\",\"@id\":\"https:\/\/metaltale.com\/et\/toode\/metallist-mooblijalg-tuba-193-cm-must\/#breadcrumb\",\"itemListElement\":[{\"@type\":\"ListItem\",\"position\":1,\"name\":\"Home\",\"item\":\"https:\/\/metaltale.com\/et\/kodu\/\"},{\"@type\":\"ListItem\",\"position\":2,\"name\":\"Kauplus\",\"item\":\"https:\/\/metaltale.com\/et\/shop\/\"},{\"@type\":\"ListItem\",\"position\":3,\"name\":\"Metallist m\u00f6\u00f6blijalg TUBA 19,3 cm, must\"}]},{\"@type\":\"WebSite\",\"@id\":\"https:\/\/metaltale.com\/et\/#website\",\"url\":\"https:\/\/metaltale.com\/et\/\",\"name\":\"Metaltale.com\",\"description\":\"\",\"potentialAction\":[{\"@type\":\"SearchAction\",\"target\":{\"@type\":\"EntryPoint\",\"urlTemplate\":\"https:\/\/metaltale.com\/et\/?s={search_term_string}\"},\"query-input\":{\"@type\":\"PropertyValueSpecification\",\"valueRequired\":true,\"valueName\":\"search_term_string\"}}],\"inLanguage\":\"et\"}]}<\/script>\n<!-- \/ Yoast SEO plugin. -->","yoast_head_json":{"title":"Metallist m\u00f6\u00f6blijalg TUBA 19,3 cm, must - MetalTale.com","robots":{"index":"index","follow":"follow","max-snippet":"max-snippet:-1","max-image-preview":"max-image-preview:large","max-video-preview":"max-video-preview:-1"},"canonical":"https:\/\/metaltale.com\/et\/toode\/metallist-mooblijalg-tuba-193-cm-must\/","og_locale":"et_EE","og_type":"article","og_title":"Metallist m\u00f6\u00f6blijalg TUBA 19,3 cm, must - MetalTale.com","og_description":"Mudel ZA. N10-TH Materjal teras \u00dcldine k\u00f5rgus (cm) 19,3 \u00dcldl\u00e4bim\u00f5\u00f5t (cm) 2 Paigalduskruvid Ei V\u00e4rv Must Viimistlus pulberv\u00e4rvitud mustast terasest","og_url":"https:\/\/metaltale.com\/et\/toode\/metallist-mooblijalg-tuba-193-cm-must\/","og_site_name":"MetalTale.com","twitter_card":"summary_large_image","twitter_misc":{"Est. reading time":"1 minut"},"schema":{"@context":"https:\/\/schema.org","@graph":[{"@type":"WebPage","@id":"https:\/\/metaltale.com\/et\/toode\/metallist-mooblijalg-tuba-193-cm-must\/","url":"https:\/\/metaltale.com\/et\/toode\/metallist-mooblijalg-tuba-193-cm-must\/","name":"Metallist m\u00f6\u00f6blijalg TUBA 19,3 cm, must - MetalTale.com","isPartOf":{"@id":"https:\/\/metaltale.com\/et\/#website"},"primaryImageOfPage":{"@id":"https:\/\/metaltale.com\/et\/toode\/metallist-mooblijalg-tuba-193-cm-must\/#primaryimage"},"image":{"@id":"https:\/\/metaltale.com\/et\/toode\/metallist-mooblijalg-tuba-193-cm-must\/#primaryimage"},"thumbnailUrl":"https:\/\/metaltale.com\/wp-content\/uploads\/2023\/12\/baldu-kojele.jpg","datePublished":"2024-02-13T12:45:05+00:00","breadcrumb":{"@id":"https:\/\/metaltale.com\/et\/toode\/metallist-mooblijalg-tuba-193-cm-must\/#breadcrumb"},"inLanguage":"et","potentialAction":[{"@type":"ReadAction","target":["https:\/\/metaltale.com\/et\/toode\/metallist-mooblijalg-tuba-193-cm-must\/"]}]},{"@type":"ImageObject","inLanguage":"et","@id":"https:\/\/metaltale.com\/et\/toode\/metallist-mooblijalg-tuba-193-cm-must\/#primaryimage","url":"https:\/\/metaltale.com\/wp-content\/uploads\/2023\/12\/baldu-kojele.jpg","contentUrl":"https:\/\/metaltale.com\/wp-content\/uploads\/2023\/12\/baldu-kojele.jpg","width":800,"height":800,"caption":"M\u00f6\u00f6bli jalad"},{"@type":"BreadcrumbList","@id":"https:\/\/metaltale.com\/et\/toode\/metallist-mooblijalg-tuba-193-cm-must\/#breadcrumb","itemListElement":[{"@type":"ListItem","position":1,"name":"Home","item":"https:\/\/metaltale.com\/et\/kodu\/"},{"@type":"ListItem","position":2,"name":"Kauplus","item":"https:\/\/metaltale.com\/et\/shop\/"},{"@type":"ListItem","position":3,"name":"Metallist m\u00f6\u00f6blijalg TUBA 19,3 cm, must"}]},{"@type":"WebSite","@id":"https:\/\/metaltale.com\/et\/#website","url":"https:\/\/metaltale.com\/et\/","name":"Metaltale.com","description":"","potentialAction":[{"@type":"SearchAction","target":{"@type":"EntryPoint","urlTemplate":"https:\/\/metaltale.com\/et\/?s={search_term_string}"},"query-input":{"@type":"PropertyValueSpecification","valueRequired":true,"valueName":"search_term_string"}}],"inLanguage":"et"}]}},"_links":{"self":[{"href":"https:\/\/metaltale.com\/et\/wp-json\/wp\/v2\/product\/137313","targetHints":{"allow":["GET"]}}],"collection":[{"href":"https:\/\/metaltale.com\/et\/wp-json\/wp\/v2\/product"}],"about":[{"href":"https:\/\/metaltale.com\/et\/wp-json\/wp\/v2\/types\/product"}],"replies":[{"embeddable":true,"href":"https:\/\/metaltale.com\/et\/wp-json\/wp\/v2\/comments?post=137313"}],"version-history":[{"count":0,"href":"https:\/\/metaltale.com\/et\/wp-json\/wp\/v2\/product\/137313\/revisions"}],"wp:featuredmedia":[{"embeddable":true,"href":"https:\/\/metaltale.com\/et\/wp-json\/wp\/v2\/media\/119147"}],"wp:attachment":[{"href":"https:\/\/metaltale.com\/et\/wp-json\/wp\/v2\/media?parent=137313"}],"wp:term":[{"taxonomy":"product_brand","embeddable":true,"href":"https:\/\/metaltale.com\/et\/wp-json\/wp\/v2\/product_brand?post=137313"},{"taxonomy":"product_cat","embeddable":true,"href":"https:\/\/metaltale.com\/et\/wp-json\/wp\/v2\/product_cat?post=137313"},{"taxonomy":"product_tag","embeddable":true,"href":"https:\/\/metaltale.com\/et\/wp-json\/wp\/v2\/product_tag?post=137313"}],"curies":[{"name":"wp","href":"https:\/\/api.w.org\/{rel}","templated":true}]}}