{"id":137220,"date":"2024-02-13T14:43:05","date_gmt":"2024-02-13T12:43:05","guid":{"rendered":"https:\/\/metaltale.com\/produktas\/valamu-segisti-lola-4-must\/"},"modified":"2024-02-13T14:43:05","modified_gmt":"2024-02-13T12:43:05","slug":"valamu-segisti-lola-4-must","status":"publish","type":"product","link":"https:\/\/metaltale.com\/et\/toode\/valamu-segisti-lola-4-must\/","title":{"rendered":"Valamu segisti LOLA 4, must"},"content":{"rendered":"<div class=\"prod_data\">\n<p><strong>Mudel<\/strong> WX. HT99546<br \/>\nLola &amp; Lexie <strong>kollektsioon<\/strong><br \/>\n<strong>EAN.<\/strong>  5905369904288<br \/>\n<strong>Segisti t\u00fc\u00fcp<\/strong> Vabalt seisev<br \/>\n<strong>V\u00e4ljalaskeava pikkus (cm)<\/strong> 15<br \/>\n<strong>Materjal<\/strong> Messing<br \/>\n<strong>Paigaldusava l\u00e4bim\u00f5\u00f5t<\/strong> 3,2<br \/>\nK\u00f5rgus (cm) 29<br \/>\n<strong>K\u00f5rgus t\u00f5stetud k\u00e4epidemega<\/strong> 31<br \/>\n<strong>Perlator (\u00f5hutaja)<\/strong> Jah<br \/>\n<strong>P\u00f6\u00f6rlev v\u00e4ljalaskeava<\/strong> Jah<br \/>\nV\u00e4rv Must<br \/>\n<strong>Viimistlus<\/strong> Pehme, satiinne efekt<br \/>\n<strong>Lisateave<\/strong> Voolik M8x3\/8&#8243; kraani pikkus 50cm<\/p>\n<p>&#8211; messingist patarei<br \/>\n&#8211; liigutatav v\u00e4ljalaskeava<br \/>\n&#8211; keraamiline pea &#8211; element, mis tagab vee n\u00f5uetekohase jaotumise<br \/>\n&#8211; Aerator &#8211; \u00f5hutaja, mis v\u00e4hendab veekulu<br \/>\n&#8211; k\u00f5ik komplektis olevad kokkupanekuks vajalikud elemendid (voolikud, kruvi lauaplaadile, tihendid kruvile)<\/p>\n<hr>\n<p>&#8220;Lola &amp;; Lexie&#8221; kollektsioon pakub mustast messingist kraane, mida iseloomustab nende kvaliteet ja funktsionaalsus ning unikaalsed kaunistused. Valikus on mustad du\u0161ikomplektid, retro seisvad kraanid ja seinale paigaldatavad kraanid, mis v\u00f5imaldavad teil luua \u00fchtse vannitoakujunduse. Toodete pinnal n\u00e4htavad vananemism\u00f5jud on kriimustused ja iseloomulikud kumerad mustrid. Disainerkraanist saab kindlasti k\u00f6\u00f6gi v\u00f5i vannitoa kujunduse keskpunkt. Samal ajal t\u00f5mbab massiivne ja peen pesuvannisegisti diskreetselt t\u00e4helepanu. Praktiline kraan, keraamiline kraanikaussi ja \u00f5hupuhasti on vaid m\u00f5ned LOLA mudeli eelised.<\/p>\n<\/div>\n","protected":false},"excerpt":{"rendered":"<p>Mudel WX. HT99546 Lola &amp; Lexie kollektsioon EAN. 5905369904288 Segisti t\u00fc\u00fcp Vabalt seisev V\u00e4ljalaskeava pikkus (cm) 15 Materjal Messing Paigaldusava<\/p>\n","protected":false},"featured_media":97059,"comment_status":"open","ping_status":"closed","template":"","meta":{"_acf_changed":false,"pmpro_default_level":""},"product_brand":[],"product_cat":[24175,24154],"product_tag":[],"class_list":{"0":"post-137220","1":"product","2":"type-product","3":"status-publish","4":"has-post-thumbnail","6":"product_cat-valamu-segistid","7":"product_cat-vannitoa-kraanid","8":"pmpro-has-access","10":"first","11":"instock","12":"shipping-taxable","13":"purchasable","14":"product-type-simple"},"acf":[],"yoast_head":"<!-- This site is optimized with the Yoast SEO plugin v24.9 - https:\/\/yoast.com\/wordpress\/plugins\/seo\/ -->\n<title>Valamu segisti LOLA 4, must - MetalTale.com<\/title>\n<meta name=\"robots\" content=\"index, follow, max-snippet:-1, max-image-preview:large, max-video-preview:-1\" \/>\n<link rel=\"canonical\" href=\"https:\/\/metaltale.com\/et\/toode\/valamu-segisti-lola-4-must\/\" \/>\n<meta property=\"og:locale\" content=\"et_EE\" \/>\n<meta property=\"og:type\" content=\"article\" \/>\n<meta property=\"og:title\" content=\"Valamu segisti LOLA 4, must - MetalTale.com\" \/>\n<meta property=\"og:description\" content=\"Mudel WX. HT99546 Lola &amp; Lexie kollektsioon EAN. 5905369904288 Segisti t\u00fc\u00fcp Vabalt seisev V\u00e4ljalaskeava pikkus (cm) 15 Materjal Messing Paigaldusava\" \/>\n<meta property=\"og:url\" content=\"https:\/\/metaltale.com\/et\/toode\/valamu-segisti-lola-4-must\/\" \/>\n<meta property=\"og:site_name\" content=\"MetalTale.com\" \/>\n<meta property=\"og:image\" content=\"https:\/\/metaltale.com\/wp-content\/uploads\/2023\/11\/Praustuvo-maix161ytuvas-juodas-LOLA-4.jpg\" \/>\n\t<meta property=\"og:image:width\" content=\"800\" \/>\n\t<meta property=\"og:image:height\" content=\"800\" \/>\n\t<meta property=\"og:image:type\" content=\"image\/jpeg\" \/>\n<meta name=\"twitter:card\" content=\"summary_large_image\" \/>\n<meta name=\"twitter:label1\" content=\"Est. reading time\" \/>\n\t<meta name=\"twitter:data1\" content=\"1 minut\" \/>\n<script type=\"application\/ld+json\" class=\"yoast-schema-graph\">{\"@context\":\"https:\/\/schema.org\",\"@graph\":[{\"@type\":\"WebPage\",\"@id\":\"https:\/\/metaltale.com\/et\/toode\/valamu-segisti-lola-4-must\/\",\"url\":\"https:\/\/metaltale.com\/et\/toode\/valamu-segisti-lola-4-must\/\",\"name\":\"Valamu segisti LOLA 4, must - MetalTale.com\",\"isPartOf\":{\"@id\":\"https:\/\/metaltale.com\/et\/#website\"},\"primaryImageOfPage\":{\"@id\":\"https:\/\/metaltale.com\/et\/toode\/valamu-segisti-lola-4-must\/#primaryimage\"},\"image\":{\"@id\":\"https:\/\/metaltale.com\/et\/toode\/valamu-segisti-lola-4-must\/#primaryimage\"},\"thumbnailUrl\":\"https:\/\/metaltale.com\/wp-content\/uploads\/2023\/11\/Praustuvo-maix161ytuvas-juodas-LOLA-4.jpg\",\"datePublished\":\"2024-02-13T12:43:05+00:00\",\"breadcrumb\":{\"@id\":\"https:\/\/metaltale.com\/et\/toode\/valamu-segisti-lola-4-must\/#breadcrumb\"},\"inLanguage\":\"et\",\"potentialAction\":[{\"@type\":\"ReadAction\",\"target\":[\"https:\/\/metaltale.com\/et\/toode\/valamu-segisti-lola-4-must\/\"]}]},{\"@type\":\"ImageObject\",\"inLanguage\":\"et\",\"@id\":\"https:\/\/metaltale.com\/et\/toode\/valamu-segisti-lola-4-must\/#primaryimage\",\"url\":\"https:\/\/metaltale.com\/wp-content\/uploads\/2023\/11\/Praustuvo-maix161ytuvas-juodas-LOLA-4.jpg\",\"contentUrl\":\"https:\/\/metaltale.com\/wp-content\/uploads\/2023\/11\/Praustuvo-maix161ytuvas-juodas-LOLA-4.jpg\",\"width\":800,\"height\":800,\"caption\":\"Valamu segisti LOLA 4, must\"},{\"@type\":\"BreadcrumbList\",\"@id\":\"https:\/\/metaltale.com\/et\/toode\/valamu-segisti-lola-4-must\/#breadcrumb\",\"itemListElement\":[{\"@type\":\"ListItem\",\"position\":1,\"name\":\"Home\",\"item\":\"https:\/\/metaltale.com\/et\/kodu\/\"},{\"@type\":\"ListItem\",\"position\":2,\"name\":\"Kauplus\",\"item\":\"https:\/\/metaltale.com\/et\/shop\/\"},{\"@type\":\"ListItem\",\"position\":3,\"name\":\"Valamu segisti LOLA 4, must\"}]},{\"@type\":\"WebSite\",\"@id\":\"https:\/\/metaltale.com\/et\/#website\",\"url\":\"https:\/\/metaltale.com\/et\/\",\"name\":\"Metaltale.com\",\"description\":\"\",\"potentialAction\":[{\"@type\":\"SearchAction\",\"target\":{\"@type\":\"EntryPoint\",\"urlTemplate\":\"https:\/\/metaltale.com\/et\/?s={search_term_string}\"},\"query-input\":{\"@type\":\"PropertyValueSpecification\",\"valueRequired\":true,\"valueName\":\"search_term_string\"}}],\"inLanguage\":\"et\"}]}<\/script>\n<!-- \/ Yoast SEO plugin. -->","yoast_head_json":{"title":"Valamu segisti LOLA 4, must - MetalTale.com","robots":{"index":"index","follow":"follow","max-snippet":"max-snippet:-1","max-image-preview":"max-image-preview:large","max-video-preview":"max-video-preview:-1"},"canonical":"https:\/\/metaltale.com\/et\/toode\/valamu-segisti-lola-4-must\/","og_locale":"et_EE","og_type":"article","og_title":"Valamu segisti LOLA 4, must - MetalTale.com","og_description":"Mudel WX. HT99546 Lola &amp; Lexie kollektsioon EAN. 5905369904288 Segisti t\u00fc\u00fcp Vabalt seisev V\u00e4ljalaskeava pikkus (cm) 15 Materjal Messing Paigaldusava","og_url":"https:\/\/metaltale.com\/et\/toode\/valamu-segisti-lola-4-must\/","og_site_name":"MetalTale.com","og_image":[{"width":800,"height":800,"url":"https:\/\/metaltale.com\/wp-content\/uploads\/2023\/11\/Praustuvo-maix161ytuvas-juodas-LOLA-4.jpg","type":"image\/jpeg"}],"twitter_card":"summary_large_image","twitter_misc":{"Est. reading time":"1 minut"},"schema":{"@context":"https:\/\/schema.org","@graph":[{"@type":"WebPage","@id":"https:\/\/metaltale.com\/et\/toode\/valamu-segisti-lola-4-must\/","url":"https:\/\/metaltale.com\/et\/toode\/valamu-segisti-lola-4-must\/","name":"Valamu segisti LOLA 4, must - MetalTale.com","isPartOf":{"@id":"https:\/\/metaltale.com\/et\/#website"},"primaryImageOfPage":{"@id":"https:\/\/metaltale.com\/et\/toode\/valamu-segisti-lola-4-must\/#primaryimage"},"image":{"@id":"https:\/\/metaltale.com\/et\/toode\/valamu-segisti-lola-4-must\/#primaryimage"},"thumbnailUrl":"https:\/\/metaltale.com\/wp-content\/uploads\/2023\/11\/Praustuvo-maix161ytuvas-juodas-LOLA-4.jpg","datePublished":"2024-02-13T12:43:05+00:00","breadcrumb":{"@id":"https:\/\/metaltale.com\/et\/toode\/valamu-segisti-lola-4-must\/#breadcrumb"},"inLanguage":"et","potentialAction":[{"@type":"ReadAction","target":["https:\/\/metaltale.com\/et\/toode\/valamu-segisti-lola-4-must\/"]}]},{"@type":"ImageObject","inLanguage":"et","@id":"https:\/\/metaltale.com\/et\/toode\/valamu-segisti-lola-4-must\/#primaryimage","url":"https:\/\/metaltale.com\/wp-content\/uploads\/2023\/11\/Praustuvo-maix161ytuvas-juodas-LOLA-4.jpg","contentUrl":"https:\/\/metaltale.com\/wp-content\/uploads\/2023\/11\/Praustuvo-maix161ytuvas-juodas-LOLA-4.jpg","width":800,"height":800,"caption":"Valamu segisti LOLA 4, must"},{"@type":"BreadcrumbList","@id":"https:\/\/metaltale.com\/et\/toode\/valamu-segisti-lola-4-must\/#breadcrumb","itemListElement":[{"@type":"ListItem","position":1,"name":"Home","item":"https:\/\/metaltale.com\/et\/kodu\/"},{"@type":"ListItem","position":2,"name":"Kauplus","item":"https:\/\/metaltale.com\/et\/shop\/"},{"@type":"ListItem","position":3,"name":"Valamu segisti LOLA 4, must"}]},{"@type":"WebSite","@id":"https:\/\/metaltale.com\/et\/#website","url":"https:\/\/metaltale.com\/et\/","name":"Metaltale.com","description":"","potentialAction":[{"@type":"SearchAction","target":{"@type":"EntryPoint","urlTemplate":"https:\/\/metaltale.com\/et\/?s={search_term_string}"},"query-input":{"@type":"PropertyValueSpecification","valueRequired":true,"valueName":"search_term_string"}}],"inLanguage":"et"}]}},"_links":{"self":[{"href":"https:\/\/metaltale.com\/et\/wp-json\/wp\/v2\/product\/137220","targetHints":{"allow":["GET"]}}],"collection":[{"href":"https:\/\/metaltale.com\/et\/wp-json\/wp\/v2\/product"}],"about":[{"href":"https:\/\/metaltale.com\/et\/wp-json\/wp\/v2\/types\/product"}],"replies":[{"embeddable":true,"href":"https:\/\/metaltale.com\/et\/wp-json\/wp\/v2\/comments?post=137220"}],"version-history":[{"count":0,"href":"https:\/\/metaltale.com\/et\/wp-json\/wp\/v2\/product\/137220\/revisions"}],"wp:featuredmedia":[{"embeddable":true,"href":"https:\/\/metaltale.com\/et\/wp-json\/wp\/v2\/media\/97059"}],"wp:attachment":[{"href":"https:\/\/metaltale.com\/et\/wp-json\/wp\/v2\/media?parent=137220"}],"wp:term":[{"taxonomy":"product_brand","embeddable":true,"href":"https:\/\/metaltale.com\/et\/wp-json\/wp\/v2\/product_brand?post=137220"},{"taxonomy":"product_cat","embeddable":true,"href":"https:\/\/metaltale.com\/et\/wp-json\/wp\/v2\/product_cat?post=137220"},{"taxonomy":"product_tag","embeddable":true,"href":"https:\/\/metaltale.com\/et\/wp-json\/wp\/v2\/product_tag?post=137220"}],"curies":[{"name":"wp","href":"https:\/\/api.w.org\/{rel}","templated":true}]}}