{"id":137215,"date":"2024-02-13T14:43:05","date_gmt":"2024-02-13T12:43:05","guid":{"rendered":"https:\/\/metaltale.com\/produktas\/dekoratiivne-metallist-seinakate-zywiec\/"},"modified":"2024-02-13T14:43:05","modified_gmt":"2024-02-13T12:43:05","slug":"dekoratiivne-metallist-seinakate-zywiec","status":"publish","type":"product","link":"https:\/\/metaltale.com\/et\/toode\/dekoratiivne-metallist-seinakate-zywiec\/","title":{"rendered":"Dekoratiivne metallist seinakate \u017bYWIEC"},"content":{"rendered":"<div class=\"prod_data\"><strong>Mudel<\/strong> FJ. JHBC.1102  <br \/><strong>EAN.<\/strong>  5907772070932  <br \/><strong>Motiiv<\/strong> joogid  <br \/><strong>S\u00fcgavus (cm)<\/strong> 4  <br \/><strong>\u00dcldl\u00e4bim\u00f5\u00f5t (cm)<\/strong> 35  <br \/><strong>Materjal<\/strong> teras  <br \/><strong>Kuju<\/strong> \u00dcmmargune  <br \/><strong>Orienteerumine<\/strong> Universaalne  <\/p>\n<p>Metallist seinakork, mida saab riputada toote tagaosas oleva k\u00e4epideme k\u00fclge. See on valmistatud k\u00f5rgeima kvaliteediga tr\u00fckkimisega ja kaitstud kulumisvastase lakiga. Kaane sobib ideaalselt retrostiilis interj\u00f6\u00f6ridesse, eriti t\u00e4nu stiliseeritud kriimustustele, mis annavad sellele iseloomu. Kaaned r\u00f5\u00f5mustavad iga originaaldekoratsioonide f\u00e4nni.  <\/p>\n<p>Toode kajastab \u017bYWIEC \u00f5llekorki.<\/p>\n<p>Kate sobib ideaalselt baaridesse, restoranidesse ja meeste ruumidesse.<br \/>Ideaalne kingitus br\u00e4ndi f\u00e4nnidele.<\/p>\n<\/div>\n","protected":false},"excerpt":{"rendered":"<p>Mudel FJ. JHBC.1102 EAN. 5907772070932 Motiiv joogid S\u00fcgavus (cm) 4 \u00dcldl\u00e4bim\u00f5\u00f5t (cm) 35 Materjal teras Kuju \u00dcmmargune Orienteerumine Universaalne Metallist<\/p>\n","protected":false},"featured_media":90624,"comment_status":"open","ping_status":"closed","template":"","meta":{"_acf_changed":false,"pmpro_default_level":""},"product_brand":[],"product_cat":[24168],"product_tag":[],"class_list":{"0":"post-137215","1":"product","2":"type-product","3":"status-publish","4":"has-post-thumbnail","6":"product_cat-dekoratiivsed-pudelikorgid","7":"pmpro-has-access","9":"first","10":"instock","11":"shipping-taxable","12":"purchasable","13":"product-type-simple"},"acf":[],"yoast_head":"<!-- This site is optimized with the Yoast SEO plugin v24.9 - https:\/\/yoast.com\/wordpress\/plugins\/seo\/ -->\n<title>Dekoratiivne metallist seinakate \u017bYWIEC - MetalTale.com<\/title>\n<meta name=\"robots\" content=\"index, follow, max-snippet:-1, max-image-preview:large, max-video-preview:-1\" \/>\n<link rel=\"canonical\" href=\"https:\/\/metaltale.com\/et\/toode\/dekoratiivne-metallist-seinakate-zywiec\/\" \/>\n<meta property=\"og:locale\" content=\"et_EE\" \/>\n<meta property=\"og:type\" content=\"article\" \/>\n<meta property=\"og:title\" content=\"Dekoratiivne metallist seinakate \u017bYWIEC - MetalTale.com\" \/>\n<meta property=\"og:description\" content=\"Mudel FJ. JHBC.1102 EAN. 5907772070932 Motiiv joogid S\u00fcgavus (cm) 4 \u00dcldl\u00e4bim\u00f5\u00f5t (cm) 35 Materjal teras Kuju \u00dcmmargune Orienteerumine Universaalne Metallist\" \/>\n<meta property=\"og:url\" content=\"https:\/\/metaltale.com\/et\/toode\/dekoratiivne-metallist-seinakate-zywiec\/\" \/>\n<meta property=\"og:site_name\" content=\"MetalTale.com\" \/>\n<meta name=\"twitter:card\" content=\"summary_large_image\" \/>\n<script type=\"application\/ld+json\" class=\"yoast-schema-graph\">{\"@context\":\"https:\/\/schema.org\",\"@graph\":[{\"@type\":\"WebPage\",\"@id\":\"https:\/\/metaltale.com\/et\/toode\/dekoratiivne-metallist-seinakate-zywiec\/\",\"url\":\"https:\/\/metaltale.com\/et\/toode\/dekoratiivne-metallist-seinakate-zywiec\/\",\"name\":\"Dekoratiivne metallist seinakate \u017bYWIEC - MetalTale.com\",\"isPartOf\":{\"@id\":\"https:\/\/metaltale.com\/et\/#website\"},\"primaryImageOfPage\":{\"@id\":\"https:\/\/metaltale.com\/et\/toode\/dekoratiivne-metallist-seinakate-zywiec\/#primaryimage\"},\"image\":{\"@id\":\"https:\/\/metaltale.com\/et\/toode\/dekoratiivne-metallist-seinakate-zywiec\/#primaryimage\"},\"thumbnailUrl\":\"https:\/\/metaltale.com\/wp-content\/uploads\/2023\/10\/Dekoratyvinis-metalinis-sieninis-dangtelis-x17BYWIEC.jpg\",\"datePublished\":\"2024-02-13T12:43:05+00:00\",\"breadcrumb\":{\"@id\":\"https:\/\/metaltale.com\/et\/toode\/dekoratiivne-metallist-seinakate-zywiec\/#breadcrumb\"},\"inLanguage\":\"et\",\"potentialAction\":[{\"@type\":\"ReadAction\",\"target\":[\"https:\/\/metaltale.com\/et\/toode\/dekoratiivne-metallist-seinakate-zywiec\/\"]}]},{\"@type\":\"ImageObject\",\"inLanguage\":\"et\",\"@id\":\"https:\/\/metaltale.com\/et\/toode\/dekoratiivne-metallist-seinakate-zywiec\/#primaryimage\",\"url\":\"https:\/\/metaltale.com\/wp-content\/uploads\/2023\/10\/Dekoratyvinis-metalinis-sieninis-dangtelis-x17BYWIEC.jpg\",\"contentUrl\":\"https:\/\/metaltale.com\/wp-content\/uploads\/2023\/10\/Dekoratyvinis-metalinis-sieninis-dangtelis-x17BYWIEC.jpg\",\"width\":800,\"height\":800},{\"@type\":\"BreadcrumbList\",\"@id\":\"https:\/\/metaltale.com\/et\/toode\/dekoratiivne-metallist-seinakate-zywiec\/#breadcrumb\",\"itemListElement\":[{\"@type\":\"ListItem\",\"position\":1,\"name\":\"Home\",\"item\":\"https:\/\/metaltale.com\/et\/kodu\/\"},{\"@type\":\"ListItem\",\"position\":2,\"name\":\"Kauplus\",\"item\":\"https:\/\/metaltale.com\/et\/shop\/\"},{\"@type\":\"ListItem\",\"position\":3,\"name\":\"Dekoratiivne metallist seinakate \u017bYWIEC\"}]},{\"@type\":\"WebSite\",\"@id\":\"https:\/\/metaltale.com\/et\/#website\",\"url\":\"https:\/\/metaltale.com\/et\/\",\"name\":\"Metaltale.com\",\"description\":\"\",\"potentialAction\":[{\"@type\":\"SearchAction\",\"target\":{\"@type\":\"EntryPoint\",\"urlTemplate\":\"https:\/\/metaltale.com\/et\/?s={search_term_string}\"},\"query-input\":{\"@type\":\"PropertyValueSpecification\",\"valueRequired\":true,\"valueName\":\"search_term_string\"}}],\"inLanguage\":\"et\"}]}<\/script>\n<!-- \/ Yoast SEO plugin. -->","yoast_head_json":{"title":"Dekoratiivne metallist seinakate \u017bYWIEC - MetalTale.com","robots":{"index":"index","follow":"follow","max-snippet":"max-snippet:-1","max-image-preview":"max-image-preview:large","max-video-preview":"max-video-preview:-1"},"canonical":"https:\/\/metaltale.com\/et\/toode\/dekoratiivne-metallist-seinakate-zywiec\/","og_locale":"et_EE","og_type":"article","og_title":"Dekoratiivne metallist seinakate \u017bYWIEC - MetalTale.com","og_description":"Mudel FJ. JHBC.1102 EAN. 5907772070932 Motiiv joogid S\u00fcgavus (cm) 4 \u00dcldl\u00e4bim\u00f5\u00f5t (cm) 35 Materjal teras Kuju \u00dcmmargune Orienteerumine Universaalne Metallist","og_url":"https:\/\/metaltale.com\/et\/toode\/dekoratiivne-metallist-seinakate-zywiec\/","og_site_name":"MetalTale.com","twitter_card":"summary_large_image","schema":{"@context":"https:\/\/schema.org","@graph":[{"@type":"WebPage","@id":"https:\/\/metaltale.com\/et\/toode\/dekoratiivne-metallist-seinakate-zywiec\/","url":"https:\/\/metaltale.com\/et\/toode\/dekoratiivne-metallist-seinakate-zywiec\/","name":"Dekoratiivne metallist seinakate \u017bYWIEC - MetalTale.com","isPartOf":{"@id":"https:\/\/metaltale.com\/et\/#website"},"primaryImageOfPage":{"@id":"https:\/\/metaltale.com\/et\/toode\/dekoratiivne-metallist-seinakate-zywiec\/#primaryimage"},"image":{"@id":"https:\/\/metaltale.com\/et\/toode\/dekoratiivne-metallist-seinakate-zywiec\/#primaryimage"},"thumbnailUrl":"https:\/\/metaltale.com\/wp-content\/uploads\/2023\/10\/Dekoratyvinis-metalinis-sieninis-dangtelis-x17BYWIEC.jpg","datePublished":"2024-02-13T12:43:05+00:00","breadcrumb":{"@id":"https:\/\/metaltale.com\/et\/toode\/dekoratiivne-metallist-seinakate-zywiec\/#breadcrumb"},"inLanguage":"et","potentialAction":[{"@type":"ReadAction","target":["https:\/\/metaltale.com\/et\/toode\/dekoratiivne-metallist-seinakate-zywiec\/"]}]},{"@type":"ImageObject","inLanguage":"et","@id":"https:\/\/metaltale.com\/et\/toode\/dekoratiivne-metallist-seinakate-zywiec\/#primaryimage","url":"https:\/\/metaltale.com\/wp-content\/uploads\/2023\/10\/Dekoratyvinis-metalinis-sieninis-dangtelis-x17BYWIEC.jpg","contentUrl":"https:\/\/metaltale.com\/wp-content\/uploads\/2023\/10\/Dekoratyvinis-metalinis-sieninis-dangtelis-x17BYWIEC.jpg","width":800,"height":800},{"@type":"BreadcrumbList","@id":"https:\/\/metaltale.com\/et\/toode\/dekoratiivne-metallist-seinakate-zywiec\/#breadcrumb","itemListElement":[{"@type":"ListItem","position":1,"name":"Home","item":"https:\/\/metaltale.com\/et\/kodu\/"},{"@type":"ListItem","position":2,"name":"Kauplus","item":"https:\/\/metaltale.com\/et\/shop\/"},{"@type":"ListItem","position":3,"name":"Dekoratiivne metallist seinakate \u017bYWIEC"}]},{"@type":"WebSite","@id":"https:\/\/metaltale.com\/et\/#website","url":"https:\/\/metaltale.com\/et\/","name":"Metaltale.com","description":"","potentialAction":[{"@type":"SearchAction","target":{"@type":"EntryPoint","urlTemplate":"https:\/\/metaltale.com\/et\/?s={search_term_string}"},"query-input":{"@type":"PropertyValueSpecification","valueRequired":true,"valueName":"search_term_string"}}],"inLanguage":"et"}]}},"_links":{"self":[{"href":"https:\/\/metaltale.com\/et\/wp-json\/wp\/v2\/product\/137215","targetHints":{"allow":["GET"]}}],"collection":[{"href":"https:\/\/metaltale.com\/et\/wp-json\/wp\/v2\/product"}],"about":[{"href":"https:\/\/metaltale.com\/et\/wp-json\/wp\/v2\/types\/product"}],"replies":[{"embeddable":true,"href":"https:\/\/metaltale.com\/et\/wp-json\/wp\/v2\/comments?post=137215"}],"version-history":[{"count":0,"href":"https:\/\/metaltale.com\/et\/wp-json\/wp\/v2\/product\/137215\/revisions"}],"wp:featuredmedia":[{"embeddable":true,"href":"https:\/\/metaltale.com\/et\/wp-json\/wp\/v2\/media\/90624"}],"wp:attachment":[{"href":"https:\/\/metaltale.com\/et\/wp-json\/wp\/v2\/media?parent=137215"}],"wp:term":[{"taxonomy":"product_brand","embeddable":true,"href":"https:\/\/metaltale.com\/et\/wp-json\/wp\/v2\/product_brand?post=137215"},{"taxonomy":"product_cat","embeddable":true,"href":"https:\/\/metaltale.com\/et\/wp-json\/wp\/v2\/product_cat?post=137215"},{"taxonomy":"product_tag","embeddable":true,"href":"https:\/\/metaltale.com\/et\/wp-json\/wp\/v2\/product_tag?post=137215"}],"curies":[{"name":"wp","href":"https:\/\/api.w.org\/{rel}","templated":true}]}}