{"id":137090,"date":"2024-02-13T14:49:46","date_gmt":"2024-02-13T12:49:46","guid":{"rendered":"https:\/\/metaltale.com\/produktas\/metallist-dekoratiivpaneel-otis-redding\/"},"modified":"2024-02-13T14:49:46","modified_gmt":"2024-02-13T12:49:46","slug":"metallist-dekoratiivpaneel-otis-redding","status":"publish","type":"product","link":"https:\/\/metaltale.com\/et\/toode\/metallist-dekoratiivpaneel-otis-redding\/","title":{"rendered":"Metallist dekoratiivpaneel OTIS REDDING"},"content":{"rendered":"<div class=\"prod_data\"><strong>Mudel<\/strong> IN.40408  <br \/><strong>EAN.<\/strong>  5905369908361  <br \/><strong>Orienteerimine<\/strong> Vertikaalne  <br \/><strong>Tuba<\/strong> Baar, kohvik, restoran  <br \/><strong>Motiiv<\/strong> Inimesed, muusika  <br \/><strong>Materjal<\/strong> teras  <br \/><strong>Laius (cm)<\/strong> 20  <br \/><strong>K\u00f5rgus (cm)<\/strong> 30  <br \/><strong>Kujundid Ristk\u00fclikukujuline<\/strong>  <\/p>\n<p>Nelinurkse kujuga metallist dekoratiivplaat. Plakat on kaetud k\u00f5rge kulumiskindlusega v\u00e4rviga ja sellel on \u00fcmardatud nurgad, et saaksime seda ohutult kasutada. Paneeli stabiilne kinnitamine on v\u00f5imalik t\u00e4nu v\u00e4ikestele aukudele toote igas nurgas. Plakatil on tahtlik v\u00e4rvimuutus ja kriimustused, mis annavad sellele autentse tunnetuse.<\/p>\n<p>Toode sisaldab plakatit, mis kuulutab OTIS REDDINGi tegevust.<\/p>\n<p>Paneel sobib nii retro- kui ka vintage-interj\u00f6\u00f6ridesse. See on originaalne kaunistus kohvikutes, restoranides v\u00f5i baarides.<br \/>Metallist plakat on samuti suurep\u00e4rane kingiidee.<\/p>\n<\/div>\n","protected":false},"excerpt":{"rendered":"<p>Mudel IN.40408 EAN. 5905369908361 Orienteerimine Vertikaalne Tuba Baar, kohvik, restoran Motiiv Inimesed, muusika Materjal teras Laius (cm) 20 K\u00f5rgus (cm)<\/p>\n","protected":false},"featured_media":72615,"comment_status":"open","ping_status":"closed","template":"","meta":{"_acf_changed":false,"pmpro_default_level":""},"product_brand":[],"product_cat":[23895],"product_tag":[],"class_list":{"0":"post-137090","1":"product","2":"type-product","3":"status-publish","4":"has-post-thumbnail","6":"product_cat-kaunistused","7":"pmpro-has-access","9":"first","10":"instock","11":"shipping-taxable","12":"purchasable","13":"product-type-simple"},"acf":[],"yoast_head":"<!-- This site is optimized with the Yoast SEO plugin v24.9 - https:\/\/yoast.com\/wordpress\/plugins\/seo\/ -->\n<title>Metallist dekoratiivpaneel OTIS REDDING - MetalTale.com<\/title>\n<meta name=\"robots\" content=\"index, follow, max-snippet:-1, max-image-preview:large, max-video-preview:-1\" \/>\n<link rel=\"canonical\" href=\"https:\/\/metaltale.com\/et\/toode\/metallist-dekoratiivpaneel-otis-redding\/\" \/>\n<meta property=\"og:locale\" content=\"et_EE\" \/>\n<meta property=\"og:type\" content=\"article\" \/>\n<meta property=\"og:title\" content=\"Metallist dekoratiivpaneel OTIS REDDING - MetalTale.com\" \/>\n<meta property=\"og:description\" content=\"Mudel IN.40408 EAN. 5905369908361 Orienteerimine Vertikaalne Tuba Baar, kohvik, restoran Motiiv Inimesed, muusika Materjal teras Laius (cm) 20 K\u00f5rgus (cm)\" \/>\n<meta property=\"og:url\" content=\"https:\/\/metaltale.com\/et\/toode\/metallist-dekoratiivpaneel-otis-redding\/\" \/>\n<meta property=\"og:site_name\" content=\"MetalTale.com\" \/>\n<meta name=\"twitter:card\" content=\"summary_large_image\" \/>\n<meta name=\"twitter:label1\" content=\"Est. reading time\" \/>\n\t<meta name=\"twitter:data1\" content=\"1 minut\" \/>\n<script type=\"application\/ld+json\" class=\"yoast-schema-graph\">{\"@context\":\"https:\/\/schema.org\",\"@graph\":[{\"@type\":\"WebPage\",\"@id\":\"https:\/\/metaltale.com\/et\/toode\/metallist-dekoratiivpaneel-otis-redding\/\",\"url\":\"https:\/\/metaltale.com\/et\/toode\/metallist-dekoratiivpaneel-otis-redding\/\",\"name\":\"Metallist dekoratiivpaneel OTIS REDDING - MetalTale.com\",\"isPartOf\":{\"@id\":\"https:\/\/metaltale.com\/et\/#website\"},\"primaryImageOfPage\":{\"@id\":\"https:\/\/metaltale.com\/et\/toode\/metallist-dekoratiivpaneel-otis-redding\/#primaryimage\"},\"image\":{\"@id\":\"https:\/\/metaltale.com\/et\/toode\/metallist-dekoratiivpaneel-otis-redding\/#primaryimage\"},\"thumbnailUrl\":\"https:\/\/metaltale.com\/wp-content\/uploads\/2023\/09\/Metalinx117-dekoratyvinx117-plokx161tx117-OTIS-REDDING.jpg\",\"datePublished\":\"2024-02-13T12:49:46+00:00\",\"breadcrumb\":{\"@id\":\"https:\/\/metaltale.com\/et\/toode\/metallist-dekoratiivpaneel-otis-redding\/#breadcrumb\"},\"inLanguage\":\"et\",\"potentialAction\":[{\"@type\":\"ReadAction\",\"target\":[\"https:\/\/metaltale.com\/et\/toode\/metallist-dekoratiivpaneel-otis-redding\/\"]}]},{\"@type\":\"ImageObject\",\"inLanguage\":\"et\",\"@id\":\"https:\/\/metaltale.com\/et\/toode\/metallist-dekoratiivpaneel-otis-redding\/#primaryimage\",\"url\":\"https:\/\/metaltale.com\/wp-content\/uploads\/2023\/09\/Metalinx117-dekoratyvinx117-plokx161tx117-OTIS-REDDING.jpg\",\"contentUrl\":\"https:\/\/metaltale.com\/wp-content\/uploads\/2023\/09\/Metalinx117-dekoratyvinx117-plokx161tx117-OTIS-REDDING.jpg\",\"width\":800,\"height\":800},{\"@type\":\"BreadcrumbList\",\"@id\":\"https:\/\/metaltale.com\/et\/toode\/metallist-dekoratiivpaneel-otis-redding\/#breadcrumb\",\"itemListElement\":[{\"@type\":\"ListItem\",\"position\":1,\"name\":\"Home\",\"item\":\"https:\/\/metaltale.com\/et\/kodu\/\"},{\"@type\":\"ListItem\",\"position\":2,\"name\":\"Kauplus\",\"item\":\"https:\/\/metaltale.com\/et\/shop\/\"},{\"@type\":\"ListItem\",\"position\":3,\"name\":\"Metallist dekoratiivpaneel OTIS REDDING\"}]},{\"@type\":\"WebSite\",\"@id\":\"https:\/\/metaltale.com\/et\/#website\",\"url\":\"https:\/\/metaltale.com\/et\/\",\"name\":\"Metaltale.com\",\"description\":\"\",\"potentialAction\":[{\"@type\":\"SearchAction\",\"target\":{\"@type\":\"EntryPoint\",\"urlTemplate\":\"https:\/\/metaltale.com\/et\/?s={search_term_string}\"},\"query-input\":{\"@type\":\"PropertyValueSpecification\",\"valueRequired\":true,\"valueName\":\"search_term_string\"}}],\"inLanguage\":\"et\"}]}<\/script>\n<!-- \/ Yoast SEO plugin. -->","yoast_head_json":{"title":"Metallist dekoratiivpaneel OTIS REDDING - MetalTale.com","robots":{"index":"index","follow":"follow","max-snippet":"max-snippet:-1","max-image-preview":"max-image-preview:large","max-video-preview":"max-video-preview:-1"},"canonical":"https:\/\/metaltale.com\/et\/toode\/metallist-dekoratiivpaneel-otis-redding\/","og_locale":"et_EE","og_type":"article","og_title":"Metallist dekoratiivpaneel OTIS REDDING - MetalTale.com","og_description":"Mudel IN.40408 EAN. 5905369908361 Orienteerimine Vertikaalne Tuba Baar, kohvik, restoran Motiiv Inimesed, muusika Materjal teras Laius (cm) 20 K\u00f5rgus (cm)","og_url":"https:\/\/metaltale.com\/et\/toode\/metallist-dekoratiivpaneel-otis-redding\/","og_site_name":"MetalTale.com","twitter_card":"summary_large_image","twitter_misc":{"Est. reading time":"1 minut"},"schema":{"@context":"https:\/\/schema.org","@graph":[{"@type":"WebPage","@id":"https:\/\/metaltale.com\/et\/toode\/metallist-dekoratiivpaneel-otis-redding\/","url":"https:\/\/metaltale.com\/et\/toode\/metallist-dekoratiivpaneel-otis-redding\/","name":"Metallist dekoratiivpaneel OTIS REDDING - MetalTale.com","isPartOf":{"@id":"https:\/\/metaltale.com\/et\/#website"},"primaryImageOfPage":{"@id":"https:\/\/metaltale.com\/et\/toode\/metallist-dekoratiivpaneel-otis-redding\/#primaryimage"},"image":{"@id":"https:\/\/metaltale.com\/et\/toode\/metallist-dekoratiivpaneel-otis-redding\/#primaryimage"},"thumbnailUrl":"https:\/\/metaltale.com\/wp-content\/uploads\/2023\/09\/Metalinx117-dekoratyvinx117-plokx161tx117-OTIS-REDDING.jpg","datePublished":"2024-02-13T12:49:46+00:00","breadcrumb":{"@id":"https:\/\/metaltale.com\/et\/toode\/metallist-dekoratiivpaneel-otis-redding\/#breadcrumb"},"inLanguage":"et","potentialAction":[{"@type":"ReadAction","target":["https:\/\/metaltale.com\/et\/toode\/metallist-dekoratiivpaneel-otis-redding\/"]}]},{"@type":"ImageObject","inLanguage":"et","@id":"https:\/\/metaltale.com\/et\/toode\/metallist-dekoratiivpaneel-otis-redding\/#primaryimage","url":"https:\/\/metaltale.com\/wp-content\/uploads\/2023\/09\/Metalinx117-dekoratyvinx117-plokx161tx117-OTIS-REDDING.jpg","contentUrl":"https:\/\/metaltale.com\/wp-content\/uploads\/2023\/09\/Metalinx117-dekoratyvinx117-plokx161tx117-OTIS-REDDING.jpg","width":800,"height":800},{"@type":"BreadcrumbList","@id":"https:\/\/metaltale.com\/et\/toode\/metallist-dekoratiivpaneel-otis-redding\/#breadcrumb","itemListElement":[{"@type":"ListItem","position":1,"name":"Home","item":"https:\/\/metaltale.com\/et\/kodu\/"},{"@type":"ListItem","position":2,"name":"Kauplus","item":"https:\/\/metaltale.com\/et\/shop\/"},{"@type":"ListItem","position":3,"name":"Metallist dekoratiivpaneel OTIS REDDING"}]},{"@type":"WebSite","@id":"https:\/\/metaltale.com\/et\/#website","url":"https:\/\/metaltale.com\/et\/","name":"Metaltale.com","description":"","potentialAction":[{"@type":"SearchAction","target":{"@type":"EntryPoint","urlTemplate":"https:\/\/metaltale.com\/et\/?s={search_term_string}"},"query-input":{"@type":"PropertyValueSpecification","valueRequired":true,"valueName":"search_term_string"}}],"inLanguage":"et"}]}},"_links":{"self":[{"href":"https:\/\/metaltale.com\/et\/wp-json\/wp\/v2\/product\/137090","targetHints":{"allow":["GET"]}}],"collection":[{"href":"https:\/\/metaltale.com\/et\/wp-json\/wp\/v2\/product"}],"about":[{"href":"https:\/\/metaltale.com\/et\/wp-json\/wp\/v2\/types\/product"}],"replies":[{"embeddable":true,"href":"https:\/\/metaltale.com\/et\/wp-json\/wp\/v2\/comments?post=137090"}],"version-history":[{"count":0,"href":"https:\/\/metaltale.com\/et\/wp-json\/wp\/v2\/product\/137090\/revisions"}],"wp:featuredmedia":[{"embeddable":true,"href":"https:\/\/metaltale.com\/et\/wp-json\/wp\/v2\/media\/72615"}],"wp:attachment":[{"href":"https:\/\/metaltale.com\/et\/wp-json\/wp\/v2\/media?parent=137090"}],"wp:term":[{"taxonomy":"product_brand","embeddable":true,"href":"https:\/\/metaltale.com\/et\/wp-json\/wp\/v2\/product_brand?post=137090"},{"taxonomy":"product_cat","embeddable":true,"href":"https:\/\/metaltale.com\/et\/wp-json\/wp\/v2\/product_cat?post=137090"},{"taxonomy":"product_tag","embeddable":true,"href":"https:\/\/metaltale.com\/et\/wp-json\/wp\/v2\/product_tag?post=137090"}],"curies":[{"name":"wp","href":"https:\/\/api.w.org\/{rel}","templated":true}]}}