{"id":137013,"date":"2024-02-13T14:49:05","date_gmt":"2024-02-13T12:49:05","guid":{"rendered":"https:\/\/metaltale.com\/produktas\/metallist-dekoratiivne-paneel-door-blue-blood\/"},"modified":"2024-02-13T14:49:05","modified_gmt":"2024-02-13T12:49:05","slug":"metallist-dekoratiivne-paneel-door-blue-blood","status":"publish","type":"product","link":"https:\/\/metaltale.com\/et\/toode\/metallist-dekoratiivne-paneel-door-blue-blood\/","title":{"rendered":"Metallist dekoratiivne paneel DOOR BLUE BLOOD"},"content":{"rendered":"<div class=\"prod_data\"><strong>Mudel<\/strong> IN.40387  <br \/><strong>EAN.<\/strong>  5907772077672  <br \/><strong>Orienteerimine<\/strong> Vertikaalne  <br \/><strong>Toakohvik<\/strong>  <br \/><strong>Motiiv<\/strong> muusika  <br \/><strong>Materjal<\/strong> teras  <br \/><strong>Laius (cm)<\/strong> 20  <br \/><strong>K\u00f5rgus (cm)<\/strong> 30  <br \/><strong>Kujundid Ristk\u00fclikukujuline<\/strong>  <\/p>\n<p>Dekoratiivne paneel on valmistatud metallist. Plakat on kaetud k\u00f5rge kulumiskindlusega v\u00e4rvidega ja kaitstud lakiga, et kaitsta seda kriimustuste eest. \u00dcmarad nurgad tagavad ohutu kasutamise. Autentsus tuleneb vananemise, st korrosiooni ja kulumise m\u00f5judest. Vooder on kinnitatud t\u00e4nu \u00f5rnadele kinnitusaukudele.<\/p>\n<p>Tootel on THE DOORSi plakat.<\/p>\n<p>Paneel sobib nii retro- kui ka vintage-interj\u00f6\u00f6ridesse. See on originaalne kaunistus kohvikutes, restoranides v\u00f5i baarides.<br \/>Metalliplakat on samuti suurep\u00e4rane kingiidee, eriti b\u00e4ndi f\u00e4nnidele.<\/p>\n<\/div>\n","protected":false},"excerpt":{"rendered":"<p>Mudel IN.40387 EAN. 5907772077672 Orienteerimine Vertikaalne Toakohvik Motiiv muusika Materjal teras Laius (cm) 20 K\u00f5rgus (cm) 30 Kujundid Ristk\u00fclikukujuline Dekoratiivne<\/p>\n","protected":false},"featured_media":72411,"comment_status":"open","ping_status":"closed","template":"","meta":{"_acf_changed":false,"pmpro_default_level":""},"product_brand":[],"product_cat":[23895],"product_tag":[],"class_list":{"0":"post-137013","1":"product","2":"type-product","3":"status-publish","4":"has-post-thumbnail","6":"product_cat-kaunistused","7":"pmpro-has-access","9":"first","10":"instock","11":"shipping-taxable","12":"purchasable","13":"product-type-simple"},"acf":[],"yoast_head":"<!-- This site is optimized with the Yoast SEO plugin v24.9 - https:\/\/yoast.com\/wordpress\/plugins\/seo\/ -->\n<title>Metallist dekoratiivne paneel DOOR BLUE BLOOD - MetalTale.com<\/title>\n<meta name=\"robots\" content=\"index, follow, max-snippet:-1, max-image-preview:large, max-video-preview:-1\" \/>\n<link rel=\"canonical\" href=\"https:\/\/metaltale.com\/et\/toode\/metallist-dekoratiivne-paneel-door-blue-blood\/\" \/>\n<meta property=\"og:locale\" content=\"et_EE\" \/>\n<meta property=\"og:type\" content=\"article\" \/>\n<meta property=\"og:title\" content=\"Metallist dekoratiivne paneel DOOR BLUE BLOOD - MetalTale.com\" \/>\n<meta property=\"og:description\" content=\"Mudel IN.40387 EAN. 5907772077672 Orienteerimine Vertikaalne Toakohvik Motiiv muusika Materjal teras Laius (cm) 20 K\u00f5rgus (cm) 30 Kujundid Ristk\u00fclikukujuline Dekoratiivne\" \/>\n<meta property=\"og:url\" content=\"https:\/\/metaltale.com\/et\/toode\/metallist-dekoratiivne-paneel-door-blue-blood\/\" \/>\n<meta property=\"og:site_name\" content=\"MetalTale.com\" \/>\n<meta name=\"twitter:card\" content=\"summary_large_image\" \/>\n<script type=\"application\/ld+json\" class=\"yoast-schema-graph\">{\"@context\":\"https:\/\/schema.org\",\"@graph\":[{\"@type\":\"WebPage\",\"@id\":\"https:\/\/metaltale.com\/et\/toode\/metallist-dekoratiivne-paneel-door-blue-blood\/\",\"url\":\"https:\/\/metaltale.com\/et\/toode\/metallist-dekoratiivne-paneel-door-blue-blood\/\",\"name\":\"Metallist dekoratiivne paneel DOOR BLUE BLOOD - MetalTale.com\",\"isPartOf\":{\"@id\":\"https:\/\/metaltale.com\/et\/#website\"},\"primaryImageOfPage\":{\"@id\":\"https:\/\/metaltale.com\/et\/toode\/metallist-dekoratiivne-paneel-door-blue-blood\/#primaryimage\"},\"image\":{\"@id\":\"https:\/\/metaltale.com\/et\/toode\/metallist-dekoratiivne-paneel-door-blue-blood\/#primaryimage\"},\"thumbnailUrl\":\"https:\/\/metaltale.com\/wp-content\/uploads\/2023\/09\/Metalinx117-dekoratyvinx117-plokx161tx117-DURYS-x160ALTAS-KRAUJAS.jpg\",\"datePublished\":\"2024-02-13T12:49:05+00:00\",\"breadcrumb\":{\"@id\":\"https:\/\/metaltale.com\/et\/toode\/metallist-dekoratiivne-paneel-door-blue-blood\/#breadcrumb\"},\"inLanguage\":\"et\",\"potentialAction\":[{\"@type\":\"ReadAction\",\"target\":[\"https:\/\/metaltale.com\/et\/toode\/metallist-dekoratiivne-paneel-door-blue-blood\/\"]}]},{\"@type\":\"ImageObject\",\"inLanguage\":\"et\",\"@id\":\"https:\/\/metaltale.com\/et\/toode\/metallist-dekoratiivne-paneel-door-blue-blood\/#primaryimage\",\"url\":\"https:\/\/metaltale.com\/wp-content\/uploads\/2023\/09\/Metalinx117-dekoratyvinx117-plokx161tx117-DURYS-x160ALTAS-KRAUJAS.jpg\",\"contentUrl\":\"https:\/\/metaltale.com\/wp-content\/uploads\/2023\/09\/Metalinx117-dekoratyvinx117-plokx161tx117-DURYS-x160ALTAS-KRAUJAS.jpg\",\"width\":800,\"height\":800},{\"@type\":\"BreadcrumbList\",\"@id\":\"https:\/\/metaltale.com\/et\/toode\/metallist-dekoratiivne-paneel-door-blue-blood\/#breadcrumb\",\"itemListElement\":[{\"@type\":\"ListItem\",\"position\":1,\"name\":\"Home\",\"item\":\"https:\/\/metaltale.com\/et\/kodu\/\"},{\"@type\":\"ListItem\",\"position\":2,\"name\":\"Kauplus\",\"item\":\"https:\/\/metaltale.com\/et\/shop\/\"},{\"@type\":\"ListItem\",\"position\":3,\"name\":\"Metallist dekoratiivne paneel DOOR BLUE BLOOD\"}]},{\"@type\":\"WebSite\",\"@id\":\"https:\/\/metaltale.com\/et\/#website\",\"url\":\"https:\/\/metaltale.com\/et\/\",\"name\":\"Metaltale.com\",\"description\":\"\",\"potentialAction\":[{\"@type\":\"SearchAction\",\"target\":{\"@type\":\"EntryPoint\",\"urlTemplate\":\"https:\/\/metaltale.com\/et\/?s={search_term_string}\"},\"query-input\":{\"@type\":\"PropertyValueSpecification\",\"valueRequired\":true,\"valueName\":\"search_term_string\"}}],\"inLanguage\":\"et\"}]}<\/script>\n<!-- \/ Yoast SEO plugin. -->","yoast_head_json":{"title":"Metallist dekoratiivne paneel DOOR BLUE BLOOD - MetalTale.com","robots":{"index":"index","follow":"follow","max-snippet":"max-snippet:-1","max-image-preview":"max-image-preview:large","max-video-preview":"max-video-preview:-1"},"canonical":"https:\/\/metaltale.com\/et\/toode\/metallist-dekoratiivne-paneel-door-blue-blood\/","og_locale":"et_EE","og_type":"article","og_title":"Metallist dekoratiivne paneel DOOR BLUE BLOOD - MetalTale.com","og_description":"Mudel IN.40387 EAN. 5907772077672 Orienteerimine Vertikaalne Toakohvik Motiiv muusika Materjal teras Laius (cm) 20 K\u00f5rgus (cm) 30 Kujundid Ristk\u00fclikukujuline Dekoratiivne","og_url":"https:\/\/metaltale.com\/et\/toode\/metallist-dekoratiivne-paneel-door-blue-blood\/","og_site_name":"MetalTale.com","twitter_card":"summary_large_image","schema":{"@context":"https:\/\/schema.org","@graph":[{"@type":"WebPage","@id":"https:\/\/metaltale.com\/et\/toode\/metallist-dekoratiivne-paneel-door-blue-blood\/","url":"https:\/\/metaltale.com\/et\/toode\/metallist-dekoratiivne-paneel-door-blue-blood\/","name":"Metallist dekoratiivne paneel DOOR BLUE BLOOD - MetalTale.com","isPartOf":{"@id":"https:\/\/metaltale.com\/et\/#website"},"primaryImageOfPage":{"@id":"https:\/\/metaltale.com\/et\/toode\/metallist-dekoratiivne-paneel-door-blue-blood\/#primaryimage"},"image":{"@id":"https:\/\/metaltale.com\/et\/toode\/metallist-dekoratiivne-paneel-door-blue-blood\/#primaryimage"},"thumbnailUrl":"https:\/\/metaltale.com\/wp-content\/uploads\/2023\/09\/Metalinx117-dekoratyvinx117-plokx161tx117-DURYS-x160ALTAS-KRAUJAS.jpg","datePublished":"2024-02-13T12:49:05+00:00","breadcrumb":{"@id":"https:\/\/metaltale.com\/et\/toode\/metallist-dekoratiivne-paneel-door-blue-blood\/#breadcrumb"},"inLanguage":"et","potentialAction":[{"@type":"ReadAction","target":["https:\/\/metaltale.com\/et\/toode\/metallist-dekoratiivne-paneel-door-blue-blood\/"]}]},{"@type":"ImageObject","inLanguage":"et","@id":"https:\/\/metaltale.com\/et\/toode\/metallist-dekoratiivne-paneel-door-blue-blood\/#primaryimage","url":"https:\/\/metaltale.com\/wp-content\/uploads\/2023\/09\/Metalinx117-dekoratyvinx117-plokx161tx117-DURYS-x160ALTAS-KRAUJAS.jpg","contentUrl":"https:\/\/metaltale.com\/wp-content\/uploads\/2023\/09\/Metalinx117-dekoratyvinx117-plokx161tx117-DURYS-x160ALTAS-KRAUJAS.jpg","width":800,"height":800},{"@type":"BreadcrumbList","@id":"https:\/\/metaltale.com\/et\/toode\/metallist-dekoratiivne-paneel-door-blue-blood\/#breadcrumb","itemListElement":[{"@type":"ListItem","position":1,"name":"Home","item":"https:\/\/metaltale.com\/et\/kodu\/"},{"@type":"ListItem","position":2,"name":"Kauplus","item":"https:\/\/metaltale.com\/et\/shop\/"},{"@type":"ListItem","position":3,"name":"Metallist dekoratiivne paneel DOOR BLUE BLOOD"}]},{"@type":"WebSite","@id":"https:\/\/metaltale.com\/et\/#website","url":"https:\/\/metaltale.com\/et\/","name":"Metaltale.com","description":"","potentialAction":[{"@type":"SearchAction","target":{"@type":"EntryPoint","urlTemplate":"https:\/\/metaltale.com\/et\/?s={search_term_string}"},"query-input":{"@type":"PropertyValueSpecification","valueRequired":true,"valueName":"search_term_string"}}],"inLanguage":"et"}]}},"_links":{"self":[{"href":"https:\/\/metaltale.com\/et\/wp-json\/wp\/v2\/product\/137013","targetHints":{"allow":["GET"]}}],"collection":[{"href":"https:\/\/metaltale.com\/et\/wp-json\/wp\/v2\/product"}],"about":[{"href":"https:\/\/metaltale.com\/et\/wp-json\/wp\/v2\/types\/product"}],"replies":[{"embeddable":true,"href":"https:\/\/metaltale.com\/et\/wp-json\/wp\/v2\/comments?post=137013"}],"version-history":[{"count":0,"href":"https:\/\/metaltale.com\/et\/wp-json\/wp\/v2\/product\/137013\/revisions"}],"wp:featuredmedia":[{"embeddable":true,"href":"https:\/\/metaltale.com\/et\/wp-json\/wp\/v2\/media\/72411"}],"wp:attachment":[{"href":"https:\/\/metaltale.com\/et\/wp-json\/wp\/v2\/media?parent=137013"}],"wp:term":[{"taxonomy":"product_brand","embeddable":true,"href":"https:\/\/metaltale.com\/et\/wp-json\/wp\/v2\/product_brand?post=137013"},{"taxonomy":"product_cat","embeddable":true,"href":"https:\/\/metaltale.com\/et\/wp-json\/wp\/v2\/product_cat?post=137013"},{"taxonomy":"product_tag","embeddable":true,"href":"https:\/\/metaltale.com\/et\/wp-json\/wp\/v2\/product_tag?post=137013"}],"curies":[{"name":"wp","href":"https:\/\/api.w.org\/{rel}","templated":true}]}}