{"id":136837,"date":"2024-02-13T14:55:05","date_gmt":"2024-02-13T12:55:05","guid":{"rendered":"https:\/\/metaltale.com\/produktas\/metallist-dekoratiivpaneel-kawasaki-4\/"},"modified":"2024-02-13T14:55:05","modified_gmt":"2024-02-13T12:55:05","slug":"metallist-dekoratiivpaneel-kawasaki-4","status":"publish","type":"product","link":"https:\/\/metaltale.com\/et\/toode\/metallist-dekoratiivpaneel-kawasaki-4\/","title":{"rendered":"Metallist dekoratiivpaneel KAWASAKI 4"},"content":{"rendered":"<div class=\"prod_data\"><strong>Mudel<\/strong> IN.51060  <br \/><strong>EAN.<\/strong>  5905369907456  <br \/><strong>Orienteerimine<\/strong> Horisontaalne  <br \/><strong>Ruum<\/strong> Garaa\u017e  <br \/><strong>Motiiv<\/strong> Motoriseerimine  <br \/><strong>Materjal<\/strong> teras  <br \/><strong>Laius (cm)<\/strong> 30  <br \/><strong>K\u00f5rgus (cm)<\/strong> 20  <br \/><strong>Kujundid Ristk\u00fclikukujuline<\/strong>  <\/p>\n<p>Dekoratiivne paneel on valmistatud metallist. Plakat on valmistatud k\u00f5ige kvaliteetsemast materjalist ja lisaks kaetud kriimustuskindla lakiga. Paneeli stabiilne kinnitamine on v\u00f5imalik t\u00e4nu v\u00e4ikestele aukudele toote igas nurgas. \u00dcmardatud nurgad tagavad kasutamise ohutuse. Metallist plakatil on n\u00e4ha tahtlikke vananemise m\u00e4rke &#8211; korrosiooni ja kulumise j\u00e4lgi, mis annavad seinakaunistusele ainulaadse retroh\u00f5ngu.<\/p>\n<p>Toode on esindatud KAWASAKI poolt.<\/p>\n<p>Paneel sobib nii retro- kui ka vintage-interj\u00f6\u00f6ridesse. See on originaalne kaunistus kohvikutes, restoranides v\u00f5i baarides.<br \/>Metallist plakat on samuti suurep\u00e4rane kingiidee.<\/p>\n<\/div>\n","protected":false},"excerpt":{"rendered":"<p>Mudel IN.51060 EAN. 5905369907456 Orienteerimine Horisontaalne Ruum Garaa\u017e Motiiv Motoriseerimine Materjal teras Laius (cm) 30 K\u00f5rgus (cm) 20 Kujundid Ristk\u00fclikukujuline<\/p>\n","protected":false},"featured_media":73659,"comment_status":"open","ping_status":"closed","template":"","meta":{"_acf_changed":false,"pmpro_default_level":""},"product_brand":[],"product_cat":[23895],"product_tag":[],"class_list":{"0":"post-136837","1":"product","2":"type-product","3":"status-publish","4":"has-post-thumbnail","6":"product_cat-kaunistused","7":"pmpro-has-access","9":"first","10":"instock","11":"shipping-taxable","12":"purchasable","13":"product-type-simple"},"acf":[],"yoast_head":"<!-- This site is optimized with the Yoast SEO plugin v24.9 - https:\/\/yoast.com\/wordpress\/plugins\/seo\/ -->\n<title>Metallist dekoratiivpaneel KAWASAKI 4 - MetalTale.com<\/title>\n<meta name=\"robots\" content=\"index, follow, max-snippet:-1, max-image-preview:large, max-video-preview:-1\" \/>\n<link rel=\"canonical\" href=\"https:\/\/metaltale.com\/et\/toode\/metallist-dekoratiivpaneel-kawasaki-4\/\" \/>\n<meta property=\"og:locale\" content=\"et_EE\" \/>\n<meta property=\"og:type\" content=\"article\" \/>\n<meta property=\"og:title\" content=\"Metallist dekoratiivpaneel KAWASAKI 4 - MetalTale.com\" \/>\n<meta property=\"og:description\" content=\"Mudel IN.51060 EAN. 5905369907456 Orienteerimine Horisontaalne Ruum Garaa\u017e Motiiv Motoriseerimine Materjal teras Laius (cm) 30 K\u00f5rgus (cm) 20 Kujundid Ristk\u00fclikukujuline\" \/>\n<meta property=\"og:url\" content=\"https:\/\/metaltale.com\/et\/toode\/metallist-dekoratiivpaneel-kawasaki-4\/\" \/>\n<meta property=\"og:site_name\" content=\"MetalTale.com\" \/>\n<meta name=\"twitter:card\" content=\"summary_large_image\" \/>\n<meta name=\"twitter:label1\" content=\"Est. reading time\" \/>\n\t<meta name=\"twitter:data1\" content=\"1 minut\" \/>\n<script type=\"application\/ld+json\" class=\"yoast-schema-graph\">{\"@context\":\"https:\/\/schema.org\",\"@graph\":[{\"@type\":\"WebPage\",\"@id\":\"https:\/\/metaltale.com\/et\/toode\/metallist-dekoratiivpaneel-kawasaki-4\/\",\"url\":\"https:\/\/metaltale.com\/et\/toode\/metallist-dekoratiivpaneel-kawasaki-4\/\",\"name\":\"Metallist dekoratiivpaneel KAWASAKI 4 - MetalTale.com\",\"isPartOf\":{\"@id\":\"https:\/\/metaltale.com\/et\/#website\"},\"primaryImageOfPage\":{\"@id\":\"https:\/\/metaltale.com\/et\/toode\/metallist-dekoratiivpaneel-kawasaki-4\/#primaryimage\"},\"image\":{\"@id\":\"https:\/\/metaltale.com\/et\/toode\/metallist-dekoratiivpaneel-kawasaki-4\/#primaryimage\"},\"thumbnailUrl\":\"https:\/\/metaltale.com\/wp-content\/uploads\/2023\/09\/Metalinx117-dekoratyvinx117-plokx161tx117-KAWASAKI-4.jpg\",\"datePublished\":\"2024-02-13T12:55:05+00:00\",\"breadcrumb\":{\"@id\":\"https:\/\/metaltale.com\/et\/toode\/metallist-dekoratiivpaneel-kawasaki-4\/#breadcrumb\"},\"inLanguage\":\"et\",\"potentialAction\":[{\"@type\":\"ReadAction\",\"target\":[\"https:\/\/metaltale.com\/et\/toode\/metallist-dekoratiivpaneel-kawasaki-4\/\"]}]},{\"@type\":\"ImageObject\",\"inLanguage\":\"et\",\"@id\":\"https:\/\/metaltale.com\/et\/toode\/metallist-dekoratiivpaneel-kawasaki-4\/#primaryimage\",\"url\":\"https:\/\/metaltale.com\/wp-content\/uploads\/2023\/09\/Metalinx117-dekoratyvinx117-plokx161tx117-KAWASAKI-4.jpg\",\"contentUrl\":\"https:\/\/metaltale.com\/wp-content\/uploads\/2023\/09\/Metalinx117-dekoratyvinx117-plokx161tx117-KAWASAKI-4.jpg\",\"width\":800,\"height\":800},{\"@type\":\"BreadcrumbList\",\"@id\":\"https:\/\/metaltale.com\/et\/toode\/metallist-dekoratiivpaneel-kawasaki-4\/#breadcrumb\",\"itemListElement\":[{\"@type\":\"ListItem\",\"position\":1,\"name\":\"Home\",\"item\":\"https:\/\/metaltale.com\/et\/kodu\/\"},{\"@type\":\"ListItem\",\"position\":2,\"name\":\"Kauplus\",\"item\":\"https:\/\/metaltale.com\/et\/shop\/\"},{\"@type\":\"ListItem\",\"position\":3,\"name\":\"Metallist dekoratiivpaneel KAWASAKI 4\"}]},{\"@type\":\"WebSite\",\"@id\":\"https:\/\/metaltale.com\/et\/#website\",\"url\":\"https:\/\/metaltale.com\/et\/\",\"name\":\"Metaltale.com\",\"description\":\"\",\"potentialAction\":[{\"@type\":\"SearchAction\",\"target\":{\"@type\":\"EntryPoint\",\"urlTemplate\":\"https:\/\/metaltale.com\/et\/?s={search_term_string}\"},\"query-input\":{\"@type\":\"PropertyValueSpecification\",\"valueRequired\":true,\"valueName\":\"search_term_string\"}}],\"inLanguage\":\"et\"}]}<\/script>\n<!-- \/ Yoast SEO plugin. -->","yoast_head_json":{"title":"Metallist dekoratiivpaneel KAWASAKI 4 - MetalTale.com","robots":{"index":"index","follow":"follow","max-snippet":"max-snippet:-1","max-image-preview":"max-image-preview:large","max-video-preview":"max-video-preview:-1"},"canonical":"https:\/\/metaltale.com\/et\/toode\/metallist-dekoratiivpaneel-kawasaki-4\/","og_locale":"et_EE","og_type":"article","og_title":"Metallist dekoratiivpaneel KAWASAKI 4 - MetalTale.com","og_description":"Mudel IN.51060 EAN. 5905369907456 Orienteerimine Horisontaalne Ruum Garaa\u017e Motiiv Motoriseerimine Materjal teras Laius (cm) 30 K\u00f5rgus (cm) 20 Kujundid Ristk\u00fclikukujuline","og_url":"https:\/\/metaltale.com\/et\/toode\/metallist-dekoratiivpaneel-kawasaki-4\/","og_site_name":"MetalTale.com","twitter_card":"summary_large_image","twitter_misc":{"Est. reading time":"1 minut"},"schema":{"@context":"https:\/\/schema.org","@graph":[{"@type":"WebPage","@id":"https:\/\/metaltale.com\/et\/toode\/metallist-dekoratiivpaneel-kawasaki-4\/","url":"https:\/\/metaltale.com\/et\/toode\/metallist-dekoratiivpaneel-kawasaki-4\/","name":"Metallist dekoratiivpaneel KAWASAKI 4 - MetalTale.com","isPartOf":{"@id":"https:\/\/metaltale.com\/et\/#website"},"primaryImageOfPage":{"@id":"https:\/\/metaltale.com\/et\/toode\/metallist-dekoratiivpaneel-kawasaki-4\/#primaryimage"},"image":{"@id":"https:\/\/metaltale.com\/et\/toode\/metallist-dekoratiivpaneel-kawasaki-4\/#primaryimage"},"thumbnailUrl":"https:\/\/metaltale.com\/wp-content\/uploads\/2023\/09\/Metalinx117-dekoratyvinx117-plokx161tx117-KAWASAKI-4.jpg","datePublished":"2024-02-13T12:55:05+00:00","breadcrumb":{"@id":"https:\/\/metaltale.com\/et\/toode\/metallist-dekoratiivpaneel-kawasaki-4\/#breadcrumb"},"inLanguage":"et","potentialAction":[{"@type":"ReadAction","target":["https:\/\/metaltale.com\/et\/toode\/metallist-dekoratiivpaneel-kawasaki-4\/"]}]},{"@type":"ImageObject","inLanguage":"et","@id":"https:\/\/metaltale.com\/et\/toode\/metallist-dekoratiivpaneel-kawasaki-4\/#primaryimage","url":"https:\/\/metaltale.com\/wp-content\/uploads\/2023\/09\/Metalinx117-dekoratyvinx117-plokx161tx117-KAWASAKI-4.jpg","contentUrl":"https:\/\/metaltale.com\/wp-content\/uploads\/2023\/09\/Metalinx117-dekoratyvinx117-plokx161tx117-KAWASAKI-4.jpg","width":800,"height":800},{"@type":"BreadcrumbList","@id":"https:\/\/metaltale.com\/et\/toode\/metallist-dekoratiivpaneel-kawasaki-4\/#breadcrumb","itemListElement":[{"@type":"ListItem","position":1,"name":"Home","item":"https:\/\/metaltale.com\/et\/kodu\/"},{"@type":"ListItem","position":2,"name":"Kauplus","item":"https:\/\/metaltale.com\/et\/shop\/"},{"@type":"ListItem","position":3,"name":"Metallist dekoratiivpaneel KAWASAKI 4"}]},{"@type":"WebSite","@id":"https:\/\/metaltale.com\/et\/#website","url":"https:\/\/metaltale.com\/et\/","name":"Metaltale.com","description":"","potentialAction":[{"@type":"SearchAction","target":{"@type":"EntryPoint","urlTemplate":"https:\/\/metaltale.com\/et\/?s={search_term_string}"},"query-input":{"@type":"PropertyValueSpecification","valueRequired":true,"valueName":"search_term_string"}}],"inLanguage":"et"}]}},"_links":{"self":[{"href":"https:\/\/metaltale.com\/et\/wp-json\/wp\/v2\/product\/136837","targetHints":{"allow":["GET"]}}],"collection":[{"href":"https:\/\/metaltale.com\/et\/wp-json\/wp\/v2\/product"}],"about":[{"href":"https:\/\/metaltale.com\/et\/wp-json\/wp\/v2\/types\/product"}],"replies":[{"embeddable":true,"href":"https:\/\/metaltale.com\/et\/wp-json\/wp\/v2\/comments?post=136837"}],"version-history":[{"count":0,"href":"https:\/\/metaltale.com\/et\/wp-json\/wp\/v2\/product\/136837\/revisions"}],"wp:featuredmedia":[{"embeddable":true,"href":"https:\/\/metaltale.com\/et\/wp-json\/wp\/v2\/media\/73659"}],"wp:attachment":[{"href":"https:\/\/metaltale.com\/et\/wp-json\/wp\/v2\/media?parent=136837"}],"wp:term":[{"taxonomy":"product_brand","embeddable":true,"href":"https:\/\/metaltale.com\/et\/wp-json\/wp\/v2\/product_brand?post=136837"},{"taxonomy":"product_cat","embeddable":true,"href":"https:\/\/metaltale.com\/et\/wp-json\/wp\/v2\/product_cat?post=136837"},{"taxonomy":"product_tag","embeddable":true,"href":"https:\/\/metaltale.com\/et\/wp-json\/wp\/v2\/product_tag?post=136837"}],"curies":[{"name":"wp","href":"https:\/\/api.w.org\/{rel}","templated":true}]}}