{"id":136748,"date":"2024-02-13T14:57:45","date_gmt":"2024-02-13T12:57:45","guid":{"rendered":"https:\/\/metaltale.com\/produktas\/uksekaepide-lagos-koos-lukuga-72-mm\/"},"modified":"2024-02-13T14:57:45","modified_gmt":"2024-02-13T12:57:45","slug":"uksekaepide-lagos-koos-lukuga-72-mm","status":"publish","type":"product","link":"https:\/\/metaltale.com\/et\/toode\/uksekaepide-lagos-koos-lukuga-72-mm\/","title":{"rendered":"Uksek\u00e4epide LAGOS koos lukuga 72 mm"},"content":{"rendered":"<div class=\"prod_data\">\n<p><strong>Mudel<\/strong> SU.102.ST.PRGR<br \/>\n<strong>Materjal<\/strong> teras<br \/>\n<strong>Laius (cm)<\/strong> 13,5<br \/>\n<strong>K\u00f5rgus (cm<\/strong> ) 28,5<br \/>\n<strong>Koguprojektsioon (cm)<\/strong> 6<br \/>\n<strong>Aluse m\u00f5\u00f5tmed (cm<\/strong> ) 4&#215;28,5<br \/>\n<strong>K\u00e4epideme ja v\u00f5tmeava vaheline kaugus (mm)<\/strong> 72 mm<br \/>\n<strong>Abi<\/strong> Ei<br \/>\n<strong>K\u00e4epideme pikkus<\/strong> 11.5<br \/>\nPaigalduskruvid Jah<br \/>\n<strong>V\u00e4rv<\/strong> teras<br \/>\n<strong>Pinna t\u00fc\u00fcp<\/strong> Silea<br \/>\n<strong>Kogus komplekti kohta<\/strong> 2 x k\u00e4epide\/k\u00e4epide + s\u00fcdamik + kinnituskruvid<\/p>\n<p>&#8211; Sisaldab kahte k\u00e4epidet (kuni 1 ukseleht), s\u00fcdamikku ja paigalduselemendid.<br \/>\n&#8211; toodet saab kasutada sise- ja v\u00e4lisuste puhul<br \/>\n&#8211; Saadaval kahes v\u00e4rvitoonis<\/p>\n<hr>\n<p>LAGOSi k\u00e4epide on kaunilt kaunistatud kuju, mis koos m\u00e4rgiga moodustab originaalse terviku. Lagos k\u00e4epide sobib ideaalselt nii sise- kui ka v\u00e4lisustele. Lisaks oma p\u00f5hifunktsioonile on kavandatud k\u00e4epide ka ilusaks kaunistuseks, mis p\u00fc\u00fcab k\u00fclaliste pilku. Selle sarja k\u00e4epidemed ei ole tugi, st nn automaatne k\u00e4epideme p\u00f5rkemehhanism. Pakume LAGOSi k\u00e4epidemeid mitmes mudelis: nt sisselaskmise v\u00f5i v\u00f5tme m\u00e4rgiga, mille vahel saab valida, WC sulgemise m\u00e4rgiga, t\u00e4ieliku m\u00e4rgiga ja k\u00e4epideme endaga.<\/p>\n<\/div>\n","protected":false},"excerpt":{"rendered":"<p>Mudel SU.102.ST.PRGR Materjal teras Laius (cm) 13,5 K\u00f5rgus (cm ) 28,5 Koguprojektsioon (cm) 6 Aluse m\u00f5\u00f5tmed (cm ) 4&#215;28,5 K\u00e4epideme<\/p>\n","protected":false},"featured_media":131262,"comment_status":"open","ping_status":"closed","template":"","meta":{"_acf_changed":false,"pmpro_default_level":""},"product_brand":[],"product_cat":[24162,23882,23836],"product_tag":[],"class_list":{"0":"post-136748","1":"product","2":"type-product","3":"status-publish","4":"has-post-thumbnail","6":"product_cat-kaepidemed","7":"product_cat-duru-rankenos-duru-rankenos-et","8":"product_cat-moobli-tarvikud","9":"pmpro-has-access","11":"first","12":"instock","13":"shipping-taxable","14":"purchasable","15":"product-type-simple"},"acf":[],"yoast_head":"<!-- This site is optimized with the Yoast SEO plugin v24.9 - https:\/\/yoast.com\/wordpress\/plugins\/seo\/ -->\n<title>Uksek\u00e4epide LAGOS koos lukuga 72 mm - MetalTale.com<\/title>\n<meta name=\"robots\" content=\"index, follow, max-snippet:-1, max-image-preview:large, max-video-preview:-1\" \/>\n<link rel=\"canonical\" href=\"https:\/\/metaltale.com\/et\/toode\/uksekaepide-lagos-koos-lukuga-72-mm\/\" \/>\n<meta property=\"og:locale\" content=\"et_EE\" \/>\n<meta property=\"og:type\" content=\"article\" \/>\n<meta property=\"og:title\" content=\"Uksek\u00e4epide LAGOS koos lukuga 72 mm - MetalTale.com\" \/>\n<meta property=\"og:description\" content=\"Mudel SU.102.ST.PRGR Materjal teras Laius (cm) 13,5 K\u00f5rgus (cm ) 28,5 Koguprojektsioon (cm) 6 Aluse m\u00f5\u00f5tmed (cm ) 4&#215;28,5 K\u00e4epideme\" \/>\n<meta property=\"og:url\" content=\"https:\/\/metaltale.com\/et\/toode\/uksekaepide-lagos-koos-lukuga-72-mm\/\" \/>\n<meta property=\"og:site_name\" content=\"MetalTale.com\" \/>\n<meta property=\"og:image\" content=\"https:\/\/metaltale.com\/wp-content\/uploads\/2024\/02\/Duru-rankena-LAGOS-su-uzraktu-72-mm.jpg\" \/>\n\t<meta property=\"og:image:width\" content=\"800\" \/>\n\t<meta property=\"og:image:height\" content=\"800\" \/>\n\t<meta property=\"og:image:type\" content=\"image\/jpeg\" \/>\n<meta name=\"twitter:card\" content=\"summary_large_image\" \/>\n<meta name=\"twitter:label1\" content=\"Est. reading time\" \/>\n\t<meta name=\"twitter:data1\" content=\"1 minut\" \/>\n<script type=\"application\/ld+json\" class=\"yoast-schema-graph\">{\"@context\":\"https:\/\/schema.org\",\"@graph\":[{\"@type\":\"WebPage\",\"@id\":\"https:\/\/metaltale.com\/et\/toode\/uksekaepide-lagos-koos-lukuga-72-mm\/\",\"url\":\"https:\/\/metaltale.com\/et\/toode\/uksekaepide-lagos-koos-lukuga-72-mm\/\",\"name\":\"Uksek\u00e4epide LAGOS koos lukuga 72 mm - MetalTale.com\",\"isPartOf\":{\"@id\":\"https:\/\/metaltale.com\/et\/#website\"},\"primaryImageOfPage\":{\"@id\":\"https:\/\/metaltale.com\/et\/toode\/uksekaepide-lagos-koos-lukuga-72-mm\/#primaryimage\"},\"image\":{\"@id\":\"https:\/\/metaltale.com\/et\/toode\/uksekaepide-lagos-koos-lukuga-72-mm\/#primaryimage\"},\"thumbnailUrl\":\"https:\/\/metaltale.com\/wp-content\/uploads\/2024\/02\/Duru-rankena-LAGOS-su-uzraktu-72-mm.jpg\",\"datePublished\":\"2024-02-13T12:57:45+00:00\",\"breadcrumb\":{\"@id\":\"https:\/\/metaltale.com\/et\/toode\/uksekaepide-lagos-koos-lukuga-72-mm\/#breadcrumb\"},\"inLanguage\":\"et\",\"potentialAction\":[{\"@type\":\"ReadAction\",\"target\":[\"https:\/\/metaltale.com\/et\/toode\/uksekaepide-lagos-koos-lukuga-72-mm\/\"]}]},{\"@type\":\"ImageObject\",\"inLanguage\":\"et\",\"@id\":\"https:\/\/metaltale.com\/et\/toode\/uksekaepide-lagos-koos-lukuga-72-mm\/#primaryimage\",\"url\":\"https:\/\/metaltale.com\/wp-content\/uploads\/2024\/02\/Duru-rankena-LAGOS-su-uzraktu-72-mm.jpg\",\"contentUrl\":\"https:\/\/metaltale.com\/wp-content\/uploads\/2024\/02\/Duru-rankena-LAGOS-su-uzraktu-72-mm.jpg\",\"width\":800,\"height\":800,\"caption\":\"Uksek\u00e4epide LAGOS koos lukuga 72 mm\"},{\"@type\":\"BreadcrumbList\",\"@id\":\"https:\/\/metaltale.com\/et\/toode\/uksekaepide-lagos-koos-lukuga-72-mm\/#breadcrumb\",\"itemListElement\":[{\"@type\":\"ListItem\",\"position\":1,\"name\":\"Home\",\"item\":\"https:\/\/metaltale.com\/et\/kodu\/\"},{\"@type\":\"ListItem\",\"position\":2,\"name\":\"Kauplus\",\"item\":\"https:\/\/metaltale.com\/et\/shop\/\"},{\"@type\":\"ListItem\",\"position\":3,\"name\":\"Uksek\u00e4epide LAGOS koos lukuga 72 mm\"}]},{\"@type\":\"WebSite\",\"@id\":\"https:\/\/metaltale.com\/et\/#website\",\"url\":\"https:\/\/metaltale.com\/et\/\",\"name\":\"Metaltale.com\",\"description\":\"\",\"potentialAction\":[{\"@type\":\"SearchAction\",\"target\":{\"@type\":\"EntryPoint\",\"urlTemplate\":\"https:\/\/metaltale.com\/et\/?s={search_term_string}\"},\"query-input\":{\"@type\":\"PropertyValueSpecification\",\"valueRequired\":true,\"valueName\":\"search_term_string\"}}],\"inLanguage\":\"et\"}]}<\/script>\n<!-- \/ Yoast SEO plugin. -->","yoast_head_json":{"title":"Uksek\u00e4epide LAGOS koos lukuga 72 mm - MetalTale.com","robots":{"index":"index","follow":"follow","max-snippet":"max-snippet:-1","max-image-preview":"max-image-preview:large","max-video-preview":"max-video-preview:-1"},"canonical":"https:\/\/metaltale.com\/et\/toode\/uksekaepide-lagos-koos-lukuga-72-mm\/","og_locale":"et_EE","og_type":"article","og_title":"Uksek\u00e4epide LAGOS koos lukuga 72 mm - MetalTale.com","og_description":"Mudel SU.102.ST.PRGR Materjal teras Laius (cm) 13,5 K\u00f5rgus (cm ) 28,5 Koguprojektsioon (cm) 6 Aluse m\u00f5\u00f5tmed (cm ) 4&#215;28,5 K\u00e4epideme","og_url":"https:\/\/metaltale.com\/et\/toode\/uksekaepide-lagos-koos-lukuga-72-mm\/","og_site_name":"MetalTale.com","og_image":[{"width":800,"height":800,"url":"https:\/\/metaltale.com\/wp-content\/uploads\/2024\/02\/Duru-rankena-LAGOS-su-uzraktu-72-mm.jpg","type":"image\/jpeg"}],"twitter_card":"summary_large_image","twitter_misc":{"Est. reading time":"1 minut"},"schema":{"@context":"https:\/\/schema.org","@graph":[{"@type":"WebPage","@id":"https:\/\/metaltale.com\/et\/toode\/uksekaepide-lagos-koos-lukuga-72-mm\/","url":"https:\/\/metaltale.com\/et\/toode\/uksekaepide-lagos-koos-lukuga-72-mm\/","name":"Uksek\u00e4epide LAGOS koos lukuga 72 mm - MetalTale.com","isPartOf":{"@id":"https:\/\/metaltale.com\/et\/#website"},"primaryImageOfPage":{"@id":"https:\/\/metaltale.com\/et\/toode\/uksekaepide-lagos-koos-lukuga-72-mm\/#primaryimage"},"image":{"@id":"https:\/\/metaltale.com\/et\/toode\/uksekaepide-lagos-koos-lukuga-72-mm\/#primaryimage"},"thumbnailUrl":"https:\/\/metaltale.com\/wp-content\/uploads\/2024\/02\/Duru-rankena-LAGOS-su-uzraktu-72-mm.jpg","datePublished":"2024-02-13T12:57:45+00:00","breadcrumb":{"@id":"https:\/\/metaltale.com\/et\/toode\/uksekaepide-lagos-koos-lukuga-72-mm\/#breadcrumb"},"inLanguage":"et","potentialAction":[{"@type":"ReadAction","target":["https:\/\/metaltale.com\/et\/toode\/uksekaepide-lagos-koos-lukuga-72-mm\/"]}]},{"@type":"ImageObject","inLanguage":"et","@id":"https:\/\/metaltale.com\/et\/toode\/uksekaepide-lagos-koos-lukuga-72-mm\/#primaryimage","url":"https:\/\/metaltale.com\/wp-content\/uploads\/2024\/02\/Duru-rankena-LAGOS-su-uzraktu-72-mm.jpg","contentUrl":"https:\/\/metaltale.com\/wp-content\/uploads\/2024\/02\/Duru-rankena-LAGOS-su-uzraktu-72-mm.jpg","width":800,"height":800,"caption":"Uksek\u00e4epide LAGOS koos lukuga 72 mm"},{"@type":"BreadcrumbList","@id":"https:\/\/metaltale.com\/et\/toode\/uksekaepide-lagos-koos-lukuga-72-mm\/#breadcrumb","itemListElement":[{"@type":"ListItem","position":1,"name":"Home","item":"https:\/\/metaltale.com\/et\/kodu\/"},{"@type":"ListItem","position":2,"name":"Kauplus","item":"https:\/\/metaltale.com\/et\/shop\/"},{"@type":"ListItem","position":3,"name":"Uksek\u00e4epide LAGOS koos lukuga 72 mm"}]},{"@type":"WebSite","@id":"https:\/\/metaltale.com\/et\/#website","url":"https:\/\/metaltale.com\/et\/","name":"Metaltale.com","description":"","potentialAction":[{"@type":"SearchAction","target":{"@type":"EntryPoint","urlTemplate":"https:\/\/metaltale.com\/et\/?s={search_term_string}"},"query-input":{"@type":"PropertyValueSpecification","valueRequired":true,"valueName":"search_term_string"}}],"inLanguage":"et"}]}},"_links":{"self":[{"href":"https:\/\/metaltale.com\/et\/wp-json\/wp\/v2\/product\/136748","targetHints":{"allow":["GET"]}}],"collection":[{"href":"https:\/\/metaltale.com\/et\/wp-json\/wp\/v2\/product"}],"about":[{"href":"https:\/\/metaltale.com\/et\/wp-json\/wp\/v2\/types\/product"}],"replies":[{"embeddable":true,"href":"https:\/\/metaltale.com\/et\/wp-json\/wp\/v2\/comments?post=136748"}],"version-history":[{"count":0,"href":"https:\/\/metaltale.com\/et\/wp-json\/wp\/v2\/product\/136748\/revisions"}],"wp:featuredmedia":[{"embeddable":true,"href":"https:\/\/metaltale.com\/et\/wp-json\/wp\/v2\/media\/131262"}],"wp:attachment":[{"href":"https:\/\/metaltale.com\/et\/wp-json\/wp\/v2\/media?parent=136748"}],"wp:term":[{"taxonomy":"product_brand","embeddable":true,"href":"https:\/\/metaltale.com\/et\/wp-json\/wp\/v2\/product_brand?post=136748"},{"taxonomy":"product_cat","embeddable":true,"href":"https:\/\/metaltale.com\/et\/wp-json\/wp\/v2\/product_cat?post=136748"},{"taxonomy":"product_tag","embeddable":true,"href":"https:\/\/metaltale.com\/et\/wp-json\/wp\/v2\/product_tag?post=136748"}],"curies":[{"name":"wp","href":"https:\/\/api.w.org\/{rel}","templated":true}]}}