{"id":136662,"date":"2024-02-13T14:55:51","date_gmt":"2024-02-13T12:55:51","guid":{"rendered":"https:\/\/metaltale.com\/produktas\/dekoratiivne-plekk-autodele\/"},"modified":"2024-02-13T14:55:51","modified_gmt":"2024-02-13T12:55:51","slug":"dekoratiivne-plekk-autodele","status":"publish","type":"product","link":"https:\/\/metaltale.com\/et\/toode\/dekoratiivne-plekk-autodele\/","title":{"rendered":"Dekoratiivne plekk autodele"},"content":{"rendered":"<div class=\"prod_data\"><strong>Mudel<\/strong> FJ. YX.291  <br \/><strong>EAN.<\/strong>  5905369926013  <br \/><strong>Ruum<\/strong> Garaa\u017e  <br \/><strong>Motiiviinfo<\/strong>, autod  <br \/><strong>K\u00f5rgus (cm)<\/strong> 28  <br \/><strong>Laius (cm)<\/strong> 40  <br \/><strong>Materjal<\/strong> teras  <br \/><strong>Vormid<\/strong> J\u00e4rgmine  <br \/><strong>Orienteerumine<\/strong> Universaalne  <\/p>\n<p>Originaalkujuline metallplaat on valmistatud k\u00f5rgeima kvaliteediga materjalidest. Toode on kaetud k\u00f5rge kulumiskindlusega v\u00e4rviga ja kaitstud kulumisvastase lakiga. Selle iseloomu t\u00e4iendavad vananemise tagaj\u00e4rjed &#8211; kriimustused, v\u00e4rvimuutused ja n\u00e4htav rooste. Tahvel sobib ideaalselt autode t\u00f6\u00f6kodade ja kasutatud autosid m\u00fc\u00fcvate m\u00fc\u00fcgisaalide kaunistuseks. Sobib ideaalselt nii vintage- kui ka retrointerj\u00f6\u00f6ridesse.<\/p>\n<p>Plaadil on nool ja s\u00f5nad USED CARS.<\/p>\n<p>M\u00e4rk sobib ideaalselt baaridesse, restoranidesse v\u00f5i meeste ruumidesse.<br \/>Metallist plakat &#8211; originaalne kingiidee<\/p>\n<\/div>\n","protected":false},"excerpt":{"rendered":"<p>Mudel FJ. YX.291 EAN. 5905369926013 Ruum Garaa\u017e Motiiviinfo, autod K\u00f5rgus (cm) 28 Laius (cm) 40 Materjal teras Vormid J\u00e4rgmine Orienteerumine<\/p>\n","protected":false},"featured_media":73863,"comment_status":"open","ping_status":"closed","template":"","meta":{"_acf_changed":false,"pmpro_default_level":""},"product_brand":[],"product_cat":[23895],"product_tag":[],"class_list":{"0":"post-136662","1":"product","2":"type-product","3":"status-publish","4":"has-post-thumbnail","6":"product_cat-kaunistused","7":"pmpro-has-access","9":"first","10":"instock","11":"shipping-taxable","12":"purchasable","13":"product-type-simple"},"acf":[],"yoast_head":"<!-- This site is optimized with the Yoast SEO plugin v24.9 - https:\/\/yoast.com\/wordpress\/plugins\/seo\/ -->\n<title>Dekoratiivne plekk autodele - MetalTale.com<\/title>\n<meta name=\"robots\" content=\"index, follow, max-snippet:-1, max-image-preview:large, max-video-preview:-1\" \/>\n<link rel=\"canonical\" href=\"https:\/\/metaltale.com\/et\/toode\/dekoratiivne-plekk-autodele\/\" \/>\n<meta property=\"og:locale\" content=\"et_EE\" \/>\n<meta property=\"og:type\" content=\"article\" \/>\n<meta property=\"og:title\" content=\"Dekoratiivne plekk autodele - MetalTale.com\" \/>\n<meta property=\"og:description\" content=\"Mudel FJ. YX.291 EAN. 5905369926013 Ruum Garaa\u017e Motiiviinfo, autod K\u00f5rgus (cm) 28 Laius (cm) 40 Materjal teras Vormid J\u00e4rgmine Orienteerumine\" \/>\n<meta property=\"og:url\" content=\"https:\/\/metaltale.com\/et\/toode\/dekoratiivne-plekk-autodele\/\" \/>\n<meta property=\"og:site_name\" content=\"MetalTale.com\" \/>\n<meta name=\"twitter:card\" content=\"summary_large_image\" \/>\n<meta name=\"twitter:label1\" content=\"Est. reading time\" \/>\n\t<meta name=\"twitter:data1\" content=\"1 minut\" \/>\n<script type=\"application\/ld+json\" class=\"yoast-schema-graph\">{\"@context\":\"https:\/\/schema.org\",\"@graph\":[{\"@type\":\"WebPage\",\"@id\":\"https:\/\/metaltale.com\/et\/toode\/dekoratiivne-plekk-autodele\/\",\"url\":\"https:\/\/metaltale.com\/et\/toode\/dekoratiivne-plekk-autodele\/\",\"name\":\"Dekoratiivne plekk autodele - MetalTale.com\",\"isPartOf\":{\"@id\":\"https:\/\/metaltale.com\/et\/#website\"},\"primaryImageOfPage\":{\"@id\":\"https:\/\/metaltale.com\/et\/toode\/dekoratiivne-plekk-autodele\/#primaryimage\"},\"image\":{\"@id\":\"https:\/\/metaltale.com\/et\/toode\/dekoratiivne-plekk-autodele\/#primaryimage\"},\"thumbnailUrl\":\"https:\/\/metaltale.com\/wp-content\/uploads\/2023\/09\/Dekoratyvinis-lakx161tinis-metalas-NAUDOTI-AUTOMOBILIAI.jpg\",\"datePublished\":\"2024-02-13T12:55:51+00:00\",\"breadcrumb\":{\"@id\":\"https:\/\/metaltale.com\/et\/toode\/dekoratiivne-plekk-autodele\/#breadcrumb\"},\"inLanguage\":\"et\",\"potentialAction\":[{\"@type\":\"ReadAction\",\"target\":[\"https:\/\/metaltale.com\/et\/toode\/dekoratiivne-plekk-autodele\/\"]}]},{\"@type\":\"ImageObject\",\"inLanguage\":\"et\",\"@id\":\"https:\/\/metaltale.com\/et\/toode\/dekoratiivne-plekk-autodele\/#primaryimage\",\"url\":\"https:\/\/metaltale.com\/wp-content\/uploads\/2023\/09\/Dekoratyvinis-lakx161tinis-metalas-NAUDOTI-AUTOMOBILIAI.jpg\",\"contentUrl\":\"https:\/\/metaltale.com\/wp-content\/uploads\/2023\/09\/Dekoratyvinis-lakx161tinis-metalas-NAUDOTI-AUTOMOBILIAI.jpg\",\"width\":800,\"height\":800},{\"@type\":\"BreadcrumbList\",\"@id\":\"https:\/\/metaltale.com\/et\/toode\/dekoratiivne-plekk-autodele\/#breadcrumb\",\"itemListElement\":[{\"@type\":\"ListItem\",\"position\":1,\"name\":\"Home\",\"item\":\"https:\/\/metaltale.com\/et\/kodu\/\"},{\"@type\":\"ListItem\",\"position\":2,\"name\":\"Kauplus\",\"item\":\"https:\/\/metaltale.com\/et\/shop\/\"},{\"@type\":\"ListItem\",\"position\":3,\"name\":\"Dekoratiivne plekk autodele\"}]},{\"@type\":\"WebSite\",\"@id\":\"https:\/\/metaltale.com\/et\/#website\",\"url\":\"https:\/\/metaltale.com\/et\/\",\"name\":\"Metaltale.com\",\"description\":\"\",\"potentialAction\":[{\"@type\":\"SearchAction\",\"target\":{\"@type\":\"EntryPoint\",\"urlTemplate\":\"https:\/\/metaltale.com\/et\/?s={search_term_string}\"},\"query-input\":{\"@type\":\"PropertyValueSpecification\",\"valueRequired\":true,\"valueName\":\"search_term_string\"}}],\"inLanguage\":\"et\"}]}<\/script>\n<!-- \/ Yoast SEO plugin. -->","yoast_head_json":{"title":"Dekoratiivne plekk autodele - MetalTale.com","robots":{"index":"index","follow":"follow","max-snippet":"max-snippet:-1","max-image-preview":"max-image-preview:large","max-video-preview":"max-video-preview:-1"},"canonical":"https:\/\/metaltale.com\/et\/toode\/dekoratiivne-plekk-autodele\/","og_locale":"et_EE","og_type":"article","og_title":"Dekoratiivne plekk autodele - MetalTale.com","og_description":"Mudel FJ. YX.291 EAN. 5905369926013 Ruum Garaa\u017e Motiiviinfo, autod K\u00f5rgus (cm) 28 Laius (cm) 40 Materjal teras Vormid J\u00e4rgmine Orienteerumine","og_url":"https:\/\/metaltale.com\/et\/toode\/dekoratiivne-plekk-autodele\/","og_site_name":"MetalTale.com","twitter_card":"summary_large_image","twitter_misc":{"Est. reading time":"1 minut"},"schema":{"@context":"https:\/\/schema.org","@graph":[{"@type":"WebPage","@id":"https:\/\/metaltale.com\/et\/toode\/dekoratiivne-plekk-autodele\/","url":"https:\/\/metaltale.com\/et\/toode\/dekoratiivne-plekk-autodele\/","name":"Dekoratiivne plekk autodele - MetalTale.com","isPartOf":{"@id":"https:\/\/metaltale.com\/et\/#website"},"primaryImageOfPage":{"@id":"https:\/\/metaltale.com\/et\/toode\/dekoratiivne-plekk-autodele\/#primaryimage"},"image":{"@id":"https:\/\/metaltale.com\/et\/toode\/dekoratiivne-plekk-autodele\/#primaryimage"},"thumbnailUrl":"https:\/\/metaltale.com\/wp-content\/uploads\/2023\/09\/Dekoratyvinis-lakx161tinis-metalas-NAUDOTI-AUTOMOBILIAI.jpg","datePublished":"2024-02-13T12:55:51+00:00","breadcrumb":{"@id":"https:\/\/metaltale.com\/et\/toode\/dekoratiivne-plekk-autodele\/#breadcrumb"},"inLanguage":"et","potentialAction":[{"@type":"ReadAction","target":["https:\/\/metaltale.com\/et\/toode\/dekoratiivne-plekk-autodele\/"]}]},{"@type":"ImageObject","inLanguage":"et","@id":"https:\/\/metaltale.com\/et\/toode\/dekoratiivne-plekk-autodele\/#primaryimage","url":"https:\/\/metaltale.com\/wp-content\/uploads\/2023\/09\/Dekoratyvinis-lakx161tinis-metalas-NAUDOTI-AUTOMOBILIAI.jpg","contentUrl":"https:\/\/metaltale.com\/wp-content\/uploads\/2023\/09\/Dekoratyvinis-lakx161tinis-metalas-NAUDOTI-AUTOMOBILIAI.jpg","width":800,"height":800},{"@type":"BreadcrumbList","@id":"https:\/\/metaltale.com\/et\/toode\/dekoratiivne-plekk-autodele\/#breadcrumb","itemListElement":[{"@type":"ListItem","position":1,"name":"Home","item":"https:\/\/metaltale.com\/et\/kodu\/"},{"@type":"ListItem","position":2,"name":"Kauplus","item":"https:\/\/metaltale.com\/et\/shop\/"},{"@type":"ListItem","position":3,"name":"Dekoratiivne plekk autodele"}]},{"@type":"WebSite","@id":"https:\/\/metaltale.com\/et\/#website","url":"https:\/\/metaltale.com\/et\/","name":"Metaltale.com","description":"","potentialAction":[{"@type":"SearchAction","target":{"@type":"EntryPoint","urlTemplate":"https:\/\/metaltale.com\/et\/?s={search_term_string}"},"query-input":{"@type":"PropertyValueSpecification","valueRequired":true,"valueName":"search_term_string"}}],"inLanguage":"et"}]}},"_links":{"self":[{"href":"https:\/\/metaltale.com\/et\/wp-json\/wp\/v2\/product\/136662","targetHints":{"allow":["GET"]}}],"collection":[{"href":"https:\/\/metaltale.com\/et\/wp-json\/wp\/v2\/product"}],"about":[{"href":"https:\/\/metaltale.com\/et\/wp-json\/wp\/v2\/types\/product"}],"replies":[{"embeddable":true,"href":"https:\/\/metaltale.com\/et\/wp-json\/wp\/v2\/comments?post=136662"}],"version-history":[{"count":0,"href":"https:\/\/metaltale.com\/et\/wp-json\/wp\/v2\/product\/136662\/revisions"}],"wp:featuredmedia":[{"embeddable":true,"href":"https:\/\/metaltale.com\/et\/wp-json\/wp\/v2\/media\/73863"}],"wp:attachment":[{"href":"https:\/\/metaltale.com\/et\/wp-json\/wp\/v2\/media?parent=136662"}],"wp:term":[{"taxonomy":"product_brand","embeddable":true,"href":"https:\/\/metaltale.com\/et\/wp-json\/wp\/v2\/product_brand?post=136662"},{"taxonomy":"product_cat","embeddable":true,"href":"https:\/\/metaltale.com\/et\/wp-json\/wp\/v2\/product_cat?post=136662"},{"taxonomy":"product_tag","embeddable":true,"href":"https:\/\/metaltale.com\/et\/wp-json\/wp\/v2\/product_tag?post=136662"}],"curies":[{"name":"wp","href":"https:\/\/api.w.org\/{rel}","templated":true}]}}