{"id":136588,"date":"2024-02-13T15:07:38","date_gmt":"2024-02-13T13:07:38","guid":{"rendered":"https:\/\/metaltale.com\/produktas\/moobli-kaepide-abacus-74mm\/"},"modified":"2024-02-13T15:07:38","modified_gmt":"2024-02-13T13:07:38","slug":"moobli-kaepide-abacus-74mm","status":"publish","type":"product","link":"https:\/\/metaltale.com\/et\/toode\/moobli-kaepide-abacus-74mm\/","title":{"rendered":"M\u00f6\u00f6bli k\u00e4epide ABACUS 74mm"},"content":{"rendered":"<div class=\"prod_data\">\n<p><strong>Mudel<\/strong> 15121.PRGR<br \/>\n<strong>Materjal<\/strong> Messing<br \/>\n<strong>\u00dcldine k\u00f5rgus (cm)<\/strong> 3,6<br \/>\n<strong>\u00dcldine laius (cm)<\/strong> 7,4<br \/>\n<strong>Koguprojektsioon (cm)<\/strong> 1,8<br \/>\nAukude <strong>vahe (cm)<\/strong> 3,2<br \/>\nPaigalduskruvid Jah<br \/>\n<strong>V\u00e4rv<\/strong> Antik messingist<\/p>\n<p>M\u00f6\u00f6bli k\u00e4epide on valmistatud k\u00f5rgeima kvaliteediga materjalist, nii et toode kestab meile kaua aega.<\/p>\n<p>Pind j\u00e4tab mulje vananemisest, andes k\u00e4epidemele maal\u00e4hedase iseloomu.<\/p>\n<p>Selle kuju v\u00f5imaldab t\u00f5husat ja lihtsat avamist<\/p>\n<hr>\n<p>\u00d5iged m\u00f6\u00f6blitarvikud annavad meie m\u00f6\u00f6blile originaalse iseloomu. M\u00f6\u00f6bli k\u00e4epidemed on kindlasti \u00fcks neist aksessuaaridest, mis v\u00f5ivad anda meie m\u00f6\u00f6blile uue, erakordse ilme.<\/p>\n<p>N\u00e4idatud m\u00f6\u00f6blik\u00e4epide on oma ristk\u00fclikukujulise kuju ja vananemise m\u00f5ju t\u00f5ttu ebatavalise originaalkujuga. Selle pind j\u00e4tab v\u00e4ga vana mulje, mis annab sellele maal\u00e4hedase iseloomu. Sobib ideaalselt puidust sahtlitele v\u00f5i k\u00f6\u00f6gikappidele. Selle originaalne kuju annab meie m\u00f6\u00f6blile ebatavalise rustikaalse iseloomu, samas kui selle lihtne kuju muudab kapi avamise palju lihtsamaks.<\/p>\n<\/div>\n","protected":false},"excerpt":{"rendered":"<p>Mudel 15121.PRGR Materjal Messing \u00dcldine k\u00f5rgus (cm) 3,6 \u00dcldine laius (cm) 7,4 Koguprojektsioon (cm) 1,8 Aukude vahe (cm) 3,2 Paigalduskruvid<\/p>\n","protected":false},"featured_media":107161,"comment_status":"open","ping_status":"closed","template":"","meta":{"_acf_changed":false,"pmpro_default_level":""},"product_brand":[],"product_cat":[23839,23836,23844],"product_tag":[],"class_list":{"0":"post-136588","1":"product","2":"type-product","3":"status-publish","4":"has-post-thumbnail","6":"product_cat-moobli-kaepidemed","7":"product_cat-moobli-tarvikud","8":"product_cat-shell-rankeneles-et","9":"pmpro-has-access","11":"first","12":"instock","13":"shipping-taxable","14":"purchasable","15":"product-type-simple"},"acf":[],"yoast_head":"<!-- This site is optimized with the Yoast SEO plugin v24.9 - https:\/\/yoast.com\/wordpress\/plugins\/seo\/ -->\n<title>M\u00f6\u00f6bli k\u00e4epide ABACUS 74mm - MetalTale.com<\/title>\n<meta name=\"robots\" content=\"index, follow, max-snippet:-1, max-image-preview:large, max-video-preview:-1\" \/>\n<link rel=\"canonical\" href=\"https:\/\/metaltale.com\/et\/toode\/moobli-kaepide-abacus-74mm\/\" \/>\n<meta property=\"og:locale\" content=\"et_EE\" \/>\n<meta property=\"og:type\" content=\"article\" \/>\n<meta property=\"og:title\" content=\"M\u00f6\u00f6bli k\u00e4epide ABACUS 74mm - MetalTale.com\" \/>\n<meta property=\"og:description\" content=\"Mudel 15121.PRGR Materjal Messing \u00dcldine k\u00f5rgus (cm) 3,6 \u00dcldine laius (cm) 7,4 Koguprojektsioon (cm) 1,8 Aukude vahe (cm) 3,2 Paigalduskruvid\" \/>\n<meta property=\"og:url\" content=\"https:\/\/metaltale.com\/et\/toode\/moobli-kaepide-abacus-74mm\/\" \/>\n<meta property=\"og:site_name\" content=\"MetalTale.com\" \/>\n<meta name=\"twitter:card\" content=\"summary_large_image\" \/>\n<meta name=\"twitter:label1\" content=\"Est. reading time\" \/>\n\t<meta name=\"twitter:data1\" content=\"1 minut\" \/>\n<script type=\"application\/ld+json\" class=\"yoast-schema-graph\">{\"@context\":\"https:\/\/schema.org\",\"@graph\":[{\"@type\":\"WebPage\",\"@id\":\"https:\/\/metaltale.com\/et\/toode\/moobli-kaepide-abacus-74mm\/\",\"url\":\"https:\/\/metaltale.com\/et\/toode\/moobli-kaepide-abacus-74mm\/\",\"name\":\"M\u00f6\u00f6bli k\u00e4epide ABACUS 74mm - MetalTale.com\",\"isPartOf\":{\"@id\":\"https:\/\/metaltale.com\/et\/#website\"},\"primaryImageOfPage\":{\"@id\":\"https:\/\/metaltale.com\/et\/toode\/moobli-kaepide-abacus-74mm\/#primaryimage\"},\"image\":{\"@id\":\"https:\/\/metaltale.com\/et\/toode\/moobli-kaepide-abacus-74mm\/#primaryimage\"},\"thumbnailUrl\":\"https:\/\/metaltale.com\/wp-content\/uploads\/2023\/11\/Korpusinix173-baldx173-rankena-ABAKUS-88mm.jpg\",\"datePublished\":\"2024-02-13T13:07:38+00:00\",\"breadcrumb\":{\"@id\":\"https:\/\/metaltale.com\/et\/toode\/moobli-kaepide-abacus-74mm\/#breadcrumb\"},\"inLanguage\":\"et\",\"potentialAction\":[{\"@type\":\"ReadAction\",\"target\":[\"https:\/\/metaltale.com\/et\/toode\/moobli-kaepide-abacus-74mm\/\"]}]},{\"@type\":\"ImageObject\",\"inLanguage\":\"et\",\"@id\":\"https:\/\/metaltale.com\/et\/toode\/moobli-kaepide-abacus-74mm\/#primaryimage\",\"url\":\"https:\/\/metaltale.com\/wp-content\/uploads\/2023\/11\/Korpusinix173-baldx173-rankena-ABAKUS-88mm.jpg\",\"contentUrl\":\"https:\/\/metaltale.com\/wp-content\/uploads\/2023\/11\/Korpusinix173-baldx173-rankena-ABAKUS-88mm.jpg\",\"width\":800,\"height\":800,\"caption\":\"M\u00f6\u00f6bli k\u00e4epide ABACUS 74mm\"},{\"@type\":\"BreadcrumbList\",\"@id\":\"https:\/\/metaltale.com\/et\/toode\/moobli-kaepide-abacus-74mm\/#breadcrumb\",\"itemListElement\":[{\"@type\":\"ListItem\",\"position\":1,\"name\":\"Home\",\"item\":\"https:\/\/metaltale.com\/et\/kodu\/\"},{\"@type\":\"ListItem\",\"position\":2,\"name\":\"Kauplus\",\"item\":\"https:\/\/metaltale.com\/et\/shop\/\"},{\"@type\":\"ListItem\",\"position\":3,\"name\":\"M\u00f6\u00f6bli k\u00e4epide ABACUS 74mm\"}]},{\"@type\":\"WebSite\",\"@id\":\"https:\/\/metaltale.com\/et\/#website\",\"url\":\"https:\/\/metaltale.com\/et\/\",\"name\":\"Metaltale.com\",\"description\":\"\",\"potentialAction\":[{\"@type\":\"SearchAction\",\"target\":{\"@type\":\"EntryPoint\",\"urlTemplate\":\"https:\/\/metaltale.com\/et\/?s={search_term_string}\"},\"query-input\":{\"@type\":\"PropertyValueSpecification\",\"valueRequired\":true,\"valueName\":\"search_term_string\"}}],\"inLanguage\":\"et\"}]}<\/script>\n<!-- \/ Yoast SEO plugin. -->","yoast_head_json":{"title":"M\u00f6\u00f6bli k\u00e4epide ABACUS 74mm - MetalTale.com","robots":{"index":"index","follow":"follow","max-snippet":"max-snippet:-1","max-image-preview":"max-image-preview:large","max-video-preview":"max-video-preview:-1"},"canonical":"https:\/\/metaltale.com\/et\/toode\/moobli-kaepide-abacus-74mm\/","og_locale":"et_EE","og_type":"article","og_title":"M\u00f6\u00f6bli k\u00e4epide ABACUS 74mm - MetalTale.com","og_description":"Mudel 15121.PRGR Materjal Messing \u00dcldine k\u00f5rgus (cm) 3,6 \u00dcldine laius (cm) 7,4 Koguprojektsioon (cm) 1,8 Aukude vahe (cm) 3,2 Paigalduskruvid","og_url":"https:\/\/metaltale.com\/et\/toode\/moobli-kaepide-abacus-74mm\/","og_site_name":"MetalTale.com","twitter_card":"summary_large_image","twitter_misc":{"Est. reading time":"1 minut"},"schema":{"@context":"https:\/\/schema.org","@graph":[{"@type":"WebPage","@id":"https:\/\/metaltale.com\/et\/toode\/moobli-kaepide-abacus-74mm\/","url":"https:\/\/metaltale.com\/et\/toode\/moobli-kaepide-abacus-74mm\/","name":"M\u00f6\u00f6bli k\u00e4epide ABACUS 74mm - MetalTale.com","isPartOf":{"@id":"https:\/\/metaltale.com\/et\/#website"},"primaryImageOfPage":{"@id":"https:\/\/metaltale.com\/et\/toode\/moobli-kaepide-abacus-74mm\/#primaryimage"},"image":{"@id":"https:\/\/metaltale.com\/et\/toode\/moobli-kaepide-abacus-74mm\/#primaryimage"},"thumbnailUrl":"https:\/\/metaltale.com\/wp-content\/uploads\/2023\/11\/Korpusinix173-baldx173-rankena-ABAKUS-88mm.jpg","datePublished":"2024-02-13T13:07:38+00:00","breadcrumb":{"@id":"https:\/\/metaltale.com\/et\/toode\/moobli-kaepide-abacus-74mm\/#breadcrumb"},"inLanguage":"et","potentialAction":[{"@type":"ReadAction","target":["https:\/\/metaltale.com\/et\/toode\/moobli-kaepide-abacus-74mm\/"]}]},{"@type":"ImageObject","inLanguage":"et","@id":"https:\/\/metaltale.com\/et\/toode\/moobli-kaepide-abacus-74mm\/#primaryimage","url":"https:\/\/metaltale.com\/wp-content\/uploads\/2023\/11\/Korpusinix173-baldx173-rankena-ABAKUS-88mm.jpg","contentUrl":"https:\/\/metaltale.com\/wp-content\/uploads\/2023\/11\/Korpusinix173-baldx173-rankena-ABAKUS-88mm.jpg","width":800,"height":800,"caption":"M\u00f6\u00f6bli k\u00e4epide ABACUS 74mm"},{"@type":"BreadcrumbList","@id":"https:\/\/metaltale.com\/et\/toode\/moobli-kaepide-abacus-74mm\/#breadcrumb","itemListElement":[{"@type":"ListItem","position":1,"name":"Home","item":"https:\/\/metaltale.com\/et\/kodu\/"},{"@type":"ListItem","position":2,"name":"Kauplus","item":"https:\/\/metaltale.com\/et\/shop\/"},{"@type":"ListItem","position":3,"name":"M\u00f6\u00f6bli k\u00e4epide ABACUS 74mm"}]},{"@type":"WebSite","@id":"https:\/\/metaltale.com\/et\/#website","url":"https:\/\/metaltale.com\/et\/","name":"Metaltale.com","description":"","potentialAction":[{"@type":"SearchAction","target":{"@type":"EntryPoint","urlTemplate":"https:\/\/metaltale.com\/et\/?s={search_term_string}"},"query-input":{"@type":"PropertyValueSpecification","valueRequired":true,"valueName":"search_term_string"}}],"inLanguage":"et"}]}},"_links":{"self":[{"href":"https:\/\/metaltale.com\/et\/wp-json\/wp\/v2\/product\/136588","targetHints":{"allow":["GET"]}}],"collection":[{"href":"https:\/\/metaltale.com\/et\/wp-json\/wp\/v2\/product"}],"about":[{"href":"https:\/\/metaltale.com\/et\/wp-json\/wp\/v2\/types\/product"}],"replies":[{"embeddable":true,"href":"https:\/\/metaltale.com\/et\/wp-json\/wp\/v2\/comments?post=136588"}],"version-history":[{"count":0,"href":"https:\/\/metaltale.com\/et\/wp-json\/wp\/v2\/product\/136588\/revisions"}],"wp:featuredmedia":[{"embeddable":true,"href":"https:\/\/metaltale.com\/et\/wp-json\/wp\/v2\/media\/107161"}],"wp:attachment":[{"href":"https:\/\/metaltale.com\/et\/wp-json\/wp\/v2\/media?parent=136588"}],"wp:term":[{"taxonomy":"product_brand","embeddable":true,"href":"https:\/\/metaltale.com\/et\/wp-json\/wp\/v2\/product_brand?post=136588"},{"taxonomy":"product_cat","embeddable":true,"href":"https:\/\/metaltale.com\/et\/wp-json\/wp\/v2\/product_cat?post=136588"},{"taxonomy":"product_tag","embeddable":true,"href":"https:\/\/metaltale.com\/et\/wp-json\/wp\/v2\/product_tag?post=136588"}],"curies":[{"name":"wp","href":"https:\/\/api.w.org\/{rel}","templated":true}]}}