{"id":136557,"date":"2024-02-13T15:07:04","date_gmt":"2024-02-13T13:07:04","guid":{"rendered":"https:\/\/metaltale.com\/produktas\/mooblinupp-golden-35mm\/"},"modified":"2024-02-13T15:07:04","modified_gmt":"2024-02-13T13:07:04","slug":"mooblinupp-golden-35mm","status":"publish","type":"product","link":"https:\/\/metaltale.com\/et\/toode\/mooblinupp-golden-35mm\/","title":{"rendered":"M\u00f6\u00f6blinupp GOLDEN 35mm"},"content":{"rendered":"<div class=\"prod_data\">\n<p><strong>Mudel<\/strong> 70.086.SB. PRGR<br \/>\n<strong>Materjal<\/strong> teras<br \/>\n<strong>\u00dcldl\u00e4bim\u00f5\u00f5t (cm<\/strong> ) 3,5<br \/>\nKoguprojektsioon (cm) 2,6<br \/>\n<strong>Paigalduskruvid<\/strong> Kruvi<br \/>\n<strong>V\u00e4rv<\/strong> Kuldne<\/p>\n<p>Valmistatud k\u00f5rgeima kvaliteediga malmist, mis tagab vastupidavuse ja tugevuse.<\/p>\n<p>Klassikalise kujuga k\u00e4epide, mis muudab selle v\u00e4ga funktsionaalseks<\/p>\n<p>Toode sisaldab kruvi lihtsaks kokkupanekuks<\/p>\n<hr>\n<p>M\u00f6\u00f6blinupud on v\u00e4ga oluline element, kui me tahame oma m\u00f6\u00f6blile uut v\u00e4limust anda. Tasub meeles pidada, et isegi v\u00e4ikesed detailid v\u00f5i lisandid v\u00f5ivad kogu ruumi visuaalset m\u00f5ju suurendada.<\/p>\n<p>Oma peene ja elegantse iseloomuga r\u00f5\u00f5mustab see m\u00f6\u00f6blinupp k\u00f5iki originaalsete aksessuaaride austajad. Selle klassikalist kuju on m\u00f6\u00f6blit\u00f6\u00f6stuses kasutatud juba p\u00f5lvkondade v\u00e4ltel. Lihtne kuju koosneb laiast korpusest, mis on paigaldatud kitsale jalale, mis muudab k\u00e4epideme v\u00e4ga h\u00f5lpsasti kasutatavaks ja m\u00f6\u00f6bli avamise v\u00e4ga lihtsaks. Kuldne v\u00e4rvus annab k\u00e4epidemele peene elegantsi ja stiili. K\u00e4epide sobib paljude stiilidega, alates modernsest kuni rustikaalse v\u00f5i vintage-stiilini, t\u00e4nu selle t\u00e4ispinnalisele t\u00f6\u00f6tlusele.<\/p>\n<\/div>\n","protected":false},"excerpt":{"rendered":"<p>Mudel 70.086.SB. PRGR Materjal teras \u00dcldl\u00e4bim\u00f5\u00f5t (cm ) 3,5 Koguprojektsioon (cm) 2,6 Paigalduskruvid Kruvi V\u00e4rv Kuldne Valmistatud k\u00f5rgeima kvaliteediga malmist,<\/p>\n","protected":false},"featured_media":113961,"comment_status":"open","ping_status":"closed","template":"","meta":{"_acf_changed":false,"pmpro_default_level":""},"product_brand":[],"product_cat":[23880,23836,23873],"product_tag":[],"class_list":{"0":"post-136557","1":"product","2":"type-product","3":"status-publish","4":"has-post-thumbnail","6":"product_cat-baldu-rankeneles-et","7":"product_cat-moobli-tarvikud","8":"product_cat-rankeneles-et","9":"pmpro-has-access","11":"first","12":"instock","13":"shipping-taxable","14":"purchasable","15":"product-type-simple"},"acf":[],"yoast_head":"<!-- This site is optimized with the Yoast SEO plugin v24.9 - https:\/\/yoast.com\/wordpress\/plugins\/seo\/ -->\n<title>M\u00f6\u00f6blinupp GOLDEN 35mm - MetalTale.com<\/title>\n<meta name=\"robots\" content=\"index, follow, max-snippet:-1, max-image-preview:large, max-video-preview:-1\" \/>\n<link rel=\"canonical\" href=\"https:\/\/metaltale.com\/et\/toode\/mooblinupp-golden-35mm\/\" \/>\n<meta property=\"og:locale\" content=\"et_EE\" \/>\n<meta property=\"og:type\" content=\"article\" \/>\n<meta property=\"og:title\" content=\"M\u00f6\u00f6blinupp GOLDEN 35mm - MetalTale.com\" \/>\n<meta property=\"og:description\" content=\"Mudel 70.086.SB. PRGR Materjal teras \u00dcldl\u00e4bim\u00f5\u00f5t (cm ) 3,5 Koguprojektsioon (cm) 2,6 Paigalduskruvid Kruvi V\u00e4rv Kuldne Valmistatud k\u00f5rgeima kvaliteediga malmist,\" \/>\n<meta property=\"og:url\" content=\"https:\/\/metaltale.com\/et\/toode\/mooblinupp-golden-35mm\/\" \/>\n<meta property=\"og:site_name\" content=\"MetalTale.com\" \/>\n<meta name=\"twitter:card\" content=\"summary_large_image\" \/>\n<meta name=\"twitter:label1\" content=\"Est. reading time\" \/>\n\t<meta name=\"twitter:data1\" content=\"1 minut\" \/>\n<script type=\"application\/ld+json\" class=\"yoast-schema-graph\">{\"@context\":\"https:\/\/schema.org\",\"@graph\":[{\"@type\":\"WebPage\",\"@id\":\"https:\/\/metaltale.com\/et\/toode\/mooblinupp-golden-35mm\/\",\"url\":\"https:\/\/metaltale.com\/et\/toode\/mooblinupp-golden-35mm\/\",\"name\":\"M\u00f6\u00f6blinupp GOLDEN 35mm - MetalTale.com\",\"isPartOf\":{\"@id\":\"https:\/\/metaltale.com\/et\/#website\"},\"primaryImageOfPage\":{\"@id\":\"https:\/\/metaltale.com\/et\/toode\/mooblinupp-golden-35mm\/#primaryimage\"},\"image\":{\"@id\":\"https:\/\/metaltale.com\/et\/toode\/mooblinupp-golden-35mm\/#primaryimage\"},\"thumbnailUrl\":\"https:\/\/metaltale.com\/wp-content\/uploads\/2023\/11\/Baldx173-rankenx117lx117-GOLD-35mm.jpg\",\"datePublished\":\"2024-02-13T13:07:04+00:00\",\"breadcrumb\":{\"@id\":\"https:\/\/metaltale.com\/et\/toode\/mooblinupp-golden-35mm\/#breadcrumb\"},\"inLanguage\":\"et\",\"potentialAction\":[{\"@type\":\"ReadAction\",\"target\":[\"https:\/\/metaltale.com\/et\/toode\/mooblinupp-golden-35mm\/\"]}]},{\"@type\":\"ImageObject\",\"inLanguage\":\"et\",\"@id\":\"https:\/\/metaltale.com\/et\/toode\/mooblinupp-golden-35mm\/#primaryimage\",\"url\":\"https:\/\/metaltale.com\/wp-content\/uploads\/2023\/11\/Baldx173-rankenx117lx117-GOLD-35mm.jpg\",\"contentUrl\":\"https:\/\/metaltale.com\/wp-content\/uploads\/2023\/11\/Baldx173-rankenx117lx117-GOLD-35mm.jpg\",\"width\":800,\"height\":800,\"caption\":\"M\u00f6\u00f6blinupp GOLDEN 25mm\"},{\"@type\":\"BreadcrumbList\",\"@id\":\"https:\/\/metaltale.com\/et\/toode\/mooblinupp-golden-35mm\/#breadcrumb\",\"itemListElement\":[{\"@type\":\"ListItem\",\"position\":1,\"name\":\"Home\",\"item\":\"https:\/\/metaltale.com\/et\/kodu\/\"},{\"@type\":\"ListItem\",\"position\":2,\"name\":\"Kauplus\",\"item\":\"https:\/\/metaltale.com\/et\/shop\/\"},{\"@type\":\"ListItem\",\"position\":3,\"name\":\"M\u00f6\u00f6blinupp GOLDEN 35mm\"}]},{\"@type\":\"WebSite\",\"@id\":\"https:\/\/metaltale.com\/et\/#website\",\"url\":\"https:\/\/metaltale.com\/et\/\",\"name\":\"Metaltale.com\",\"description\":\"\",\"potentialAction\":[{\"@type\":\"SearchAction\",\"target\":{\"@type\":\"EntryPoint\",\"urlTemplate\":\"https:\/\/metaltale.com\/et\/?s={search_term_string}\"},\"query-input\":{\"@type\":\"PropertyValueSpecification\",\"valueRequired\":true,\"valueName\":\"search_term_string\"}}],\"inLanguage\":\"et\"}]}<\/script>\n<!-- \/ Yoast SEO plugin. -->","yoast_head_json":{"title":"M\u00f6\u00f6blinupp GOLDEN 35mm - MetalTale.com","robots":{"index":"index","follow":"follow","max-snippet":"max-snippet:-1","max-image-preview":"max-image-preview:large","max-video-preview":"max-video-preview:-1"},"canonical":"https:\/\/metaltale.com\/et\/toode\/mooblinupp-golden-35mm\/","og_locale":"et_EE","og_type":"article","og_title":"M\u00f6\u00f6blinupp GOLDEN 35mm - MetalTale.com","og_description":"Mudel 70.086.SB. PRGR Materjal teras \u00dcldl\u00e4bim\u00f5\u00f5t (cm ) 3,5 Koguprojektsioon (cm) 2,6 Paigalduskruvid Kruvi V\u00e4rv Kuldne Valmistatud k\u00f5rgeima kvaliteediga malmist,","og_url":"https:\/\/metaltale.com\/et\/toode\/mooblinupp-golden-35mm\/","og_site_name":"MetalTale.com","twitter_card":"summary_large_image","twitter_misc":{"Est. reading time":"1 minut"},"schema":{"@context":"https:\/\/schema.org","@graph":[{"@type":"WebPage","@id":"https:\/\/metaltale.com\/et\/toode\/mooblinupp-golden-35mm\/","url":"https:\/\/metaltale.com\/et\/toode\/mooblinupp-golden-35mm\/","name":"M\u00f6\u00f6blinupp GOLDEN 35mm - MetalTale.com","isPartOf":{"@id":"https:\/\/metaltale.com\/et\/#website"},"primaryImageOfPage":{"@id":"https:\/\/metaltale.com\/et\/toode\/mooblinupp-golden-35mm\/#primaryimage"},"image":{"@id":"https:\/\/metaltale.com\/et\/toode\/mooblinupp-golden-35mm\/#primaryimage"},"thumbnailUrl":"https:\/\/metaltale.com\/wp-content\/uploads\/2023\/11\/Baldx173-rankenx117lx117-GOLD-35mm.jpg","datePublished":"2024-02-13T13:07:04+00:00","breadcrumb":{"@id":"https:\/\/metaltale.com\/et\/toode\/mooblinupp-golden-35mm\/#breadcrumb"},"inLanguage":"et","potentialAction":[{"@type":"ReadAction","target":["https:\/\/metaltale.com\/et\/toode\/mooblinupp-golden-35mm\/"]}]},{"@type":"ImageObject","inLanguage":"et","@id":"https:\/\/metaltale.com\/et\/toode\/mooblinupp-golden-35mm\/#primaryimage","url":"https:\/\/metaltale.com\/wp-content\/uploads\/2023\/11\/Baldx173-rankenx117lx117-GOLD-35mm.jpg","contentUrl":"https:\/\/metaltale.com\/wp-content\/uploads\/2023\/11\/Baldx173-rankenx117lx117-GOLD-35mm.jpg","width":800,"height":800,"caption":"M\u00f6\u00f6blinupp GOLDEN 25mm"},{"@type":"BreadcrumbList","@id":"https:\/\/metaltale.com\/et\/toode\/mooblinupp-golden-35mm\/#breadcrumb","itemListElement":[{"@type":"ListItem","position":1,"name":"Home","item":"https:\/\/metaltale.com\/et\/kodu\/"},{"@type":"ListItem","position":2,"name":"Kauplus","item":"https:\/\/metaltale.com\/et\/shop\/"},{"@type":"ListItem","position":3,"name":"M\u00f6\u00f6blinupp GOLDEN 35mm"}]},{"@type":"WebSite","@id":"https:\/\/metaltale.com\/et\/#website","url":"https:\/\/metaltale.com\/et\/","name":"Metaltale.com","description":"","potentialAction":[{"@type":"SearchAction","target":{"@type":"EntryPoint","urlTemplate":"https:\/\/metaltale.com\/et\/?s={search_term_string}"},"query-input":{"@type":"PropertyValueSpecification","valueRequired":true,"valueName":"search_term_string"}}],"inLanguage":"et"}]}},"_links":{"self":[{"href":"https:\/\/metaltale.com\/et\/wp-json\/wp\/v2\/product\/136557","targetHints":{"allow":["GET"]}}],"collection":[{"href":"https:\/\/metaltale.com\/et\/wp-json\/wp\/v2\/product"}],"about":[{"href":"https:\/\/metaltale.com\/et\/wp-json\/wp\/v2\/types\/product"}],"replies":[{"embeddable":true,"href":"https:\/\/metaltale.com\/et\/wp-json\/wp\/v2\/comments?post=136557"}],"version-history":[{"count":0,"href":"https:\/\/metaltale.com\/et\/wp-json\/wp\/v2\/product\/136557\/revisions"}],"wp:featuredmedia":[{"embeddable":true,"href":"https:\/\/metaltale.com\/et\/wp-json\/wp\/v2\/media\/113961"}],"wp:attachment":[{"href":"https:\/\/metaltale.com\/et\/wp-json\/wp\/v2\/media?parent=136557"}],"wp:term":[{"taxonomy":"product_brand","embeddable":true,"href":"https:\/\/metaltale.com\/et\/wp-json\/wp\/v2\/product_brand?post=136557"},{"taxonomy":"product_cat","embeddable":true,"href":"https:\/\/metaltale.com\/et\/wp-json\/wp\/v2\/product_cat?post=136557"},{"taxonomy":"product_tag","embeddable":true,"href":"https:\/\/metaltale.com\/et\/wp-json\/wp\/v2\/product_tag?post=136557"}],"curies":[{"name":"wp","href":"https:\/\/api.w.org\/{rel}","templated":true}]}}