{"id":136548,"date":"2024-02-13T15:07:04","date_gmt":"2024-02-13T13:07:04","guid":{"rendered":"https:\/\/metaltale.com\/produktas\/dexter-metallist-lauapikendussusteem-2\/"},"modified":"2024-02-13T15:07:04","modified_gmt":"2024-02-13T13:07:04","slug":"dexter-metallist-lauapikendussusteem-2","status":"publish","type":"product","link":"https:\/\/metaltale.com\/et\/toode\/dexter-metallist-lauapikendussusteem-2\/","title":{"rendered":"DEXTER metallist lauapikenduss\u00fcsteem"},"content":{"rendered":"<div class=\"prod_data\"><strong>Mudel<\/strong> FOR. DOS. PRGR <br \/><strong>Materjal<\/strong> teras  <br \/><strong> [cm]Kogupikkus<\/strong> 70 <strong> <\/strong> <br \/><strong>Materjali paksus (cm<\/strong> ) PROFIIL 4.5X4.5  <br \/><strong>Paigalduskruvid<\/strong> Ei  <br \/><strong>V\u00e4rv<\/strong> Must  <br \/>Viimistlus pulberv\u00e4rvitud <\/p>\n<p>Toode on valmistatud k\u00f5rgeima kvaliteediga terasest, mis tagab vastupidavuse.<\/p>\n<p>Lisavoodi on valmistatud 45&#215;45 mm suurusest profiilist, mis tagab konstruktsiooni stabiilsuse ja tugevuse.<\/p>\n<p>Toode suurendab t\u00f6\u00f6pinna pikkust 30 kuni 55 cm.<\/p>\n<p>Pakkumine sisaldab 2 tk. r\u00f6\u00f6pad (\u00fche jaoks \u00fcleval)<\/p>\n<hr>\n<p>Kavandatav lisavoodi laua jaoks on ideaalne lahendus, mis v\u00f5imaldab meil suurendada meie laua pinda. T\u00e4nu lauatarnijale kaob ruumipuuduse probleem k\u00f5ikidel \u00fcritustel, nii s\u00f5pradega kui ka perekondlike \u00f5htus\u00f6\u00f6kide ajal. Toode on pulberv\u00e4rvitud, kuna see on kriimustuskindel, ja see on valmistatud 45&#215;45 mm suurusest profiilist, mis muudab selle v\u00e4ga vastupidavaks ja tugevaks konstruktsiooniks. Lisavoodi v\u00f5imaldab meil pikendada t\u00f6\u00f6pinda kuni 55 cm v\u00f5rra, mis annab meile eriti suure ala. Pakume ka komplekti vahed (8 tk), mida on vaja lisavoodi kasutamiseks, s\u00f5ltuvalt sellest, millised jalad meil laual on.<\/p>\n<\/div>\n","protected":false},"excerpt":{"rendered":"<p>Mudel FOR. DOS. PRGR Materjal teras [cm]Kogupikkus 70 Materjali paksus (cm ) PROFIIL 4.5X4.5 Paigalduskruvid Ei V\u00e4rv Must Viimistlus pulberv\u00e4rvitud<\/p>\n","protected":false},"featured_media":107009,"comment_status":"open","ping_status":"closed","template":"","meta":{"_acf_changed":false,"pmpro_default_level":""},"product_brand":[],"product_cat":[24139],"product_tag":[],"class_list":{"0":"post-136548","1":"product","2":"type-product","3":"status-publish","4":"has-post-thumbnail","6":"product_cat-puidust-tootasapinnad","7":"pmpro-has-access","9":"first","10":"instock","11":"shipping-taxable","12":"purchasable","13":"product-type-simple"},"acf":[],"yoast_head":"<!-- This site is optimized with the Yoast SEO plugin v24.9 - https:\/\/yoast.com\/wordpress\/plugins\/seo\/ -->\n<title>DEXTER metallist lauapikenduss\u00fcsteem - MetalTale.com<\/title>\n<meta name=\"robots\" content=\"index, follow, max-snippet:-1, max-image-preview:large, max-video-preview:-1\" \/>\n<link rel=\"canonical\" href=\"https:\/\/metaltale.com\/et\/toode\/dexter-metallist-lauapikendussusteem-2\/\" \/>\n<meta property=\"og:locale\" content=\"et_EE\" \/>\n<meta property=\"og:type\" content=\"article\" \/>\n<meta property=\"og:title\" content=\"DEXTER metallist lauapikenduss\u00fcsteem - MetalTale.com\" \/>\n<meta property=\"og:description\" content=\"Mudel FOR. DOS. PRGR Materjal teras [cm]Kogupikkus 70 Materjali paksus (cm ) PROFIIL 4.5X4.5 Paigalduskruvid Ei V\u00e4rv Must Viimistlus pulberv\u00e4rvitud\" \/>\n<meta property=\"og:url\" content=\"https:\/\/metaltale.com\/et\/toode\/dexter-metallist-lauapikendussusteem-2\/\" \/>\n<meta property=\"og:site_name\" content=\"MetalTale.com\" \/>\n<meta name=\"twitter:card\" content=\"summary_large_image\" \/>\n<meta name=\"twitter:label1\" content=\"Est. reading time\" \/>\n\t<meta name=\"twitter:data1\" content=\"1 minut\" \/>\n<script type=\"application\/ld+json\" class=\"yoast-schema-graph\">{\"@context\":\"https:\/\/schema.org\",\"@graph\":[{\"@type\":\"WebPage\",\"@id\":\"https:\/\/metaltale.com\/et\/toode\/dexter-metallist-lauapikendussusteem-2\/\",\"url\":\"https:\/\/metaltale.com\/et\/toode\/dexter-metallist-lauapikendussusteem-2\/\",\"name\":\"DEXTER metallist lauapikenduss\u00fcsteem - MetalTale.com\",\"isPartOf\":{\"@id\":\"https:\/\/metaltale.com\/et\/#website\"},\"primaryImageOfPage\":{\"@id\":\"https:\/\/metaltale.com\/et\/toode\/dexter-metallist-lauapikendussusteem-2\/#primaryimage\"},\"image\":{\"@id\":\"https:\/\/metaltale.com\/et\/toode\/dexter-metallist-lauapikendussusteem-2\/#primaryimage\"},\"thumbnailUrl\":\"https:\/\/metaltale.com\/wp-content\/uploads\/2023\/11\/Papildoma-lova-DEXTER-stalui.jpg\",\"datePublished\":\"2024-02-13T13:07:04+00:00\",\"breadcrumb\":{\"@id\":\"https:\/\/metaltale.com\/et\/toode\/dexter-metallist-lauapikendussusteem-2\/#breadcrumb\"},\"inLanguage\":\"et\",\"potentialAction\":[{\"@type\":\"ReadAction\",\"target\":[\"https:\/\/metaltale.com\/et\/toode\/dexter-metallist-lauapikendussusteem-2\/\"]}]},{\"@type\":\"ImageObject\",\"inLanguage\":\"et\",\"@id\":\"https:\/\/metaltale.com\/et\/toode\/dexter-metallist-lauapikendussusteem-2\/#primaryimage\",\"url\":\"https:\/\/metaltale.com\/wp-content\/uploads\/2023\/11\/Papildoma-lova-DEXTER-stalui.jpg\",\"contentUrl\":\"https:\/\/metaltale.com\/wp-content\/uploads\/2023\/11\/Papildoma-lova-DEXTER-stalui.jpg\",\"width\":800,\"height\":800},{\"@type\":\"BreadcrumbList\",\"@id\":\"https:\/\/metaltale.com\/et\/toode\/dexter-metallist-lauapikendussusteem-2\/#breadcrumb\",\"itemListElement\":[{\"@type\":\"ListItem\",\"position\":1,\"name\":\"Home\",\"item\":\"https:\/\/metaltale.com\/et\/kodu\/\"},{\"@type\":\"ListItem\",\"position\":2,\"name\":\"Kauplus\",\"item\":\"https:\/\/metaltale.com\/et\/shop\/\"},{\"@type\":\"ListItem\",\"position\":3,\"name\":\"DEXTER metallist lauapikenduss\u00fcsteem\"}]},{\"@type\":\"WebSite\",\"@id\":\"https:\/\/metaltale.com\/et\/#website\",\"url\":\"https:\/\/metaltale.com\/et\/\",\"name\":\"Metaltale.com\",\"description\":\"\",\"potentialAction\":[{\"@type\":\"SearchAction\",\"target\":{\"@type\":\"EntryPoint\",\"urlTemplate\":\"https:\/\/metaltale.com\/et\/?s={search_term_string}\"},\"query-input\":{\"@type\":\"PropertyValueSpecification\",\"valueRequired\":true,\"valueName\":\"search_term_string\"}}],\"inLanguage\":\"et\"}]}<\/script>\n<!-- \/ Yoast SEO plugin. -->","yoast_head_json":{"title":"DEXTER metallist lauapikenduss\u00fcsteem - MetalTale.com","robots":{"index":"index","follow":"follow","max-snippet":"max-snippet:-1","max-image-preview":"max-image-preview:large","max-video-preview":"max-video-preview:-1"},"canonical":"https:\/\/metaltale.com\/et\/toode\/dexter-metallist-lauapikendussusteem-2\/","og_locale":"et_EE","og_type":"article","og_title":"DEXTER metallist lauapikenduss\u00fcsteem - MetalTale.com","og_description":"Mudel FOR. DOS. PRGR Materjal teras [cm]Kogupikkus 70 Materjali paksus (cm ) PROFIIL 4.5X4.5 Paigalduskruvid Ei V\u00e4rv Must Viimistlus pulberv\u00e4rvitud","og_url":"https:\/\/metaltale.com\/et\/toode\/dexter-metallist-lauapikendussusteem-2\/","og_site_name":"MetalTale.com","twitter_card":"summary_large_image","twitter_misc":{"Est. reading time":"1 minut"},"schema":{"@context":"https:\/\/schema.org","@graph":[{"@type":"WebPage","@id":"https:\/\/metaltale.com\/et\/toode\/dexter-metallist-lauapikendussusteem-2\/","url":"https:\/\/metaltale.com\/et\/toode\/dexter-metallist-lauapikendussusteem-2\/","name":"DEXTER metallist lauapikenduss\u00fcsteem - MetalTale.com","isPartOf":{"@id":"https:\/\/metaltale.com\/et\/#website"},"primaryImageOfPage":{"@id":"https:\/\/metaltale.com\/et\/toode\/dexter-metallist-lauapikendussusteem-2\/#primaryimage"},"image":{"@id":"https:\/\/metaltale.com\/et\/toode\/dexter-metallist-lauapikendussusteem-2\/#primaryimage"},"thumbnailUrl":"https:\/\/metaltale.com\/wp-content\/uploads\/2023\/11\/Papildoma-lova-DEXTER-stalui.jpg","datePublished":"2024-02-13T13:07:04+00:00","breadcrumb":{"@id":"https:\/\/metaltale.com\/et\/toode\/dexter-metallist-lauapikendussusteem-2\/#breadcrumb"},"inLanguage":"et","potentialAction":[{"@type":"ReadAction","target":["https:\/\/metaltale.com\/et\/toode\/dexter-metallist-lauapikendussusteem-2\/"]}]},{"@type":"ImageObject","inLanguage":"et","@id":"https:\/\/metaltale.com\/et\/toode\/dexter-metallist-lauapikendussusteem-2\/#primaryimage","url":"https:\/\/metaltale.com\/wp-content\/uploads\/2023\/11\/Papildoma-lova-DEXTER-stalui.jpg","contentUrl":"https:\/\/metaltale.com\/wp-content\/uploads\/2023\/11\/Papildoma-lova-DEXTER-stalui.jpg","width":800,"height":800},{"@type":"BreadcrumbList","@id":"https:\/\/metaltale.com\/et\/toode\/dexter-metallist-lauapikendussusteem-2\/#breadcrumb","itemListElement":[{"@type":"ListItem","position":1,"name":"Home","item":"https:\/\/metaltale.com\/et\/kodu\/"},{"@type":"ListItem","position":2,"name":"Kauplus","item":"https:\/\/metaltale.com\/et\/shop\/"},{"@type":"ListItem","position":3,"name":"DEXTER metallist lauapikenduss\u00fcsteem"}]},{"@type":"WebSite","@id":"https:\/\/metaltale.com\/et\/#website","url":"https:\/\/metaltale.com\/et\/","name":"Metaltale.com","description":"","potentialAction":[{"@type":"SearchAction","target":{"@type":"EntryPoint","urlTemplate":"https:\/\/metaltale.com\/et\/?s={search_term_string}"},"query-input":{"@type":"PropertyValueSpecification","valueRequired":true,"valueName":"search_term_string"}}],"inLanguage":"et"}]}},"_links":{"self":[{"href":"https:\/\/metaltale.com\/et\/wp-json\/wp\/v2\/product\/136548","targetHints":{"allow":["GET"]}}],"collection":[{"href":"https:\/\/metaltale.com\/et\/wp-json\/wp\/v2\/product"}],"about":[{"href":"https:\/\/metaltale.com\/et\/wp-json\/wp\/v2\/types\/product"}],"replies":[{"embeddable":true,"href":"https:\/\/metaltale.com\/et\/wp-json\/wp\/v2\/comments?post=136548"}],"version-history":[{"count":0,"href":"https:\/\/metaltale.com\/et\/wp-json\/wp\/v2\/product\/136548\/revisions"}],"wp:featuredmedia":[{"embeddable":true,"href":"https:\/\/metaltale.com\/et\/wp-json\/wp\/v2\/media\/107009"}],"wp:attachment":[{"href":"https:\/\/metaltale.com\/et\/wp-json\/wp\/v2\/media?parent=136548"}],"wp:term":[{"taxonomy":"product_brand","embeddable":true,"href":"https:\/\/metaltale.com\/et\/wp-json\/wp\/v2\/product_brand?post=136548"},{"taxonomy":"product_cat","embeddable":true,"href":"https:\/\/metaltale.com\/et\/wp-json\/wp\/v2\/product_cat?post=136548"},{"taxonomy":"product_tag","embeddable":true,"href":"https:\/\/metaltale.com\/et\/wp-json\/wp\/v2\/product_tag?post=136548"}],"curies":[{"name":"wp","href":"https:\/\/api.w.org\/{rel}","templated":true}]}}