{"id":136540,"date":"2024-02-13T15:07:04","date_gmt":"2024-02-13T13:07:04","guid":{"rendered":"https:\/\/metaltale.com\/produktas\/nupu-mooblinupp\/"},"modified":"2024-02-13T15:07:04","modified_gmt":"2024-02-13T13:07:04","slug":"nupu-mooblinupp","status":"publish","type":"product","link":"https:\/\/metaltale.com\/et\/toode\/nupu-mooblinupp\/","title":{"rendered":"NUPU m\u00f6\u00f6blinupp"},"content":{"rendered":"<div class=\"prod_data\">\n<p><strong>Mudel<\/strong> 70.086.AC.32B<br \/>\nMaterjal Ketus<br \/>\n<strong>\u00dcldl\u00e4bim\u00f5\u00f5t (cm)<\/strong> 3,2<br \/>\n<strong>Koguprojektsioon (cm)<\/strong> 2,7<br \/>\n<strong>Paigalduskruvid<\/strong> Kruvi<br \/>\n<strong>V\u00e4rv<\/strong> Antiikvask<\/p>\n<p>Valmistatud k\u00f5rgeima kvaliteediga malmist, mis tagab vastupidavuse ja tugevuse.<\/p>\n<p>Klassikalise kujuga k\u00e4epide, mis muudab selle v\u00e4ga funktsionaalseks<\/p>\n<p>Toode sisaldab kruvi lihtsaks kokkupanekuks<\/p>\n<hr>\n<p>M\u00f6\u00f6blinupud on v\u00e4ga oluline element, kui me tahame oma m\u00f6\u00f6blile uut v\u00e4limust anda. Tasub meeles pidada, et isegi v\u00e4ikesed detailid v\u00f5i lisandid v\u00f5ivad kogu ruumi visuaalset m\u00f5ju suurendada.<\/p>\n<p>M\u00f6\u00f6blinupp KNOB on klassikalise kujuga, mis koosneb laiemast korpusest, mis on paigaldatud \u00f5hukesele jalale, mis tagab h\u00f5lpsa haarde ja avamise. Nupu tekstuur on kergelt struktureeritud ja v\u00e4rvimuutused nupu pinnal r\u00f5hutavad veelgi toote retroh\u00f5ngulist iseloomu. K\u00e4epide on s\u00e4ilitatud antiikvase v\u00e4rvides, mis annab esitletavale tootele toore, maal\u00e4hedase v\u00e4limuse. See v\u00e4limus r\u00f5\u00f5mustab nii maal\u00e4hedase kui ka retroh\u00f5ngulise kujunduse austajat.<\/p>\n<\/div>\n","protected":false},"excerpt":{"rendered":"<p>Mudel 70.086.AC.32B Materjal Ketus \u00dcldl\u00e4bim\u00f5\u00f5t (cm) 3,2 Koguprojektsioon (cm) 2,7 Paigalduskruvid Kruvi V\u00e4rv Antiikvask Valmistatud k\u00f5rgeima kvaliteediga malmist, mis tagab<\/p>\n","protected":false},"featured_media":103190,"comment_status":"open","ping_status":"closed","template":"","meta":{"_acf_changed":false,"pmpro_default_level":""},"product_brand":[],"product_cat":[23880,23836,23873],"product_tag":[],"class_list":{"0":"post-136540","1":"product","2":"type-product","3":"status-publish","4":"has-post-thumbnail","6":"product_cat-baldu-rankeneles-et","7":"product_cat-moobli-tarvikud","8":"product_cat-rankeneles-et","9":"pmpro-has-access","11":"first","12":"instock","13":"shipping-taxable","14":"purchasable","15":"product-type-simple"},"acf":[],"yoast_head":"<!-- This site is optimized with the Yoast SEO plugin v24.9 - https:\/\/yoast.com\/wordpress\/plugins\/seo\/ -->\n<title>NUPU m\u00f6\u00f6blinupp - MetalTale.com<\/title>\n<meta name=\"robots\" content=\"index, follow, max-snippet:-1, max-image-preview:large, max-video-preview:-1\" \/>\n<link rel=\"canonical\" href=\"https:\/\/metaltale.com\/et\/toode\/nupu-mooblinupp\/\" \/>\n<meta property=\"og:locale\" content=\"et_EE\" \/>\n<meta property=\"og:type\" content=\"article\" \/>\n<meta property=\"og:title\" content=\"NUPU m\u00f6\u00f6blinupp - MetalTale.com\" \/>\n<meta property=\"og:description\" content=\"Mudel 70.086.AC.32B Materjal Ketus \u00dcldl\u00e4bim\u00f5\u00f5t (cm) 3,2 Koguprojektsioon (cm) 2,7 Paigalduskruvid Kruvi V\u00e4rv Antiikvask Valmistatud k\u00f5rgeima kvaliteediga malmist, mis tagab\" \/>\n<meta property=\"og:url\" content=\"https:\/\/metaltale.com\/et\/toode\/nupu-mooblinupp\/\" \/>\n<meta property=\"og:site_name\" content=\"MetalTale.com\" \/>\n<meta name=\"twitter:card\" content=\"summary_large_image\" \/>\n<meta name=\"twitter:label1\" content=\"Est. reading time\" \/>\n\t<meta name=\"twitter:data1\" content=\"1 minut\" \/>\n<script type=\"application\/ld+json\" class=\"yoast-schema-graph\">{\"@context\":\"https:\/\/schema.org\",\"@graph\":[{\"@type\":\"WebPage\",\"@id\":\"https:\/\/metaltale.com\/et\/toode\/nupu-mooblinupp\/\",\"url\":\"https:\/\/metaltale.com\/et\/toode\/nupu-mooblinupp\/\",\"name\":\"NUPU m\u00f6\u00f6blinupp - MetalTale.com\",\"isPartOf\":{\"@id\":\"https:\/\/metaltale.com\/et\/#website\"},\"primaryImageOfPage\":{\"@id\":\"https:\/\/metaltale.com\/et\/toode\/nupu-mooblinupp\/#primaryimage\"},\"image\":{\"@id\":\"https:\/\/metaltale.com\/et\/toode\/nupu-mooblinupp\/#primaryimage\"},\"thumbnailUrl\":\"https:\/\/metaltale.com\/wp-content\/uploads\/2023\/11\/Baldx173-rankenx117lx117-RANKENx116Lx116.jpg\",\"datePublished\":\"2024-02-13T13:07:04+00:00\",\"breadcrumb\":{\"@id\":\"https:\/\/metaltale.com\/et\/toode\/nupu-mooblinupp\/#breadcrumb\"},\"inLanguage\":\"et\",\"potentialAction\":[{\"@type\":\"ReadAction\",\"target\":[\"https:\/\/metaltale.com\/et\/toode\/nupu-mooblinupp\/\"]}]},{\"@type\":\"ImageObject\",\"inLanguage\":\"et\",\"@id\":\"https:\/\/metaltale.com\/et\/toode\/nupu-mooblinupp\/#primaryimage\",\"url\":\"https:\/\/metaltale.com\/wp-content\/uploads\/2023\/11\/Baldx173-rankenx117lx117-RANKENx116Lx116.jpg\",\"contentUrl\":\"https:\/\/metaltale.com\/wp-content\/uploads\/2023\/11\/Baldx173-rankenx117lx117-RANKENx116Lx116.jpg\",\"width\":800,\"height\":800,\"caption\":\"NUPU m\u00f6\u00f6blinupp\"},{\"@type\":\"BreadcrumbList\",\"@id\":\"https:\/\/metaltale.com\/et\/toode\/nupu-mooblinupp\/#breadcrumb\",\"itemListElement\":[{\"@type\":\"ListItem\",\"position\":1,\"name\":\"Home\",\"item\":\"https:\/\/metaltale.com\/et\/kodu\/\"},{\"@type\":\"ListItem\",\"position\":2,\"name\":\"Kauplus\",\"item\":\"https:\/\/metaltale.com\/et\/shop\/\"},{\"@type\":\"ListItem\",\"position\":3,\"name\":\"NUPU m\u00f6\u00f6blinupp\"}]},{\"@type\":\"WebSite\",\"@id\":\"https:\/\/metaltale.com\/et\/#website\",\"url\":\"https:\/\/metaltale.com\/et\/\",\"name\":\"Metaltale.com\",\"description\":\"\",\"potentialAction\":[{\"@type\":\"SearchAction\",\"target\":{\"@type\":\"EntryPoint\",\"urlTemplate\":\"https:\/\/metaltale.com\/et\/?s={search_term_string}\"},\"query-input\":{\"@type\":\"PropertyValueSpecification\",\"valueRequired\":true,\"valueName\":\"search_term_string\"}}],\"inLanguage\":\"et\"}]}<\/script>\n<!-- \/ Yoast SEO plugin. -->","yoast_head_json":{"title":"NUPU m\u00f6\u00f6blinupp - MetalTale.com","robots":{"index":"index","follow":"follow","max-snippet":"max-snippet:-1","max-image-preview":"max-image-preview:large","max-video-preview":"max-video-preview:-1"},"canonical":"https:\/\/metaltale.com\/et\/toode\/nupu-mooblinupp\/","og_locale":"et_EE","og_type":"article","og_title":"NUPU m\u00f6\u00f6blinupp - MetalTale.com","og_description":"Mudel 70.086.AC.32B Materjal Ketus \u00dcldl\u00e4bim\u00f5\u00f5t (cm) 3,2 Koguprojektsioon (cm) 2,7 Paigalduskruvid Kruvi V\u00e4rv Antiikvask Valmistatud k\u00f5rgeima kvaliteediga malmist, mis tagab","og_url":"https:\/\/metaltale.com\/et\/toode\/nupu-mooblinupp\/","og_site_name":"MetalTale.com","twitter_card":"summary_large_image","twitter_misc":{"Est. reading time":"1 minut"},"schema":{"@context":"https:\/\/schema.org","@graph":[{"@type":"WebPage","@id":"https:\/\/metaltale.com\/et\/toode\/nupu-mooblinupp\/","url":"https:\/\/metaltale.com\/et\/toode\/nupu-mooblinupp\/","name":"NUPU m\u00f6\u00f6blinupp - MetalTale.com","isPartOf":{"@id":"https:\/\/metaltale.com\/et\/#website"},"primaryImageOfPage":{"@id":"https:\/\/metaltale.com\/et\/toode\/nupu-mooblinupp\/#primaryimage"},"image":{"@id":"https:\/\/metaltale.com\/et\/toode\/nupu-mooblinupp\/#primaryimage"},"thumbnailUrl":"https:\/\/metaltale.com\/wp-content\/uploads\/2023\/11\/Baldx173-rankenx117lx117-RANKENx116Lx116.jpg","datePublished":"2024-02-13T13:07:04+00:00","breadcrumb":{"@id":"https:\/\/metaltale.com\/et\/toode\/nupu-mooblinupp\/#breadcrumb"},"inLanguage":"et","potentialAction":[{"@type":"ReadAction","target":["https:\/\/metaltale.com\/et\/toode\/nupu-mooblinupp\/"]}]},{"@type":"ImageObject","inLanguage":"et","@id":"https:\/\/metaltale.com\/et\/toode\/nupu-mooblinupp\/#primaryimage","url":"https:\/\/metaltale.com\/wp-content\/uploads\/2023\/11\/Baldx173-rankenx117lx117-RANKENx116Lx116.jpg","contentUrl":"https:\/\/metaltale.com\/wp-content\/uploads\/2023\/11\/Baldx173-rankenx117lx117-RANKENx116Lx116.jpg","width":800,"height":800,"caption":"NUPU m\u00f6\u00f6blinupp"},{"@type":"BreadcrumbList","@id":"https:\/\/metaltale.com\/et\/toode\/nupu-mooblinupp\/#breadcrumb","itemListElement":[{"@type":"ListItem","position":1,"name":"Home","item":"https:\/\/metaltale.com\/et\/kodu\/"},{"@type":"ListItem","position":2,"name":"Kauplus","item":"https:\/\/metaltale.com\/et\/shop\/"},{"@type":"ListItem","position":3,"name":"NUPU m\u00f6\u00f6blinupp"}]},{"@type":"WebSite","@id":"https:\/\/metaltale.com\/et\/#website","url":"https:\/\/metaltale.com\/et\/","name":"Metaltale.com","description":"","potentialAction":[{"@type":"SearchAction","target":{"@type":"EntryPoint","urlTemplate":"https:\/\/metaltale.com\/et\/?s={search_term_string}"},"query-input":{"@type":"PropertyValueSpecification","valueRequired":true,"valueName":"search_term_string"}}],"inLanguage":"et"}]}},"_links":{"self":[{"href":"https:\/\/metaltale.com\/et\/wp-json\/wp\/v2\/product\/136540","targetHints":{"allow":["GET"]}}],"collection":[{"href":"https:\/\/metaltale.com\/et\/wp-json\/wp\/v2\/product"}],"about":[{"href":"https:\/\/metaltale.com\/et\/wp-json\/wp\/v2\/types\/product"}],"replies":[{"embeddable":true,"href":"https:\/\/metaltale.com\/et\/wp-json\/wp\/v2\/comments?post=136540"}],"version-history":[{"count":0,"href":"https:\/\/metaltale.com\/et\/wp-json\/wp\/v2\/product\/136540\/revisions"}],"wp:featuredmedia":[{"embeddable":true,"href":"https:\/\/metaltale.com\/et\/wp-json\/wp\/v2\/media\/103190"}],"wp:attachment":[{"href":"https:\/\/metaltale.com\/et\/wp-json\/wp\/v2\/media?parent=136540"}],"wp:term":[{"taxonomy":"product_brand","embeddable":true,"href":"https:\/\/metaltale.com\/et\/wp-json\/wp\/v2\/product_brand?post=136540"},{"taxonomy":"product_cat","embeddable":true,"href":"https:\/\/metaltale.com\/et\/wp-json\/wp\/v2\/product_cat?post=136540"},{"taxonomy":"product_tag","embeddable":true,"href":"https:\/\/metaltale.com\/et\/wp-json\/wp\/v2\/product_tag?post=136540"}],"curies":[{"name":"wp","href":"https:\/\/api.w.org\/{rel}","templated":true}]}}