{"id":136527,"date":"2024-02-13T15:05:46","date_gmt":"2024-02-13T13:05:46","guid":{"rendered":"https:\/\/metaltale.com\/produktas\/konks-kolmekordselt-umar-115-mm\/"},"modified":"2024-02-13T15:05:46","modified_gmt":"2024-02-13T13:05:46","slug":"konks-kolmekordselt-umar-115-mm","status":"publish","type":"product","link":"https:\/\/metaltale.com\/et\/toode\/konks-kolmekordselt-umar-115-mm\/","title":{"rendered":"Konks kolmekordselt \u00fcmar 115 mm"},"content":{"rendered":"<div class=\"prod_data\">\n<p><strong>Mudel<\/strong> 49.336.AC.115<br \/>\nMaterjal Ketus<br \/>\n\u00dcldine k\u00f5rgus (cm) 11<br \/>\n<strong>\u00dcldine laius (cm)<\/strong> 8<br \/>\n<strong>Koguprojektsioon (cm)<\/strong> 5,8<br \/>\n<strong>Liik<\/strong> Triple<br \/>\nAukude <strong>vahekaugus (cm)<\/strong> 2<br \/>\nPaigalduskruvid Jah<br \/>\n<strong>V\u00e4rv<\/strong> Antiikvask<\/p>\n<p>Konks on valmistatud k\u00f5rgeima kvaliteediga malmist, mis tagab meile pika kasutusaja.<\/p>\n<p>\u00dcmarad otsikud suurendavad kasutamisohutust<\/p>\n<p>Komplektis on poldikomplekt, mis h\u00f5lbustab kiiret ja lihtsat kokkupanekut<\/p>\n<hr>\n<p>Lisaks ilusatele ja ainulaadsetele vormidele v\u00f5ivad rustikaalsed m\u00f6\u00f6blitarvikud olla kasulikud ka konkreetse ruumi ruumi korrastamisel. T\u00f5elise maal\u00e4hedase stiili armastaja jaoks on oluline valida \u00f5igeid sisustuselemente, isegi k\u00f5ige v\u00e4iksemaid.<\/p>\n<p>Siin n\u00e4idatud m\u00f6\u00f6blikonks sobib t\u00e4nu oma antiikvase v\u00e4rvile suurep\u00e4raselt maastikulise v\u00f5i retrostiilis v\u00e4limuse jaoks. Veidi struktureeritud pind ja n\u00e4htav v\u00e4rvimuutus on tahtlik vananemisprotsess, mis r\u00f5hutab veelgi ripatsi algset iseloomu. Toode on valmistatud k\u00f5rgeima kvaliteediga malmist, mis t\u00e4hendab, et iga detail on valmistatud \u00fclima t\u00e4psusega, nii et konks on vastupidav ja kestab kaua. Tootel on kinnitusaugud ja sobivad kruvid, mis v\u00f5imaldavad meil kiiresti ja t\u00f5husalt kokku panna.<\/p>\n<\/div>\n","protected":false},"excerpt":{"rendered":"<p>Mudel 49.336.AC.115 Materjal Ketus \u00dcldine k\u00f5rgus (cm) 11 \u00dcldine laius (cm) 8 Koguprojektsioon (cm) 5,8 Liik Triple Aukude vahekaugus (cm)<\/p>\n","protected":false},"featured_media":112772,"comment_status":"open","ping_status":"closed","template":"","meta":{"_acf_changed":false,"pmpro_default_level":""},"product_brand":[],"product_cat":[24176,23836],"product_tag":[],"class_list":{"0":"post-136527","1":"product","2":"type-product","3":"status-publish","4":"has-post-thumbnail","6":"product_cat-ripatsid-ja-konksud","7":"product_cat-moobli-tarvikud","8":"pmpro-has-access","10":"first","11":"instock","12":"shipping-taxable","13":"purchasable","14":"product-type-simple"},"acf":[],"yoast_head":"<!-- This site is optimized with the Yoast SEO plugin v24.9 - https:\/\/yoast.com\/wordpress\/plugins\/seo\/ -->\n<title>Konks kolmekordselt \u00fcmar 115 mm - MetalTale.com<\/title>\n<meta name=\"robots\" content=\"index, follow, max-snippet:-1, max-image-preview:large, max-video-preview:-1\" \/>\n<link rel=\"canonical\" href=\"https:\/\/metaltale.com\/et\/toode\/konks-kolmekordselt-umar-115-mm\/\" \/>\n<meta property=\"og:locale\" content=\"et_EE\" \/>\n<meta property=\"og:type\" content=\"article\" \/>\n<meta property=\"og:title\" content=\"Konks kolmekordselt \u00fcmar 115 mm - MetalTale.com\" \/>\n<meta property=\"og:description\" content=\"Mudel 49.336.AC.115 Materjal Ketus \u00dcldine k\u00f5rgus (cm) 11 \u00dcldine laius (cm) 8 Koguprojektsioon (cm) 5,8 Liik Triple Aukude vahekaugus (cm)\" \/>\n<meta property=\"og:url\" content=\"https:\/\/metaltale.com\/et\/toode\/konks-kolmekordselt-umar-115-mm\/\" \/>\n<meta property=\"og:site_name\" content=\"MetalTale.com\" \/>\n<meta name=\"twitter:card\" content=\"summary_large_image\" \/>\n<meta name=\"twitter:label1\" content=\"Est. reading time\" \/>\n\t<meta name=\"twitter:data1\" content=\"1 minut\" \/>\n<script type=\"application\/ld+json\" class=\"yoast-schema-graph\">{\"@context\":\"https:\/\/schema.org\",\"@graph\":[{\"@type\":\"WebPage\",\"@id\":\"https:\/\/metaltale.com\/et\/toode\/konks-kolmekordselt-umar-115-mm\/\",\"url\":\"https:\/\/metaltale.com\/et\/toode\/konks-kolmekordselt-umar-115-mm\/\",\"name\":\"Konks kolmekordselt \u00fcmar 115 mm - MetalTale.com\",\"isPartOf\":{\"@id\":\"https:\/\/metaltale.com\/et\/#website\"},\"primaryImageOfPage\":{\"@id\":\"https:\/\/metaltale.com\/et\/toode\/konks-kolmekordselt-umar-115-mm\/#primaryimage\"},\"image\":{\"@id\":\"https:\/\/metaltale.com\/et\/toode\/konks-kolmekordselt-umar-115-mm\/#primaryimage\"},\"thumbnailUrl\":\"https:\/\/metaltale.com\/wp-content\/uploads\/2023\/11\/Trigubas-APVALUS-kabliukas-115cm.jpg\",\"datePublished\":\"2024-02-13T13:05:46+00:00\",\"breadcrumb\":{\"@id\":\"https:\/\/metaltale.com\/et\/toode\/konks-kolmekordselt-umar-115-mm\/#breadcrumb\"},\"inLanguage\":\"et\",\"potentialAction\":[{\"@type\":\"ReadAction\",\"target\":[\"https:\/\/metaltale.com\/et\/toode\/konks-kolmekordselt-umar-115-mm\/\"]}]},{\"@type\":\"ImageObject\",\"inLanguage\":\"et\",\"@id\":\"https:\/\/metaltale.com\/et\/toode\/konks-kolmekordselt-umar-115-mm\/#primaryimage\",\"url\":\"https:\/\/metaltale.com\/wp-content\/uploads\/2023\/11\/Trigubas-APVALUS-kabliukas-115cm.jpg\",\"contentUrl\":\"https:\/\/metaltale.com\/wp-content\/uploads\/2023\/11\/Trigubas-APVALUS-kabliukas-115cm.jpg\",\"width\":800,\"height\":800,\"caption\":\"Konks kolmekordselt \u00fcmar 115 mm\"},{\"@type\":\"BreadcrumbList\",\"@id\":\"https:\/\/metaltale.com\/et\/toode\/konks-kolmekordselt-umar-115-mm\/#breadcrumb\",\"itemListElement\":[{\"@type\":\"ListItem\",\"position\":1,\"name\":\"Home\",\"item\":\"https:\/\/metaltale.com\/et\/kodu\/\"},{\"@type\":\"ListItem\",\"position\":2,\"name\":\"Kauplus\",\"item\":\"https:\/\/metaltale.com\/et\/shop\/\"},{\"@type\":\"ListItem\",\"position\":3,\"name\":\"Konks kolmekordselt \u00fcmar 115 mm\"}]},{\"@type\":\"WebSite\",\"@id\":\"https:\/\/metaltale.com\/et\/#website\",\"url\":\"https:\/\/metaltale.com\/et\/\",\"name\":\"Metaltale.com\",\"description\":\"\",\"potentialAction\":[{\"@type\":\"SearchAction\",\"target\":{\"@type\":\"EntryPoint\",\"urlTemplate\":\"https:\/\/metaltale.com\/et\/?s={search_term_string}\"},\"query-input\":{\"@type\":\"PropertyValueSpecification\",\"valueRequired\":true,\"valueName\":\"search_term_string\"}}],\"inLanguage\":\"et\"}]}<\/script>\n<!-- \/ Yoast SEO plugin. -->","yoast_head_json":{"title":"Konks kolmekordselt \u00fcmar 115 mm - MetalTale.com","robots":{"index":"index","follow":"follow","max-snippet":"max-snippet:-1","max-image-preview":"max-image-preview:large","max-video-preview":"max-video-preview:-1"},"canonical":"https:\/\/metaltale.com\/et\/toode\/konks-kolmekordselt-umar-115-mm\/","og_locale":"et_EE","og_type":"article","og_title":"Konks kolmekordselt \u00fcmar 115 mm - MetalTale.com","og_description":"Mudel 49.336.AC.115 Materjal Ketus \u00dcldine k\u00f5rgus (cm) 11 \u00dcldine laius (cm) 8 Koguprojektsioon (cm) 5,8 Liik Triple Aukude vahekaugus (cm)","og_url":"https:\/\/metaltale.com\/et\/toode\/konks-kolmekordselt-umar-115-mm\/","og_site_name":"MetalTale.com","twitter_card":"summary_large_image","twitter_misc":{"Est. reading time":"1 minut"},"schema":{"@context":"https:\/\/schema.org","@graph":[{"@type":"WebPage","@id":"https:\/\/metaltale.com\/et\/toode\/konks-kolmekordselt-umar-115-mm\/","url":"https:\/\/metaltale.com\/et\/toode\/konks-kolmekordselt-umar-115-mm\/","name":"Konks kolmekordselt \u00fcmar 115 mm - MetalTale.com","isPartOf":{"@id":"https:\/\/metaltale.com\/et\/#website"},"primaryImageOfPage":{"@id":"https:\/\/metaltale.com\/et\/toode\/konks-kolmekordselt-umar-115-mm\/#primaryimage"},"image":{"@id":"https:\/\/metaltale.com\/et\/toode\/konks-kolmekordselt-umar-115-mm\/#primaryimage"},"thumbnailUrl":"https:\/\/metaltale.com\/wp-content\/uploads\/2023\/11\/Trigubas-APVALUS-kabliukas-115cm.jpg","datePublished":"2024-02-13T13:05:46+00:00","breadcrumb":{"@id":"https:\/\/metaltale.com\/et\/toode\/konks-kolmekordselt-umar-115-mm\/#breadcrumb"},"inLanguage":"et","potentialAction":[{"@type":"ReadAction","target":["https:\/\/metaltale.com\/et\/toode\/konks-kolmekordselt-umar-115-mm\/"]}]},{"@type":"ImageObject","inLanguage":"et","@id":"https:\/\/metaltale.com\/et\/toode\/konks-kolmekordselt-umar-115-mm\/#primaryimage","url":"https:\/\/metaltale.com\/wp-content\/uploads\/2023\/11\/Trigubas-APVALUS-kabliukas-115cm.jpg","contentUrl":"https:\/\/metaltale.com\/wp-content\/uploads\/2023\/11\/Trigubas-APVALUS-kabliukas-115cm.jpg","width":800,"height":800,"caption":"Konks kolmekordselt \u00fcmar 115 mm"},{"@type":"BreadcrumbList","@id":"https:\/\/metaltale.com\/et\/toode\/konks-kolmekordselt-umar-115-mm\/#breadcrumb","itemListElement":[{"@type":"ListItem","position":1,"name":"Home","item":"https:\/\/metaltale.com\/et\/kodu\/"},{"@type":"ListItem","position":2,"name":"Kauplus","item":"https:\/\/metaltale.com\/et\/shop\/"},{"@type":"ListItem","position":3,"name":"Konks kolmekordselt \u00fcmar 115 mm"}]},{"@type":"WebSite","@id":"https:\/\/metaltale.com\/et\/#website","url":"https:\/\/metaltale.com\/et\/","name":"Metaltale.com","description":"","potentialAction":[{"@type":"SearchAction","target":{"@type":"EntryPoint","urlTemplate":"https:\/\/metaltale.com\/et\/?s={search_term_string}"},"query-input":{"@type":"PropertyValueSpecification","valueRequired":true,"valueName":"search_term_string"}}],"inLanguage":"et"}]}},"_links":{"self":[{"href":"https:\/\/metaltale.com\/et\/wp-json\/wp\/v2\/product\/136527","targetHints":{"allow":["GET"]}}],"collection":[{"href":"https:\/\/metaltale.com\/et\/wp-json\/wp\/v2\/product"}],"about":[{"href":"https:\/\/metaltale.com\/et\/wp-json\/wp\/v2\/types\/product"}],"replies":[{"embeddable":true,"href":"https:\/\/metaltale.com\/et\/wp-json\/wp\/v2\/comments?post=136527"}],"version-history":[{"count":0,"href":"https:\/\/metaltale.com\/et\/wp-json\/wp\/v2\/product\/136527\/revisions"}],"wp:featuredmedia":[{"embeddable":true,"href":"https:\/\/metaltale.com\/et\/wp-json\/wp\/v2\/media\/112772"}],"wp:attachment":[{"href":"https:\/\/metaltale.com\/et\/wp-json\/wp\/v2\/media?parent=136527"}],"wp:term":[{"taxonomy":"product_brand","embeddable":true,"href":"https:\/\/metaltale.com\/et\/wp-json\/wp\/v2\/product_brand?post=136527"},{"taxonomy":"product_cat","embeddable":true,"href":"https:\/\/metaltale.com\/et\/wp-json\/wp\/v2\/product_cat?post=136527"},{"taxonomy":"product_tag","embeddable":true,"href":"https:\/\/metaltale.com\/et\/wp-json\/wp\/v2\/product_tag?post=136527"}],"curies":[{"name":"wp","href":"https:\/\/api.w.org\/{rel}","templated":true}]}}