{"id":136511,"date":"2024-02-13T15:05:46","date_gmt":"2024-02-13T13:05:46","guid":{"rendered":"https:\/\/metaltale.com\/produktas\/moobli-kaepide-farmhouse-140-mm\/"},"modified":"2024-02-13T15:05:46","modified_gmt":"2024-02-13T13:05:46","slug":"moobli-kaepide-farmhouse-140-mm","status":"publish","type":"product","link":"https:\/\/metaltale.com\/et\/toode\/moobli-kaepide-farmhouse-140-mm\/","title":{"rendered":"M\u00f6\u00f6bli k\u00e4epide FARMHOUSE 140 mm"},"content":{"rendered":"<div class=\"prod_data\">\n<p><strong>Mudel<\/strong> ZA.006.FH-C10<br \/>\n<strong>EAN.<\/strong>  5905369915864<br \/>\nMaterjal Ketus<br \/>\n<strong>Laius (cm)<\/strong> 14<br \/>\n<strong>K\u00f5rgus (cm)<\/strong> 1.1<br \/>\n<strong>Koguprojektsioon (cm)<\/strong> 3<br \/>\nAukude <strong>vahekaugus (cm)<\/strong> 12<br \/>\nV\u00e4rv Must<\/p>\n<p>K\u00e4epide on valmistatud parima kvaliteediga malmist, mis tagab meile toote kvaliteedi ja vastupidavuse.<\/p>\n<p>Selle praktiline kuju v\u00f5imaldab t\u00f5husat ja lihtsat avamist<\/p>\n<p>Hoidjatel on kinnitusavad, mis v\u00f5imaldavad toote kiiret ja lihtsat paigaldamist.<\/p>\n<hr>\n<p>Roostes m\u00f6\u00f6bli aksessuaaridel on suur maine k\u00f5ige kirglikumate maal\u00e4hedase sisekujunduse austajate seas. D-kujulised m\u00f6\u00f6bli k\u00e4epidemed on \u00fcks klassikalisi m\u00f6\u00f6bli aksessuaaride disainilahendusi.<\/p>\n<p>K\u00e4epide on valmistatud kvaliteetsest malmist, mis muudab toote v\u00e4ga vastupidavaks. Lisaks pakub pulberv\u00e4rvitud k\u00e4epide suurt kriimustuskindlust. Selle kuju muudab selle kasutamise v\u00e4ga lihtsaks. T\u00e4nu s\u00fcgavmusta v\u00e4rvile sobib see loft-, retro- ja maal\u00e4hedase stiiliga.<\/p>\n<\/div>\n","protected":false},"excerpt":{"rendered":"<p>Mudel ZA.006.FH-C10 EAN. 5905369915864 Materjal Ketus Laius (cm) 14 K\u00f5rgus (cm) 1.1 Koguprojektsioon (cm) 3 Aukude vahekaugus (cm) 12 V\u00e4rv<\/p>\n","protected":false},"featured_media":91917,"comment_status":"open","ping_status":"closed","template":"","meta":{"_acf_changed":false,"pmpro_default_level":""},"product_brand":[],"product_cat":[23839,23836,23842],"product_tag":[],"class_list":{"0":"post-136511","1":"product","2":"type-product","3":"status-publish","4":"has-post-thumbnail","6":"product_cat-moobli-kaepidemed","7":"product_cat-moobli-tarvikud","8":"product_cat-spinteles-rankeneles-et","9":"pmpro-has-access","11":"first","12":"instock","13":"shipping-taxable","14":"purchasable","15":"product-type-simple"},"acf":[],"yoast_head":"<!-- This site is optimized with the Yoast SEO plugin v24.9 - https:\/\/yoast.com\/wordpress\/plugins\/seo\/ -->\n<title>M\u00f6\u00f6bli k\u00e4epide FARMHOUSE 140 mm - MetalTale.com<\/title>\n<meta name=\"robots\" content=\"index, follow, max-snippet:-1, max-image-preview:large, max-video-preview:-1\" \/>\n<link rel=\"canonical\" href=\"https:\/\/metaltale.com\/et\/toode\/moobli-kaepide-farmhouse-140-mm\/\" \/>\n<meta property=\"og:locale\" content=\"et_EE\" \/>\n<meta property=\"og:type\" content=\"article\" \/>\n<meta property=\"og:title\" content=\"M\u00f6\u00f6bli k\u00e4epide FARMHOUSE 140 mm - MetalTale.com\" \/>\n<meta property=\"og:description\" content=\"Mudel ZA.006.FH-C10 EAN. 5905369915864 Materjal Ketus Laius (cm) 14 K\u00f5rgus (cm) 1.1 Koguprojektsioon (cm) 3 Aukude vahekaugus (cm) 12 V\u00e4rv\" \/>\n<meta property=\"og:url\" content=\"https:\/\/metaltale.com\/et\/toode\/moobli-kaepide-farmhouse-140-mm\/\" \/>\n<meta property=\"og:site_name\" content=\"MetalTale.com\" \/>\n<meta property=\"og:image\" content=\"https:\/\/metaltale.com\/wp-content\/uploads\/2023\/10\/FARMHOUSE-baldx173-rankena.jpg\" \/>\n\t<meta property=\"og:image:width\" content=\"800\" \/>\n\t<meta property=\"og:image:height\" content=\"800\" \/>\n\t<meta property=\"og:image:type\" content=\"image\/jpeg\" \/>\n<meta name=\"twitter:card\" content=\"summary_large_image\" \/>\n<meta name=\"twitter:label1\" content=\"Est. reading time\" \/>\n\t<meta name=\"twitter:data1\" content=\"1 minut\" \/>\n<script type=\"application\/ld+json\" class=\"yoast-schema-graph\">{\"@context\":\"https:\/\/schema.org\",\"@graph\":[{\"@type\":\"WebPage\",\"@id\":\"https:\/\/metaltale.com\/et\/toode\/moobli-kaepide-farmhouse-140-mm\/\",\"url\":\"https:\/\/metaltale.com\/et\/toode\/moobli-kaepide-farmhouse-140-mm\/\",\"name\":\"M\u00f6\u00f6bli k\u00e4epide FARMHOUSE 140 mm - MetalTale.com\",\"isPartOf\":{\"@id\":\"https:\/\/metaltale.com\/et\/#website\"},\"primaryImageOfPage\":{\"@id\":\"https:\/\/metaltale.com\/et\/toode\/moobli-kaepide-farmhouse-140-mm\/#primaryimage\"},\"image\":{\"@id\":\"https:\/\/metaltale.com\/et\/toode\/moobli-kaepide-farmhouse-140-mm\/#primaryimage\"},\"thumbnailUrl\":\"https:\/\/metaltale.com\/wp-content\/uploads\/2023\/10\/FARMHOUSE-baldx173-rankena.jpg\",\"datePublished\":\"2024-02-13T13:05:46+00:00\",\"breadcrumb\":{\"@id\":\"https:\/\/metaltale.com\/et\/toode\/moobli-kaepide-farmhouse-140-mm\/#breadcrumb\"},\"inLanguage\":\"et\",\"potentialAction\":[{\"@type\":\"ReadAction\",\"target\":[\"https:\/\/metaltale.com\/et\/toode\/moobli-kaepide-farmhouse-140-mm\/\"]}]},{\"@type\":\"ImageObject\",\"inLanguage\":\"et\",\"@id\":\"https:\/\/metaltale.com\/et\/toode\/moobli-kaepide-farmhouse-140-mm\/#primaryimage\",\"url\":\"https:\/\/metaltale.com\/wp-content\/uploads\/2023\/10\/FARMHOUSE-baldx173-rankena.jpg\",\"contentUrl\":\"https:\/\/metaltale.com\/wp-content\/uploads\/2023\/10\/FARMHOUSE-baldx173-rankena.jpg\",\"width\":800,\"height\":800,\"caption\":\"M\u00f6\u00f6bli k\u00e4epide FARMHOUSE 140 mm\"},{\"@type\":\"BreadcrumbList\",\"@id\":\"https:\/\/metaltale.com\/et\/toode\/moobli-kaepide-farmhouse-140-mm\/#breadcrumb\",\"itemListElement\":[{\"@type\":\"ListItem\",\"position\":1,\"name\":\"Home\",\"item\":\"https:\/\/metaltale.com\/et\/kodu\/\"},{\"@type\":\"ListItem\",\"position\":2,\"name\":\"Kauplus\",\"item\":\"https:\/\/metaltale.com\/et\/shop\/\"},{\"@type\":\"ListItem\",\"position\":3,\"name\":\"M\u00f6\u00f6bli k\u00e4epide FARMHOUSE 140 mm\"}]},{\"@type\":\"WebSite\",\"@id\":\"https:\/\/metaltale.com\/et\/#website\",\"url\":\"https:\/\/metaltale.com\/et\/\",\"name\":\"Metaltale.com\",\"description\":\"\",\"potentialAction\":[{\"@type\":\"SearchAction\",\"target\":{\"@type\":\"EntryPoint\",\"urlTemplate\":\"https:\/\/metaltale.com\/et\/?s={search_term_string}\"},\"query-input\":{\"@type\":\"PropertyValueSpecification\",\"valueRequired\":true,\"valueName\":\"search_term_string\"}}],\"inLanguage\":\"et\"}]}<\/script>\n<!-- \/ Yoast SEO plugin. -->","yoast_head_json":{"title":"M\u00f6\u00f6bli k\u00e4epide FARMHOUSE 140 mm - MetalTale.com","robots":{"index":"index","follow":"follow","max-snippet":"max-snippet:-1","max-image-preview":"max-image-preview:large","max-video-preview":"max-video-preview:-1"},"canonical":"https:\/\/metaltale.com\/et\/toode\/moobli-kaepide-farmhouse-140-mm\/","og_locale":"et_EE","og_type":"article","og_title":"M\u00f6\u00f6bli k\u00e4epide FARMHOUSE 140 mm - MetalTale.com","og_description":"Mudel ZA.006.FH-C10 EAN. 5905369915864 Materjal Ketus Laius (cm) 14 K\u00f5rgus (cm) 1.1 Koguprojektsioon (cm) 3 Aukude vahekaugus (cm) 12 V\u00e4rv","og_url":"https:\/\/metaltale.com\/et\/toode\/moobli-kaepide-farmhouse-140-mm\/","og_site_name":"MetalTale.com","og_image":[{"width":800,"height":800,"url":"https:\/\/metaltale.com\/wp-content\/uploads\/2023\/10\/FARMHOUSE-baldx173-rankena.jpg","type":"image\/jpeg"}],"twitter_card":"summary_large_image","twitter_misc":{"Est. reading time":"1 minut"},"schema":{"@context":"https:\/\/schema.org","@graph":[{"@type":"WebPage","@id":"https:\/\/metaltale.com\/et\/toode\/moobli-kaepide-farmhouse-140-mm\/","url":"https:\/\/metaltale.com\/et\/toode\/moobli-kaepide-farmhouse-140-mm\/","name":"M\u00f6\u00f6bli k\u00e4epide FARMHOUSE 140 mm - MetalTale.com","isPartOf":{"@id":"https:\/\/metaltale.com\/et\/#website"},"primaryImageOfPage":{"@id":"https:\/\/metaltale.com\/et\/toode\/moobli-kaepide-farmhouse-140-mm\/#primaryimage"},"image":{"@id":"https:\/\/metaltale.com\/et\/toode\/moobli-kaepide-farmhouse-140-mm\/#primaryimage"},"thumbnailUrl":"https:\/\/metaltale.com\/wp-content\/uploads\/2023\/10\/FARMHOUSE-baldx173-rankena.jpg","datePublished":"2024-02-13T13:05:46+00:00","breadcrumb":{"@id":"https:\/\/metaltale.com\/et\/toode\/moobli-kaepide-farmhouse-140-mm\/#breadcrumb"},"inLanguage":"et","potentialAction":[{"@type":"ReadAction","target":["https:\/\/metaltale.com\/et\/toode\/moobli-kaepide-farmhouse-140-mm\/"]}]},{"@type":"ImageObject","inLanguage":"et","@id":"https:\/\/metaltale.com\/et\/toode\/moobli-kaepide-farmhouse-140-mm\/#primaryimage","url":"https:\/\/metaltale.com\/wp-content\/uploads\/2023\/10\/FARMHOUSE-baldx173-rankena.jpg","contentUrl":"https:\/\/metaltale.com\/wp-content\/uploads\/2023\/10\/FARMHOUSE-baldx173-rankena.jpg","width":800,"height":800,"caption":"M\u00f6\u00f6bli k\u00e4epide FARMHOUSE 140 mm"},{"@type":"BreadcrumbList","@id":"https:\/\/metaltale.com\/et\/toode\/moobli-kaepide-farmhouse-140-mm\/#breadcrumb","itemListElement":[{"@type":"ListItem","position":1,"name":"Home","item":"https:\/\/metaltale.com\/et\/kodu\/"},{"@type":"ListItem","position":2,"name":"Kauplus","item":"https:\/\/metaltale.com\/et\/shop\/"},{"@type":"ListItem","position":3,"name":"M\u00f6\u00f6bli k\u00e4epide FARMHOUSE 140 mm"}]},{"@type":"WebSite","@id":"https:\/\/metaltale.com\/et\/#website","url":"https:\/\/metaltale.com\/et\/","name":"Metaltale.com","description":"","potentialAction":[{"@type":"SearchAction","target":{"@type":"EntryPoint","urlTemplate":"https:\/\/metaltale.com\/et\/?s={search_term_string}"},"query-input":{"@type":"PropertyValueSpecification","valueRequired":true,"valueName":"search_term_string"}}],"inLanguage":"et"}]}},"_links":{"self":[{"href":"https:\/\/metaltale.com\/et\/wp-json\/wp\/v2\/product\/136511","targetHints":{"allow":["GET"]}}],"collection":[{"href":"https:\/\/metaltale.com\/et\/wp-json\/wp\/v2\/product"}],"about":[{"href":"https:\/\/metaltale.com\/et\/wp-json\/wp\/v2\/types\/product"}],"replies":[{"embeddable":true,"href":"https:\/\/metaltale.com\/et\/wp-json\/wp\/v2\/comments?post=136511"}],"version-history":[{"count":0,"href":"https:\/\/metaltale.com\/et\/wp-json\/wp\/v2\/product\/136511\/revisions"}],"wp:featuredmedia":[{"embeddable":true,"href":"https:\/\/metaltale.com\/et\/wp-json\/wp\/v2\/media\/91917"}],"wp:attachment":[{"href":"https:\/\/metaltale.com\/et\/wp-json\/wp\/v2\/media?parent=136511"}],"wp:term":[{"taxonomy":"product_brand","embeddable":true,"href":"https:\/\/metaltale.com\/et\/wp-json\/wp\/v2\/product_brand?post=136511"},{"taxonomy":"product_cat","embeddable":true,"href":"https:\/\/metaltale.com\/et\/wp-json\/wp\/v2\/product_cat?post=136511"},{"taxonomy":"product_tag","embeddable":true,"href":"https:\/\/metaltale.com\/et\/wp-json\/wp\/v2\/product_tag?post=136511"}],"curies":[{"name":"wp","href":"https:\/\/api.w.org\/{rel}","templated":true}]}}