{"id":136506,"date":"2024-02-13T15:05:46","date_gmt":"2024-02-13T13:05:46","guid":{"rendered":"https:\/\/metaltale.com\/produktas\/moobli-kaepide-decorated-85-mm\/"},"modified":"2024-02-13T15:05:46","modified_gmt":"2024-02-13T13:05:46","slug":"moobli-kaepide-decorated-85-mm","status":"publish","type":"product","link":"https:\/\/metaltale.com\/et\/toode\/moobli-kaepide-decorated-85-mm\/","title":{"rendered":"M\u00f6\u00f6bli k\u00e4epide DECORATED 85 mm"},"content":{"rendered":"<div class=\"prod_data\">\n<p><strong>Mudel<\/strong> MD.119.85.PRGR<br \/>\n<strong>Materjal<\/strong> teras<br \/>\n<strong>\u00dcldine k\u00f5rgus (cm)<\/strong> 4<br \/>\n<strong>\u00dcldine laius (cm)<\/strong> 8,5<br \/>\n<strong>Koguprojektsioon (cm)<\/strong> 1,8<br \/>\nAukude <strong>vahe (cm)<\/strong> 5,2<br \/>\nPaigalduskruvid Ei<br \/>\n<strong>V\u00e4rv<\/strong> Antiik kuld<\/p>\n<p>Toode on valmistatud k\u00f5rgeima kvaliteediga terasest, mis tagab toote vastupidavuse.<\/p>\n<p>Peened kaunistused ja antiikv\u00e4rvid annavad k\u00e4epidemele kerge ja elegantse iseloomu.<\/p>\n<p>Tootel on augud, nii et kokkupanek ei ole meie jaoks probleemiks.<\/p>\n<hr>\n<p>Juba ammu on teada, et v\u00e4ike muudatus, n\u00e4iteks k\u00e4epidemed, on k\u00f5ik, mis on vajalik, et anda meie m\u00f6\u00f6blile uus v\u00e4limus ja iseloom. Rustilised aksessuaarid annavad meie m\u00f6\u00f6blile originaalse retroh\u00f5ngulise stiili.<\/p>\n<p>Siin n\u00e4idatud m\u00f6\u00f6bli k\u00e4epidemel on \u00f5rn viimistlus, mis meenutab iidseid teemante. Toode on lisaks valmistatud antiikkullast, mis annab sellele erilise iseloomu. Peenike kaunistus ja v\u00e4rv teevad k\u00e4epideme v\u00e4ga stiilseks ja originaalseks. Valmistatud k\u00f5rgeima kvaliteediga terasest, on toode \u00e4\u00e4rmiselt vastupidav ja kestab meil aastaid.<\/p>\n<\/div>\n","protected":false},"excerpt":{"rendered":"<p>Mudel MD.119.85.PRGR Materjal teras \u00dcldine k\u00f5rgus (cm) 4 \u00dcldine laius (cm) 8,5 Koguprojektsioon (cm) 1,8 Aukude vahe (cm) 5,2 Paigalduskruvid<\/p>\n","protected":false},"featured_media":131138,"comment_status":"open","ping_status":"closed","template":"","meta":{"_acf_changed":false,"pmpro_default_level":""},"product_brand":[],"product_cat":[23839,23836,23842],"product_tag":[],"class_list":{"0":"post-136506","1":"product","2":"type-product","3":"status-publish","4":"has-post-thumbnail","6":"product_cat-moobli-kaepidemed","7":"product_cat-moobli-tarvikud","8":"product_cat-spinteles-rankeneles-et","9":"pmpro-has-access","11":"first","12":"instock","13":"shipping-taxable","14":"purchasable","15":"product-type-simple"},"acf":[],"yoast_head":"<!-- This site is optimized with the Yoast SEO plugin v24.9 - https:\/\/yoast.com\/wordpress\/plugins\/seo\/ -->\n<title>M\u00f6\u00f6bli k\u00e4epide DECORATED 85 mm - MetalTale.com<\/title>\n<meta name=\"robots\" content=\"index, follow, max-snippet:-1, max-image-preview:large, max-video-preview:-1\" \/>\n<link rel=\"canonical\" href=\"https:\/\/metaltale.com\/et\/toode\/moobli-kaepide-decorated-85-mm\/\" \/>\n<meta property=\"og:locale\" content=\"et_EE\" \/>\n<meta property=\"og:type\" content=\"article\" \/>\n<meta property=\"og:title\" content=\"M\u00f6\u00f6bli k\u00e4epide DECORATED 85 mm - MetalTale.com\" \/>\n<meta property=\"og:description\" content=\"Mudel MD.119.85.PRGR Materjal teras \u00dcldine k\u00f5rgus (cm) 4 \u00dcldine laius (cm) 8,5 Koguprojektsioon (cm) 1,8 Aukude vahe (cm) 5,2 Paigalduskruvid\" \/>\n<meta property=\"og:url\" content=\"https:\/\/metaltale.com\/et\/toode\/moobli-kaepide-decorated-85-mm\/\" \/>\n<meta property=\"og:site_name\" content=\"MetalTale.com\" \/>\n<meta property=\"og:image\" content=\"https:\/\/metaltale.com\/wp-content\/uploads\/2024\/02\/Baldu-rankena-DECORATED-85-mm.jpg\" \/>\n\t<meta property=\"og:image:width\" content=\"800\" \/>\n\t<meta property=\"og:image:height\" content=\"800\" \/>\n\t<meta property=\"og:image:type\" content=\"image\/jpeg\" \/>\n<meta name=\"twitter:card\" content=\"summary_large_image\" \/>\n<meta name=\"twitter:label1\" content=\"Est. reading time\" \/>\n\t<meta name=\"twitter:data1\" content=\"1 minut\" \/>\n<script type=\"application\/ld+json\" class=\"yoast-schema-graph\">{\"@context\":\"https:\/\/schema.org\",\"@graph\":[{\"@type\":\"WebPage\",\"@id\":\"https:\/\/metaltale.com\/et\/toode\/moobli-kaepide-decorated-85-mm\/\",\"url\":\"https:\/\/metaltale.com\/et\/toode\/moobli-kaepide-decorated-85-mm\/\",\"name\":\"M\u00f6\u00f6bli k\u00e4epide DECORATED 85 mm - MetalTale.com\",\"isPartOf\":{\"@id\":\"https:\/\/metaltale.com\/et\/#website\"},\"primaryImageOfPage\":{\"@id\":\"https:\/\/metaltale.com\/et\/toode\/moobli-kaepide-decorated-85-mm\/#primaryimage\"},\"image\":{\"@id\":\"https:\/\/metaltale.com\/et\/toode\/moobli-kaepide-decorated-85-mm\/#primaryimage\"},\"thumbnailUrl\":\"https:\/\/metaltale.com\/wp-content\/uploads\/2024\/02\/Baldu-rankena-DECORATED-85-mm.jpg\",\"datePublished\":\"2024-02-13T13:05:46+00:00\",\"breadcrumb\":{\"@id\":\"https:\/\/metaltale.com\/et\/toode\/moobli-kaepide-decorated-85-mm\/#breadcrumb\"},\"inLanguage\":\"et\",\"potentialAction\":[{\"@type\":\"ReadAction\",\"target\":[\"https:\/\/metaltale.com\/et\/toode\/moobli-kaepide-decorated-85-mm\/\"]}]},{\"@type\":\"ImageObject\",\"inLanguage\":\"et\",\"@id\":\"https:\/\/metaltale.com\/et\/toode\/moobli-kaepide-decorated-85-mm\/#primaryimage\",\"url\":\"https:\/\/metaltale.com\/wp-content\/uploads\/2024\/02\/Baldu-rankena-DECORATED-85-mm.jpg\",\"contentUrl\":\"https:\/\/metaltale.com\/wp-content\/uploads\/2024\/02\/Baldu-rankena-DECORATED-85-mm.jpg\",\"width\":800,\"height\":800,\"caption\":\"M\u00f6\u00f6bli k\u00e4epide DECORATED 85 mm\"},{\"@type\":\"BreadcrumbList\",\"@id\":\"https:\/\/metaltale.com\/et\/toode\/moobli-kaepide-decorated-85-mm\/#breadcrumb\",\"itemListElement\":[{\"@type\":\"ListItem\",\"position\":1,\"name\":\"Home\",\"item\":\"https:\/\/metaltale.com\/et\/kodu\/\"},{\"@type\":\"ListItem\",\"position\":2,\"name\":\"Kauplus\",\"item\":\"https:\/\/metaltale.com\/et\/shop\/\"},{\"@type\":\"ListItem\",\"position\":3,\"name\":\"M\u00f6\u00f6bli k\u00e4epide DECORATED 85 mm\"}]},{\"@type\":\"WebSite\",\"@id\":\"https:\/\/metaltale.com\/et\/#website\",\"url\":\"https:\/\/metaltale.com\/et\/\",\"name\":\"Metaltale.com\",\"description\":\"\",\"potentialAction\":[{\"@type\":\"SearchAction\",\"target\":{\"@type\":\"EntryPoint\",\"urlTemplate\":\"https:\/\/metaltale.com\/et\/?s={search_term_string}\"},\"query-input\":{\"@type\":\"PropertyValueSpecification\",\"valueRequired\":true,\"valueName\":\"search_term_string\"}}],\"inLanguage\":\"et\"}]}<\/script>\n<!-- \/ Yoast SEO plugin. -->","yoast_head_json":{"title":"M\u00f6\u00f6bli k\u00e4epide DECORATED 85 mm - MetalTale.com","robots":{"index":"index","follow":"follow","max-snippet":"max-snippet:-1","max-image-preview":"max-image-preview:large","max-video-preview":"max-video-preview:-1"},"canonical":"https:\/\/metaltale.com\/et\/toode\/moobli-kaepide-decorated-85-mm\/","og_locale":"et_EE","og_type":"article","og_title":"M\u00f6\u00f6bli k\u00e4epide DECORATED 85 mm - MetalTale.com","og_description":"Mudel MD.119.85.PRGR Materjal teras \u00dcldine k\u00f5rgus (cm) 4 \u00dcldine laius (cm) 8,5 Koguprojektsioon (cm) 1,8 Aukude vahe (cm) 5,2 Paigalduskruvid","og_url":"https:\/\/metaltale.com\/et\/toode\/moobli-kaepide-decorated-85-mm\/","og_site_name":"MetalTale.com","og_image":[{"width":800,"height":800,"url":"https:\/\/metaltale.com\/wp-content\/uploads\/2024\/02\/Baldu-rankena-DECORATED-85-mm.jpg","type":"image\/jpeg"}],"twitter_card":"summary_large_image","twitter_misc":{"Est. reading time":"1 minut"},"schema":{"@context":"https:\/\/schema.org","@graph":[{"@type":"WebPage","@id":"https:\/\/metaltale.com\/et\/toode\/moobli-kaepide-decorated-85-mm\/","url":"https:\/\/metaltale.com\/et\/toode\/moobli-kaepide-decorated-85-mm\/","name":"M\u00f6\u00f6bli k\u00e4epide DECORATED 85 mm - MetalTale.com","isPartOf":{"@id":"https:\/\/metaltale.com\/et\/#website"},"primaryImageOfPage":{"@id":"https:\/\/metaltale.com\/et\/toode\/moobli-kaepide-decorated-85-mm\/#primaryimage"},"image":{"@id":"https:\/\/metaltale.com\/et\/toode\/moobli-kaepide-decorated-85-mm\/#primaryimage"},"thumbnailUrl":"https:\/\/metaltale.com\/wp-content\/uploads\/2024\/02\/Baldu-rankena-DECORATED-85-mm.jpg","datePublished":"2024-02-13T13:05:46+00:00","breadcrumb":{"@id":"https:\/\/metaltale.com\/et\/toode\/moobli-kaepide-decorated-85-mm\/#breadcrumb"},"inLanguage":"et","potentialAction":[{"@type":"ReadAction","target":["https:\/\/metaltale.com\/et\/toode\/moobli-kaepide-decorated-85-mm\/"]}]},{"@type":"ImageObject","inLanguage":"et","@id":"https:\/\/metaltale.com\/et\/toode\/moobli-kaepide-decorated-85-mm\/#primaryimage","url":"https:\/\/metaltale.com\/wp-content\/uploads\/2024\/02\/Baldu-rankena-DECORATED-85-mm.jpg","contentUrl":"https:\/\/metaltale.com\/wp-content\/uploads\/2024\/02\/Baldu-rankena-DECORATED-85-mm.jpg","width":800,"height":800,"caption":"M\u00f6\u00f6bli k\u00e4epide DECORATED 85 mm"},{"@type":"BreadcrumbList","@id":"https:\/\/metaltale.com\/et\/toode\/moobli-kaepide-decorated-85-mm\/#breadcrumb","itemListElement":[{"@type":"ListItem","position":1,"name":"Home","item":"https:\/\/metaltale.com\/et\/kodu\/"},{"@type":"ListItem","position":2,"name":"Kauplus","item":"https:\/\/metaltale.com\/et\/shop\/"},{"@type":"ListItem","position":3,"name":"M\u00f6\u00f6bli k\u00e4epide DECORATED 85 mm"}]},{"@type":"WebSite","@id":"https:\/\/metaltale.com\/et\/#website","url":"https:\/\/metaltale.com\/et\/","name":"Metaltale.com","description":"","potentialAction":[{"@type":"SearchAction","target":{"@type":"EntryPoint","urlTemplate":"https:\/\/metaltale.com\/et\/?s={search_term_string}"},"query-input":{"@type":"PropertyValueSpecification","valueRequired":true,"valueName":"search_term_string"}}],"inLanguage":"et"}]}},"_links":{"self":[{"href":"https:\/\/metaltale.com\/et\/wp-json\/wp\/v2\/product\/136506","targetHints":{"allow":["GET"]}}],"collection":[{"href":"https:\/\/metaltale.com\/et\/wp-json\/wp\/v2\/product"}],"about":[{"href":"https:\/\/metaltale.com\/et\/wp-json\/wp\/v2\/types\/product"}],"replies":[{"embeddable":true,"href":"https:\/\/metaltale.com\/et\/wp-json\/wp\/v2\/comments?post=136506"}],"version-history":[{"count":0,"href":"https:\/\/metaltale.com\/et\/wp-json\/wp\/v2\/product\/136506\/revisions"}],"wp:featuredmedia":[{"embeddable":true,"href":"https:\/\/metaltale.com\/et\/wp-json\/wp\/v2\/media\/131138"}],"wp:attachment":[{"href":"https:\/\/metaltale.com\/et\/wp-json\/wp\/v2\/media?parent=136506"}],"wp:term":[{"taxonomy":"product_brand","embeddable":true,"href":"https:\/\/metaltale.com\/et\/wp-json\/wp\/v2\/product_brand?post=136506"},{"taxonomy":"product_cat","embeddable":true,"href":"https:\/\/metaltale.com\/et\/wp-json\/wp\/v2\/product_cat?post=136506"},{"taxonomy":"product_tag","embeddable":true,"href":"https:\/\/metaltale.com\/et\/wp-json\/wp\/v2\/product_tag?post=136506"}],"curies":[{"name":"wp","href":"https:\/\/api.w.org\/{rel}","templated":true}]}}