{"id":136489,"date":"2024-02-13T15:05:05","date_gmt":"2024-02-13T13:05:05","guid":{"rendered":"https:\/\/metaltale.com\/produktas\/mooblivoti-rustic-2\/"},"modified":"2024-02-13T15:05:05","modified_gmt":"2024-02-13T13:05:05","slug":"mooblivoti-rustic-2","status":"publish","type":"product","link":"https:\/\/metaltale.com\/et\/toode\/mooblivoti-rustic-2\/","title":{"rendered":"M\u00f6\u00f6bliv\u00f5ti RUSTIC 2"},"content":{"rendered":"<div class=\"prod_data\">\n<p><strong>Mudel<\/strong> MD.1031-04<br \/>\n<strong>EAN.<\/strong>  5905369927690<br \/>\nMaterjal Ketus<br \/>\n<strong>\u00dcldine k\u00f5rgus (cm)<\/strong> 7,5<br \/>\n<strong>\u00dcldine laius (cm)<\/strong> 2,7<br \/>\n<strong>V\u00e4rv<\/strong> Antiikpronks<\/p>\n<p>Toode on valmistatud k\u00f5rgeima kvaliteediga malmsulamist, mis t\u00e4hendab, et see teenib meid pikka aega.<\/p>\n<p>V\u00f5tme ilus kuju ja v\u00e4rvus muudavad selle ideaalselt sobivaks rustikaalsesse v\u00f5i retrostiili.<\/p>\n<p>V\u00f5ti sobib standardsetele m\u00f6\u00f6bli lukustele<\/p>\n<hr>\n<p>Me v\u00f5ime anda oma interj\u00f6\u00f6ridele maal\u00e4hedase iseloomu, kasutades selles stiilis dekoratiivseid aksessuaare. Meie kauplus pakub laia valikut tooteid, mis v\u00f5imaldavad teil tuua oma interj\u00f6\u00f6ri rustikaalset iseloomu.<\/p>\n<p>N\u00e4idatud v\u00f5ti on dekoratiivse viimistlusega ja valmistatud ilusat antiikkuldset v\u00e4rvi. Sel viisil loodud toode on lisaks oma p\u00f5hifunktsioonile ka meie m\u00f6\u00f6bli kaunistuseks. See sobib enamiku universaalse lukuga m\u00f6\u00f6blile. See on valmistatud k\u00f5rgeima kvaliteediga malmsulamist, mis muudab selle vastupidavaks ja teenib meid pikka aega.<\/p>\n<\/div>\n","protected":false},"excerpt":{"rendered":"<p>Mudel MD.1031-04 EAN. 5905369927690 Materjal Ketus \u00dcldine k\u00f5rgus (cm) 7,5 \u00dcldine laius (cm) 2,7 V\u00e4rv Antiikpronks Toode on valmistatud k\u00f5rgeima<\/p>\n","protected":false},"featured_media":98577,"comment_status":"open","ping_status":"closed","template":"","meta":{"_acf_changed":false,"pmpro_default_level":""},"product_brand":[],"product_cat":[24177,23836],"product_tag":[],"class_list":{"0":"post-136489","1":"product","2":"type-product","3":"status-publish","4":"has-post-thumbnail","6":"product_cat-keycaps-et","7":"product_cat-moobli-tarvikud","8":"pmpro-has-access","10":"first","11":"instock","12":"shipping-taxable","13":"purchasable","14":"product-type-simple"},"acf":[],"yoast_head":"<!-- This site is optimized with the Yoast SEO plugin v24.9 - https:\/\/yoast.com\/wordpress\/plugins\/seo\/ -->\n<title>M\u00f6\u00f6bliv\u00f5ti RUSTIC 2 - MetalTale.com<\/title>\n<meta name=\"robots\" content=\"index, follow, max-snippet:-1, max-image-preview:large, max-video-preview:-1\" \/>\n<link rel=\"canonical\" href=\"https:\/\/metaltale.com\/et\/toode\/mooblivoti-rustic-2\/\" \/>\n<meta property=\"og:locale\" content=\"et_EE\" \/>\n<meta property=\"og:type\" content=\"article\" \/>\n<meta property=\"og:title\" content=\"M\u00f6\u00f6bliv\u00f5ti RUSTIC 2 - MetalTale.com\" \/>\n<meta property=\"og:description\" content=\"Mudel MD.1031-04 EAN. 5905369927690 Materjal Ketus \u00dcldine k\u00f5rgus (cm) 7,5 \u00dcldine laius (cm) 2,7 V\u00e4rv Antiikpronks Toode on valmistatud k\u00f5rgeima\" \/>\n<meta property=\"og:url\" content=\"https:\/\/metaltale.com\/et\/toode\/mooblivoti-rustic-2\/\" \/>\n<meta property=\"og:site_name\" content=\"MetalTale.com\" \/>\n<meta property=\"og:image\" content=\"https:\/\/metaltale.com\/wp-content\/uploads\/2023\/11\/Baldx173-raktas-RUSTIC-2.jpg\" \/>\n\t<meta property=\"og:image:width\" content=\"800\" \/>\n\t<meta property=\"og:image:height\" content=\"800\" \/>\n\t<meta property=\"og:image:type\" content=\"image\/jpeg\" \/>\n<meta name=\"twitter:card\" content=\"summary_large_image\" \/>\n<meta name=\"twitter:label1\" content=\"Est. reading time\" \/>\n\t<meta name=\"twitter:data1\" content=\"1 minut\" \/>\n<script type=\"application\/ld+json\" class=\"yoast-schema-graph\">{\"@context\":\"https:\/\/schema.org\",\"@graph\":[{\"@type\":\"WebPage\",\"@id\":\"https:\/\/metaltale.com\/et\/toode\/mooblivoti-rustic-2\/\",\"url\":\"https:\/\/metaltale.com\/et\/toode\/mooblivoti-rustic-2\/\",\"name\":\"M\u00f6\u00f6bliv\u00f5ti RUSTIC 2 - MetalTale.com\",\"isPartOf\":{\"@id\":\"https:\/\/metaltale.com\/et\/#website\"},\"primaryImageOfPage\":{\"@id\":\"https:\/\/metaltale.com\/et\/toode\/mooblivoti-rustic-2\/#primaryimage\"},\"image\":{\"@id\":\"https:\/\/metaltale.com\/et\/toode\/mooblivoti-rustic-2\/#primaryimage\"},\"thumbnailUrl\":\"https:\/\/metaltale.com\/wp-content\/uploads\/2023\/11\/Baldx173-raktas-RUSTIC-2.jpg\",\"datePublished\":\"2024-02-13T13:05:05+00:00\",\"breadcrumb\":{\"@id\":\"https:\/\/metaltale.com\/et\/toode\/mooblivoti-rustic-2\/#breadcrumb\"},\"inLanguage\":\"et\",\"potentialAction\":[{\"@type\":\"ReadAction\",\"target\":[\"https:\/\/metaltale.com\/et\/toode\/mooblivoti-rustic-2\/\"]}]},{\"@type\":\"ImageObject\",\"inLanguage\":\"et\",\"@id\":\"https:\/\/metaltale.com\/et\/toode\/mooblivoti-rustic-2\/#primaryimage\",\"url\":\"https:\/\/metaltale.com\/wp-content\/uploads\/2023\/11\/Baldx173-raktas-RUSTIC-2.jpg\",\"contentUrl\":\"https:\/\/metaltale.com\/wp-content\/uploads\/2023\/11\/Baldx173-raktas-RUSTIC-2.jpg\",\"width\":800,\"height\":800,\"caption\":\"M\u00f6\u00f6bliv\u00f5ti RUSTIC 2\"},{\"@type\":\"BreadcrumbList\",\"@id\":\"https:\/\/metaltale.com\/et\/toode\/mooblivoti-rustic-2\/#breadcrumb\",\"itemListElement\":[{\"@type\":\"ListItem\",\"position\":1,\"name\":\"Home\",\"item\":\"https:\/\/metaltale.com\/et\/kodu\/\"},{\"@type\":\"ListItem\",\"position\":2,\"name\":\"Kauplus\",\"item\":\"https:\/\/metaltale.com\/et\/shop\/\"},{\"@type\":\"ListItem\",\"position\":3,\"name\":\"M\u00f6\u00f6bliv\u00f5ti RUSTIC 2\"}]},{\"@type\":\"WebSite\",\"@id\":\"https:\/\/metaltale.com\/et\/#website\",\"url\":\"https:\/\/metaltale.com\/et\/\",\"name\":\"Metaltale.com\",\"description\":\"\",\"potentialAction\":[{\"@type\":\"SearchAction\",\"target\":{\"@type\":\"EntryPoint\",\"urlTemplate\":\"https:\/\/metaltale.com\/et\/?s={search_term_string}\"},\"query-input\":{\"@type\":\"PropertyValueSpecification\",\"valueRequired\":true,\"valueName\":\"search_term_string\"}}],\"inLanguage\":\"et\"}]}<\/script>\n<!-- \/ Yoast SEO plugin. -->","yoast_head_json":{"title":"M\u00f6\u00f6bliv\u00f5ti RUSTIC 2 - MetalTale.com","robots":{"index":"index","follow":"follow","max-snippet":"max-snippet:-1","max-image-preview":"max-image-preview:large","max-video-preview":"max-video-preview:-1"},"canonical":"https:\/\/metaltale.com\/et\/toode\/mooblivoti-rustic-2\/","og_locale":"et_EE","og_type":"article","og_title":"M\u00f6\u00f6bliv\u00f5ti RUSTIC 2 - MetalTale.com","og_description":"Mudel MD.1031-04 EAN. 5905369927690 Materjal Ketus \u00dcldine k\u00f5rgus (cm) 7,5 \u00dcldine laius (cm) 2,7 V\u00e4rv Antiikpronks Toode on valmistatud k\u00f5rgeima","og_url":"https:\/\/metaltale.com\/et\/toode\/mooblivoti-rustic-2\/","og_site_name":"MetalTale.com","og_image":[{"width":800,"height":800,"url":"https:\/\/metaltale.com\/wp-content\/uploads\/2023\/11\/Baldx173-raktas-RUSTIC-2.jpg","type":"image\/jpeg"}],"twitter_card":"summary_large_image","twitter_misc":{"Est. reading time":"1 minut"},"schema":{"@context":"https:\/\/schema.org","@graph":[{"@type":"WebPage","@id":"https:\/\/metaltale.com\/et\/toode\/mooblivoti-rustic-2\/","url":"https:\/\/metaltale.com\/et\/toode\/mooblivoti-rustic-2\/","name":"M\u00f6\u00f6bliv\u00f5ti RUSTIC 2 - MetalTale.com","isPartOf":{"@id":"https:\/\/metaltale.com\/et\/#website"},"primaryImageOfPage":{"@id":"https:\/\/metaltale.com\/et\/toode\/mooblivoti-rustic-2\/#primaryimage"},"image":{"@id":"https:\/\/metaltale.com\/et\/toode\/mooblivoti-rustic-2\/#primaryimage"},"thumbnailUrl":"https:\/\/metaltale.com\/wp-content\/uploads\/2023\/11\/Baldx173-raktas-RUSTIC-2.jpg","datePublished":"2024-02-13T13:05:05+00:00","breadcrumb":{"@id":"https:\/\/metaltale.com\/et\/toode\/mooblivoti-rustic-2\/#breadcrumb"},"inLanguage":"et","potentialAction":[{"@type":"ReadAction","target":["https:\/\/metaltale.com\/et\/toode\/mooblivoti-rustic-2\/"]}]},{"@type":"ImageObject","inLanguage":"et","@id":"https:\/\/metaltale.com\/et\/toode\/mooblivoti-rustic-2\/#primaryimage","url":"https:\/\/metaltale.com\/wp-content\/uploads\/2023\/11\/Baldx173-raktas-RUSTIC-2.jpg","contentUrl":"https:\/\/metaltale.com\/wp-content\/uploads\/2023\/11\/Baldx173-raktas-RUSTIC-2.jpg","width":800,"height":800,"caption":"M\u00f6\u00f6bliv\u00f5ti RUSTIC 2"},{"@type":"BreadcrumbList","@id":"https:\/\/metaltale.com\/et\/toode\/mooblivoti-rustic-2\/#breadcrumb","itemListElement":[{"@type":"ListItem","position":1,"name":"Home","item":"https:\/\/metaltale.com\/et\/kodu\/"},{"@type":"ListItem","position":2,"name":"Kauplus","item":"https:\/\/metaltale.com\/et\/shop\/"},{"@type":"ListItem","position":3,"name":"M\u00f6\u00f6bliv\u00f5ti RUSTIC 2"}]},{"@type":"WebSite","@id":"https:\/\/metaltale.com\/et\/#website","url":"https:\/\/metaltale.com\/et\/","name":"Metaltale.com","description":"","potentialAction":[{"@type":"SearchAction","target":{"@type":"EntryPoint","urlTemplate":"https:\/\/metaltale.com\/et\/?s={search_term_string}"},"query-input":{"@type":"PropertyValueSpecification","valueRequired":true,"valueName":"search_term_string"}}],"inLanguage":"et"}]}},"_links":{"self":[{"href":"https:\/\/metaltale.com\/et\/wp-json\/wp\/v2\/product\/136489","targetHints":{"allow":["GET"]}}],"collection":[{"href":"https:\/\/metaltale.com\/et\/wp-json\/wp\/v2\/product"}],"about":[{"href":"https:\/\/metaltale.com\/et\/wp-json\/wp\/v2\/types\/product"}],"replies":[{"embeddable":true,"href":"https:\/\/metaltale.com\/et\/wp-json\/wp\/v2\/comments?post=136489"}],"version-history":[{"count":0,"href":"https:\/\/metaltale.com\/et\/wp-json\/wp\/v2\/product\/136489\/revisions"}],"wp:featuredmedia":[{"embeddable":true,"href":"https:\/\/metaltale.com\/et\/wp-json\/wp\/v2\/media\/98577"}],"wp:attachment":[{"href":"https:\/\/metaltale.com\/et\/wp-json\/wp\/v2\/media?parent=136489"}],"wp:term":[{"taxonomy":"product_brand","embeddable":true,"href":"https:\/\/metaltale.com\/et\/wp-json\/wp\/v2\/product_brand?post=136489"},{"taxonomy":"product_cat","embeddable":true,"href":"https:\/\/metaltale.com\/et\/wp-json\/wp\/v2\/product_cat?post=136489"},{"taxonomy":"product_tag","embeddable":true,"href":"https:\/\/metaltale.com\/et\/wp-json\/wp\/v2\/product_tag?post=136489"}],"curies":[{"name":"wp","href":"https:\/\/api.w.org\/{rel}","templated":true}]}}