{"id":136468,"date":"2024-02-13T15:05:05","date_gmt":"2024-02-13T13:05:05","guid":{"rendered":"https:\/\/metaltale.com\/produktas\/moobli-sulgur-leaf\/"},"modified":"2024-02-13T15:05:05","modified_gmt":"2024-02-13T13:05:05","slug":"moobli-sulgur-leaf","status":"publish","type":"product","link":"https:\/\/metaltale.com\/et\/toode\/moobli-sulgur-leaf\/","title":{"rendered":"M\u00f6\u00f6bli sulgur LEAF"},"content":{"rendered":"<div class=\"prod_data\">\n<p><strong>Mudel<\/strong> MD.1042-07<br \/>\n<strong>EAN.<\/strong>  5905369927904<br \/>\n<strong>Materjal<\/strong> teras<br \/>\n<strong>\u00dcldine k\u00f5rgus (cm)<\/strong> 2,4<br \/>\n<strong>\u00dcldine laius (cm)<\/strong> 6<br \/>\n<strong>Koguprojektsioon (cm)<\/strong> 1,9<br \/>\n<strong>Aukude vahe (cm)<\/strong> 3,2\/2,8<br \/>\n<strong>V\u00e4rv<\/strong> Antiik kuld<\/p>\n<p>Toode on valmistatud kvaliteetsest terasest, nii et ventiil teenib meid pikka aega.<\/p>\n<p>Kaunis ja lihtne vorm, millel on rustikaalne iseloom, mis r\u00f5hutab meie m\u00f6\u00f6bli iseloomu.<\/p>\n<p>L\u00f5ksulukul on augud, mis h\u00f5lbustavad paigaldamist<\/p>\n<hr>\n<p>M\u00f6\u00f6bli ja ruumide ohutu ja t\u00f5hus \u00fcmbritsemine on oluline k\u00fcsimus. Meie lai valik veebipoode pakub selles kategoorias kindlaid lahendusi.<\/p>\n<p>Kui teil on v\u00e4ike puudutus, mis annab teie m\u00f6\u00f6blile maal\u00e4hedase iseloomu, siis on Leaf m\u00f6\u00f6blilukk ideaalne. See on sirge joonega ja vana kuldne v\u00e4rvus lisab sellele vaid elegantsust ja kergust. See on valmistatud k\u00f5rgeima kvaliteediga terasest, mis tagab meile pika suve kasutamise. Loomulikult vastab funktsionaalne ja h\u00f5lpsasti kasutatav lukustuslukk ootustele ja rahuldab neid, kes eelistavad maal\u00e4hedast siseviimistlust.<\/p>\n<\/div>\n","protected":false},"excerpt":{"rendered":"<p>Mudel MD.1042-07 EAN. 5905369927904 Materjal teras \u00dcldine k\u00f5rgus (cm) 2,4 \u00dcldine laius (cm) 6 Koguprojektsioon (cm) 1,9 Aukude vahe (cm)<\/p>\n","protected":false},"featured_media":74793,"comment_status":"open","ping_status":"closed","template":"","meta":{"_acf_changed":false,"pmpro_default_level":""},"product_brand":[],"product_cat":[23893,23836,23870,23877],"product_tag":[],"class_list":{"0":"post-136468","1":"product","2":"type-product","3":"status-publish","4":"has-post-thumbnail","6":"product_cat-baldu-spynos-et","7":"product_cat-moobli-tarvikud","8":"product_cat-sklasciai-ir-kabliukai-et","9":"product_cat-spynos-et","10":"pmpro-has-access","12":"first","13":"instock","14":"shipping-taxable","15":"purchasable","16":"product-type-simple"},"acf":[],"yoast_head":"<!-- This site is optimized with the Yoast SEO plugin v24.9 - https:\/\/yoast.com\/wordpress\/plugins\/seo\/ -->\n<title>M\u00f6\u00f6bli sulgur LEAF - MetalTale.com<\/title>\n<meta name=\"robots\" content=\"index, follow, max-snippet:-1, max-image-preview:large, max-video-preview:-1\" \/>\n<link rel=\"canonical\" href=\"https:\/\/metaltale.com\/et\/toode\/moobli-sulgur-leaf\/\" \/>\n<meta property=\"og:locale\" content=\"et_EE\" \/>\n<meta property=\"og:type\" content=\"article\" \/>\n<meta property=\"og:title\" content=\"M\u00f6\u00f6bli sulgur LEAF - MetalTale.com\" \/>\n<meta property=\"og:description\" content=\"Mudel MD.1042-07 EAN. 5905369927904 Materjal teras \u00dcldine k\u00f5rgus (cm) 2,4 \u00dcldine laius (cm) 6 Koguprojektsioon (cm) 1,9 Aukude vahe (cm)\" \/>\n<meta property=\"og:url\" content=\"https:\/\/metaltale.com\/et\/toode\/moobli-sulgur-leaf\/\" \/>\n<meta property=\"og:site_name\" content=\"MetalTale.com\" \/>\n<meta property=\"og:image\" content=\"https:\/\/metaltale.com\/wp-content\/uploads\/2023\/09\/Baldx173-sklx105stis-LEAF.jpg\" \/>\n\t<meta property=\"og:image:width\" content=\"800\" \/>\n\t<meta property=\"og:image:height\" content=\"800\" \/>\n\t<meta property=\"og:image:type\" content=\"image\/jpeg\" \/>\n<meta name=\"twitter:card\" content=\"summary_large_image\" \/>\n<meta name=\"twitter:label1\" content=\"Est. reading time\" \/>\n\t<meta name=\"twitter:data1\" content=\"1 minut\" \/>\n<script type=\"application\/ld+json\" class=\"yoast-schema-graph\">{\"@context\":\"https:\/\/schema.org\",\"@graph\":[{\"@type\":\"WebPage\",\"@id\":\"https:\/\/metaltale.com\/et\/toode\/moobli-sulgur-leaf\/\",\"url\":\"https:\/\/metaltale.com\/et\/toode\/moobli-sulgur-leaf\/\",\"name\":\"M\u00f6\u00f6bli sulgur LEAF - MetalTale.com\",\"isPartOf\":{\"@id\":\"https:\/\/metaltale.com\/et\/#website\"},\"primaryImageOfPage\":{\"@id\":\"https:\/\/metaltale.com\/et\/toode\/moobli-sulgur-leaf\/#primaryimage\"},\"image\":{\"@id\":\"https:\/\/metaltale.com\/et\/toode\/moobli-sulgur-leaf\/#primaryimage\"},\"thumbnailUrl\":\"https:\/\/metaltale.com\/wp-content\/uploads\/2023\/09\/Baldx173-sklx105stis-LEAF.jpg\",\"datePublished\":\"2024-02-13T13:05:05+00:00\",\"breadcrumb\":{\"@id\":\"https:\/\/metaltale.com\/et\/toode\/moobli-sulgur-leaf\/#breadcrumb\"},\"inLanguage\":\"et\",\"potentialAction\":[{\"@type\":\"ReadAction\",\"target\":[\"https:\/\/metaltale.com\/et\/toode\/moobli-sulgur-leaf\/\"]}]},{\"@type\":\"ImageObject\",\"inLanguage\":\"et\",\"@id\":\"https:\/\/metaltale.com\/et\/toode\/moobli-sulgur-leaf\/#primaryimage\",\"url\":\"https:\/\/metaltale.com\/wp-content\/uploads\/2023\/09\/Baldx173-sklx105stis-LEAF.jpg\",\"contentUrl\":\"https:\/\/metaltale.com\/wp-content\/uploads\/2023\/09\/Baldx173-sklx105stis-LEAF.jpg\",\"width\":800,\"height\":800,\"caption\":\"M\u00f6\u00f6bli sulgur LEAF\"},{\"@type\":\"BreadcrumbList\",\"@id\":\"https:\/\/metaltale.com\/et\/toode\/moobli-sulgur-leaf\/#breadcrumb\",\"itemListElement\":[{\"@type\":\"ListItem\",\"position\":1,\"name\":\"Home\",\"item\":\"https:\/\/metaltale.com\/et\/kodu\/\"},{\"@type\":\"ListItem\",\"position\":2,\"name\":\"Kauplus\",\"item\":\"https:\/\/metaltale.com\/et\/shop\/\"},{\"@type\":\"ListItem\",\"position\":3,\"name\":\"M\u00f6\u00f6bli sulgur LEAF\"}]},{\"@type\":\"WebSite\",\"@id\":\"https:\/\/metaltale.com\/et\/#website\",\"url\":\"https:\/\/metaltale.com\/et\/\",\"name\":\"Metaltale.com\",\"description\":\"\",\"potentialAction\":[{\"@type\":\"SearchAction\",\"target\":{\"@type\":\"EntryPoint\",\"urlTemplate\":\"https:\/\/metaltale.com\/et\/?s={search_term_string}\"},\"query-input\":{\"@type\":\"PropertyValueSpecification\",\"valueRequired\":true,\"valueName\":\"search_term_string\"}}],\"inLanguage\":\"et\"}]}<\/script>\n<!-- \/ Yoast SEO plugin. -->","yoast_head_json":{"title":"M\u00f6\u00f6bli sulgur LEAF - MetalTale.com","robots":{"index":"index","follow":"follow","max-snippet":"max-snippet:-1","max-image-preview":"max-image-preview:large","max-video-preview":"max-video-preview:-1"},"canonical":"https:\/\/metaltale.com\/et\/toode\/moobli-sulgur-leaf\/","og_locale":"et_EE","og_type":"article","og_title":"M\u00f6\u00f6bli sulgur LEAF - MetalTale.com","og_description":"Mudel MD.1042-07 EAN. 5905369927904 Materjal teras \u00dcldine k\u00f5rgus (cm) 2,4 \u00dcldine laius (cm) 6 Koguprojektsioon (cm) 1,9 Aukude vahe (cm)","og_url":"https:\/\/metaltale.com\/et\/toode\/moobli-sulgur-leaf\/","og_site_name":"MetalTale.com","og_image":[{"width":800,"height":800,"url":"https:\/\/metaltale.com\/wp-content\/uploads\/2023\/09\/Baldx173-sklx105stis-LEAF.jpg","type":"image\/jpeg"}],"twitter_card":"summary_large_image","twitter_misc":{"Est. reading time":"1 minut"},"schema":{"@context":"https:\/\/schema.org","@graph":[{"@type":"WebPage","@id":"https:\/\/metaltale.com\/et\/toode\/moobli-sulgur-leaf\/","url":"https:\/\/metaltale.com\/et\/toode\/moobli-sulgur-leaf\/","name":"M\u00f6\u00f6bli sulgur LEAF - MetalTale.com","isPartOf":{"@id":"https:\/\/metaltale.com\/et\/#website"},"primaryImageOfPage":{"@id":"https:\/\/metaltale.com\/et\/toode\/moobli-sulgur-leaf\/#primaryimage"},"image":{"@id":"https:\/\/metaltale.com\/et\/toode\/moobli-sulgur-leaf\/#primaryimage"},"thumbnailUrl":"https:\/\/metaltale.com\/wp-content\/uploads\/2023\/09\/Baldx173-sklx105stis-LEAF.jpg","datePublished":"2024-02-13T13:05:05+00:00","breadcrumb":{"@id":"https:\/\/metaltale.com\/et\/toode\/moobli-sulgur-leaf\/#breadcrumb"},"inLanguage":"et","potentialAction":[{"@type":"ReadAction","target":["https:\/\/metaltale.com\/et\/toode\/moobli-sulgur-leaf\/"]}]},{"@type":"ImageObject","inLanguage":"et","@id":"https:\/\/metaltale.com\/et\/toode\/moobli-sulgur-leaf\/#primaryimage","url":"https:\/\/metaltale.com\/wp-content\/uploads\/2023\/09\/Baldx173-sklx105stis-LEAF.jpg","contentUrl":"https:\/\/metaltale.com\/wp-content\/uploads\/2023\/09\/Baldx173-sklx105stis-LEAF.jpg","width":800,"height":800,"caption":"M\u00f6\u00f6bli sulgur LEAF"},{"@type":"BreadcrumbList","@id":"https:\/\/metaltale.com\/et\/toode\/moobli-sulgur-leaf\/#breadcrumb","itemListElement":[{"@type":"ListItem","position":1,"name":"Home","item":"https:\/\/metaltale.com\/et\/kodu\/"},{"@type":"ListItem","position":2,"name":"Kauplus","item":"https:\/\/metaltale.com\/et\/shop\/"},{"@type":"ListItem","position":3,"name":"M\u00f6\u00f6bli sulgur LEAF"}]},{"@type":"WebSite","@id":"https:\/\/metaltale.com\/et\/#website","url":"https:\/\/metaltale.com\/et\/","name":"Metaltale.com","description":"","potentialAction":[{"@type":"SearchAction","target":{"@type":"EntryPoint","urlTemplate":"https:\/\/metaltale.com\/et\/?s={search_term_string}"},"query-input":{"@type":"PropertyValueSpecification","valueRequired":true,"valueName":"search_term_string"}}],"inLanguage":"et"}]}},"_links":{"self":[{"href":"https:\/\/metaltale.com\/et\/wp-json\/wp\/v2\/product\/136468","targetHints":{"allow":["GET"]}}],"collection":[{"href":"https:\/\/metaltale.com\/et\/wp-json\/wp\/v2\/product"}],"about":[{"href":"https:\/\/metaltale.com\/et\/wp-json\/wp\/v2\/types\/product"}],"replies":[{"embeddable":true,"href":"https:\/\/metaltale.com\/et\/wp-json\/wp\/v2\/comments?post=136468"}],"version-history":[{"count":0,"href":"https:\/\/metaltale.com\/et\/wp-json\/wp\/v2\/product\/136468\/revisions"}],"wp:featuredmedia":[{"embeddable":true,"href":"https:\/\/metaltale.com\/et\/wp-json\/wp\/v2\/media\/74793"}],"wp:attachment":[{"href":"https:\/\/metaltale.com\/et\/wp-json\/wp\/v2\/media?parent=136468"}],"wp:term":[{"taxonomy":"product_brand","embeddable":true,"href":"https:\/\/metaltale.com\/et\/wp-json\/wp\/v2\/product_brand?post=136468"},{"taxonomy":"product_cat","embeddable":true,"href":"https:\/\/metaltale.com\/et\/wp-json\/wp\/v2\/product_cat?post=136468"},{"taxonomy":"product_tag","embeddable":true,"href":"https:\/\/metaltale.com\/et\/wp-json\/wp\/v2\/product_tag?post=136468"}],"curies":[{"name":"wp","href":"https:\/\/api.w.org\/{rel}","templated":true}]}}