{"id":136446,"date":"2024-02-13T15:03:58","date_gmt":"2024-02-13T13:03:58","guid":{"rendered":"https:\/\/metaltale.com\/produktas\/roivakonks-railway-nail-must\/"},"modified":"2024-02-13T15:03:58","modified_gmt":"2024-02-13T13:03:58","slug":"roivakonks-railway-nail-must","status":"publish","type":"product","link":"https:\/\/metaltale.com\/et\/toode\/roivakonks-railway-nail-must\/","title":{"rendered":"R\u00f5ivakonks RAILWAY NAIL must"},"content":{"rendered":"<div class=\"prod_data\">\n<p><strong>Mudel<\/strong> RS. HK.2045.PRGR<br \/>\nMaterjal Ketus<br \/>\n<strong>Paksus (cm<\/strong> ) 0,8<br \/>\n<strong>\u00dcldine k\u00f5rgus (cm)<\/strong> 10<br \/>\n<strong>\u00dcldine laius (cm)<\/strong> 2,5<br \/>\nKoguprojektsioon (cm) 5,5<br \/>\n<strong>T\u00fc\u00fcp<\/strong> \u00dcksik<br \/>\nPaigalduskruvid Jah<br \/>\n<strong>Viimistlus<\/strong> Lakitud<br \/>\nKogus komplekti kohta 1 tk.<\/p>\n<p>&#8211; konks on valmistatud k\u00f5rgeima kvaliteediga malmist, mis tagab meile aastatepikkuse kasutuse.<br \/>\n&#8211; Raudteek\u00fc\u00fcnte kujulise konksu originaalne kuju muudab selle ka ebatavaliseks seinakaunistuseks.<br \/>\n&#8211; toode on varustatud kinnituskruvidega, mis v\u00f5imaldab seda h\u00f5lpsasti seinale kinnitada.<\/p>\n<hr>\n<p>Isegi v\u00e4ikseimad detailid ja h\u00e4sti kavandatud retrotarvikud v\u00f5ivad oluliselt suurendada kogu m\u00f5\u00f5tmise visuaalset m\u00f5ju. T\u00e4nu \u00f5igetele tarvikutele saame anda teie m\u00f5\u00f5tmistele kiiresti t\u00fc\u00fcpilise maa-atmosf\u00e4\u00e4ri.<\/p>\n<p>Konks n\u00e4eb v\u00e4lja nagu painutatud, massiivne raudtee nael, mis annab sellele eriti originaalse stiili. Lisaks oma p\u00f5hifunktsioonile on see ese ka ebatavaline sisekujundus, mitte ainult koduses interj\u00f6\u00f6ris, vaid ka maal\u00e4hedastes baarides ja restoranides. Kinnitusaugud muudavad konksu v\u00e4ga lihtsaks paigaldamiseks, kruvid on kaasas.<\/p>\n<\/div>\n","protected":false},"excerpt":{"rendered":"<p>Mudel RS. HK.2045.PRGR Materjal Ketus Paksus (cm ) 0,8 \u00dcldine k\u00f5rgus (cm) 10 \u00dcldine laius (cm) 2,5 Koguprojektsioon (cm) 5,5<\/p>\n","protected":false},"featured_media":131220,"comment_status":"open","ping_status":"closed","template":"","meta":{"_acf_changed":false,"pmpro_default_level":""},"product_brand":[],"product_cat":[24176,23836],"product_tag":[],"class_list":{"0":"post-136446","1":"product","2":"type-product","3":"status-publish","4":"has-post-thumbnail","6":"product_cat-ripatsid-ja-konksud","7":"product_cat-moobli-tarvikud","8":"pmpro-has-access","10":"first","11":"instock","12":"shipping-taxable","13":"purchasable","14":"product-type-simple"},"acf":[],"yoast_head":"<!-- This site is optimized with the Yoast SEO plugin v24.9 - https:\/\/yoast.com\/wordpress\/plugins\/seo\/ -->\n<title>R\u00f5ivakonks RAILWAY NAIL must - MetalTale.com<\/title>\n<meta name=\"robots\" content=\"index, follow, max-snippet:-1, max-image-preview:large, max-video-preview:-1\" \/>\n<link rel=\"canonical\" href=\"https:\/\/metaltale.com\/et\/toode\/roivakonks-railway-nail-must\/\" \/>\n<meta property=\"og:locale\" content=\"et_EE\" \/>\n<meta property=\"og:type\" content=\"article\" \/>\n<meta property=\"og:title\" content=\"R\u00f5ivakonks RAILWAY NAIL must - MetalTale.com\" \/>\n<meta property=\"og:description\" content=\"Mudel RS. HK.2045.PRGR Materjal Ketus Paksus (cm ) 0,8 \u00dcldine k\u00f5rgus (cm) 10 \u00dcldine laius (cm) 2,5 Koguprojektsioon (cm) 5,5\" \/>\n<meta property=\"og:url\" content=\"https:\/\/metaltale.com\/et\/toode\/roivakonks-railway-nail-must\/\" \/>\n<meta property=\"og:site_name\" content=\"MetalTale.com\" \/>\n<meta property=\"og:image\" content=\"https:\/\/metaltale.com\/wp-content\/uploads\/2024\/02\/Kabliukas-rubams-RAILWAY-NAIL-juodas.jpg\" \/>\n\t<meta property=\"og:image:width\" content=\"800\" \/>\n\t<meta property=\"og:image:height\" content=\"800\" \/>\n\t<meta property=\"og:image:type\" content=\"image\/jpeg\" \/>\n<meta name=\"twitter:card\" content=\"summary_large_image\" \/>\n<meta name=\"twitter:label1\" content=\"Est. reading time\" \/>\n\t<meta name=\"twitter:data1\" content=\"1 minut\" \/>\n<script type=\"application\/ld+json\" class=\"yoast-schema-graph\">{\"@context\":\"https:\/\/schema.org\",\"@graph\":[{\"@type\":\"WebPage\",\"@id\":\"https:\/\/metaltale.com\/et\/toode\/roivakonks-railway-nail-must\/\",\"url\":\"https:\/\/metaltale.com\/et\/toode\/roivakonks-railway-nail-must\/\",\"name\":\"R\u00f5ivakonks RAILWAY NAIL must - MetalTale.com\",\"isPartOf\":{\"@id\":\"https:\/\/metaltale.com\/et\/#website\"},\"primaryImageOfPage\":{\"@id\":\"https:\/\/metaltale.com\/et\/toode\/roivakonks-railway-nail-must\/#primaryimage\"},\"image\":{\"@id\":\"https:\/\/metaltale.com\/et\/toode\/roivakonks-railway-nail-must\/#primaryimage\"},\"thumbnailUrl\":\"https:\/\/metaltale.com\/wp-content\/uploads\/2024\/02\/Kabliukas-rubams-RAILWAY-NAIL-juodas.jpg\",\"datePublished\":\"2024-02-13T13:03:58+00:00\",\"breadcrumb\":{\"@id\":\"https:\/\/metaltale.com\/et\/toode\/roivakonks-railway-nail-must\/#breadcrumb\"},\"inLanguage\":\"et\",\"potentialAction\":[{\"@type\":\"ReadAction\",\"target\":[\"https:\/\/metaltale.com\/et\/toode\/roivakonks-railway-nail-must\/\"]}]},{\"@type\":\"ImageObject\",\"inLanguage\":\"et\",\"@id\":\"https:\/\/metaltale.com\/et\/toode\/roivakonks-railway-nail-must\/#primaryimage\",\"url\":\"https:\/\/metaltale.com\/wp-content\/uploads\/2024\/02\/Kabliukas-rubams-RAILWAY-NAIL-juodas.jpg\",\"contentUrl\":\"https:\/\/metaltale.com\/wp-content\/uploads\/2024\/02\/Kabliukas-rubams-RAILWAY-NAIL-juodas.jpg\",\"width\":800,\"height\":800,\"caption\":\"R\u00f5ivakonks RAILWAY NAIL must\"},{\"@type\":\"BreadcrumbList\",\"@id\":\"https:\/\/metaltale.com\/et\/toode\/roivakonks-railway-nail-must\/#breadcrumb\",\"itemListElement\":[{\"@type\":\"ListItem\",\"position\":1,\"name\":\"Home\",\"item\":\"https:\/\/metaltale.com\/et\/kodu\/\"},{\"@type\":\"ListItem\",\"position\":2,\"name\":\"Kauplus\",\"item\":\"https:\/\/metaltale.com\/et\/shop\/\"},{\"@type\":\"ListItem\",\"position\":3,\"name\":\"R\u00f5ivakonks RAILWAY NAIL must\"}]},{\"@type\":\"WebSite\",\"@id\":\"https:\/\/metaltale.com\/et\/#website\",\"url\":\"https:\/\/metaltale.com\/et\/\",\"name\":\"Metaltale.com\",\"description\":\"\",\"potentialAction\":[{\"@type\":\"SearchAction\",\"target\":{\"@type\":\"EntryPoint\",\"urlTemplate\":\"https:\/\/metaltale.com\/et\/?s={search_term_string}\"},\"query-input\":{\"@type\":\"PropertyValueSpecification\",\"valueRequired\":true,\"valueName\":\"search_term_string\"}}],\"inLanguage\":\"et\"}]}<\/script>\n<!-- \/ Yoast SEO plugin. -->","yoast_head_json":{"title":"R\u00f5ivakonks RAILWAY NAIL must - MetalTale.com","robots":{"index":"index","follow":"follow","max-snippet":"max-snippet:-1","max-image-preview":"max-image-preview:large","max-video-preview":"max-video-preview:-1"},"canonical":"https:\/\/metaltale.com\/et\/toode\/roivakonks-railway-nail-must\/","og_locale":"et_EE","og_type":"article","og_title":"R\u00f5ivakonks RAILWAY NAIL must - MetalTale.com","og_description":"Mudel RS. HK.2045.PRGR Materjal Ketus Paksus (cm ) 0,8 \u00dcldine k\u00f5rgus (cm) 10 \u00dcldine laius (cm) 2,5 Koguprojektsioon (cm) 5,5","og_url":"https:\/\/metaltale.com\/et\/toode\/roivakonks-railway-nail-must\/","og_site_name":"MetalTale.com","og_image":[{"width":800,"height":800,"url":"https:\/\/metaltale.com\/wp-content\/uploads\/2024\/02\/Kabliukas-rubams-RAILWAY-NAIL-juodas.jpg","type":"image\/jpeg"}],"twitter_card":"summary_large_image","twitter_misc":{"Est. reading time":"1 minut"},"schema":{"@context":"https:\/\/schema.org","@graph":[{"@type":"WebPage","@id":"https:\/\/metaltale.com\/et\/toode\/roivakonks-railway-nail-must\/","url":"https:\/\/metaltale.com\/et\/toode\/roivakonks-railway-nail-must\/","name":"R\u00f5ivakonks RAILWAY NAIL must - MetalTale.com","isPartOf":{"@id":"https:\/\/metaltale.com\/et\/#website"},"primaryImageOfPage":{"@id":"https:\/\/metaltale.com\/et\/toode\/roivakonks-railway-nail-must\/#primaryimage"},"image":{"@id":"https:\/\/metaltale.com\/et\/toode\/roivakonks-railway-nail-must\/#primaryimage"},"thumbnailUrl":"https:\/\/metaltale.com\/wp-content\/uploads\/2024\/02\/Kabliukas-rubams-RAILWAY-NAIL-juodas.jpg","datePublished":"2024-02-13T13:03:58+00:00","breadcrumb":{"@id":"https:\/\/metaltale.com\/et\/toode\/roivakonks-railway-nail-must\/#breadcrumb"},"inLanguage":"et","potentialAction":[{"@type":"ReadAction","target":["https:\/\/metaltale.com\/et\/toode\/roivakonks-railway-nail-must\/"]}]},{"@type":"ImageObject","inLanguage":"et","@id":"https:\/\/metaltale.com\/et\/toode\/roivakonks-railway-nail-must\/#primaryimage","url":"https:\/\/metaltale.com\/wp-content\/uploads\/2024\/02\/Kabliukas-rubams-RAILWAY-NAIL-juodas.jpg","contentUrl":"https:\/\/metaltale.com\/wp-content\/uploads\/2024\/02\/Kabliukas-rubams-RAILWAY-NAIL-juodas.jpg","width":800,"height":800,"caption":"R\u00f5ivakonks RAILWAY NAIL must"},{"@type":"BreadcrumbList","@id":"https:\/\/metaltale.com\/et\/toode\/roivakonks-railway-nail-must\/#breadcrumb","itemListElement":[{"@type":"ListItem","position":1,"name":"Home","item":"https:\/\/metaltale.com\/et\/kodu\/"},{"@type":"ListItem","position":2,"name":"Kauplus","item":"https:\/\/metaltale.com\/et\/shop\/"},{"@type":"ListItem","position":3,"name":"R\u00f5ivakonks RAILWAY NAIL must"}]},{"@type":"WebSite","@id":"https:\/\/metaltale.com\/et\/#website","url":"https:\/\/metaltale.com\/et\/","name":"Metaltale.com","description":"","potentialAction":[{"@type":"SearchAction","target":{"@type":"EntryPoint","urlTemplate":"https:\/\/metaltale.com\/et\/?s={search_term_string}"},"query-input":{"@type":"PropertyValueSpecification","valueRequired":true,"valueName":"search_term_string"}}],"inLanguage":"et"}]}},"_links":{"self":[{"href":"https:\/\/metaltale.com\/et\/wp-json\/wp\/v2\/product\/136446","targetHints":{"allow":["GET"]}}],"collection":[{"href":"https:\/\/metaltale.com\/et\/wp-json\/wp\/v2\/product"}],"about":[{"href":"https:\/\/metaltale.com\/et\/wp-json\/wp\/v2\/types\/product"}],"replies":[{"embeddable":true,"href":"https:\/\/metaltale.com\/et\/wp-json\/wp\/v2\/comments?post=136446"}],"version-history":[{"count":0,"href":"https:\/\/metaltale.com\/et\/wp-json\/wp\/v2\/product\/136446\/revisions"}],"wp:featuredmedia":[{"embeddable":true,"href":"https:\/\/metaltale.com\/et\/wp-json\/wp\/v2\/media\/131220"}],"wp:attachment":[{"href":"https:\/\/metaltale.com\/et\/wp-json\/wp\/v2\/media?parent=136446"}],"wp:term":[{"taxonomy":"product_brand","embeddable":true,"href":"https:\/\/metaltale.com\/et\/wp-json\/wp\/v2\/product_brand?post=136446"},{"taxonomy":"product_cat","embeddable":true,"href":"https:\/\/metaltale.com\/et\/wp-json\/wp\/v2\/product_cat?post=136446"},{"taxonomy":"product_tag","embeddable":true,"href":"https:\/\/metaltale.com\/et\/wp-json\/wp\/v2\/product_tag?post=136446"}],"curies":[{"name":"wp","href":"https:\/\/api.w.org\/{rel}","templated":true}]}}