{"id":136441,"date":"2024-02-13T15:03:58","date_gmt":"2024-02-13T13:03:58","guid":{"rendered":"https:\/\/metaltale.com\/produktas\/smooth-2-mooblinupp\/"},"modified":"2024-02-13T15:03:58","modified_gmt":"2024-02-13T13:03:58","slug":"smooth-2-mooblinupp","status":"publish","type":"product","link":"https:\/\/metaltale.com\/et\/toode\/smooth-2-mooblinupp\/","title":{"rendered":"SMOOTH 2 m\u00f6\u00f6blinupp"},"content":{"rendered":"<div class=\"prod_data\">\n<p><strong>Mudel<\/strong> RS. KB.4174-ST<br \/>\n<strong>EAN.<\/strong>  5905369902307<br \/>\nMaterjal Ketus<br \/>\n<strong>\u00dcldine k\u00f5rgus (cm)<\/strong> 3,2<br \/>\n<strong>\u00dcldl\u00e4bim\u00f5\u00f5t (cm)<\/strong> 3<br \/>\n<strong>Aluspinna m\u00f5\u00f5tmed (cm)<\/strong> 2<br \/>\nPaigalduskruvid Jah<br \/>\n<strong>V\u00e4rv<\/strong> teras<br \/>\n<strong>Viimistlus<\/strong> Lakitud<\/p>\n<p>&#8211; toode on valmistatud k\u00f5rgeima kvaliteediga malmist, mis tagab vastupidavuse ja tugevuse.<br \/>\n&#8211; klassikalise kujuga k\u00e4epide, mis muudab selle funktsionaalseks<br \/>\n&#8211; tootega on kaasas kruvi lihtsaks kokkupanekuks<\/p>\n<hr>\n<p>Isegi v\u00e4ikseimad detailid ja \u00f5igesti komponeeritud rustikaalsed aksessuaarid v\u00f5ivad kogu m\u00f5\u00f5tmise visuaalset m\u00f5ju m\u00e4rkimisv\u00e4\u00e4rselt suurendada. M\u00f6\u00f6blinupud on element, mis annab teie m\u00f6\u00f6blile kiiresti ja t\u00f5husalt uue iseloomu.<\/p>\n<p>Nupp on lihtsa kujuga, mis muudab selle kasutamise v\u00e4ga lihtsaks. Laiem k\u00e4epide \u00fcleval ja v\u00e4iksem korpus muudavad toote h\u00f5lpsasti haaratavaks, mis suurendab kasutusmugavust. K\u00e4epide on valmistatud malmist sulamitest, mis muudab selle vastupidavaks ja kauakestvaks. Toote pinnal on n\u00e4ha vananemise efekti, mis ainult r\u00f5hutab veelgi k\u00e4epideme retroh\u00f5ngulist iseloomu.<\/p>\n<\/div>\n","protected":false},"excerpt":{"rendered":"<p>Mudel RS. KB.4174-ST EAN. 5905369902307 Materjal Ketus \u00dcldine k\u00f5rgus (cm) 3,2 \u00dcldl\u00e4bim\u00f5\u00f5t (cm) 3 Aluspinna m\u00f5\u00f5tmed (cm) 2 Paigalduskruvid Jah<\/p>\n","protected":false},"featured_media":98568,"comment_status":"open","ping_status":"closed","template":"","meta":{"_acf_changed":false,"pmpro_default_level":""},"product_brand":[],"product_cat":[23880,23836,23873],"product_tag":[],"class_list":{"0":"post-136441","1":"product","2":"type-product","3":"status-publish","4":"has-post-thumbnail","6":"product_cat-baldu-rankeneles-et","7":"product_cat-moobli-tarvikud","8":"product_cat-rankeneles-et","9":"pmpro-has-access","11":"first","12":"instock","13":"shipping-taxable","14":"purchasable","15":"product-type-simple"},"acf":[],"yoast_head":"<!-- This site is optimized with the Yoast SEO plugin v24.9 - https:\/\/yoast.com\/wordpress\/plugins\/seo\/ -->\n<title>SMOOTH 2 m\u00f6\u00f6blinupp - MetalTale.com<\/title>\n<meta name=\"robots\" content=\"index, follow, max-snippet:-1, max-image-preview:large, max-video-preview:-1\" \/>\n<link rel=\"canonical\" href=\"https:\/\/metaltale.com\/et\/toode\/smooth-2-mooblinupp\/\" \/>\n<meta property=\"og:locale\" content=\"et_EE\" \/>\n<meta property=\"og:type\" content=\"article\" \/>\n<meta property=\"og:title\" content=\"SMOOTH 2 m\u00f6\u00f6blinupp - MetalTale.com\" \/>\n<meta property=\"og:description\" content=\"Mudel RS. KB.4174-ST EAN. 5905369902307 Materjal Ketus \u00dcldine k\u00f5rgus (cm) 3,2 \u00dcldl\u00e4bim\u00f5\u00f5t (cm) 3 Aluspinna m\u00f5\u00f5tmed (cm) 2 Paigalduskruvid Jah\" \/>\n<meta property=\"og:url\" content=\"https:\/\/metaltale.com\/et\/toode\/smooth-2-mooblinupp\/\" \/>\n<meta property=\"og:site_name\" content=\"MetalTale.com\" \/>\n<meta property=\"og:image\" content=\"https:\/\/metaltale.com\/wp-content\/uploads\/2023\/11\/Lygi-rankenx117lx117-2.jpg\" \/>\n\t<meta property=\"og:image:width\" content=\"800\" \/>\n\t<meta property=\"og:image:height\" content=\"800\" \/>\n\t<meta property=\"og:image:type\" content=\"image\/jpeg\" \/>\n<meta name=\"twitter:card\" content=\"summary_large_image\" \/>\n<meta name=\"twitter:label1\" content=\"Est. reading time\" \/>\n\t<meta name=\"twitter:data1\" content=\"1 minut\" \/>\n<script type=\"application\/ld+json\" class=\"yoast-schema-graph\">{\"@context\":\"https:\/\/schema.org\",\"@graph\":[{\"@type\":\"WebPage\",\"@id\":\"https:\/\/metaltale.com\/et\/toode\/smooth-2-mooblinupp\/\",\"url\":\"https:\/\/metaltale.com\/et\/toode\/smooth-2-mooblinupp\/\",\"name\":\"SMOOTH 2 m\u00f6\u00f6blinupp - MetalTale.com\",\"isPartOf\":{\"@id\":\"https:\/\/metaltale.com\/et\/#website\"},\"primaryImageOfPage\":{\"@id\":\"https:\/\/metaltale.com\/et\/toode\/smooth-2-mooblinupp\/#primaryimage\"},\"image\":{\"@id\":\"https:\/\/metaltale.com\/et\/toode\/smooth-2-mooblinupp\/#primaryimage\"},\"thumbnailUrl\":\"https:\/\/metaltale.com\/wp-content\/uploads\/2023\/11\/Lygi-rankenx117lx117-2.jpg\",\"datePublished\":\"2024-02-13T13:03:58+00:00\",\"breadcrumb\":{\"@id\":\"https:\/\/metaltale.com\/et\/toode\/smooth-2-mooblinupp\/#breadcrumb\"},\"inLanguage\":\"et\",\"potentialAction\":[{\"@type\":\"ReadAction\",\"target\":[\"https:\/\/metaltale.com\/et\/toode\/smooth-2-mooblinupp\/\"]}]},{\"@type\":\"ImageObject\",\"inLanguage\":\"et\",\"@id\":\"https:\/\/metaltale.com\/et\/toode\/smooth-2-mooblinupp\/#primaryimage\",\"url\":\"https:\/\/metaltale.com\/wp-content\/uploads\/2023\/11\/Lygi-rankenx117lx117-2.jpg\",\"contentUrl\":\"https:\/\/metaltale.com\/wp-content\/uploads\/2023\/11\/Lygi-rankenx117lx117-2.jpg\",\"width\":800,\"height\":800,\"caption\":\"SMOOTH 2 m\u00f6\u00f6blinupp\"},{\"@type\":\"BreadcrumbList\",\"@id\":\"https:\/\/metaltale.com\/et\/toode\/smooth-2-mooblinupp\/#breadcrumb\",\"itemListElement\":[{\"@type\":\"ListItem\",\"position\":1,\"name\":\"Home\",\"item\":\"https:\/\/metaltale.com\/et\/kodu\/\"},{\"@type\":\"ListItem\",\"position\":2,\"name\":\"Kauplus\",\"item\":\"https:\/\/metaltale.com\/et\/shop\/\"},{\"@type\":\"ListItem\",\"position\":3,\"name\":\"SMOOTH 2 m\u00f6\u00f6blinupp\"}]},{\"@type\":\"WebSite\",\"@id\":\"https:\/\/metaltale.com\/et\/#website\",\"url\":\"https:\/\/metaltale.com\/et\/\",\"name\":\"Metaltale.com\",\"description\":\"\",\"potentialAction\":[{\"@type\":\"SearchAction\",\"target\":{\"@type\":\"EntryPoint\",\"urlTemplate\":\"https:\/\/metaltale.com\/et\/?s={search_term_string}\"},\"query-input\":{\"@type\":\"PropertyValueSpecification\",\"valueRequired\":true,\"valueName\":\"search_term_string\"}}],\"inLanguage\":\"et\"}]}<\/script>\n<!-- \/ Yoast SEO plugin. -->","yoast_head_json":{"title":"SMOOTH 2 m\u00f6\u00f6blinupp - MetalTale.com","robots":{"index":"index","follow":"follow","max-snippet":"max-snippet:-1","max-image-preview":"max-image-preview:large","max-video-preview":"max-video-preview:-1"},"canonical":"https:\/\/metaltale.com\/et\/toode\/smooth-2-mooblinupp\/","og_locale":"et_EE","og_type":"article","og_title":"SMOOTH 2 m\u00f6\u00f6blinupp - MetalTale.com","og_description":"Mudel RS. KB.4174-ST EAN. 5905369902307 Materjal Ketus \u00dcldine k\u00f5rgus (cm) 3,2 \u00dcldl\u00e4bim\u00f5\u00f5t (cm) 3 Aluspinna m\u00f5\u00f5tmed (cm) 2 Paigalduskruvid Jah","og_url":"https:\/\/metaltale.com\/et\/toode\/smooth-2-mooblinupp\/","og_site_name":"MetalTale.com","og_image":[{"width":800,"height":800,"url":"https:\/\/metaltale.com\/wp-content\/uploads\/2023\/11\/Lygi-rankenx117lx117-2.jpg","type":"image\/jpeg"}],"twitter_card":"summary_large_image","twitter_misc":{"Est. reading time":"1 minut"},"schema":{"@context":"https:\/\/schema.org","@graph":[{"@type":"WebPage","@id":"https:\/\/metaltale.com\/et\/toode\/smooth-2-mooblinupp\/","url":"https:\/\/metaltale.com\/et\/toode\/smooth-2-mooblinupp\/","name":"SMOOTH 2 m\u00f6\u00f6blinupp - MetalTale.com","isPartOf":{"@id":"https:\/\/metaltale.com\/et\/#website"},"primaryImageOfPage":{"@id":"https:\/\/metaltale.com\/et\/toode\/smooth-2-mooblinupp\/#primaryimage"},"image":{"@id":"https:\/\/metaltale.com\/et\/toode\/smooth-2-mooblinupp\/#primaryimage"},"thumbnailUrl":"https:\/\/metaltale.com\/wp-content\/uploads\/2023\/11\/Lygi-rankenx117lx117-2.jpg","datePublished":"2024-02-13T13:03:58+00:00","breadcrumb":{"@id":"https:\/\/metaltale.com\/et\/toode\/smooth-2-mooblinupp\/#breadcrumb"},"inLanguage":"et","potentialAction":[{"@type":"ReadAction","target":["https:\/\/metaltale.com\/et\/toode\/smooth-2-mooblinupp\/"]}]},{"@type":"ImageObject","inLanguage":"et","@id":"https:\/\/metaltale.com\/et\/toode\/smooth-2-mooblinupp\/#primaryimage","url":"https:\/\/metaltale.com\/wp-content\/uploads\/2023\/11\/Lygi-rankenx117lx117-2.jpg","contentUrl":"https:\/\/metaltale.com\/wp-content\/uploads\/2023\/11\/Lygi-rankenx117lx117-2.jpg","width":800,"height":800,"caption":"SMOOTH 2 m\u00f6\u00f6blinupp"},{"@type":"BreadcrumbList","@id":"https:\/\/metaltale.com\/et\/toode\/smooth-2-mooblinupp\/#breadcrumb","itemListElement":[{"@type":"ListItem","position":1,"name":"Home","item":"https:\/\/metaltale.com\/et\/kodu\/"},{"@type":"ListItem","position":2,"name":"Kauplus","item":"https:\/\/metaltale.com\/et\/shop\/"},{"@type":"ListItem","position":3,"name":"SMOOTH 2 m\u00f6\u00f6blinupp"}]},{"@type":"WebSite","@id":"https:\/\/metaltale.com\/et\/#website","url":"https:\/\/metaltale.com\/et\/","name":"Metaltale.com","description":"","potentialAction":[{"@type":"SearchAction","target":{"@type":"EntryPoint","urlTemplate":"https:\/\/metaltale.com\/et\/?s={search_term_string}"},"query-input":{"@type":"PropertyValueSpecification","valueRequired":true,"valueName":"search_term_string"}}],"inLanguage":"et"}]}},"_links":{"self":[{"href":"https:\/\/metaltale.com\/et\/wp-json\/wp\/v2\/product\/136441","targetHints":{"allow":["GET"]}}],"collection":[{"href":"https:\/\/metaltale.com\/et\/wp-json\/wp\/v2\/product"}],"about":[{"href":"https:\/\/metaltale.com\/et\/wp-json\/wp\/v2\/types\/product"}],"replies":[{"embeddable":true,"href":"https:\/\/metaltale.com\/et\/wp-json\/wp\/v2\/comments?post=136441"}],"version-history":[{"count":0,"href":"https:\/\/metaltale.com\/et\/wp-json\/wp\/v2\/product\/136441\/revisions"}],"wp:featuredmedia":[{"embeddable":true,"href":"https:\/\/metaltale.com\/et\/wp-json\/wp\/v2\/media\/98568"}],"wp:attachment":[{"href":"https:\/\/metaltale.com\/et\/wp-json\/wp\/v2\/media?parent=136441"}],"wp:term":[{"taxonomy":"product_brand","embeddable":true,"href":"https:\/\/metaltale.com\/et\/wp-json\/wp\/v2\/product_brand?post=136441"},{"taxonomy":"product_cat","embeddable":true,"href":"https:\/\/metaltale.com\/et\/wp-json\/wp\/v2\/product_cat?post=136441"},{"taxonomy":"product_tag","embeddable":true,"href":"https:\/\/metaltale.com\/et\/wp-json\/wp\/v2\/product_tag?post=136441"}],"curies":[{"name":"wp","href":"https:\/\/api.w.org\/{rel}","templated":true}]}}