{"id":136425,"date":"2024-02-13T15:03:04","date_gmt":"2024-02-13T13:03:04","guid":{"rendered":"https:\/\/metaltale.com\/produktas\/puidust-lauajalg-trapez-oak\/"},"modified":"2024-02-13T15:03:04","modified_gmt":"2024-02-13T13:03:04","slug":"puidust-lauajalg-trapez-oak","status":"publish","type":"product","link":"https:\/\/metaltale.com\/et\/toode\/puidust-lauajalg-trapez-oak\/","title":{"rendered":"Puidust lauajalg TRAPEZ OAK"},"content":{"rendered":"<div class=\"prod_data\">\n<p><strong>Mudel<\/strong> KS. D.N02<br \/>\n<strong>EAN.<\/strong>  5905369904950<br \/>\nMaterjal Tammepuit<br \/>\nMaterjali paksus (cm ) Abrasiiv 4&#215;6<br \/>\nLaius (cm ) 78,5\/62<br \/>\nK\u00f5rgus (cm) 71<br \/>\nPaigalduskruvid Ei<br \/>\n<strong>V\u00e4rv<\/strong> Puit &#8211; t\u00f6\u00f6tlemata<br \/>\n<strong>Viimistlemine<\/strong> t\u00f6\u00f6tlemata<br \/>\nKogus komplekti kohta 1 tk.<\/p>\n<p>&#8211; laua jalg on valmistatud t\u00e4istammest<br \/>\n&#8211; toode sisaldab looduslikule materjalile iseloomulikke kortsukesi ja pragusid, mis teeb iga toote ainulaadseks.<br \/>\n&#8211; trapetsikujuline kuju annab tootele veelgi rohkem originaalsust<br \/>\n&#8211; jalg on viimistlemata ja vajab impregneerimist, et seda saaks kohandada olemasoleva sisustusega.<\/p>\n<hr>\n<p>Laua jalg on t\u00e4ielikult valmistatud t\u00e4ispuidust tammepuust. K\u00f5rgeima kvaliteediga tooraine kasutamine muudab toote vastupidavaks ja teenib meid aastaid. Jala pinnal n\u00e4htavad s\u00f5lmed ja praod on tingitud tooraine naturaalsusest ja lisavad toote ainulaadsust. Puidust jala trapetsikujuline kuju annab sellele ajatu iseloomu. T\u00f6\u00f6tlemata laudade jalad v\u00f5imaldavad puidu impregneeringu v\u00e4rvi t\u00e4iuslikult sobitada interj\u00f6\u00f6ris juba olemasolevatele elementidele. TRAPEZi puidust jalgade ja puidust lauaplaadi kombinatsioon v\u00f5imaldab laua sobitada nii traditsioonilise kui ka moodsama stiiliga.<\/p>\n<hr>\n<p>* Pakkumine kehtib ainult puidust jalgadele ja ei sisalda lauaplaati.<\/p>\n<\/div>\n","protected":false},"excerpt":{"rendered":"<p>Mudel KS. D.N02 EAN. 5905369904950 Materjal Tammepuit Materjali paksus (cm ) Abrasiiv 4&#215;6 Laius (cm ) 78,5\/62 K\u00f5rgus (cm) 71<\/p>\n","protected":false},"featured_media":91566,"comment_status":"open","ping_status":"closed","template":"","meta":{"_acf_changed":false,"pmpro_default_level":""},"product_brand":[],"product_cat":[24137,23915],"product_tag":[],"class_list":{"0":"post-136425","1":"product","2":"type-product","3":"status-publish","4":"has-post-thumbnail","6":"product_cat-moobli-jalad","7":"product_cat-stalo-kojos-et","8":"pmpro-has-access","10":"first","11":"instock","12":"shipping-taxable","13":"purchasable","14":"product-type-simple"},"acf":[],"yoast_head":"<!-- This site is optimized with the Yoast SEO plugin v24.9 - https:\/\/yoast.com\/wordpress\/plugins\/seo\/ -->\n<title>Puidust lauajalg TRAPEZ OAK - MetalTale.com<\/title>\n<meta name=\"robots\" content=\"index, follow, max-snippet:-1, max-image-preview:large, max-video-preview:-1\" \/>\n<link rel=\"canonical\" href=\"https:\/\/metaltale.com\/et\/toode\/puidust-lauajalg-trapez-oak\/\" \/>\n<meta property=\"og:locale\" content=\"et_EE\" \/>\n<meta property=\"og:type\" content=\"article\" \/>\n<meta property=\"og:title\" content=\"Puidust lauajalg TRAPEZ OAK - MetalTale.com\" \/>\n<meta property=\"og:description\" content=\"Mudel KS. D.N02 EAN. 5905369904950 Materjal Tammepuit Materjali paksus (cm ) Abrasiiv 4&#215;6 Laius (cm ) 78,5\/62 K\u00f5rgus (cm) 71\" \/>\n<meta property=\"og:url\" content=\"https:\/\/metaltale.com\/et\/toode\/puidust-lauajalg-trapez-oak\/\" \/>\n<meta property=\"og:site_name\" content=\"MetalTale.com\" \/>\n<meta property=\"og:image\" content=\"https:\/\/metaltale.com\/wp-content\/uploads\/2023\/10\/Kojos-TRAPECIJOS-x104x17DUOLAS.jpg\" \/>\n\t<meta property=\"og:image:width\" content=\"800\" \/>\n\t<meta property=\"og:image:height\" content=\"800\" \/>\n\t<meta property=\"og:image:type\" content=\"image\/jpeg\" \/>\n<meta name=\"twitter:card\" content=\"summary_large_image\" \/>\n<meta name=\"twitter:label1\" content=\"Est. reading time\" \/>\n\t<meta name=\"twitter:data1\" content=\"1 minut\" \/>\n<script type=\"application\/ld+json\" class=\"yoast-schema-graph\">{\"@context\":\"https:\/\/schema.org\",\"@graph\":[{\"@type\":\"WebPage\",\"@id\":\"https:\/\/metaltale.com\/et\/toode\/puidust-lauajalg-trapez-oak\/\",\"url\":\"https:\/\/metaltale.com\/et\/toode\/puidust-lauajalg-trapez-oak\/\",\"name\":\"Puidust lauajalg TRAPEZ OAK - MetalTale.com\",\"isPartOf\":{\"@id\":\"https:\/\/metaltale.com\/et\/#website\"},\"primaryImageOfPage\":{\"@id\":\"https:\/\/metaltale.com\/et\/toode\/puidust-lauajalg-trapez-oak\/#primaryimage\"},\"image\":{\"@id\":\"https:\/\/metaltale.com\/et\/toode\/puidust-lauajalg-trapez-oak\/#primaryimage\"},\"thumbnailUrl\":\"https:\/\/metaltale.com\/wp-content\/uploads\/2023\/10\/Kojos-TRAPECIJOS-x104x17DUOLAS.jpg\",\"datePublished\":\"2024-02-13T13:03:04+00:00\",\"breadcrumb\":{\"@id\":\"https:\/\/metaltale.com\/et\/toode\/puidust-lauajalg-trapez-oak\/#breadcrumb\"},\"inLanguage\":\"et\",\"potentialAction\":[{\"@type\":\"ReadAction\",\"target\":[\"https:\/\/metaltale.com\/et\/toode\/puidust-lauajalg-trapez-oak\/\"]}]},{\"@type\":\"ImageObject\",\"inLanguage\":\"et\",\"@id\":\"https:\/\/metaltale.com\/et\/toode\/puidust-lauajalg-trapez-oak\/#primaryimage\",\"url\":\"https:\/\/metaltale.com\/wp-content\/uploads\/2023\/10\/Kojos-TRAPECIJOS-x104x17DUOLAS.jpg\",\"contentUrl\":\"https:\/\/metaltale.com\/wp-content\/uploads\/2023\/10\/Kojos-TRAPECIJOS-x104x17DUOLAS.jpg\",\"width\":800,\"height\":800,\"caption\":\"Puidust lauajalg\"},{\"@type\":\"BreadcrumbList\",\"@id\":\"https:\/\/metaltale.com\/et\/toode\/puidust-lauajalg-trapez-oak\/#breadcrumb\",\"itemListElement\":[{\"@type\":\"ListItem\",\"position\":1,\"name\":\"Home\",\"item\":\"https:\/\/metaltale.com\/et\/kodu\/\"},{\"@type\":\"ListItem\",\"position\":2,\"name\":\"Kauplus\",\"item\":\"https:\/\/metaltale.com\/et\/shop\/\"},{\"@type\":\"ListItem\",\"position\":3,\"name\":\"Puidust lauajalg TRAPEZ OAK\"}]},{\"@type\":\"WebSite\",\"@id\":\"https:\/\/metaltale.com\/et\/#website\",\"url\":\"https:\/\/metaltale.com\/et\/\",\"name\":\"Metaltale.com\",\"description\":\"\",\"potentialAction\":[{\"@type\":\"SearchAction\",\"target\":{\"@type\":\"EntryPoint\",\"urlTemplate\":\"https:\/\/metaltale.com\/et\/?s={search_term_string}\"},\"query-input\":{\"@type\":\"PropertyValueSpecification\",\"valueRequired\":true,\"valueName\":\"search_term_string\"}}],\"inLanguage\":\"et\"}]}<\/script>\n<!-- \/ Yoast SEO plugin. -->","yoast_head_json":{"title":"Puidust lauajalg TRAPEZ OAK - MetalTale.com","robots":{"index":"index","follow":"follow","max-snippet":"max-snippet:-1","max-image-preview":"max-image-preview:large","max-video-preview":"max-video-preview:-1"},"canonical":"https:\/\/metaltale.com\/et\/toode\/puidust-lauajalg-trapez-oak\/","og_locale":"et_EE","og_type":"article","og_title":"Puidust lauajalg TRAPEZ OAK - MetalTale.com","og_description":"Mudel KS. D.N02 EAN. 5905369904950 Materjal Tammepuit Materjali paksus (cm ) Abrasiiv 4&#215;6 Laius (cm ) 78,5\/62 K\u00f5rgus (cm) 71","og_url":"https:\/\/metaltale.com\/et\/toode\/puidust-lauajalg-trapez-oak\/","og_site_name":"MetalTale.com","og_image":[{"width":800,"height":800,"url":"https:\/\/metaltale.com\/wp-content\/uploads\/2023\/10\/Kojos-TRAPECIJOS-x104x17DUOLAS.jpg","type":"image\/jpeg"}],"twitter_card":"summary_large_image","twitter_misc":{"Est. reading time":"1 minut"},"schema":{"@context":"https:\/\/schema.org","@graph":[{"@type":"WebPage","@id":"https:\/\/metaltale.com\/et\/toode\/puidust-lauajalg-trapez-oak\/","url":"https:\/\/metaltale.com\/et\/toode\/puidust-lauajalg-trapez-oak\/","name":"Puidust lauajalg TRAPEZ OAK - MetalTale.com","isPartOf":{"@id":"https:\/\/metaltale.com\/et\/#website"},"primaryImageOfPage":{"@id":"https:\/\/metaltale.com\/et\/toode\/puidust-lauajalg-trapez-oak\/#primaryimage"},"image":{"@id":"https:\/\/metaltale.com\/et\/toode\/puidust-lauajalg-trapez-oak\/#primaryimage"},"thumbnailUrl":"https:\/\/metaltale.com\/wp-content\/uploads\/2023\/10\/Kojos-TRAPECIJOS-x104x17DUOLAS.jpg","datePublished":"2024-02-13T13:03:04+00:00","breadcrumb":{"@id":"https:\/\/metaltale.com\/et\/toode\/puidust-lauajalg-trapez-oak\/#breadcrumb"},"inLanguage":"et","potentialAction":[{"@type":"ReadAction","target":["https:\/\/metaltale.com\/et\/toode\/puidust-lauajalg-trapez-oak\/"]}]},{"@type":"ImageObject","inLanguage":"et","@id":"https:\/\/metaltale.com\/et\/toode\/puidust-lauajalg-trapez-oak\/#primaryimage","url":"https:\/\/metaltale.com\/wp-content\/uploads\/2023\/10\/Kojos-TRAPECIJOS-x104x17DUOLAS.jpg","contentUrl":"https:\/\/metaltale.com\/wp-content\/uploads\/2023\/10\/Kojos-TRAPECIJOS-x104x17DUOLAS.jpg","width":800,"height":800,"caption":"Puidust lauajalg"},{"@type":"BreadcrumbList","@id":"https:\/\/metaltale.com\/et\/toode\/puidust-lauajalg-trapez-oak\/#breadcrumb","itemListElement":[{"@type":"ListItem","position":1,"name":"Home","item":"https:\/\/metaltale.com\/et\/kodu\/"},{"@type":"ListItem","position":2,"name":"Kauplus","item":"https:\/\/metaltale.com\/et\/shop\/"},{"@type":"ListItem","position":3,"name":"Puidust lauajalg TRAPEZ OAK"}]},{"@type":"WebSite","@id":"https:\/\/metaltale.com\/et\/#website","url":"https:\/\/metaltale.com\/et\/","name":"Metaltale.com","description":"","potentialAction":[{"@type":"SearchAction","target":{"@type":"EntryPoint","urlTemplate":"https:\/\/metaltale.com\/et\/?s={search_term_string}"},"query-input":{"@type":"PropertyValueSpecification","valueRequired":true,"valueName":"search_term_string"}}],"inLanguage":"et"}]}},"_links":{"self":[{"href":"https:\/\/metaltale.com\/et\/wp-json\/wp\/v2\/product\/136425","targetHints":{"allow":["GET"]}}],"collection":[{"href":"https:\/\/metaltale.com\/et\/wp-json\/wp\/v2\/product"}],"about":[{"href":"https:\/\/metaltale.com\/et\/wp-json\/wp\/v2\/types\/product"}],"replies":[{"embeddable":true,"href":"https:\/\/metaltale.com\/et\/wp-json\/wp\/v2\/comments?post=136425"}],"version-history":[{"count":0,"href":"https:\/\/metaltale.com\/et\/wp-json\/wp\/v2\/product\/136425\/revisions"}],"wp:featuredmedia":[{"embeddable":true,"href":"https:\/\/metaltale.com\/et\/wp-json\/wp\/v2\/media\/91566"}],"wp:attachment":[{"href":"https:\/\/metaltale.com\/et\/wp-json\/wp\/v2\/media?parent=136425"}],"wp:term":[{"taxonomy":"product_brand","embeddable":true,"href":"https:\/\/metaltale.com\/et\/wp-json\/wp\/v2\/product_brand?post=136425"},{"taxonomy":"product_cat","embeddable":true,"href":"https:\/\/metaltale.com\/et\/wp-json\/wp\/v2\/product_cat?post=136425"},{"taxonomy":"product_tag","embeddable":true,"href":"https:\/\/metaltale.com\/et\/wp-json\/wp\/v2\/product_tag?post=136425"}],"curies":[{"name":"wp","href":"https:\/\/api.w.org\/{rel}","templated":true}]}}