{"id":136415,"date":"2024-02-13T14:59:43","date_gmt":"2024-02-13T12:59:43","guid":{"rendered":"https:\/\/metaltale.com\/produktas\/arch-2-kaarjas-rippuv-peegel\/"},"modified":"2024-02-13T14:59:43","modified_gmt":"2024-02-13T12:59:43","slug":"arch-2-kaarjas-rippuv-peegel","status":"publish","type":"product","link":"https:\/\/metaltale.com\/et\/toode\/arch-2-kaarjas-rippuv-peegel\/","title":{"rendered":"ARCH 2 kaarjas rippuv peegel"},"content":{"rendered":"<div class=\"prod_data\"><strong>Mudel<\/strong> DI.6669  <br \/><strong>EAN.<\/strong>  5905369924521  <br \/><strong>Materjal<\/strong> teras  <br \/>Paksus (cm) 4 <br \/><strong>\u00dcldine k\u00f5rgus (cm)<\/strong> 131  <br \/>\u00dcldine laius (cm) 75 <br \/><strong>Vormid<\/strong> J\u00e4rgmine  <\/p>\n<p>&#8211; dekoratiivne peegel<br \/>&#8211; paleeakent meenutava kaarega peegel<br \/>&#8211; pruun vananenud raam, mis annab sellele originaalse iseloomu<\/p>\n<hr>\n<p>Vanandatud raamiga, aknale sarnane dekoratiivne peegel on m\u00e4rkamatu kaunistus elutoa v\u00f5i terrassi seinale. K\u00f5rge ripppeeglile on omane ainulaadne v\u00f5lu, mida ei leia kaasaegsetest mudelitest. Pruunil raamil on palju tahtliku vananemise m\u00e4rke, mis m\u00f5jutavad tugevalt toote olemust.<\/p>\n<\/div>\n","protected":false},"excerpt":{"rendered":"<p>Mudel DI.6669 EAN. 5905369924521 Materjal teras Paksus (cm) 4 \u00dcldine k\u00f5rgus (cm) 131 \u00dcldine laius (cm) 75 Vormid J\u00e4rgmine &#8211;<\/p>\n","protected":false},"featured_media":113020,"comment_status":"open","ping_status":"closed","template":"","meta":{"_acf_changed":false,"pmpro_default_level":""},"product_brand":[],"product_cat":[24147],"product_tag":[],"class_list":{"0":"post-136415","1":"product","2":"type-product","3":"status-publish","4":"has-post-thumbnail","6":"product_cat-peeglid","7":"pmpro-has-access","9":"first","10":"instock","11":"shipping-taxable","12":"purchasable","13":"product-type-simple"},"acf":[],"yoast_head":"<!-- This site is optimized with the Yoast SEO plugin v24.9 - https:\/\/yoast.com\/wordpress\/plugins\/seo\/ -->\n<title>ARCH 2 kaarjas rippuv peegel - MetalTale.com<\/title>\n<meta name=\"robots\" content=\"index, follow, max-snippet:-1, max-image-preview:large, max-video-preview:-1\" \/>\n<link rel=\"canonical\" href=\"https:\/\/metaltale.com\/et\/toode\/arch-2-kaarjas-rippuv-peegel\/\" \/>\n<meta property=\"og:locale\" content=\"et_EE\" \/>\n<meta property=\"og:type\" content=\"article\" \/>\n<meta property=\"og:title\" content=\"ARCH 2 kaarjas rippuv peegel - MetalTale.com\" \/>\n<meta property=\"og:description\" content=\"Mudel DI.6669 EAN. 5905369924521 Materjal teras Paksus (cm) 4 \u00dcldine k\u00f5rgus (cm) 131 \u00dcldine laius (cm) 75 Vormid J\u00e4rgmine &#8211;\" \/>\n<meta property=\"og:url\" content=\"https:\/\/metaltale.com\/et\/toode\/arch-2-kaarjas-rippuv-peegel\/\" \/>\n<meta property=\"og:site_name\" content=\"MetalTale.com\" \/>\n<meta name=\"twitter:card\" content=\"summary_large_image\" \/>\n<script type=\"application\/ld+json\" class=\"yoast-schema-graph\">{\"@context\":\"https:\/\/schema.org\",\"@graph\":[{\"@type\":\"WebPage\",\"@id\":\"https:\/\/metaltale.com\/et\/toode\/arch-2-kaarjas-rippuv-peegel\/\",\"url\":\"https:\/\/metaltale.com\/et\/toode\/arch-2-kaarjas-rippuv-peegel\/\",\"name\":\"ARCH 2 kaarjas rippuv peegel - MetalTale.com\",\"isPartOf\":{\"@id\":\"https:\/\/metaltale.com\/et\/#website\"},\"primaryImageOfPage\":{\"@id\":\"https:\/\/metaltale.com\/et\/toode\/arch-2-kaarjas-rippuv-peegel\/#primaryimage\"},\"image\":{\"@id\":\"https:\/\/metaltale.com\/et\/toode\/arch-2-kaarjas-rippuv-peegel\/#primaryimage\"},\"thumbnailUrl\":\"https:\/\/metaltale.com\/wp-content\/uploads\/2023\/11\/Arkinis-pakabinamas-veidrodis-ARCH-2.jpg\",\"datePublished\":\"2024-02-13T12:59:43+00:00\",\"breadcrumb\":{\"@id\":\"https:\/\/metaltale.com\/et\/toode\/arch-2-kaarjas-rippuv-peegel\/#breadcrumb\"},\"inLanguage\":\"et\",\"potentialAction\":[{\"@type\":\"ReadAction\",\"target\":[\"https:\/\/metaltale.com\/et\/toode\/arch-2-kaarjas-rippuv-peegel\/\"]}]},{\"@type\":\"ImageObject\",\"inLanguage\":\"et\",\"@id\":\"https:\/\/metaltale.com\/et\/toode\/arch-2-kaarjas-rippuv-peegel\/#primaryimage\",\"url\":\"https:\/\/metaltale.com\/wp-content\/uploads\/2023\/11\/Arkinis-pakabinamas-veidrodis-ARCH-2.jpg\",\"contentUrl\":\"https:\/\/metaltale.com\/wp-content\/uploads\/2023\/11\/Arkinis-pakabinamas-veidrodis-ARCH-2.jpg\",\"width\":800,\"height\":800},{\"@type\":\"BreadcrumbList\",\"@id\":\"https:\/\/metaltale.com\/et\/toode\/arch-2-kaarjas-rippuv-peegel\/#breadcrumb\",\"itemListElement\":[{\"@type\":\"ListItem\",\"position\":1,\"name\":\"Home\",\"item\":\"https:\/\/metaltale.com\/et\/kodu\/\"},{\"@type\":\"ListItem\",\"position\":2,\"name\":\"Kauplus\",\"item\":\"https:\/\/metaltale.com\/et\/shop\/\"},{\"@type\":\"ListItem\",\"position\":3,\"name\":\"ARCH 2 kaarjas rippuv peegel\"}]},{\"@type\":\"WebSite\",\"@id\":\"https:\/\/metaltale.com\/et\/#website\",\"url\":\"https:\/\/metaltale.com\/et\/\",\"name\":\"Metaltale.com\",\"description\":\"\",\"potentialAction\":[{\"@type\":\"SearchAction\",\"target\":{\"@type\":\"EntryPoint\",\"urlTemplate\":\"https:\/\/metaltale.com\/et\/?s={search_term_string}\"},\"query-input\":{\"@type\":\"PropertyValueSpecification\",\"valueRequired\":true,\"valueName\":\"search_term_string\"}}],\"inLanguage\":\"et\"}]}<\/script>\n<!-- \/ Yoast SEO plugin. -->","yoast_head_json":{"title":"ARCH 2 kaarjas rippuv peegel - MetalTale.com","robots":{"index":"index","follow":"follow","max-snippet":"max-snippet:-1","max-image-preview":"max-image-preview:large","max-video-preview":"max-video-preview:-1"},"canonical":"https:\/\/metaltale.com\/et\/toode\/arch-2-kaarjas-rippuv-peegel\/","og_locale":"et_EE","og_type":"article","og_title":"ARCH 2 kaarjas rippuv peegel - MetalTale.com","og_description":"Mudel DI.6669 EAN. 5905369924521 Materjal teras Paksus (cm) 4 \u00dcldine k\u00f5rgus (cm) 131 \u00dcldine laius (cm) 75 Vormid J\u00e4rgmine &#8211;","og_url":"https:\/\/metaltale.com\/et\/toode\/arch-2-kaarjas-rippuv-peegel\/","og_site_name":"MetalTale.com","twitter_card":"summary_large_image","schema":{"@context":"https:\/\/schema.org","@graph":[{"@type":"WebPage","@id":"https:\/\/metaltale.com\/et\/toode\/arch-2-kaarjas-rippuv-peegel\/","url":"https:\/\/metaltale.com\/et\/toode\/arch-2-kaarjas-rippuv-peegel\/","name":"ARCH 2 kaarjas rippuv peegel - MetalTale.com","isPartOf":{"@id":"https:\/\/metaltale.com\/et\/#website"},"primaryImageOfPage":{"@id":"https:\/\/metaltale.com\/et\/toode\/arch-2-kaarjas-rippuv-peegel\/#primaryimage"},"image":{"@id":"https:\/\/metaltale.com\/et\/toode\/arch-2-kaarjas-rippuv-peegel\/#primaryimage"},"thumbnailUrl":"https:\/\/metaltale.com\/wp-content\/uploads\/2023\/11\/Arkinis-pakabinamas-veidrodis-ARCH-2.jpg","datePublished":"2024-02-13T12:59:43+00:00","breadcrumb":{"@id":"https:\/\/metaltale.com\/et\/toode\/arch-2-kaarjas-rippuv-peegel\/#breadcrumb"},"inLanguage":"et","potentialAction":[{"@type":"ReadAction","target":["https:\/\/metaltale.com\/et\/toode\/arch-2-kaarjas-rippuv-peegel\/"]}]},{"@type":"ImageObject","inLanguage":"et","@id":"https:\/\/metaltale.com\/et\/toode\/arch-2-kaarjas-rippuv-peegel\/#primaryimage","url":"https:\/\/metaltale.com\/wp-content\/uploads\/2023\/11\/Arkinis-pakabinamas-veidrodis-ARCH-2.jpg","contentUrl":"https:\/\/metaltale.com\/wp-content\/uploads\/2023\/11\/Arkinis-pakabinamas-veidrodis-ARCH-2.jpg","width":800,"height":800},{"@type":"BreadcrumbList","@id":"https:\/\/metaltale.com\/et\/toode\/arch-2-kaarjas-rippuv-peegel\/#breadcrumb","itemListElement":[{"@type":"ListItem","position":1,"name":"Home","item":"https:\/\/metaltale.com\/et\/kodu\/"},{"@type":"ListItem","position":2,"name":"Kauplus","item":"https:\/\/metaltale.com\/et\/shop\/"},{"@type":"ListItem","position":3,"name":"ARCH 2 kaarjas rippuv peegel"}]},{"@type":"WebSite","@id":"https:\/\/metaltale.com\/et\/#website","url":"https:\/\/metaltale.com\/et\/","name":"Metaltale.com","description":"","potentialAction":[{"@type":"SearchAction","target":{"@type":"EntryPoint","urlTemplate":"https:\/\/metaltale.com\/et\/?s={search_term_string}"},"query-input":{"@type":"PropertyValueSpecification","valueRequired":true,"valueName":"search_term_string"}}],"inLanguage":"et"}]}},"_links":{"self":[{"href":"https:\/\/metaltale.com\/et\/wp-json\/wp\/v2\/product\/136415","targetHints":{"allow":["GET"]}}],"collection":[{"href":"https:\/\/metaltale.com\/et\/wp-json\/wp\/v2\/product"}],"about":[{"href":"https:\/\/metaltale.com\/et\/wp-json\/wp\/v2\/types\/product"}],"replies":[{"embeddable":true,"href":"https:\/\/metaltale.com\/et\/wp-json\/wp\/v2\/comments?post=136415"}],"version-history":[{"count":0,"href":"https:\/\/metaltale.com\/et\/wp-json\/wp\/v2\/product\/136415\/revisions"}],"wp:featuredmedia":[{"embeddable":true,"href":"https:\/\/metaltale.com\/et\/wp-json\/wp\/v2\/media\/113020"}],"wp:attachment":[{"href":"https:\/\/metaltale.com\/et\/wp-json\/wp\/v2\/media?parent=136415"}],"wp:term":[{"taxonomy":"product_brand","embeddable":true,"href":"https:\/\/metaltale.com\/et\/wp-json\/wp\/v2\/product_brand?post=136415"},{"taxonomy":"product_cat","embeddable":true,"href":"https:\/\/metaltale.com\/et\/wp-json\/wp\/v2\/product_cat?post=136415"},{"taxonomy":"product_tag","embeddable":true,"href":"https:\/\/metaltale.com\/et\/wp-json\/wp\/v2\/product_tag?post=136415"}],"curies":[{"name":"wp","href":"https:\/\/api.w.org\/{rel}","templated":true}]}}