{"id":136367,"date":"2024-02-13T14:59:04","date_gmt":"2024-02-13T12:59:04","guid":{"rendered":"https:\/\/metaltale.com\/produktas\/uksekaepide-malta-black-90-mm-koos-lukuga\/"},"modified":"2024-02-13T14:59:04","modified_gmt":"2024-02-13T12:59:04","slug":"uksekaepide-malta-black-90-mm-koos-lukuga","status":"publish","type":"product","link":"https:\/\/metaltale.com\/et\/toode\/uksekaepide-malta-black-90-mm-koos-lukuga\/","title":{"rendered":"Uksek\u00e4epide MALTA BLACK 90 mm koos lukuga"},"content":{"rendered":"<div class=\"prod_data\">\n<p><strong>Mudel<\/strong> SU.108.CZ.PRGR<br \/>\n<strong>Materjal<\/strong> teras<br \/>\n<strong>Laius (cm)<\/strong> 11,5<br \/>\n<strong>K\u00f5rgus (cm)<\/strong> 24<br \/>\nKoguprojektsioon (cm) 5,5<br \/>\n<strong>Aluspinna m\u00f5\u00f5tmed (cm<\/strong> ) 5&#215;24<br \/>\nAukude <strong>vahe (cm)<\/strong> 19,5\/3,5<br \/>\n<strong>K\u00e4epideme ja v\u00f5tmeava vaheline kaugus (mm)<\/strong> 90 mm<br \/>\n<strong>Abi<\/strong> Ei<br \/>\n<strong>K\u00e4epideme pikkus<\/strong> 10.5<br \/>\nPaigalduskruvid Jah<br \/>\nV\u00e4rv Must<br \/>\n<strong>Pinna t\u00fc\u00fcp<\/strong> Silea<br \/>\n<strong>Kogus komplekti kohta<\/strong> 2 x k\u00e4epide\/k\u00e4epide + s\u00fcdamik + kinnituskruvid<\/p>\n<p>&#8211; Sisaldab kahte k\u00e4epidet (kuni 1 ukseleht), s\u00fcdamikku ja paigalduselemendid.<br \/>\n&#8211; toodet saab kasutada sise- ja v\u00e4lisuste puhul<br \/>\n&#8211; Valige kahe v\u00e4rvivaliku vahel<\/p>\n<hr>\n<p>MALTA k\u00e4epide koos kaunistatud m\u00e4rgiga paistab silma oma elegantsi ja peene retroh\u00f5ngulise stiiliga. See sobib ideaalselt siseustele, isegi kaunistatud ustele. K\u00e4epidemel on dekoratiivne, m\u00e4hitud ots, mis suurendab veelgi kasutamise ohutust. Selle sarja k\u00e4epidemed ei ole tugi, st nn automaatne k\u00e4epideme p\u00f5rkemehhanism. MALTA k\u00e4epideme mudeleid pakume mitmeid: nt sissekande v\u00f5i v\u00f5tme m\u00e4rgiga, mille vahel saab valida, tualeti sulgemise m\u00e4rgiga, t\u00e4ieliku m\u00e4rgiga ja k\u00e4epidemega.<\/p>\n<\/div>\n","protected":false},"excerpt":{"rendered":"<p>Mudel SU.108.CZ.PRGR Materjal teras Laius (cm) 11,5 K\u00f5rgus (cm) 24 Koguprojektsioon (cm) 5,5 Aluspinna m\u00f5\u00f5tmed (cm ) 5&#215;24 Aukude vahe<\/p>\n","protected":false},"featured_media":105702,"comment_status":"open","ping_status":"closed","template":"","meta":{"_acf_changed":false,"pmpro_default_level":""},"product_brand":[],"product_cat":[24162,23882,23836],"product_tag":[],"class_list":{"0":"post-136367","1":"product","2":"type-product","3":"status-publish","4":"has-post-thumbnail","6":"product_cat-kaepidemed","7":"product_cat-duru-rankenos-duru-rankenos-et","8":"product_cat-moobli-tarvikud","9":"pmpro-has-access","11":"first","12":"instock","13":"shipping-taxable","14":"purchasable","15":"product-type-simple"},"acf":[],"yoast_head":"<!-- This site is optimized with the Yoast SEO plugin v24.9 - https:\/\/yoast.com\/wordpress\/plugins\/seo\/ -->\n<title>Uksek\u00e4epide MALTA BLACK 90 mm koos lukuga - MetalTale.com<\/title>\n<meta name=\"robots\" content=\"index, follow, max-snippet:-1, max-image-preview:large, max-video-preview:-1\" \/>\n<link rel=\"canonical\" href=\"https:\/\/metaltale.com\/et\/toode\/uksekaepide-malta-black-90-mm-koos-lukuga\/\" \/>\n<meta property=\"og:locale\" content=\"et_EE\" \/>\n<meta property=\"og:type\" content=\"article\" \/>\n<meta property=\"og:title\" content=\"Uksek\u00e4epide MALTA BLACK 90 mm koos lukuga - MetalTale.com\" \/>\n<meta property=\"og:description\" content=\"Mudel SU.108.CZ.PRGR Materjal teras Laius (cm) 11,5 K\u00f5rgus (cm) 24 Koguprojektsioon (cm) 5,5 Aluspinna m\u00f5\u00f5tmed (cm ) 5&#215;24 Aukude vahe\" \/>\n<meta property=\"og:url\" content=\"https:\/\/metaltale.com\/et\/toode\/uksekaepide-malta-black-90-mm-koos-lukuga\/\" \/>\n<meta property=\"og:site_name\" content=\"MetalTale.com\" \/>\n<meta property=\"og:image\" content=\"https:\/\/metaltale.com\/wp-content\/uploads\/2023\/11\/MALTA-rankena-su-plokx161tele-x12Fdx117klui-90mm-JUODA.jpg\" \/>\n\t<meta property=\"og:image:width\" content=\"800\" \/>\n\t<meta property=\"og:image:height\" content=\"800\" \/>\n\t<meta property=\"og:image:type\" content=\"image\/jpeg\" \/>\n<meta name=\"twitter:card\" content=\"summary_large_image\" \/>\n<meta name=\"twitter:label1\" content=\"Est. reading time\" \/>\n\t<meta name=\"twitter:data1\" content=\"1 minut\" \/>\n<script type=\"application\/ld+json\" class=\"yoast-schema-graph\">{\"@context\":\"https:\/\/schema.org\",\"@graph\":[{\"@type\":\"WebPage\",\"@id\":\"https:\/\/metaltale.com\/et\/toode\/uksekaepide-malta-black-90-mm-koos-lukuga\/\",\"url\":\"https:\/\/metaltale.com\/et\/toode\/uksekaepide-malta-black-90-mm-koos-lukuga\/\",\"name\":\"Uksek\u00e4epide MALTA BLACK 90 mm koos lukuga - MetalTale.com\",\"isPartOf\":{\"@id\":\"https:\/\/metaltale.com\/et\/#website\"},\"primaryImageOfPage\":{\"@id\":\"https:\/\/metaltale.com\/et\/toode\/uksekaepide-malta-black-90-mm-koos-lukuga\/#primaryimage\"},\"image\":{\"@id\":\"https:\/\/metaltale.com\/et\/toode\/uksekaepide-malta-black-90-mm-koos-lukuga\/#primaryimage\"},\"thumbnailUrl\":\"https:\/\/metaltale.com\/wp-content\/uploads\/2023\/11\/MALTA-rankena-su-plokx161tele-x12Fdx117klui-90mm-JUODA.jpg\",\"datePublished\":\"2024-02-13T12:59:04+00:00\",\"breadcrumb\":{\"@id\":\"https:\/\/metaltale.com\/et\/toode\/uksekaepide-malta-black-90-mm-koos-lukuga\/#breadcrumb\"},\"inLanguage\":\"et\",\"potentialAction\":[{\"@type\":\"ReadAction\",\"target\":[\"https:\/\/metaltale.com\/et\/toode\/uksekaepide-malta-black-90-mm-koos-lukuga\/\"]}]},{\"@type\":\"ImageObject\",\"inLanguage\":\"et\",\"@id\":\"https:\/\/metaltale.com\/et\/toode\/uksekaepide-malta-black-90-mm-koos-lukuga\/#primaryimage\",\"url\":\"https:\/\/metaltale.com\/wp-content\/uploads\/2023\/11\/MALTA-rankena-su-plokx161tele-x12Fdx117klui-90mm-JUODA.jpg\",\"contentUrl\":\"https:\/\/metaltale.com\/wp-content\/uploads\/2023\/11\/MALTA-rankena-su-plokx161tele-x12Fdx117klui-90mm-JUODA.jpg\",\"width\":800,\"height\":800,\"caption\":\"Uksek\u00e4epide MALTA BLACK 90 mm koos lukuga\"},{\"@type\":\"BreadcrumbList\",\"@id\":\"https:\/\/metaltale.com\/et\/toode\/uksekaepide-malta-black-90-mm-koos-lukuga\/#breadcrumb\",\"itemListElement\":[{\"@type\":\"ListItem\",\"position\":1,\"name\":\"Home\",\"item\":\"https:\/\/metaltale.com\/et\/kodu\/\"},{\"@type\":\"ListItem\",\"position\":2,\"name\":\"Kauplus\",\"item\":\"https:\/\/metaltale.com\/et\/shop\/\"},{\"@type\":\"ListItem\",\"position\":3,\"name\":\"Uksek\u00e4epide MALTA BLACK 90 mm koos lukuga\"}]},{\"@type\":\"WebSite\",\"@id\":\"https:\/\/metaltale.com\/et\/#website\",\"url\":\"https:\/\/metaltale.com\/et\/\",\"name\":\"Metaltale.com\",\"description\":\"\",\"potentialAction\":[{\"@type\":\"SearchAction\",\"target\":{\"@type\":\"EntryPoint\",\"urlTemplate\":\"https:\/\/metaltale.com\/et\/?s={search_term_string}\"},\"query-input\":{\"@type\":\"PropertyValueSpecification\",\"valueRequired\":true,\"valueName\":\"search_term_string\"}}],\"inLanguage\":\"et\"}]}<\/script>\n<!-- \/ Yoast SEO plugin. -->","yoast_head_json":{"title":"Uksek\u00e4epide MALTA BLACK 90 mm koos lukuga - MetalTale.com","robots":{"index":"index","follow":"follow","max-snippet":"max-snippet:-1","max-image-preview":"max-image-preview:large","max-video-preview":"max-video-preview:-1"},"canonical":"https:\/\/metaltale.com\/et\/toode\/uksekaepide-malta-black-90-mm-koos-lukuga\/","og_locale":"et_EE","og_type":"article","og_title":"Uksek\u00e4epide MALTA BLACK 90 mm koos lukuga - MetalTale.com","og_description":"Mudel SU.108.CZ.PRGR Materjal teras Laius (cm) 11,5 K\u00f5rgus (cm) 24 Koguprojektsioon (cm) 5,5 Aluspinna m\u00f5\u00f5tmed (cm ) 5&#215;24 Aukude vahe","og_url":"https:\/\/metaltale.com\/et\/toode\/uksekaepide-malta-black-90-mm-koos-lukuga\/","og_site_name":"MetalTale.com","og_image":[{"width":800,"height":800,"url":"https:\/\/metaltale.com\/wp-content\/uploads\/2023\/11\/MALTA-rankena-su-plokx161tele-x12Fdx117klui-90mm-JUODA.jpg","type":"image\/jpeg"}],"twitter_card":"summary_large_image","twitter_misc":{"Est. reading time":"1 minut"},"schema":{"@context":"https:\/\/schema.org","@graph":[{"@type":"WebPage","@id":"https:\/\/metaltale.com\/et\/toode\/uksekaepide-malta-black-90-mm-koos-lukuga\/","url":"https:\/\/metaltale.com\/et\/toode\/uksekaepide-malta-black-90-mm-koos-lukuga\/","name":"Uksek\u00e4epide MALTA BLACK 90 mm koos lukuga - MetalTale.com","isPartOf":{"@id":"https:\/\/metaltale.com\/et\/#website"},"primaryImageOfPage":{"@id":"https:\/\/metaltale.com\/et\/toode\/uksekaepide-malta-black-90-mm-koos-lukuga\/#primaryimage"},"image":{"@id":"https:\/\/metaltale.com\/et\/toode\/uksekaepide-malta-black-90-mm-koos-lukuga\/#primaryimage"},"thumbnailUrl":"https:\/\/metaltale.com\/wp-content\/uploads\/2023\/11\/MALTA-rankena-su-plokx161tele-x12Fdx117klui-90mm-JUODA.jpg","datePublished":"2024-02-13T12:59:04+00:00","breadcrumb":{"@id":"https:\/\/metaltale.com\/et\/toode\/uksekaepide-malta-black-90-mm-koos-lukuga\/#breadcrumb"},"inLanguage":"et","potentialAction":[{"@type":"ReadAction","target":["https:\/\/metaltale.com\/et\/toode\/uksekaepide-malta-black-90-mm-koos-lukuga\/"]}]},{"@type":"ImageObject","inLanguage":"et","@id":"https:\/\/metaltale.com\/et\/toode\/uksekaepide-malta-black-90-mm-koos-lukuga\/#primaryimage","url":"https:\/\/metaltale.com\/wp-content\/uploads\/2023\/11\/MALTA-rankena-su-plokx161tele-x12Fdx117klui-90mm-JUODA.jpg","contentUrl":"https:\/\/metaltale.com\/wp-content\/uploads\/2023\/11\/MALTA-rankena-su-plokx161tele-x12Fdx117klui-90mm-JUODA.jpg","width":800,"height":800,"caption":"Uksek\u00e4epide MALTA BLACK 90 mm koos lukuga"},{"@type":"BreadcrumbList","@id":"https:\/\/metaltale.com\/et\/toode\/uksekaepide-malta-black-90-mm-koos-lukuga\/#breadcrumb","itemListElement":[{"@type":"ListItem","position":1,"name":"Home","item":"https:\/\/metaltale.com\/et\/kodu\/"},{"@type":"ListItem","position":2,"name":"Kauplus","item":"https:\/\/metaltale.com\/et\/shop\/"},{"@type":"ListItem","position":3,"name":"Uksek\u00e4epide MALTA BLACK 90 mm koos lukuga"}]},{"@type":"WebSite","@id":"https:\/\/metaltale.com\/et\/#website","url":"https:\/\/metaltale.com\/et\/","name":"Metaltale.com","description":"","potentialAction":[{"@type":"SearchAction","target":{"@type":"EntryPoint","urlTemplate":"https:\/\/metaltale.com\/et\/?s={search_term_string}"},"query-input":{"@type":"PropertyValueSpecification","valueRequired":true,"valueName":"search_term_string"}}],"inLanguage":"et"}]}},"_links":{"self":[{"href":"https:\/\/metaltale.com\/et\/wp-json\/wp\/v2\/product\/136367","targetHints":{"allow":["GET"]}}],"collection":[{"href":"https:\/\/metaltale.com\/et\/wp-json\/wp\/v2\/product"}],"about":[{"href":"https:\/\/metaltale.com\/et\/wp-json\/wp\/v2\/types\/product"}],"replies":[{"embeddable":true,"href":"https:\/\/metaltale.com\/et\/wp-json\/wp\/v2\/comments?post=136367"}],"version-history":[{"count":0,"href":"https:\/\/metaltale.com\/et\/wp-json\/wp\/v2\/product\/136367\/revisions"}],"wp:featuredmedia":[{"embeddable":true,"href":"https:\/\/metaltale.com\/et\/wp-json\/wp\/v2\/media\/105702"}],"wp:attachment":[{"href":"https:\/\/metaltale.com\/et\/wp-json\/wp\/v2\/media?parent=136367"}],"wp:term":[{"taxonomy":"product_brand","embeddable":true,"href":"https:\/\/metaltale.com\/et\/wp-json\/wp\/v2\/product_brand?post=136367"},{"taxonomy":"product_cat","embeddable":true,"href":"https:\/\/metaltale.com\/et\/wp-json\/wp\/v2\/product_cat?post=136367"},{"taxonomy":"product_tag","embeddable":true,"href":"https:\/\/metaltale.com\/et\/wp-json\/wp\/v2\/product_tag?post=136367"}],"curies":[{"name":"wp","href":"https:\/\/api.w.org\/{rel}","templated":true}]}}