{"id":136337,"date":"2024-02-13T14:59:43","date_gmt":"2024-02-13T12:59:43","guid":{"rendered":"https:\/\/metaltale.com\/produktas\/aknakaepide-malta\/"},"modified":"2024-02-13T14:59:43","modified_gmt":"2024-02-13T12:59:43","slug":"aknakaepide-malta","status":"publish","type":"product","link":"https:\/\/metaltale.com\/et\/toode\/aknakaepide-malta\/","title":{"rendered":"Aknak\u00e4epide MALTA"},"content":{"rendered":"<div class=\"prod_data\">\n<p><strong>Mudel<\/strong> SU.108.KO-ST<br \/>\n<strong>EAN.<\/strong>  5907772074442<br \/>\n<strong>Materjal<\/strong> teras<br \/>\n<strong>\u00dcldine k\u00f5rgus (cm)<\/strong> 8<br \/>\n<strong>\u00dcldine laius (cm)<\/strong> 3,2<br \/>\nKoguprojektsioon (cm) 5,5<br \/>\n<strong>Aluse m\u00f5\u00f5tmed (cm<\/strong> ) 3,2&#215;7,7<br \/>\n<strong>K\u00e4epideme pikkus<\/strong> 8.4<br \/>\nPaigalduskruvid Jah<br \/>\n<strong>V\u00e4rv<\/strong> teras<br \/>\n<strong>Pinna t\u00fc\u00fcp<\/strong> Silea<br \/>\n<strong>LISATEAVE<\/strong> Eemaldatav spiraal<\/p>\n<p>&#8211; k\u00e4epideme suurus 8&#215;2.2<br \/>\n&#8211; valmistatud k\u00f5rgeima kvaliteediga terasest<br \/>\n&#8211; Saadaval on kaks v\u00e4rvivalikut<br \/>\n&#8211; funktsionaalsuse ja dekoratiivse disaini kombinatsioon<\/p>\n<hr>\n<p>K\u00e4epide on valmistatud k\u00f5ige kvaliteetsemast materjalist, mis annab sellele kauakestva v\u00e4limuse. K\u00e4epidemel on peenelt viimistletud otsad, mis annavad sellele originaalse v\u00e4limuse ja stiili. Selle kuju muudab selle kasutamise v\u00e4ga praktiliseks. See sobib ideaalselt maastikulisse ja retro interj\u00f6\u00f6ri. Saadaval on kaks v\u00e4rvivalikut.<\/p>\n<\/div>\n","protected":false},"excerpt":{"rendered":"<p>Mudel SU.108.KO-ST EAN. 5907772074442 Materjal teras \u00dcldine k\u00f5rgus (cm) 8 \u00dcldine laius (cm) 3,2 Koguprojektsioon (cm) 5,5 Aluse m\u00f5\u00f5tmed (cm<\/p>\n","protected":false},"featured_media":91272,"comment_status":"open","ping_status":"closed","template":"","meta":{"_acf_changed":false,"pmpro_default_level":""},"product_brand":[],"product_cat":[24169,24162,23836],"product_tag":[],"class_list":{"0":"post-136337","1":"product","2":"type-product","3":"status-publish","4":"has-post-thumbnail","6":"product_cat-aknakaepidemed","7":"product_cat-kaepidemed","8":"product_cat-moobli-tarvikud","9":"pmpro-has-access","11":"first","12":"instock","13":"shipping-taxable","14":"purchasable","15":"product-type-simple"},"acf":[],"yoast_head":"<!-- This site is optimized with the Yoast SEO plugin v24.9 - https:\/\/yoast.com\/wordpress\/plugins\/seo\/ -->\n<title>Aknak\u00e4epide MALTA - MetalTale.com<\/title>\n<meta name=\"robots\" content=\"index, follow, max-snippet:-1, max-image-preview:large, max-video-preview:-1\" \/>\n<link rel=\"canonical\" href=\"https:\/\/metaltale.com\/et\/toode\/aknakaepide-malta\/\" \/>\n<meta property=\"og:locale\" content=\"et_EE\" \/>\n<meta property=\"og:type\" content=\"article\" \/>\n<meta property=\"og:title\" content=\"Aknak\u00e4epide MALTA - MetalTale.com\" \/>\n<meta property=\"og:description\" content=\"Mudel SU.108.KO-ST EAN. 5907772074442 Materjal teras \u00dcldine k\u00f5rgus (cm) 8 \u00dcldine laius (cm) 3,2 Koguprojektsioon (cm) 5,5 Aluse m\u00f5\u00f5tmed (cm\" \/>\n<meta property=\"og:url\" content=\"https:\/\/metaltale.com\/et\/toode\/aknakaepide-malta\/\" \/>\n<meta property=\"og:site_name\" content=\"MetalTale.com\" \/>\n<meta property=\"og:image\" content=\"https:\/\/metaltale.com\/wp-content\/uploads\/2023\/10\/Langx173-rankena-MALTA-STEEL.jpg\" \/>\n\t<meta property=\"og:image:width\" content=\"800\" \/>\n\t<meta property=\"og:image:height\" content=\"800\" \/>\n\t<meta property=\"og:image:type\" content=\"image\/jpeg\" \/>\n<meta name=\"twitter:card\" content=\"summary_large_image\" \/>\n<meta name=\"twitter:label1\" content=\"Est. reading time\" \/>\n\t<meta name=\"twitter:data1\" content=\"1 minut\" \/>\n<script type=\"application\/ld+json\" class=\"yoast-schema-graph\">{\"@context\":\"https:\/\/schema.org\",\"@graph\":[{\"@type\":\"WebPage\",\"@id\":\"https:\/\/metaltale.com\/et\/toode\/aknakaepide-malta\/\",\"url\":\"https:\/\/metaltale.com\/et\/toode\/aknakaepide-malta\/\",\"name\":\"Aknak\u00e4epide MALTA - MetalTale.com\",\"isPartOf\":{\"@id\":\"https:\/\/metaltale.com\/et\/#website\"},\"primaryImageOfPage\":{\"@id\":\"https:\/\/metaltale.com\/et\/toode\/aknakaepide-malta\/#primaryimage\"},\"image\":{\"@id\":\"https:\/\/metaltale.com\/et\/toode\/aknakaepide-malta\/#primaryimage\"},\"thumbnailUrl\":\"https:\/\/metaltale.com\/wp-content\/uploads\/2023\/10\/Langx173-rankena-MALTA-STEEL.jpg\",\"datePublished\":\"2024-02-13T12:59:43+00:00\",\"breadcrumb\":{\"@id\":\"https:\/\/metaltale.com\/et\/toode\/aknakaepide-malta\/#breadcrumb\"},\"inLanguage\":\"et\",\"potentialAction\":[{\"@type\":\"ReadAction\",\"target\":[\"https:\/\/metaltale.com\/et\/toode\/aknakaepide-malta\/\"]}]},{\"@type\":\"ImageObject\",\"inLanguage\":\"et\",\"@id\":\"https:\/\/metaltale.com\/et\/toode\/aknakaepide-malta\/#primaryimage\",\"url\":\"https:\/\/metaltale.com\/wp-content\/uploads\/2023\/10\/Langx173-rankena-MALTA-STEEL.jpg\",\"contentUrl\":\"https:\/\/metaltale.com\/wp-content\/uploads\/2023\/10\/Langx173-rankena-MALTA-STEEL.jpg\",\"width\":800,\"height\":800,\"caption\":\"Aknak\u00e4epide MALTA\"},{\"@type\":\"BreadcrumbList\",\"@id\":\"https:\/\/metaltale.com\/et\/toode\/aknakaepide-malta\/#breadcrumb\",\"itemListElement\":[{\"@type\":\"ListItem\",\"position\":1,\"name\":\"Home\",\"item\":\"https:\/\/metaltale.com\/et\/kodu\/\"},{\"@type\":\"ListItem\",\"position\":2,\"name\":\"Kauplus\",\"item\":\"https:\/\/metaltale.com\/et\/shop\/\"},{\"@type\":\"ListItem\",\"position\":3,\"name\":\"Aknak\u00e4epide MALTA\"}]},{\"@type\":\"WebSite\",\"@id\":\"https:\/\/metaltale.com\/et\/#website\",\"url\":\"https:\/\/metaltale.com\/et\/\",\"name\":\"Metaltale.com\",\"description\":\"\",\"potentialAction\":[{\"@type\":\"SearchAction\",\"target\":{\"@type\":\"EntryPoint\",\"urlTemplate\":\"https:\/\/metaltale.com\/et\/?s={search_term_string}\"},\"query-input\":{\"@type\":\"PropertyValueSpecification\",\"valueRequired\":true,\"valueName\":\"search_term_string\"}}],\"inLanguage\":\"et\"}]}<\/script>\n<!-- \/ Yoast SEO plugin. -->","yoast_head_json":{"title":"Aknak\u00e4epide MALTA - MetalTale.com","robots":{"index":"index","follow":"follow","max-snippet":"max-snippet:-1","max-image-preview":"max-image-preview:large","max-video-preview":"max-video-preview:-1"},"canonical":"https:\/\/metaltale.com\/et\/toode\/aknakaepide-malta\/","og_locale":"et_EE","og_type":"article","og_title":"Aknak\u00e4epide MALTA - MetalTale.com","og_description":"Mudel SU.108.KO-ST EAN. 5907772074442 Materjal teras \u00dcldine k\u00f5rgus (cm) 8 \u00dcldine laius (cm) 3,2 Koguprojektsioon (cm) 5,5 Aluse m\u00f5\u00f5tmed (cm","og_url":"https:\/\/metaltale.com\/et\/toode\/aknakaepide-malta\/","og_site_name":"MetalTale.com","og_image":[{"width":800,"height":800,"url":"https:\/\/metaltale.com\/wp-content\/uploads\/2023\/10\/Langx173-rankena-MALTA-STEEL.jpg","type":"image\/jpeg"}],"twitter_card":"summary_large_image","twitter_misc":{"Est. reading time":"1 minut"},"schema":{"@context":"https:\/\/schema.org","@graph":[{"@type":"WebPage","@id":"https:\/\/metaltale.com\/et\/toode\/aknakaepide-malta\/","url":"https:\/\/metaltale.com\/et\/toode\/aknakaepide-malta\/","name":"Aknak\u00e4epide MALTA - MetalTale.com","isPartOf":{"@id":"https:\/\/metaltale.com\/et\/#website"},"primaryImageOfPage":{"@id":"https:\/\/metaltale.com\/et\/toode\/aknakaepide-malta\/#primaryimage"},"image":{"@id":"https:\/\/metaltale.com\/et\/toode\/aknakaepide-malta\/#primaryimage"},"thumbnailUrl":"https:\/\/metaltale.com\/wp-content\/uploads\/2023\/10\/Langx173-rankena-MALTA-STEEL.jpg","datePublished":"2024-02-13T12:59:43+00:00","breadcrumb":{"@id":"https:\/\/metaltale.com\/et\/toode\/aknakaepide-malta\/#breadcrumb"},"inLanguage":"et","potentialAction":[{"@type":"ReadAction","target":["https:\/\/metaltale.com\/et\/toode\/aknakaepide-malta\/"]}]},{"@type":"ImageObject","inLanguage":"et","@id":"https:\/\/metaltale.com\/et\/toode\/aknakaepide-malta\/#primaryimage","url":"https:\/\/metaltale.com\/wp-content\/uploads\/2023\/10\/Langx173-rankena-MALTA-STEEL.jpg","contentUrl":"https:\/\/metaltale.com\/wp-content\/uploads\/2023\/10\/Langx173-rankena-MALTA-STEEL.jpg","width":800,"height":800,"caption":"Aknak\u00e4epide MALTA"},{"@type":"BreadcrumbList","@id":"https:\/\/metaltale.com\/et\/toode\/aknakaepide-malta\/#breadcrumb","itemListElement":[{"@type":"ListItem","position":1,"name":"Home","item":"https:\/\/metaltale.com\/et\/kodu\/"},{"@type":"ListItem","position":2,"name":"Kauplus","item":"https:\/\/metaltale.com\/et\/shop\/"},{"@type":"ListItem","position":3,"name":"Aknak\u00e4epide MALTA"}]},{"@type":"WebSite","@id":"https:\/\/metaltale.com\/et\/#website","url":"https:\/\/metaltale.com\/et\/","name":"Metaltale.com","description":"","potentialAction":[{"@type":"SearchAction","target":{"@type":"EntryPoint","urlTemplate":"https:\/\/metaltale.com\/et\/?s={search_term_string}"},"query-input":{"@type":"PropertyValueSpecification","valueRequired":true,"valueName":"search_term_string"}}],"inLanguage":"et"}]}},"_links":{"self":[{"href":"https:\/\/metaltale.com\/et\/wp-json\/wp\/v2\/product\/136337","targetHints":{"allow":["GET"]}}],"collection":[{"href":"https:\/\/metaltale.com\/et\/wp-json\/wp\/v2\/product"}],"about":[{"href":"https:\/\/metaltale.com\/et\/wp-json\/wp\/v2\/types\/product"}],"replies":[{"embeddable":true,"href":"https:\/\/metaltale.com\/et\/wp-json\/wp\/v2\/comments?post=136337"}],"version-history":[{"count":0,"href":"https:\/\/metaltale.com\/et\/wp-json\/wp\/v2\/product\/136337\/revisions"}],"wp:featuredmedia":[{"embeddable":true,"href":"https:\/\/metaltale.com\/et\/wp-json\/wp\/v2\/media\/91272"}],"wp:attachment":[{"href":"https:\/\/metaltale.com\/et\/wp-json\/wp\/v2\/media?parent=136337"}],"wp:term":[{"taxonomy":"product_brand","embeddable":true,"href":"https:\/\/metaltale.com\/et\/wp-json\/wp\/v2\/product_brand?post=136337"},{"taxonomy":"product_cat","embeddable":true,"href":"https:\/\/metaltale.com\/et\/wp-json\/wp\/v2\/product_cat?post=136337"},{"taxonomy":"product_tag","embeddable":true,"href":"https:\/\/metaltale.com\/et\/wp-json\/wp\/v2\/product_tag?post=136337"}],"curies":[{"name":"wp","href":"https:\/\/api.w.org\/{rel}","templated":true}]}}