{"id":136303,"date":"2024-02-13T14:59:43","date_gmt":"2024-02-13T12:59:43","guid":{"rendered":"https:\/\/metaltale.com\/produktas\/kaarjas-peegel-arch-1\/"},"modified":"2024-02-13T14:59:43","modified_gmt":"2024-02-13T12:59:43","slug":"kaarjas-peegel-arch-1","status":"publish","type":"product","link":"https:\/\/metaltale.com\/et\/toode\/kaarjas-peegel-arch-1\/","title":{"rendered":"Kaarjas peegel ARCH 1"},"content":{"rendered":"<div class=\"prod_data\"><strong>Mudel<\/strong> DI.6960  <br \/><strong>EAN.<\/strong>  5905369924514  <br \/><strong>Materjal<\/strong> Alumiinium  <br \/><strong>Paksus (cm)<\/strong> 3  <br \/><strong>\u00dcldine k\u00f5rgus (cm)<\/strong> 102  <br \/><strong>\u00dcldine laius (cm)<\/strong> 74  <br \/><strong>Vormid<\/strong> J\u00e4rgmine  <\/p>\n<p>&#8211; dekoratiivne vanas stiilis peegel<br \/>&#8211; pimedas raamis olev kaarega peegel<br \/>&#8211; Unikaalne disain lisab sisustusele elegantsust<\/p>\n<hr>\n<p>ARCH-peegli raam meenutab vanu puitaknaid. Retroefekti r\u00f5hutavad kriimustused ja v\u00e4rvilaigud. Suur rippuv peegel on kaunistus, mis kaunistab interj\u00f6\u00f6ri ja peegeldab valgust. Kaarev seinaviimistlus muudab t\u00e4ielikult tumeda saali iseloomu, andes sellele valguse. Raami mitmek\u00fclgne v\u00e4rvimine ei dikteeri selle stiili, nii et peeglit saab h\u00f5lpsasti kasutada nii rustikaalsetes, loft- kui ka retrokompositsioonides.<\/p>\n<\/div>\n","protected":false},"excerpt":{"rendered":"<p>Mudel DI.6960 EAN. 5905369924514 Materjal Alumiinium Paksus (cm) 3 \u00dcldine k\u00f5rgus (cm) 102 \u00dcldine laius (cm) 74 Vormid J\u00e4rgmine &#8211;<\/p>\n","protected":false},"featured_media":91352,"comment_status":"open","ping_status":"closed","template":"","meta":{"_acf_changed":false,"pmpro_default_level":""},"product_brand":[],"product_cat":[24147],"product_tag":[],"class_list":{"0":"post-136303","1":"product","2":"type-product","3":"status-publish","4":"has-post-thumbnail","6":"product_cat-peeglid","7":"pmpro-has-access","9":"first","10":"instock","11":"shipping-taxable","12":"purchasable","13":"product-type-simple"},"acf":[],"yoast_head":"<!-- This site is optimized with the Yoast SEO plugin v24.9 - https:\/\/yoast.com\/wordpress\/plugins\/seo\/ -->\n<title>Kaarjas peegel ARCH 1 - MetalTale.com<\/title>\n<meta name=\"robots\" content=\"index, follow, max-snippet:-1, max-image-preview:large, max-video-preview:-1\" \/>\n<link rel=\"canonical\" href=\"https:\/\/metaltale.com\/et\/toode\/kaarjas-peegel-arch-1\/\" \/>\n<meta property=\"og:locale\" content=\"et_EE\" \/>\n<meta property=\"og:type\" content=\"article\" \/>\n<meta property=\"og:title\" content=\"Kaarjas peegel ARCH 1 - MetalTale.com\" \/>\n<meta property=\"og:description\" content=\"Mudel DI.6960 EAN. 5905369924514 Materjal Alumiinium Paksus (cm) 3 \u00dcldine k\u00f5rgus (cm) 102 \u00dcldine laius (cm) 74 Vormid J\u00e4rgmine &#8211;\" \/>\n<meta property=\"og:url\" content=\"https:\/\/metaltale.com\/et\/toode\/kaarjas-peegel-arch-1\/\" \/>\n<meta property=\"og:site_name\" content=\"MetalTale.com\" \/>\n<meta name=\"twitter:card\" content=\"summary_large_image\" \/>\n<script type=\"application\/ld+json\" class=\"yoast-schema-graph\">{\"@context\":\"https:\/\/schema.org\",\"@graph\":[{\"@type\":\"WebPage\",\"@id\":\"https:\/\/metaltale.com\/et\/toode\/kaarjas-peegel-arch-1\/\",\"url\":\"https:\/\/metaltale.com\/et\/toode\/kaarjas-peegel-arch-1\/\",\"name\":\"Kaarjas peegel ARCH 1 - MetalTale.com\",\"isPartOf\":{\"@id\":\"https:\/\/metaltale.com\/et\/#website\"},\"primaryImageOfPage\":{\"@id\":\"https:\/\/metaltale.com\/et\/toode\/kaarjas-peegel-arch-1\/#primaryimage\"},\"image\":{\"@id\":\"https:\/\/metaltale.com\/et\/toode\/kaarjas-peegel-arch-1\/#primaryimage\"},\"thumbnailUrl\":\"https:\/\/metaltale.com\/wp-content\/uploads\/2023\/10\/Arkinis-veidrodis-ARCH-1.jpg\",\"datePublished\":\"2024-02-13T12:59:43+00:00\",\"breadcrumb\":{\"@id\":\"https:\/\/metaltale.com\/et\/toode\/kaarjas-peegel-arch-1\/#breadcrumb\"},\"inLanguage\":\"et\",\"potentialAction\":[{\"@type\":\"ReadAction\",\"target\":[\"https:\/\/metaltale.com\/et\/toode\/kaarjas-peegel-arch-1\/\"]}]},{\"@type\":\"ImageObject\",\"inLanguage\":\"et\",\"@id\":\"https:\/\/metaltale.com\/et\/toode\/kaarjas-peegel-arch-1\/#primaryimage\",\"url\":\"https:\/\/metaltale.com\/wp-content\/uploads\/2023\/10\/Arkinis-veidrodis-ARCH-1.jpg\",\"contentUrl\":\"https:\/\/metaltale.com\/wp-content\/uploads\/2023\/10\/Arkinis-veidrodis-ARCH-1.jpg\",\"width\":800,\"height\":800},{\"@type\":\"BreadcrumbList\",\"@id\":\"https:\/\/metaltale.com\/et\/toode\/kaarjas-peegel-arch-1\/#breadcrumb\",\"itemListElement\":[{\"@type\":\"ListItem\",\"position\":1,\"name\":\"Home\",\"item\":\"https:\/\/metaltale.com\/et\/kodu\/\"},{\"@type\":\"ListItem\",\"position\":2,\"name\":\"Kauplus\",\"item\":\"https:\/\/metaltale.com\/et\/shop\/\"},{\"@type\":\"ListItem\",\"position\":3,\"name\":\"Kaarjas peegel ARCH 1\"}]},{\"@type\":\"WebSite\",\"@id\":\"https:\/\/metaltale.com\/et\/#website\",\"url\":\"https:\/\/metaltale.com\/et\/\",\"name\":\"Metaltale.com\",\"description\":\"\",\"potentialAction\":[{\"@type\":\"SearchAction\",\"target\":{\"@type\":\"EntryPoint\",\"urlTemplate\":\"https:\/\/metaltale.com\/et\/?s={search_term_string}\"},\"query-input\":{\"@type\":\"PropertyValueSpecification\",\"valueRequired\":true,\"valueName\":\"search_term_string\"}}],\"inLanguage\":\"et\"}]}<\/script>\n<!-- \/ Yoast SEO plugin. -->","yoast_head_json":{"title":"Kaarjas peegel ARCH 1 - MetalTale.com","robots":{"index":"index","follow":"follow","max-snippet":"max-snippet:-1","max-image-preview":"max-image-preview:large","max-video-preview":"max-video-preview:-1"},"canonical":"https:\/\/metaltale.com\/et\/toode\/kaarjas-peegel-arch-1\/","og_locale":"et_EE","og_type":"article","og_title":"Kaarjas peegel ARCH 1 - MetalTale.com","og_description":"Mudel DI.6960 EAN. 5905369924514 Materjal Alumiinium Paksus (cm) 3 \u00dcldine k\u00f5rgus (cm) 102 \u00dcldine laius (cm) 74 Vormid J\u00e4rgmine &#8211;","og_url":"https:\/\/metaltale.com\/et\/toode\/kaarjas-peegel-arch-1\/","og_site_name":"MetalTale.com","twitter_card":"summary_large_image","schema":{"@context":"https:\/\/schema.org","@graph":[{"@type":"WebPage","@id":"https:\/\/metaltale.com\/et\/toode\/kaarjas-peegel-arch-1\/","url":"https:\/\/metaltale.com\/et\/toode\/kaarjas-peegel-arch-1\/","name":"Kaarjas peegel ARCH 1 - MetalTale.com","isPartOf":{"@id":"https:\/\/metaltale.com\/et\/#website"},"primaryImageOfPage":{"@id":"https:\/\/metaltale.com\/et\/toode\/kaarjas-peegel-arch-1\/#primaryimage"},"image":{"@id":"https:\/\/metaltale.com\/et\/toode\/kaarjas-peegel-arch-1\/#primaryimage"},"thumbnailUrl":"https:\/\/metaltale.com\/wp-content\/uploads\/2023\/10\/Arkinis-veidrodis-ARCH-1.jpg","datePublished":"2024-02-13T12:59:43+00:00","breadcrumb":{"@id":"https:\/\/metaltale.com\/et\/toode\/kaarjas-peegel-arch-1\/#breadcrumb"},"inLanguage":"et","potentialAction":[{"@type":"ReadAction","target":["https:\/\/metaltale.com\/et\/toode\/kaarjas-peegel-arch-1\/"]}]},{"@type":"ImageObject","inLanguage":"et","@id":"https:\/\/metaltale.com\/et\/toode\/kaarjas-peegel-arch-1\/#primaryimage","url":"https:\/\/metaltale.com\/wp-content\/uploads\/2023\/10\/Arkinis-veidrodis-ARCH-1.jpg","contentUrl":"https:\/\/metaltale.com\/wp-content\/uploads\/2023\/10\/Arkinis-veidrodis-ARCH-1.jpg","width":800,"height":800},{"@type":"BreadcrumbList","@id":"https:\/\/metaltale.com\/et\/toode\/kaarjas-peegel-arch-1\/#breadcrumb","itemListElement":[{"@type":"ListItem","position":1,"name":"Home","item":"https:\/\/metaltale.com\/et\/kodu\/"},{"@type":"ListItem","position":2,"name":"Kauplus","item":"https:\/\/metaltale.com\/et\/shop\/"},{"@type":"ListItem","position":3,"name":"Kaarjas peegel ARCH 1"}]},{"@type":"WebSite","@id":"https:\/\/metaltale.com\/et\/#website","url":"https:\/\/metaltale.com\/et\/","name":"Metaltale.com","description":"","potentialAction":[{"@type":"SearchAction","target":{"@type":"EntryPoint","urlTemplate":"https:\/\/metaltale.com\/et\/?s={search_term_string}"},"query-input":{"@type":"PropertyValueSpecification","valueRequired":true,"valueName":"search_term_string"}}],"inLanguage":"et"}]}},"_links":{"self":[{"href":"https:\/\/metaltale.com\/et\/wp-json\/wp\/v2\/product\/136303","targetHints":{"allow":["GET"]}}],"collection":[{"href":"https:\/\/metaltale.com\/et\/wp-json\/wp\/v2\/product"}],"about":[{"href":"https:\/\/metaltale.com\/et\/wp-json\/wp\/v2\/types\/product"}],"replies":[{"embeddable":true,"href":"https:\/\/metaltale.com\/et\/wp-json\/wp\/v2\/comments?post=136303"}],"version-history":[{"count":0,"href":"https:\/\/metaltale.com\/et\/wp-json\/wp\/v2\/product\/136303\/revisions"}],"wp:featuredmedia":[{"embeddable":true,"href":"https:\/\/metaltale.com\/et\/wp-json\/wp\/v2\/media\/91352"}],"wp:attachment":[{"href":"https:\/\/metaltale.com\/et\/wp-json\/wp\/v2\/media?parent=136303"}],"wp:term":[{"taxonomy":"product_brand","embeddable":true,"href":"https:\/\/metaltale.com\/et\/wp-json\/wp\/v2\/product_brand?post=136303"},{"taxonomy":"product_cat","embeddable":true,"href":"https:\/\/metaltale.com\/et\/wp-json\/wp\/v2\/product_cat?post=136303"},{"taxonomy":"product_tag","embeddable":true,"href":"https:\/\/metaltale.com\/et\/wp-json\/wp\/v2\/product_tag?post=136303"}],"curies":[{"name":"wp","href":"https:\/\/api.w.org\/{rel}","templated":true}]}}