{"id":136298,"date":"2024-02-13T14:59:43","date_gmt":"2024-02-13T12:59:43","guid":{"rendered":"https:\/\/metaltale.com\/produktas\/braso-ruudukujuline-seinapeegel\/"},"modified":"2024-02-13T14:59:43","modified_gmt":"2024-02-13T12:59:43","slug":"braso-ruudukujuline-seinapeegel","status":"publish","type":"product","link":"https:\/\/metaltale.com\/et\/toode\/braso-ruudukujuline-seinapeegel\/","title":{"rendered":"BRASO ruudukujuline seinapeegel"},"content":{"rendered":"<div class=\"prod_data\"><strong>Mudel<\/strong> DI.6963  <br \/><strong>EAN.<\/strong>  5905369924484  <br \/><strong>Materjal<\/strong> Alumiinium  <br \/><strong>Paksus (cm)<\/strong> 10  <br \/><strong>\u00dcldine k\u00f5rgus (cm)<\/strong> 53  <br \/><strong>\u00dcldine laius (cm)<\/strong> 53  <br \/><strong>Kujundid Ristk\u00fclikukujuline<\/strong>  <\/p>\n<p>&#8211; Riputatav peegel<br \/>&#8211; peegel dekoratiivses raamis<br \/>&#8211; minimalistlik v\u00e4limus, mille raami sees on kuldne viimistlus<\/p>\n<hr>\n<p>BRASO peegel pakub klassikalist ja t\u00f5estatud kuju, uuenduslikku vormi. Peegliklaas on \u00fcmbritsetud paksu musta ja kuldse raamiga. Toode on retroh\u00f5nguline ja tagasihoidlikult elegantne. Brasso sobib suurep\u00e4raselt valamu v\u00f5i riietuslaua kohal, aga ka teismeliste toas. Raam v\u00f5imaldab teil ka oma ehteid ajutiselt alla lasta.<\/p>\n<\/div>\n","protected":false},"excerpt":{"rendered":"<p>Mudel DI.6963 EAN. 5905369924484 Materjal Alumiinium Paksus (cm) 10 \u00dcldine k\u00f5rgus (cm) 53 \u00dcldine laius (cm) 53 Kujundid Ristk\u00fclikukujuline &#8211;<\/p>\n","protected":false},"featured_media":91299,"comment_status":"open","ping_status":"closed","template":"","meta":{"_acf_changed":false,"pmpro_default_level":""},"product_brand":[],"product_cat":[24147],"product_tag":[],"class_list":{"0":"post-136298","1":"product","2":"type-product","3":"status-publish","4":"has-post-thumbnail","6":"product_cat-peeglid","7":"pmpro-has-access","9":"first","10":"instock","11":"shipping-taxable","12":"purchasable","13":"product-type-simple"},"acf":[],"yoast_head":"<!-- This site is optimized with the Yoast SEO plugin v24.9 - https:\/\/yoast.com\/wordpress\/plugins\/seo\/ -->\n<title>BRASO ruudukujuline seinapeegel - MetalTale.com<\/title>\n<meta name=\"robots\" content=\"index, follow, max-snippet:-1, max-image-preview:large, max-video-preview:-1\" \/>\n<link rel=\"canonical\" href=\"https:\/\/metaltale.com\/et\/toode\/braso-ruudukujuline-seinapeegel\/\" \/>\n<meta property=\"og:locale\" content=\"et_EE\" \/>\n<meta property=\"og:type\" content=\"article\" \/>\n<meta property=\"og:title\" content=\"BRASO ruudukujuline seinapeegel - MetalTale.com\" \/>\n<meta property=\"og:description\" content=\"Mudel DI.6963 EAN. 5905369924484 Materjal Alumiinium Paksus (cm) 10 \u00dcldine k\u00f5rgus (cm) 53 \u00dcldine laius (cm) 53 Kujundid Ristk\u00fclikukujuline &#8211;\" \/>\n<meta property=\"og:url\" content=\"https:\/\/metaltale.com\/et\/toode\/braso-ruudukujuline-seinapeegel\/\" \/>\n<meta property=\"og:site_name\" content=\"MetalTale.com\" \/>\n<meta name=\"twitter:card\" content=\"summary_large_image\" \/>\n<script type=\"application\/ld+json\" class=\"yoast-schema-graph\">{\"@context\":\"https:\/\/schema.org\",\"@graph\":[{\"@type\":\"WebPage\",\"@id\":\"https:\/\/metaltale.com\/et\/toode\/braso-ruudukujuline-seinapeegel\/\",\"url\":\"https:\/\/metaltale.com\/et\/toode\/braso-ruudukujuline-seinapeegel\/\",\"name\":\"BRASO ruudukujuline seinapeegel - MetalTale.com\",\"isPartOf\":{\"@id\":\"https:\/\/metaltale.com\/et\/#website\"},\"primaryImageOfPage\":{\"@id\":\"https:\/\/metaltale.com\/et\/toode\/braso-ruudukujuline-seinapeegel\/#primaryimage\"},\"image\":{\"@id\":\"https:\/\/metaltale.com\/et\/toode\/braso-ruudukujuline-seinapeegel\/#primaryimage\"},\"thumbnailUrl\":\"https:\/\/metaltale.com\/wp-content\/uploads\/2023\/10\/Pakabinamas-veidrodis-BRASO.jpg\",\"datePublished\":\"2024-02-13T12:59:43+00:00\",\"breadcrumb\":{\"@id\":\"https:\/\/metaltale.com\/et\/toode\/braso-ruudukujuline-seinapeegel\/#breadcrumb\"},\"inLanguage\":\"et\",\"potentialAction\":[{\"@type\":\"ReadAction\",\"target\":[\"https:\/\/metaltale.com\/et\/toode\/braso-ruudukujuline-seinapeegel\/\"]}]},{\"@type\":\"ImageObject\",\"inLanguage\":\"et\",\"@id\":\"https:\/\/metaltale.com\/et\/toode\/braso-ruudukujuline-seinapeegel\/#primaryimage\",\"url\":\"https:\/\/metaltale.com\/wp-content\/uploads\/2023\/10\/Pakabinamas-veidrodis-BRASO.jpg\",\"contentUrl\":\"https:\/\/metaltale.com\/wp-content\/uploads\/2023\/10\/Pakabinamas-veidrodis-BRASO.jpg\",\"width\":800,\"height\":800},{\"@type\":\"BreadcrumbList\",\"@id\":\"https:\/\/metaltale.com\/et\/toode\/braso-ruudukujuline-seinapeegel\/#breadcrumb\",\"itemListElement\":[{\"@type\":\"ListItem\",\"position\":1,\"name\":\"Home\",\"item\":\"https:\/\/metaltale.com\/et\/kodu\/\"},{\"@type\":\"ListItem\",\"position\":2,\"name\":\"Kauplus\",\"item\":\"https:\/\/metaltale.com\/et\/shop\/\"},{\"@type\":\"ListItem\",\"position\":3,\"name\":\"BRASO ruudukujuline seinapeegel\"}]},{\"@type\":\"WebSite\",\"@id\":\"https:\/\/metaltale.com\/et\/#website\",\"url\":\"https:\/\/metaltale.com\/et\/\",\"name\":\"Metaltale.com\",\"description\":\"\",\"potentialAction\":[{\"@type\":\"SearchAction\",\"target\":{\"@type\":\"EntryPoint\",\"urlTemplate\":\"https:\/\/metaltale.com\/et\/?s={search_term_string}\"},\"query-input\":{\"@type\":\"PropertyValueSpecification\",\"valueRequired\":true,\"valueName\":\"search_term_string\"}}],\"inLanguage\":\"et\"}]}<\/script>\n<!-- \/ Yoast SEO plugin. -->","yoast_head_json":{"title":"BRASO ruudukujuline seinapeegel - MetalTale.com","robots":{"index":"index","follow":"follow","max-snippet":"max-snippet:-1","max-image-preview":"max-image-preview:large","max-video-preview":"max-video-preview:-1"},"canonical":"https:\/\/metaltale.com\/et\/toode\/braso-ruudukujuline-seinapeegel\/","og_locale":"et_EE","og_type":"article","og_title":"BRASO ruudukujuline seinapeegel - MetalTale.com","og_description":"Mudel DI.6963 EAN. 5905369924484 Materjal Alumiinium Paksus (cm) 10 \u00dcldine k\u00f5rgus (cm) 53 \u00dcldine laius (cm) 53 Kujundid Ristk\u00fclikukujuline &#8211;","og_url":"https:\/\/metaltale.com\/et\/toode\/braso-ruudukujuline-seinapeegel\/","og_site_name":"MetalTale.com","twitter_card":"summary_large_image","schema":{"@context":"https:\/\/schema.org","@graph":[{"@type":"WebPage","@id":"https:\/\/metaltale.com\/et\/toode\/braso-ruudukujuline-seinapeegel\/","url":"https:\/\/metaltale.com\/et\/toode\/braso-ruudukujuline-seinapeegel\/","name":"BRASO ruudukujuline seinapeegel - MetalTale.com","isPartOf":{"@id":"https:\/\/metaltale.com\/et\/#website"},"primaryImageOfPage":{"@id":"https:\/\/metaltale.com\/et\/toode\/braso-ruudukujuline-seinapeegel\/#primaryimage"},"image":{"@id":"https:\/\/metaltale.com\/et\/toode\/braso-ruudukujuline-seinapeegel\/#primaryimage"},"thumbnailUrl":"https:\/\/metaltale.com\/wp-content\/uploads\/2023\/10\/Pakabinamas-veidrodis-BRASO.jpg","datePublished":"2024-02-13T12:59:43+00:00","breadcrumb":{"@id":"https:\/\/metaltale.com\/et\/toode\/braso-ruudukujuline-seinapeegel\/#breadcrumb"},"inLanguage":"et","potentialAction":[{"@type":"ReadAction","target":["https:\/\/metaltale.com\/et\/toode\/braso-ruudukujuline-seinapeegel\/"]}]},{"@type":"ImageObject","inLanguage":"et","@id":"https:\/\/metaltale.com\/et\/toode\/braso-ruudukujuline-seinapeegel\/#primaryimage","url":"https:\/\/metaltale.com\/wp-content\/uploads\/2023\/10\/Pakabinamas-veidrodis-BRASO.jpg","contentUrl":"https:\/\/metaltale.com\/wp-content\/uploads\/2023\/10\/Pakabinamas-veidrodis-BRASO.jpg","width":800,"height":800},{"@type":"BreadcrumbList","@id":"https:\/\/metaltale.com\/et\/toode\/braso-ruudukujuline-seinapeegel\/#breadcrumb","itemListElement":[{"@type":"ListItem","position":1,"name":"Home","item":"https:\/\/metaltale.com\/et\/kodu\/"},{"@type":"ListItem","position":2,"name":"Kauplus","item":"https:\/\/metaltale.com\/et\/shop\/"},{"@type":"ListItem","position":3,"name":"BRASO ruudukujuline seinapeegel"}]},{"@type":"WebSite","@id":"https:\/\/metaltale.com\/et\/#website","url":"https:\/\/metaltale.com\/et\/","name":"Metaltale.com","description":"","potentialAction":[{"@type":"SearchAction","target":{"@type":"EntryPoint","urlTemplate":"https:\/\/metaltale.com\/et\/?s={search_term_string}"},"query-input":{"@type":"PropertyValueSpecification","valueRequired":true,"valueName":"search_term_string"}}],"inLanguage":"et"}]}},"_links":{"self":[{"href":"https:\/\/metaltale.com\/et\/wp-json\/wp\/v2\/product\/136298","targetHints":{"allow":["GET"]}}],"collection":[{"href":"https:\/\/metaltale.com\/et\/wp-json\/wp\/v2\/product"}],"about":[{"href":"https:\/\/metaltale.com\/et\/wp-json\/wp\/v2\/types\/product"}],"replies":[{"embeddable":true,"href":"https:\/\/metaltale.com\/et\/wp-json\/wp\/v2\/comments?post=136298"}],"version-history":[{"count":0,"href":"https:\/\/metaltale.com\/et\/wp-json\/wp\/v2\/product\/136298\/revisions"}],"wp:featuredmedia":[{"embeddable":true,"href":"https:\/\/metaltale.com\/et\/wp-json\/wp\/v2\/media\/91299"}],"wp:attachment":[{"href":"https:\/\/metaltale.com\/et\/wp-json\/wp\/v2\/media?parent=136298"}],"wp:term":[{"taxonomy":"product_brand","embeddable":true,"href":"https:\/\/metaltale.com\/et\/wp-json\/wp\/v2\/product_brand?post=136298"},{"taxonomy":"product_cat","embeddable":true,"href":"https:\/\/metaltale.com\/et\/wp-json\/wp\/v2\/product_cat?post=136298"},{"taxonomy":"product_tag","embeddable":true,"href":"https:\/\/metaltale.com\/et\/wp-json\/wp\/v2\/product_tag?post=136298"}],"curies":[{"name":"wp","href":"https:\/\/api.w.org\/{rel}","templated":true}]}}