{"id":136293,"date":"2024-02-13T15:03:04","date_gmt":"2024-02-13T13:03:04","guid":{"rendered":"https:\/\/metaltale.com\/produktas\/roivakonksud-small-railway-lakitud-terasest\/"},"modified":"2024-02-13T15:03:04","modified_gmt":"2024-02-13T13:03:04","slug":"roivakonksud-small-railway-lakitud-terasest","status":"publish","type":"product","link":"https:\/\/metaltale.com\/et\/toode\/roivakonksud-small-railway-lakitud-terasest\/","title":{"rendered":"R\u00f5ivakonksud SMALL RAILWAY lakitud terasest"},"content":{"rendered":"<div class=\"prod_data\">\n<p><strong>Mudel<\/strong> RS. HK.2015.PRGR<br \/>\nMaterjal Ketus<br \/>\n<strong>Paksus (cm<\/strong> ) 0,8<br \/>\n<strong>\u00dcldine k\u00f5rgus (cm)<\/strong> 13<br \/>\n<strong>\u00dcldine laius (cm)<\/strong> 3<br \/>\nKoguprojektsioon (cm) 5,5<br \/>\n<strong>T\u00fc\u00fcp<\/strong> \u00dcksik<br \/>\nPaigalduskruvid Jah<br \/>\n<strong>Viimistlus<\/strong> Lakitud<\/p>\n<p>&#8211; konks on valmistatud k\u00f5rgeima kvaliteediga malmist, mis tagab meile aastatepikkuse kasutuse.<br \/>\n&#8211; Raudteek\u00fc\u00fcnte kujulise konksu originaalne kuju muudab selle ka ebatavaliseks seinakaunistuseks.<br \/>\n&#8211; toode on varustatud kinnituskruvidega, mis v\u00f5imaldab seda h\u00f5lpsasti seinale kinnitada.<\/p>\n<hr>\n<p>Isegi v\u00e4ikseimad detailid ja h\u00e4sti kavandatud retrotarvikud v\u00f5ivad oluliselt suurendada kogu m\u00f5\u00f5tmise visuaalset m\u00f5ju. T\u00e4nu \u00f5igetele tarvikutele saame anda teie m\u00f5\u00f5tmistele kiiresti t\u00fc\u00fcpilise maa-atmosf\u00e4\u00e4ri.<\/p>\n<p>Esitatud konks n\u00e4eb v\u00e4lja nagu massiivne, painutatud raudtee nael. Tekstuur n\u00e4ib olevat veidi krobeline ja pinnal on n\u00e4ha ka kriimustusi, mis lisab tootele ainult retroh\u00f5ngulist iseloomu. T\u00e4nu sellele, et see on valmistatud k\u00f5rgeima kvaliteediga malmist, on see v\u00e4ga vastupidav ja kauakestev, mis t\u00e4hendab, et see teenib meid pikka aega.<\/p>\n<\/div>\n","protected":false},"excerpt":{"rendered":"<p>Mudel RS. HK.2015.PRGR Materjal Ketus Paksus (cm ) 0,8 \u00dcldine k\u00f5rgus (cm) 13 \u00dcldine laius (cm) 3 Koguprojektsioon (cm) 5,5<\/p>\n","protected":false},"featured_media":131190,"comment_status":"open","ping_status":"closed","template":"","meta":{"_acf_changed":false,"pmpro_default_level":""},"product_brand":[],"product_cat":[24176,23836],"product_tag":[],"class_list":{"0":"post-136293","1":"product","2":"type-product","3":"status-publish","4":"has-post-thumbnail","6":"product_cat-ripatsid-ja-konksud","7":"product_cat-moobli-tarvikud","8":"pmpro-has-access","10":"first","11":"instock","12":"shipping-taxable","13":"purchasable","14":"product-type-simple"},"acf":[],"yoast_head":"<!-- This site is optimized with the Yoast SEO plugin v24.9 - https:\/\/yoast.com\/wordpress\/plugins\/seo\/ -->\n<title>R\u00f5ivakonksud SMALL RAILWAY lakitud terasest - MetalTale.com<\/title>\n<meta name=\"robots\" content=\"index, follow, max-snippet:-1, max-image-preview:large, max-video-preview:-1\" \/>\n<link rel=\"canonical\" href=\"https:\/\/metaltale.com\/et\/toode\/roivakonksud-small-railway-lakitud-terasest\/\" \/>\n<meta property=\"og:locale\" content=\"et_EE\" \/>\n<meta property=\"og:type\" content=\"article\" \/>\n<meta property=\"og:title\" content=\"R\u00f5ivakonksud SMALL RAILWAY lakitud terasest - MetalTale.com\" \/>\n<meta property=\"og:description\" content=\"Mudel RS. HK.2015.PRGR Materjal Ketus Paksus (cm ) 0,8 \u00dcldine k\u00f5rgus (cm) 13 \u00dcldine laius (cm) 3 Koguprojektsioon (cm) 5,5\" \/>\n<meta property=\"og:url\" content=\"https:\/\/metaltale.com\/et\/toode\/roivakonksud-small-railway-lakitud-terasest\/\" \/>\n<meta property=\"og:site_name\" content=\"MetalTale.com\" \/>\n<meta property=\"og:image\" content=\"https:\/\/metaltale.com\/wp-content\/uploads\/2024\/02\/Kabliukai-rubams-SMALL-RAILWAY-lakuotas-plienas.jpg\" \/>\n\t<meta property=\"og:image:width\" content=\"800\" \/>\n\t<meta property=\"og:image:height\" content=\"800\" \/>\n\t<meta property=\"og:image:type\" content=\"image\/jpeg\" \/>\n<meta name=\"twitter:card\" content=\"summary_large_image\" \/>\n<meta name=\"twitter:label1\" content=\"Est. reading time\" \/>\n\t<meta name=\"twitter:data1\" content=\"1 minut\" \/>\n<script type=\"application\/ld+json\" class=\"yoast-schema-graph\">{\"@context\":\"https:\/\/schema.org\",\"@graph\":[{\"@type\":\"WebPage\",\"@id\":\"https:\/\/metaltale.com\/et\/toode\/roivakonksud-small-railway-lakitud-terasest\/\",\"url\":\"https:\/\/metaltale.com\/et\/toode\/roivakonksud-small-railway-lakitud-terasest\/\",\"name\":\"R\u00f5ivakonksud SMALL RAILWAY lakitud terasest - MetalTale.com\",\"isPartOf\":{\"@id\":\"https:\/\/metaltale.com\/et\/#website\"},\"primaryImageOfPage\":{\"@id\":\"https:\/\/metaltale.com\/et\/toode\/roivakonksud-small-railway-lakitud-terasest\/#primaryimage\"},\"image\":{\"@id\":\"https:\/\/metaltale.com\/et\/toode\/roivakonksud-small-railway-lakitud-terasest\/#primaryimage\"},\"thumbnailUrl\":\"https:\/\/metaltale.com\/wp-content\/uploads\/2024\/02\/Kabliukai-rubams-SMALL-RAILWAY-lakuotas-plienas.jpg\",\"datePublished\":\"2024-02-13T13:03:04+00:00\",\"breadcrumb\":{\"@id\":\"https:\/\/metaltale.com\/et\/toode\/roivakonksud-small-railway-lakitud-terasest\/#breadcrumb\"},\"inLanguage\":\"et\",\"potentialAction\":[{\"@type\":\"ReadAction\",\"target\":[\"https:\/\/metaltale.com\/et\/toode\/roivakonksud-small-railway-lakitud-terasest\/\"]}]},{\"@type\":\"ImageObject\",\"inLanguage\":\"et\",\"@id\":\"https:\/\/metaltale.com\/et\/toode\/roivakonksud-small-railway-lakitud-terasest\/#primaryimage\",\"url\":\"https:\/\/metaltale.com\/wp-content\/uploads\/2024\/02\/Kabliukai-rubams-SMALL-RAILWAY-lakuotas-plienas.jpg\",\"contentUrl\":\"https:\/\/metaltale.com\/wp-content\/uploads\/2024\/02\/Kabliukai-rubams-SMALL-RAILWAY-lakuotas-plienas.jpg\",\"width\":800,\"height\":800},{\"@type\":\"BreadcrumbList\",\"@id\":\"https:\/\/metaltale.com\/et\/toode\/roivakonksud-small-railway-lakitud-terasest\/#breadcrumb\",\"itemListElement\":[{\"@type\":\"ListItem\",\"position\":1,\"name\":\"Home\",\"item\":\"https:\/\/metaltale.com\/et\/kodu\/\"},{\"@type\":\"ListItem\",\"position\":2,\"name\":\"Kauplus\",\"item\":\"https:\/\/metaltale.com\/et\/shop\/\"},{\"@type\":\"ListItem\",\"position\":3,\"name\":\"R\u00f5ivakonksud SMALL RAILWAY lakitud terasest\"}]},{\"@type\":\"WebSite\",\"@id\":\"https:\/\/metaltale.com\/et\/#website\",\"url\":\"https:\/\/metaltale.com\/et\/\",\"name\":\"Metaltale.com\",\"description\":\"\",\"potentialAction\":[{\"@type\":\"SearchAction\",\"target\":{\"@type\":\"EntryPoint\",\"urlTemplate\":\"https:\/\/metaltale.com\/et\/?s={search_term_string}\"},\"query-input\":{\"@type\":\"PropertyValueSpecification\",\"valueRequired\":true,\"valueName\":\"search_term_string\"}}],\"inLanguage\":\"et\"}]}<\/script>\n<!-- \/ Yoast SEO plugin. -->","yoast_head_json":{"title":"R\u00f5ivakonksud SMALL RAILWAY lakitud terasest - MetalTale.com","robots":{"index":"index","follow":"follow","max-snippet":"max-snippet:-1","max-image-preview":"max-image-preview:large","max-video-preview":"max-video-preview:-1"},"canonical":"https:\/\/metaltale.com\/et\/toode\/roivakonksud-small-railway-lakitud-terasest\/","og_locale":"et_EE","og_type":"article","og_title":"R\u00f5ivakonksud SMALL RAILWAY lakitud terasest - MetalTale.com","og_description":"Mudel RS. HK.2015.PRGR Materjal Ketus Paksus (cm ) 0,8 \u00dcldine k\u00f5rgus (cm) 13 \u00dcldine laius (cm) 3 Koguprojektsioon (cm) 5,5","og_url":"https:\/\/metaltale.com\/et\/toode\/roivakonksud-small-railway-lakitud-terasest\/","og_site_name":"MetalTale.com","og_image":[{"width":800,"height":800,"url":"https:\/\/metaltale.com\/wp-content\/uploads\/2024\/02\/Kabliukai-rubams-SMALL-RAILWAY-lakuotas-plienas.jpg","type":"image\/jpeg"}],"twitter_card":"summary_large_image","twitter_misc":{"Est. reading time":"1 minut"},"schema":{"@context":"https:\/\/schema.org","@graph":[{"@type":"WebPage","@id":"https:\/\/metaltale.com\/et\/toode\/roivakonksud-small-railway-lakitud-terasest\/","url":"https:\/\/metaltale.com\/et\/toode\/roivakonksud-small-railway-lakitud-terasest\/","name":"R\u00f5ivakonksud SMALL RAILWAY lakitud terasest - MetalTale.com","isPartOf":{"@id":"https:\/\/metaltale.com\/et\/#website"},"primaryImageOfPage":{"@id":"https:\/\/metaltale.com\/et\/toode\/roivakonksud-small-railway-lakitud-terasest\/#primaryimage"},"image":{"@id":"https:\/\/metaltale.com\/et\/toode\/roivakonksud-small-railway-lakitud-terasest\/#primaryimage"},"thumbnailUrl":"https:\/\/metaltale.com\/wp-content\/uploads\/2024\/02\/Kabliukai-rubams-SMALL-RAILWAY-lakuotas-plienas.jpg","datePublished":"2024-02-13T13:03:04+00:00","breadcrumb":{"@id":"https:\/\/metaltale.com\/et\/toode\/roivakonksud-small-railway-lakitud-terasest\/#breadcrumb"},"inLanguage":"et","potentialAction":[{"@type":"ReadAction","target":["https:\/\/metaltale.com\/et\/toode\/roivakonksud-small-railway-lakitud-terasest\/"]}]},{"@type":"ImageObject","inLanguage":"et","@id":"https:\/\/metaltale.com\/et\/toode\/roivakonksud-small-railway-lakitud-terasest\/#primaryimage","url":"https:\/\/metaltale.com\/wp-content\/uploads\/2024\/02\/Kabliukai-rubams-SMALL-RAILWAY-lakuotas-plienas.jpg","contentUrl":"https:\/\/metaltale.com\/wp-content\/uploads\/2024\/02\/Kabliukai-rubams-SMALL-RAILWAY-lakuotas-plienas.jpg","width":800,"height":800},{"@type":"BreadcrumbList","@id":"https:\/\/metaltale.com\/et\/toode\/roivakonksud-small-railway-lakitud-terasest\/#breadcrumb","itemListElement":[{"@type":"ListItem","position":1,"name":"Home","item":"https:\/\/metaltale.com\/et\/kodu\/"},{"@type":"ListItem","position":2,"name":"Kauplus","item":"https:\/\/metaltale.com\/et\/shop\/"},{"@type":"ListItem","position":3,"name":"R\u00f5ivakonksud SMALL RAILWAY lakitud terasest"}]},{"@type":"WebSite","@id":"https:\/\/metaltale.com\/et\/#website","url":"https:\/\/metaltale.com\/et\/","name":"Metaltale.com","description":"","potentialAction":[{"@type":"SearchAction","target":{"@type":"EntryPoint","urlTemplate":"https:\/\/metaltale.com\/et\/?s={search_term_string}"},"query-input":{"@type":"PropertyValueSpecification","valueRequired":true,"valueName":"search_term_string"}}],"inLanguage":"et"}]}},"_links":{"self":[{"href":"https:\/\/metaltale.com\/et\/wp-json\/wp\/v2\/product\/136293","targetHints":{"allow":["GET"]}}],"collection":[{"href":"https:\/\/metaltale.com\/et\/wp-json\/wp\/v2\/product"}],"about":[{"href":"https:\/\/metaltale.com\/et\/wp-json\/wp\/v2\/types\/product"}],"replies":[{"embeddable":true,"href":"https:\/\/metaltale.com\/et\/wp-json\/wp\/v2\/comments?post=136293"}],"version-history":[{"count":0,"href":"https:\/\/metaltale.com\/et\/wp-json\/wp\/v2\/product\/136293\/revisions"}],"wp:featuredmedia":[{"embeddable":true,"href":"https:\/\/metaltale.com\/et\/wp-json\/wp\/v2\/media\/131190"}],"wp:attachment":[{"href":"https:\/\/metaltale.com\/et\/wp-json\/wp\/v2\/media?parent=136293"}],"wp:term":[{"taxonomy":"product_brand","embeddable":true,"href":"https:\/\/metaltale.com\/et\/wp-json\/wp\/v2\/product_brand?post=136293"},{"taxonomy":"product_cat","embeddable":true,"href":"https:\/\/metaltale.com\/et\/wp-json\/wp\/v2\/product_cat?post=136293"},{"taxonomy":"product_tag","embeddable":true,"href":"https:\/\/metaltale.com\/et\/wp-json\/wp\/v2\/product_tag?post=136293"}],"curies":[{"name":"wp","href":"https:\/\/api.w.org\/{rel}","templated":true}]}}