{"id":136280,"date":"2024-02-13T15:03:04","date_gmt":"2024-02-13T13:03:04","guid":{"rendered":"https:\/\/metaltale.com\/produktas\/roivaste-koneleja-paul\/"},"modified":"2024-02-13T15:03:04","modified_gmt":"2024-02-13T13:03:04","slug":"roivaste-koneleja-paul","status":"publish","type":"product","link":"https:\/\/metaltale.com\/et\/toode\/roivaste-koneleja-paul\/","title":{"rendered":"R\u00f5ivaste k\u00f5neleja PAUL"},"content":{"rendered":"<div class=\"prod_data\">\n<p><strong>Mudel<\/strong> RS. HK. CZ. PRGR<br \/>\nMaterjal Ketus<br \/>\n<strong>Koguk\u00f5rgus (cm<\/strong> ) Valikuv\u00f5imalus<br \/>\n<strong>T\u00fc\u00fcp<\/strong> \u00dcksik<br \/>\nPaigalduskruvid Jah<br \/>\nV\u00e4rv Must<br \/>\nViimistlus Matte<br \/>\nKogus komplekti kohta 1 tk.<\/p>\n<p>&#8211; konks on valmistatud k\u00f5rgeima kvaliteediga malmist, mis tagab meile aastatepikkuse kasutuse.<br \/>\n&#8211; algup\u00e4rane meessoost vorm, konks m\u00e4ngib ka seinakaunistuste rolli<br \/>\n&#8211; Sisaldab kinnituskruvid lihtsaks seinakinnituseks<\/p>\n<hr>\n<p>Isegi v\u00e4ikseimad detailid ja h\u00e4sti kavandatud retrotarvikud v\u00f5ivad oluliselt suurendada kogu m\u00f5\u00f5tmise visuaalset m\u00f5ju. T\u00e4nu \u00f5igetele tarvikutele saame anda teie m\u00f5\u00f5tmistele kiiresti t\u00fc\u00fcpilise maa-atmosf\u00e4\u00e4ri.<\/p>\n<p>Pakutavad konksud on valmistatud k\u00f5rgeima kvaliteediga materjalist, mis kestab meil aastaid. Roniva v\u00f5i h\u00fcppava mehe kuju lisab originaalsust. Lisaks r\u00f5hutas retroh\u00f5ngulist iseloomu tugevalt intensiivne ja matt must v\u00e4rvus. Konksud paigaldatakse t\u00e4nu kaasasolevatele \u00f5rnadele kinnitusaukudele ja kruvidele.<\/p>\n<\/div>\n","protected":false},"excerpt":{"rendered":"<p>Mudel RS. HK. CZ. PRGR Materjal Ketus Koguk\u00f5rgus (cm ) Valikuv\u00f5imalus T\u00fc\u00fcp \u00dcksik Paigalduskruvid Jah V\u00e4rv Must Viimistlus Matte Kogus<\/p>\n","protected":false},"featured_media":131196,"comment_status":"open","ping_status":"closed","template":"","meta":{"_acf_changed":false,"pmpro_default_level":""},"product_brand":[],"product_cat":[24176,23836],"product_tag":[],"class_list":{"0":"post-136280","1":"product","2":"type-product","3":"status-publish","4":"has-post-thumbnail","6":"product_cat-ripatsid-ja-konksud","7":"product_cat-moobli-tarvikud","8":"pmpro-has-access","10":"first","11":"instock","12":"shipping-taxable","13":"purchasable","14":"product-type-simple"},"acf":[],"yoast_head":"<!-- This site is optimized with the Yoast SEO plugin v24.9 - https:\/\/yoast.com\/wordpress\/plugins\/seo\/ -->\n<title>R\u00f5ivaste k\u00f5neleja PAUL - MetalTale.com<\/title>\n<meta name=\"robots\" content=\"index, follow, max-snippet:-1, max-image-preview:large, max-video-preview:-1\" \/>\n<link rel=\"canonical\" href=\"https:\/\/metaltale.com\/et\/toode\/roivaste-koneleja-paul\/\" \/>\n<meta property=\"og:locale\" content=\"et_EE\" \/>\n<meta property=\"og:type\" content=\"article\" \/>\n<meta property=\"og:title\" content=\"R\u00f5ivaste k\u00f5neleja PAUL - MetalTale.com\" \/>\n<meta property=\"og:description\" content=\"Mudel RS. HK. CZ. PRGR Materjal Ketus Koguk\u00f5rgus (cm ) Valikuv\u00f5imalus T\u00fc\u00fcp \u00dcksik Paigalduskruvid Jah V\u00e4rv Must Viimistlus Matte Kogus\" \/>\n<meta property=\"og:url\" content=\"https:\/\/metaltale.com\/et\/toode\/roivaste-koneleja-paul\/\" \/>\n<meta property=\"og:site_name\" content=\"MetalTale.com\" \/>\n<meta property=\"og:image\" content=\"https:\/\/metaltale.com\/wp-content\/uploads\/2024\/02\/Kalbiukas-rubams-PAUL.jpg\" \/>\n\t<meta property=\"og:image:width\" content=\"800\" \/>\n\t<meta property=\"og:image:height\" content=\"800\" \/>\n\t<meta property=\"og:image:type\" content=\"image\/jpeg\" \/>\n<meta name=\"twitter:card\" content=\"summary_large_image\" \/>\n<meta name=\"twitter:label1\" content=\"Est. reading time\" \/>\n\t<meta name=\"twitter:data1\" content=\"1 minut\" \/>\n<script type=\"application\/ld+json\" class=\"yoast-schema-graph\">{\"@context\":\"https:\/\/schema.org\",\"@graph\":[{\"@type\":\"WebPage\",\"@id\":\"https:\/\/metaltale.com\/et\/toode\/roivaste-koneleja-paul\/\",\"url\":\"https:\/\/metaltale.com\/et\/toode\/roivaste-koneleja-paul\/\",\"name\":\"R\u00f5ivaste k\u00f5neleja PAUL - MetalTale.com\",\"isPartOf\":{\"@id\":\"https:\/\/metaltale.com\/et\/#website\"},\"primaryImageOfPage\":{\"@id\":\"https:\/\/metaltale.com\/et\/toode\/roivaste-koneleja-paul\/#primaryimage\"},\"image\":{\"@id\":\"https:\/\/metaltale.com\/et\/toode\/roivaste-koneleja-paul\/#primaryimage\"},\"thumbnailUrl\":\"https:\/\/metaltale.com\/wp-content\/uploads\/2024\/02\/Kalbiukas-rubams-PAUL.jpg\",\"datePublished\":\"2024-02-13T13:03:04+00:00\",\"breadcrumb\":{\"@id\":\"https:\/\/metaltale.com\/et\/toode\/roivaste-koneleja-paul\/#breadcrumb\"},\"inLanguage\":\"et\",\"potentialAction\":[{\"@type\":\"ReadAction\",\"target\":[\"https:\/\/metaltale.com\/et\/toode\/roivaste-koneleja-paul\/\"]}]},{\"@type\":\"ImageObject\",\"inLanguage\":\"et\",\"@id\":\"https:\/\/metaltale.com\/et\/toode\/roivaste-koneleja-paul\/#primaryimage\",\"url\":\"https:\/\/metaltale.com\/wp-content\/uploads\/2024\/02\/Kalbiukas-rubams-PAUL.jpg\",\"contentUrl\":\"https:\/\/metaltale.com\/wp-content\/uploads\/2024\/02\/Kalbiukas-rubams-PAUL.jpg\",\"width\":800,\"height\":800,\"caption\":\"R\u00f5ivaste k\u00f5neleja PAUL\"},{\"@type\":\"BreadcrumbList\",\"@id\":\"https:\/\/metaltale.com\/et\/toode\/roivaste-koneleja-paul\/#breadcrumb\",\"itemListElement\":[{\"@type\":\"ListItem\",\"position\":1,\"name\":\"Home\",\"item\":\"https:\/\/metaltale.com\/et\/kodu\/\"},{\"@type\":\"ListItem\",\"position\":2,\"name\":\"Kauplus\",\"item\":\"https:\/\/metaltale.com\/et\/shop\/\"},{\"@type\":\"ListItem\",\"position\":3,\"name\":\"R\u00f5ivaste k\u00f5neleja PAUL\"}]},{\"@type\":\"WebSite\",\"@id\":\"https:\/\/metaltale.com\/et\/#website\",\"url\":\"https:\/\/metaltale.com\/et\/\",\"name\":\"Metaltale.com\",\"description\":\"\",\"potentialAction\":[{\"@type\":\"SearchAction\",\"target\":{\"@type\":\"EntryPoint\",\"urlTemplate\":\"https:\/\/metaltale.com\/et\/?s={search_term_string}\"},\"query-input\":{\"@type\":\"PropertyValueSpecification\",\"valueRequired\":true,\"valueName\":\"search_term_string\"}}],\"inLanguage\":\"et\"}]}<\/script>\n<!-- \/ Yoast SEO plugin. -->","yoast_head_json":{"title":"R\u00f5ivaste k\u00f5neleja PAUL - MetalTale.com","robots":{"index":"index","follow":"follow","max-snippet":"max-snippet:-1","max-image-preview":"max-image-preview:large","max-video-preview":"max-video-preview:-1"},"canonical":"https:\/\/metaltale.com\/et\/toode\/roivaste-koneleja-paul\/","og_locale":"et_EE","og_type":"article","og_title":"R\u00f5ivaste k\u00f5neleja PAUL - MetalTale.com","og_description":"Mudel RS. HK. CZ. PRGR Materjal Ketus Koguk\u00f5rgus (cm ) Valikuv\u00f5imalus T\u00fc\u00fcp \u00dcksik Paigalduskruvid Jah V\u00e4rv Must Viimistlus Matte Kogus","og_url":"https:\/\/metaltale.com\/et\/toode\/roivaste-koneleja-paul\/","og_site_name":"MetalTale.com","og_image":[{"width":800,"height":800,"url":"https:\/\/metaltale.com\/wp-content\/uploads\/2024\/02\/Kalbiukas-rubams-PAUL.jpg","type":"image\/jpeg"}],"twitter_card":"summary_large_image","twitter_misc":{"Est. reading time":"1 minut"},"schema":{"@context":"https:\/\/schema.org","@graph":[{"@type":"WebPage","@id":"https:\/\/metaltale.com\/et\/toode\/roivaste-koneleja-paul\/","url":"https:\/\/metaltale.com\/et\/toode\/roivaste-koneleja-paul\/","name":"R\u00f5ivaste k\u00f5neleja PAUL - MetalTale.com","isPartOf":{"@id":"https:\/\/metaltale.com\/et\/#website"},"primaryImageOfPage":{"@id":"https:\/\/metaltale.com\/et\/toode\/roivaste-koneleja-paul\/#primaryimage"},"image":{"@id":"https:\/\/metaltale.com\/et\/toode\/roivaste-koneleja-paul\/#primaryimage"},"thumbnailUrl":"https:\/\/metaltale.com\/wp-content\/uploads\/2024\/02\/Kalbiukas-rubams-PAUL.jpg","datePublished":"2024-02-13T13:03:04+00:00","breadcrumb":{"@id":"https:\/\/metaltale.com\/et\/toode\/roivaste-koneleja-paul\/#breadcrumb"},"inLanguage":"et","potentialAction":[{"@type":"ReadAction","target":["https:\/\/metaltale.com\/et\/toode\/roivaste-koneleja-paul\/"]}]},{"@type":"ImageObject","inLanguage":"et","@id":"https:\/\/metaltale.com\/et\/toode\/roivaste-koneleja-paul\/#primaryimage","url":"https:\/\/metaltale.com\/wp-content\/uploads\/2024\/02\/Kalbiukas-rubams-PAUL.jpg","contentUrl":"https:\/\/metaltale.com\/wp-content\/uploads\/2024\/02\/Kalbiukas-rubams-PAUL.jpg","width":800,"height":800,"caption":"R\u00f5ivaste k\u00f5neleja PAUL"},{"@type":"BreadcrumbList","@id":"https:\/\/metaltale.com\/et\/toode\/roivaste-koneleja-paul\/#breadcrumb","itemListElement":[{"@type":"ListItem","position":1,"name":"Home","item":"https:\/\/metaltale.com\/et\/kodu\/"},{"@type":"ListItem","position":2,"name":"Kauplus","item":"https:\/\/metaltale.com\/et\/shop\/"},{"@type":"ListItem","position":3,"name":"R\u00f5ivaste k\u00f5neleja PAUL"}]},{"@type":"WebSite","@id":"https:\/\/metaltale.com\/et\/#website","url":"https:\/\/metaltale.com\/et\/","name":"Metaltale.com","description":"","potentialAction":[{"@type":"SearchAction","target":{"@type":"EntryPoint","urlTemplate":"https:\/\/metaltale.com\/et\/?s={search_term_string}"},"query-input":{"@type":"PropertyValueSpecification","valueRequired":true,"valueName":"search_term_string"}}],"inLanguage":"et"}]}},"_links":{"self":[{"href":"https:\/\/metaltale.com\/et\/wp-json\/wp\/v2\/product\/136280","targetHints":{"allow":["GET"]}}],"collection":[{"href":"https:\/\/metaltale.com\/et\/wp-json\/wp\/v2\/product"}],"about":[{"href":"https:\/\/metaltale.com\/et\/wp-json\/wp\/v2\/types\/product"}],"replies":[{"embeddable":true,"href":"https:\/\/metaltale.com\/et\/wp-json\/wp\/v2\/comments?post=136280"}],"version-history":[{"count":0,"href":"https:\/\/metaltale.com\/et\/wp-json\/wp\/v2\/product\/136280\/revisions"}],"wp:featuredmedia":[{"embeddable":true,"href":"https:\/\/metaltale.com\/et\/wp-json\/wp\/v2\/media\/131196"}],"wp:attachment":[{"href":"https:\/\/metaltale.com\/et\/wp-json\/wp\/v2\/media?parent=136280"}],"wp:term":[{"taxonomy":"product_brand","embeddable":true,"href":"https:\/\/metaltale.com\/et\/wp-json\/wp\/v2\/product_brand?post=136280"},{"taxonomy":"product_cat","embeddable":true,"href":"https:\/\/metaltale.com\/et\/wp-json\/wp\/v2\/product_cat?post=136280"},{"taxonomy":"product_tag","embeddable":true,"href":"https:\/\/metaltale.com\/et\/wp-json\/wp\/v2\/product_tag?post=136280"}],"curies":[{"name":"wp","href":"https:\/\/api.w.org\/{rel}","templated":true}]}}