{"id":136259,"date":"2024-02-13T15:05:46","date_gmt":"2024-02-13T13:05:46","guid":{"rendered":"https:\/\/metaltale.com\/produktas\/mooblilukk-simple-45-mm\/"},"modified":"2024-02-13T15:05:46","modified_gmt":"2024-02-13T13:05:46","slug":"mooblilukk-simple-45-mm","status":"publish","type":"product","link":"https:\/\/metaltale.com\/et\/toode\/mooblilukk-simple-45-mm\/","title":{"rendered":"M\u00f6\u00f6blilukk SIMPLE 45 mm"},"content":{"rendered":"<div class=\"prod_data\">\n<p><strong>Mudel<\/strong> MD.100.PRGR<br \/>\n<strong>Materjal<\/strong> teras<br \/>\n<strong>Koguprojektsioon (cm)<\/strong> 2.3<br \/>\nPaigalduskruvid Ei<br \/>\n<strong>V\u00e4rv<\/strong> teras<\/p>\n<p>Toode on valmistatud terasest, mis tagab selle vastupidavuse ja tugevuse.<\/p>\n<p>Lukk sobib enamiku standardv\u00f5tmetega<\/p>\n<p>Lukku on v\u00e4ga lihtne paigaldada t\u00e4nu kinnitusaukudele.<\/p>\n<p>kaugus luku servast v\u00f5tmeauguni 45mm<\/p>\n<hr>\n<p>Kaasasolev m\u00f6\u00f6blilukk sobib enamiku m\u00f6\u00f6bli v\u00f5tmetega, mis v\u00f5imaldab meie esemeid h\u00f5lpsasti sahtlitesse v\u00f5i kappidesse kinnitada. Lai valik suurusi v\u00f5imaldab h\u00f5lpsasti sobitada lukk meie m\u00f6\u00f6blile. T\u00e4nu paigaldusavadele ei ole luku paigaldamine probleemiks. Toode on valmistatud k\u00f5rgeima kvaliteediga terasest, mis kestab meil aastaid.<\/p>\n<\/div>\n","protected":false},"excerpt":{"rendered":"<p>Mudel MD.100.PRGR Materjal teras Koguprojektsioon (cm) 2.3 Paigalduskruvid Ei V\u00e4rv teras Toode on valmistatud terasest, mis tagab selle vastupidavuse ja<\/p>\n","protected":false},"featured_media":106908,"comment_status":"open","ping_status":"closed","template":"","meta":{"_acf_changed":false,"pmpro_default_level":""},"product_brand":[],"product_cat":[23893,23836,23877],"product_tag":[],"class_list":{"0":"post-136259","1":"product","2":"type-product","3":"status-publish","4":"has-post-thumbnail","6":"product_cat-baldu-spynos-et","7":"product_cat-moobli-tarvikud","8":"product_cat-spynos-et","9":"pmpro-has-access","11":"first","12":"instock","13":"shipping-taxable","14":"purchasable","15":"product-type-simple"},"acf":[],"yoast_head":"<!-- This site is optimized with the Yoast SEO plugin v24.9 - https:\/\/yoast.com\/wordpress\/plugins\/seo\/ -->\n<title>M\u00f6\u00f6blilukk SIMPLE 45 mm - MetalTale.com<\/title>\n<meta name=\"robots\" content=\"index, follow, max-snippet:-1, max-image-preview:large, max-video-preview:-1\" \/>\n<link rel=\"canonical\" href=\"https:\/\/metaltale.com\/et\/toode\/mooblilukk-simple-45-mm\/\" \/>\n<meta property=\"og:locale\" content=\"et_EE\" \/>\n<meta property=\"og:type\" content=\"article\" \/>\n<meta property=\"og:title\" content=\"M\u00f6\u00f6blilukk SIMPLE 45 mm - MetalTale.com\" \/>\n<meta property=\"og:description\" content=\"Mudel MD.100.PRGR Materjal teras Koguprojektsioon (cm) 2.3 Paigalduskruvid Ei V\u00e4rv teras Toode on valmistatud terasest, mis tagab selle vastupidavuse ja\" \/>\n<meta property=\"og:url\" content=\"https:\/\/metaltale.com\/et\/toode\/mooblilukk-simple-45-mm\/\" \/>\n<meta property=\"og:site_name\" content=\"MetalTale.com\" \/>\n<meta property=\"og:image\" content=\"https:\/\/metaltale.com\/wp-content\/uploads\/2023\/11\/Baldx173-ux17Eraktas-pritaikytas-STRAIGHT-25mm.jpg\" \/>\n\t<meta property=\"og:image:width\" content=\"800\" \/>\n\t<meta property=\"og:image:height\" content=\"800\" \/>\n\t<meta property=\"og:image:type\" content=\"image\/jpeg\" \/>\n<meta name=\"twitter:card\" content=\"summary_large_image\" \/>\n<script type=\"application\/ld+json\" class=\"yoast-schema-graph\">{\"@context\":\"https:\/\/schema.org\",\"@graph\":[{\"@type\":\"WebPage\",\"@id\":\"https:\/\/metaltale.com\/et\/toode\/mooblilukk-simple-45-mm\/\",\"url\":\"https:\/\/metaltale.com\/et\/toode\/mooblilukk-simple-45-mm\/\",\"name\":\"M\u00f6\u00f6blilukk SIMPLE 45 mm - MetalTale.com\",\"isPartOf\":{\"@id\":\"https:\/\/metaltale.com\/et\/#website\"},\"primaryImageOfPage\":{\"@id\":\"https:\/\/metaltale.com\/et\/toode\/mooblilukk-simple-45-mm\/#primaryimage\"},\"image\":{\"@id\":\"https:\/\/metaltale.com\/et\/toode\/mooblilukk-simple-45-mm\/#primaryimage\"},\"thumbnailUrl\":\"https:\/\/metaltale.com\/wp-content\/uploads\/2023\/11\/Baldx173-ux17Eraktas-pritaikytas-STRAIGHT-25mm.jpg\",\"datePublished\":\"2024-02-13T13:05:46+00:00\",\"breadcrumb\":{\"@id\":\"https:\/\/metaltale.com\/et\/toode\/mooblilukk-simple-45-mm\/#breadcrumb\"},\"inLanguage\":\"et\",\"potentialAction\":[{\"@type\":\"ReadAction\",\"target\":[\"https:\/\/metaltale.com\/et\/toode\/mooblilukk-simple-45-mm\/\"]}]},{\"@type\":\"ImageObject\",\"inLanguage\":\"et\",\"@id\":\"https:\/\/metaltale.com\/et\/toode\/mooblilukk-simple-45-mm\/#primaryimage\",\"url\":\"https:\/\/metaltale.com\/wp-content\/uploads\/2023\/11\/Baldx173-ux17Eraktas-pritaikytas-STRAIGHT-25mm.jpg\",\"contentUrl\":\"https:\/\/metaltale.com\/wp-content\/uploads\/2023\/11\/Baldx173-ux17Eraktas-pritaikytas-STRAIGHT-25mm.jpg\",\"width\":800,\"height\":800,\"caption\":\"M\u00f6\u00f6blilukk SIMPLE 40 mm\"},{\"@type\":\"BreadcrumbList\",\"@id\":\"https:\/\/metaltale.com\/et\/toode\/mooblilukk-simple-45-mm\/#breadcrumb\",\"itemListElement\":[{\"@type\":\"ListItem\",\"position\":1,\"name\":\"Home\",\"item\":\"https:\/\/metaltale.com\/et\/kodu\/\"},{\"@type\":\"ListItem\",\"position\":2,\"name\":\"Kauplus\",\"item\":\"https:\/\/metaltale.com\/et\/shop\/\"},{\"@type\":\"ListItem\",\"position\":3,\"name\":\"M\u00f6\u00f6blilukk SIMPLE 45 mm\"}]},{\"@type\":\"WebSite\",\"@id\":\"https:\/\/metaltale.com\/et\/#website\",\"url\":\"https:\/\/metaltale.com\/et\/\",\"name\":\"Metaltale.com\",\"description\":\"\",\"potentialAction\":[{\"@type\":\"SearchAction\",\"target\":{\"@type\":\"EntryPoint\",\"urlTemplate\":\"https:\/\/metaltale.com\/et\/?s={search_term_string}\"},\"query-input\":{\"@type\":\"PropertyValueSpecification\",\"valueRequired\":true,\"valueName\":\"search_term_string\"}}],\"inLanguage\":\"et\"}]}<\/script>\n<!-- \/ Yoast SEO plugin. -->","yoast_head_json":{"title":"M\u00f6\u00f6blilukk SIMPLE 45 mm - MetalTale.com","robots":{"index":"index","follow":"follow","max-snippet":"max-snippet:-1","max-image-preview":"max-image-preview:large","max-video-preview":"max-video-preview:-1"},"canonical":"https:\/\/metaltale.com\/et\/toode\/mooblilukk-simple-45-mm\/","og_locale":"et_EE","og_type":"article","og_title":"M\u00f6\u00f6blilukk SIMPLE 45 mm - MetalTale.com","og_description":"Mudel MD.100.PRGR Materjal teras Koguprojektsioon (cm) 2.3 Paigalduskruvid Ei V\u00e4rv teras Toode on valmistatud terasest, mis tagab selle vastupidavuse ja","og_url":"https:\/\/metaltale.com\/et\/toode\/mooblilukk-simple-45-mm\/","og_site_name":"MetalTale.com","og_image":[{"width":800,"height":800,"url":"https:\/\/metaltale.com\/wp-content\/uploads\/2023\/11\/Baldx173-ux17Eraktas-pritaikytas-STRAIGHT-25mm.jpg","type":"image\/jpeg"}],"twitter_card":"summary_large_image","schema":{"@context":"https:\/\/schema.org","@graph":[{"@type":"WebPage","@id":"https:\/\/metaltale.com\/et\/toode\/mooblilukk-simple-45-mm\/","url":"https:\/\/metaltale.com\/et\/toode\/mooblilukk-simple-45-mm\/","name":"M\u00f6\u00f6blilukk SIMPLE 45 mm - MetalTale.com","isPartOf":{"@id":"https:\/\/metaltale.com\/et\/#website"},"primaryImageOfPage":{"@id":"https:\/\/metaltale.com\/et\/toode\/mooblilukk-simple-45-mm\/#primaryimage"},"image":{"@id":"https:\/\/metaltale.com\/et\/toode\/mooblilukk-simple-45-mm\/#primaryimage"},"thumbnailUrl":"https:\/\/metaltale.com\/wp-content\/uploads\/2023\/11\/Baldx173-ux17Eraktas-pritaikytas-STRAIGHT-25mm.jpg","datePublished":"2024-02-13T13:05:46+00:00","breadcrumb":{"@id":"https:\/\/metaltale.com\/et\/toode\/mooblilukk-simple-45-mm\/#breadcrumb"},"inLanguage":"et","potentialAction":[{"@type":"ReadAction","target":["https:\/\/metaltale.com\/et\/toode\/mooblilukk-simple-45-mm\/"]}]},{"@type":"ImageObject","inLanguage":"et","@id":"https:\/\/metaltale.com\/et\/toode\/mooblilukk-simple-45-mm\/#primaryimage","url":"https:\/\/metaltale.com\/wp-content\/uploads\/2023\/11\/Baldx173-ux17Eraktas-pritaikytas-STRAIGHT-25mm.jpg","contentUrl":"https:\/\/metaltale.com\/wp-content\/uploads\/2023\/11\/Baldx173-ux17Eraktas-pritaikytas-STRAIGHT-25mm.jpg","width":800,"height":800,"caption":"M\u00f6\u00f6blilukk SIMPLE 40 mm"},{"@type":"BreadcrumbList","@id":"https:\/\/metaltale.com\/et\/toode\/mooblilukk-simple-45-mm\/#breadcrumb","itemListElement":[{"@type":"ListItem","position":1,"name":"Home","item":"https:\/\/metaltale.com\/et\/kodu\/"},{"@type":"ListItem","position":2,"name":"Kauplus","item":"https:\/\/metaltale.com\/et\/shop\/"},{"@type":"ListItem","position":3,"name":"M\u00f6\u00f6blilukk SIMPLE 45 mm"}]},{"@type":"WebSite","@id":"https:\/\/metaltale.com\/et\/#website","url":"https:\/\/metaltale.com\/et\/","name":"Metaltale.com","description":"","potentialAction":[{"@type":"SearchAction","target":{"@type":"EntryPoint","urlTemplate":"https:\/\/metaltale.com\/et\/?s={search_term_string}"},"query-input":{"@type":"PropertyValueSpecification","valueRequired":true,"valueName":"search_term_string"}}],"inLanguage":"et"}]}},"_links":{"self":[{"href":"https:\/\/metaltale.com\/et\/wp-json\/wp\/v2\/product\/136259","targetHints":{"allow":["GET"]}}],"collection":[{"href":"https:\/\/metaltale.com\/et\/wp-json\/wp\/v2\/product"}],"about":[{"href":"https:\/\/metaltale.com\/et\/wp-json\/wp\/v2\/types\/product"}],"replies":[{"embeddable":true,"href":"https:\/\/metaltale.com\/et\/wp-json\/wp\/v2\/comments?post=136259"}],"version-history":[{"count":0,"href":"https:\/\/metaltale.com\/et\/wp-json\/wp\/v2\/product\/136259\/revisions"}],"wp:featuredmedia":[{"embeddable":true,"href":"https:\/\/metaltale.com\/et\/wp-json\/wp\/v2\/media\/106908"}],"wp:attachment":[{"href":"https:\/\/metaltale.com\/et\/wp-json\/wp\/v2\/media?parent=136259"}],"wp:term":[{"taxonomy":"product_brand","embeddable":true,"href":"https:\/\/metaltale.com\/et\/wp-json\/wp\/v2\/product_brand?post=136259"},{"taxonomy":"product_cat","embeddable":true,"href":"https:\/\/metaltale.com\/et\/wp-json\/wp\/v2\/product_cat?post=136259"},{"taxonomy":"product_tag","embeddable":true,"href":"https:\/\/metaltale.com\/et\/wp-json\/wp\/v2\/product_tag?post=136259"}],"curies":[{"name":"wp","href":"https:\/\/api.w.org\/{rel}","templated":true}]}}