{"id":136242,"date":"2024-02-13T15:07:38","date_gmt":"2024-02-13T13:07:38","guid":{"rendered":"https:\/\/metaltale.com\/produktas\/mooblinupp-radiant-95mm-roheline-varvus\/"},"modified":"2024-02-13T15:07:38","modified_gmt":"2024-02-13T13:07:38","slug":"mooblinupp-radiant-95mm-roheline-varvus","status":"publish","type":"product","link":"https:\/\/metaltale.com\/et\/toode\/mooblinupp-radiant-95mm-roheline-varvus\/","title":{"rendered":"M\u00f6\u00f6blinupp RADIANT 95mm ROHELINE V\u00c4RVUS"},"content":{"rendered":"<div class=\"prod_data\">\n<p><strong>Mudel<\/strong> 15120Z06400. PRGR<br \/>\n<strong>Materjal<\/strong> Tsinksulam<br \/>\n<strong>Laius (cm)<\/strong> 9,5<br \/>\n<strong>K\u00f5rgus (cm)<\/strong> 3,8<br \/>\n<strong>Koguprojektsioon (cm)<\/strong> 3,6<br \/>\nAukude <strong>vahekaugus (cm)<\/strong> 6,4<br \/>\nPaigalduskruvid Jah<\/p>\n<p>M\u00f6\u00f6bli k\u00e4epide on valmistatud k\u00f5rgeima kvaliteediga materjalist, nii et toode kestab meile kaua aega.<\/p>\n<p>Sujuv ja lihtne vorm v\u00f5imaldab mul kohaneda kaasaegsete interj\u00f6\u00f6ride ja glamuuriga.<\/p>\n<p>Selle kuju v\u00f5imaldab m\u00f6\u00f6bli t\u00f5husat ja lihtsat avamist<\/p>\n<hr>\n<p>\u00d5iged m\u00f6\u00f6blitarvikud annavad meie m\u00f6\u00f6blile originaalse iseloomu. M\u00f6\u00f6bli k\u00e4epidemed on kindlasti \u00fcks neist aksessuaaridest, mis v\u00f5ivad anda meie m\u00f6\u00f6blile uue, erakordse ilme.<\/p>\n<p>RADIANTi m\u00f6\u00f6bli k\u00e4epide on valmistatud k\u00f5ige kvaliteetsemast materjalist, nii et see teenib meid kaua ja kaunistab meie m\u00f6\u00f6blit. Lihtne ja ergonoomiline kuju teeb m\u00f6\u00f6bli avamise lapsem\u00e4nguks. K\u00e4epideme disain muudab selle sobivaks nii moodsasse kui ka v\u00e4rvikirevasse interj\u00f6\u00f6ri. See on ideaalne lahendus elutoa, k\u00f6\u00f6gi v\u00f5i vannitoa m\u00f6\u00f6blile.<\/p>\n<\/div>\n","protected":false},"excerpt":{"rendered":"<p>Mudel 15120Z06400. PRGR Materjal Tsinksulam Laius (cm) 9,5 K\u00f5rgus (cm) 3,8 Koguprojektsioon (cm) 3,6 Aukude vahekaugus (cm) 6,4 Paigalduskruvid Jah<\/p>\n","protected":false},"featured_media":130652,"comment_status":"open","ping_status":"closed","template":"","meta":{"_acf_changed":false,"pmpro_default_level":""},"product_brand":[],"product_cat":[23839,23836,23844],"product_tag":[],"class_list":{"0":"post-136242","1":"product","2":"type-product","3":"status-publish","4":"has-post-thumbnail","6":"product_cat-moobli-kaepidemed","7":"product_cat-moobli-tarvikud","8":"product_cat-shell-rankeneles-et","9":"pmpro-has-access","11":"first","12":"instock","13":"shipping-taxable","14":"purchasable","15":"product-type-simple"},"acf":[],"yoast_head":"<!-- This site is optimized with the Yoast SEO plugin v24.9 - https:\/\/yoast.com\/wordpress\/plugins\/seo\/ -->\n<title>M\u00f6\u00f6blinupp RADIANT 95mm ROHELINE V\u00c4RVUS - MetalTale.com<\/title>\n<meta name=\"robots\" content=\"index, follow, max-snippet:-1, max-image-preview:large, max-video-preview:-1\" \/>\n<link rel=\"canonical\" href=\"https:\/\/metaltale.com\/et\/toode\/mooblinupp-radiant-95mm-roheline-varvus\/\" \/>\n<meta property=\"og:locale\" content=\"et_EE\" \/>\n<meta property=\"og:type\" content=\"article\" \/>\n<meta property=\"og:title\" content=\"M\u00f6\u00f6blinupp RADIANT 95mm ROHELINE V\u00c4RVUS - MetalTale.com\" \/>\n<meta property=\"og:description\" content=\"Mudel 15120Z06400. PRGR Materjal Tsinksulam Laius (cm) 9,5 K\u00f5rgus (cm) 3,8 Koguprojektsioon (cm) 3,6 Aukude vahekaugus (cm) 6,4 Paigalduskruvid Jah\" \/>\n<meta property=\"og:url\" content=\"https:\/\/metaltale.com\/et\/toode\/mooblinupp-radiant-95mm-roheline-varvus\/\" \/>\n<meta property=\"og:site_name\" content=\"MetalTale.com\" \/>\n<meta name=\"twitter:card\" content=\"summary_large_image\" \/>\n<meta name=\"twitter:label1\" content=\"Est. reading time\" \/>\n\t<meta name=\"twitter:data1\" content=\"1 minut\" \/>\n<script type=\"application\/ld+json\" class=\"yoast-schema-graph\">{\"@context\":\"https:\/\/schema.org\",\"@graph\":[{\"@type\":\"WebPage\",\"@id\":\"https:\/\/metaltale.com\/et\/toode\/mooblinupp-radiant-95mm-roheline-varvus\/\",\"url\":\"https:\/\/metaltale.com\/et\/toode\/mooblinupp-radiant-95mm-roheline-varvus\/\",\"name\":\"M\u00f6\u00f6blinupp RADIANT 95mm ROHELINE V\u00c4RVUS - MetalTale.com\",\"isPartOf\":{\"@id\":\"https:\/\/metaltale.com\/et\/#website\"},\"primaryImageOfPage\":{\"@id\":\"https:\/\/metaltale.com\/et\/toode\/mooblinupp-radiant-95mm-roheline-varvus\/#primaryimage\"},\"image\":{\"@id\":\"https:\/\/metaltale.com\/et\/toode\/mooblinupp-radiant-95mm-roheline-varvus\/#primaryimage\"},\"thumbnailUrl\":\"https:\/\/metaltale.com\/wp-content\/uploads\/2024\/01\/Baldu-rankenele-RADIANT-95mm-ZALVARIO-SPALVOS.jpg\",\"datePublished\":\"2024-02-13T13:07:38+00:00\",\"breadcrumb\":{\"@id\":\"https:\/\/metaltale.com\/et\/toode\/mooblinupp-radiant-95mm-roheline-varvus\/#breadcrumb\"},\"inLanguage\":\"et\",\"potentialAction\":[{\"@type\":\"ReadAction\",\"target\":[\"https:\/\/metaltale.com\/et\/toode\/mooblinupp-radiant-95mm-roheline-varvus\/\"]}]},{\"@type\":\"ImageObject\",\"inLanguage\":\"et\",\"@id\":\"https:\/\/metaltale.com\/et\/toode\/mooblinupp-radiant-95mm-roheline-varvus\/#primaryimage\",\"url\":\"https:\/\/metaltale.com\/wp-content\/uploads\/2024\/01\/Baldu-rankenele-RADIANT-95mm-ZALVARIO-SPALVOS.jpg\",\"contentUrl\":\"https:\/\/metaltale.com\/wp-content\/uploads\/2024\/01\/Baldu-rankenele-RADIANT-95mm-ZALVARIO-SPALVOS.jpg\",\"width\":800,\"height\":800,\"caption\":\"M\u00f6\u00f6blinupp RADIANT 95mm ROHELINE V\u00c4RVUS\"},{\"@type\":\"BreadcrumbList\",\"@id\":\"https:\/\/metaltale.com\/et\/toode\/mooblinupp-radiant-95mm-roheline-varvus\/#breadcrumb\",\"itemListElement\":[{\"@type\":\"ListItem\",\"position\":1,\"name\":\"Home\",\"item\":\"https:\/\/metaltale.com\/et\/kodu\/\"},{\"@type\":\"ListItem\",\"position\":2,\"name\":\"Kauplus\",\"item\":\"https:\/\/metaltale.com\/et\/shop\/\"},{\"@type\":\"ListItem\",\"position\":3,\"name\":\"M\u00f6\u00f6blinupp RADIANT 95mm ROHELINE V\u00c4RVUS\"}]},{\"@type\":\"WebSite\",\"@id\":\"https:\/\/metaltale.com\/et\/#website\",\"url\":\"https:\/\/metaltale.com\/et\/\",\"name\":\"Metaltale.com\",\"description\":\"\",\"potentialAction\":[{\"@type\":\"SearchAction\",\"target\":{\"@type\":\"EntryPoint\",\"urlTemplate\":\"https:\/\/metaltale.com\/et\/?s={search_term_string}\"},\"query-input\":{\"@type\":\"PropertyValueSpecification\",\"valueRequired\":true,\"valueName\":\"search_term_string\"}}],\"inLanguage\":\"et\"}]}<\/script>\n<!-- \/ Yoast SEO plugin. -->","yoast_head_json":{"title":"M\u00f6\u00f6blinupp RADIANT 95mm ROHELINE V\u00c4RVUS - MetalTale.com","robots":{"index":"index","follow":"follow","max-snippet":"max-snippet:-1","max-image-preview":"max-image-preview:large","max-video-preview":"max-video-preview:-1"},"canonical":"https:\/\/metaltale.com\/et\/toode\/mooblinupp-radiant-95mm-roheline-varvus\/","og_locale":"et_EE","og_type":"article","og_title":"M\u00f6\u00f6blinupp RADIANT 95mm ROHELINE V\u00c4RVUS - MetalTale.com","og_description":"Mudel 15120Z06400. PRGR Materjal Tsinksulam Laius (cm) 9,5 K\u00f5rgus (cm) 3,8 Koguprojektsioon (cm) 3,6 Aukude vahekaugus (cm) 6,4 Paigalduskruvid Jah","og_url":"https:\/\/metaltale.com\/et\/toode\/mooblinupp-radiant-95mm-roheline-varvus\/","og_site_name":"MetalTale.com","twitter_card":"summary_large_image","twitter_misc":{"Est. reading time":"1 minut"},"schema":{"@context":"https:\/\/schema.org","@graph":[{"@type":"WebPage","@id":"https:\/\/metaltale.com\/et\/toode\/mooblinupp-radiant-95mm-roheline-varvus\/","url":"https:\/\/metaltale.com\/et\/toode\/mooblinupp-radiant-95mm-roheline-varvus\/","name":"M\u00f6\u00f6blinupp RADIANT 95mm ROHELINE V\u00c4RVUS - MetalTale.com","isPartOf":{"@id":"https:\/\/metaltale.com\/et\/#website"},"primaryImageOfPage":{"@id":"https:\/\/metaltale.com\/et\/toode\/mooblinupp-radiant-95mm-roheline-varvus\/#primaryimage"},"image":{"@id":"https:\/\/metaltale.com\/et\/toode\/mooblinupp-radiant-95mm-roheline-varvus\/#primaryimage"},"thumbnailUrl":"https:\/\/metaltale.com\/wp-content\/uploads\/2024\/01\/Baldu-rankenele-RADIANT-95mm-ZALVARIO-SPALVOS.jpg","datePublished":"2024-02-13T13:07:38+00:00","breadcrumb":{"@id":"https:\/\/metaltale.com\/et\/toode\/mooblinupp-radiant-95mm-roheline-varvus\/#breadcrumb"},"inLanguage":"et","potentialAction":[{"@type":"ReadAction","target":["https:\/\/metaltale.com\/et\/toode\/mooblinupp-radiant-95mm-roheline-varvus\/"]}]},{"@type":"ImageObject","inLanguage":"et","@id":"https:\/\/metaltale.com\/et\/toode\/mooblinupp-radiant-95mm-roheline-varvus\/#primaryimage","url":"https:\/\/metaltale.com\/wp-content\/uploads\/2024\/01\/Baldu-rankenele-RADIANT-95mm-ZALVARIO-SPALVOS.jpg","contentUrl":"https:\/\/metaltale.com\/wp-content\/uploads\/2024\/01\/Baldu-rankenele-RADIANT-95mm-ZALVARIO-SPALVOS.jpg","width":800,"height":800,"caption":"M\u00f6\u00f6blinupp RADIANT 95mm ROHELINE V\u00c4RVUS"},{"@type":"BreadcrumbList","@id":"https:\/\/metaltale.com\/et\/toode\/mooblinupp-radiant-95mm-roheline-varvus\/#breadcrumb","itemListElement":[{"@type":"ListItem","position":1,"name":"Home","item":"https:\/\/metaltale.com\/et\/kodu\/"},{"@type":"ListItem","position":2,"name":"Kauplus","item":"https:\/\/metaltale.com\/et\/shop\/"},{"@type":"ListItem","position":3,"name":"M\u00f6\u00f6blinupp RADIANT 95mm ROHELINE V\u00c4RVUS"}]},{"@type":"WebSite","@id":"https:\/\/metaltale.com\/et\/#website","url":"https:\/\/metaltale.com\/et\/","name":"Metaltale.com","description":"","potentialAction":[{"@type":"SearchAction","target":{"@type":"EntryPoint","urlTemplate":"https:\/\/metaltale.com\/et\/?s={search_term_string}"},"query-input":{"@type":"PropertyValueSpecification","valueRequired":true,"valueName":"search_term_string"}}],"inLanguage":"et"}]}},"_links":{"self":[{"href":"https:\/\/metaltale.com\/et\/wp-json\/wp\/v2\/product\/136242","targetHints":{"allow":["GET"]}}],"collection":[{"href":"https:\/\/metaltale.com\/et\/wp-json\/wp\/v2\/product"}],"about":[{"href":"https:\/\/metaltale.com\/et\/wp-json\/wp\/v2\/types\/product"}],"replies":[{"embeddable":true,"href":"https:\/\/metaltale.com\/et\/wp-json\/wp\/v2\/comments?post=136242"}],"version-history":[{"count":0,"href":"https:\/\/metaltale.com\/et\/wp-json\/wp\/v2\/product\/136242\/revisions"}],"wp:featuredmedia":[{"embeddable":true,"href":"https:\/\/metaltale.com\/et\/wp-json\/wp\/v2\/media\/130652"}],"wp:attachment":[{"href":"https:\/\/metaltale.com\/et\/wp-json\/wp\/v2\/media?parent=136242"}],"wp:term":[{"taxonomy":"product_brand","embeddable":true,"href":"https:\/\/metaltale.com\/et\/wp-json\/wp\/v2\/product_brand?post=136242"},{"taxonomy":"product_cat","embeddable":true,"href":"https:\/\/metaltale.com\/et\/wp-json\/wp\/v2\/product_cat?post=136242"},{"taxonomy":"product_tag","embeddable":true,"href":"https:\/\/metaltale.com\/et\/wp-json\/wp\/v2\/product_tag?post=136242"}],"curies":[{"name":"wp","href":"https:\/\/api.w.org\/{rel}","templated":true}]}}