{"id":136236,"date":"2024-02-13T15:07:38","date_gmt":"2024-02-13T13:07:38","guid":{"rendered":"https:\/\/metaltale.com\/produktas\/moobli-kaepide-fine\/"},"modified":"2024-02-13T15:07:38","modified_gmt":"2024-02-13T13:07:38","slug":"moobli-kaepide-fine","status":"publish","type":"product","link":"https:\/\/metaltale.com\/et\/toode\/moobli-kaepide-fine\/","title":{"rendered":"M\u00f6\u00f6bli k\u00e4epide FINE"},"content":{"rendered":"<div class=\"prod_data\">\n<p><strong>Mudel<\/strong> 24247Z05000.11<br \/>\n<strong>Materjal<\/strong> Tsinksulam<br \/>\n<strong>Laius (cm)<\/strong> 5<br \/>\n<strong>K\u00f5rgus (cm)<\/strong> 1,5<br \/>\n<strong>Koguprojektsioon (cm)<\/strong> 3.2<br \/>\n<strong>Paigalduskruvid<\/strong> Kruvi<br \/>\n<strong>V\u00e4rv<\/strong> Helekuldne kuld<\/p>\n<p>Toode on valmistatud k\u00f5rgeima kvaliteediga materjalidest, nii et see kestab meile kaua aega.<\/p>\n<p>Nupu v\u00e4limus ja v\u00e4rvid v\u00f5imaldavad mul suurep\u00e4raselt kohaneda kaasaegse ja klassikalise stiiliga.<\/p>\n<p>Klassikaline kuju muudab selle v\u00e4ga funktsionaalseks<\/p>\n<p>Poldi k\u00fclge kinnitatud toode, et anda meile lihtne ja kiire kokkupanek<\/p>\n<hr>\n<p>M\u00f6\u00f6blinupp on v\u00e4ga oluline element, mis aitab meil anda meie m\u00f6\u00f6blile uue ilme. Tasub meeles pidada, et kuigi k\u00e4epidemed on v\u00e4ike dekoratiivne element, v\u00f5ivad need kergesti anda meie m\u00f6\u00f6blile isikup\u00e4rase varjundi. Lisaks dekoratiivsele funktsioonile on k\u00e4epidemel ka v\u00e4ga oluline praktiline roll, seega peaks see olema vastupidav ja kauakestev, ja seda meie poes olevad tooted ka teevad.<\/p>\n<p>FINE m\u00f6\u00f6blinupp peegeldab \u0161ikkust ja elegantsi. Sobib ideaalselt nii kaasaegsetesse glamuursetesse kui ka traditsioonilisematesse interj\u00f6\u00f6ridesse. Selle \u00f5rna kuju muudab selle kasutamise v\u00e4ga lihtsaks, v\u00f5imaldades meil m\u00f6\u00f6blit kiiresti ja probleemideta avada. See on valmistatud vastupidavast tsink-alumiiniumisulamist, nii et see on meie m\u00f6\u00f6bli kauakestev lisa.<\/p>\n<\/div>\n","protected":false},"excerpt":{"rendered":"<p>Mudel 24247Z05000.11 Materjal Tsinksulam Laius (cm) 5 K\u00f5rgus (cm) 1,5 Koguprojektsioon (cm) 3.2 Paigalduskruvid Kruvi V\u00e4rv Helekuldne kuld Toode on<\/p>\n","protected":false},"featured_media":103224,"comment_status":"open","ping_status":"closed","template":"","meta":{"_acf_changed":false,"pmpro_default_level":""},"product_brand":[],"product_cat":[23880,23836,23873],"product_tag":[],"class_list":{"0":"post-136236","1":"product","2":"type-product","3":"status-publish","4":"has-post-thumbnail","6":"product_cat-baldu-rankeneles-et","7":"product_cat-moobli-tarvikud","8":"product_cat-rankeneles-et","9":"pmpro-has-access","11":"first","12":"instock","13":"shipping-taxable","14":"purchasable","15":"product-type-simple"},"acf":[],"yoast_head":"<!-- This site is optimized with the Yoast SEO plugin v24.9 - https:\/\/yoast.com\/wordpress\/plugins\/seo\/ -->\n<title>M\u00f6\u00f6bli k\u00e4epide FINE - MetalTale.com<\/title>\n<meta name=\"robots\" content=\"index, follow, max-snippet:-1, max-image-preview:large, max-video-preview:-1\" \/>\n<link rel=\"canonical\" href=\"https:\/\/metaltale.com\/et\/toode\/moobli-kaepide-fine\/\" \/>\n<meta property=\"og:locale\" content=\"et_EE\" \/>\n<meta property=\"og:type\" content=\"article\" \/>\n<meta property=\"og:title\" content=\"M\u00f6\u00f6bli k\u00e4epide FINE - MetalTale.com\" \/>\n<meta property=\"og:description\" content=\"Mudel 24247Z05000.11 Materjal Tsinksulam Laius (cm) 5 K\u00f5rgus (cm) 1,5 Koguprojektsioon (cm) 3.2 Paigalduskruvid Kruvi V\u00e4rv Helekuldne kuld Toode on\" \/>\n<meta property=\"og:url\" content=\"https:\/\/metaltale.com\/et\/toode\/moobli-kaepide-fine\/\" \/>\n<meta property=\"og:site_name\" content=\"MetalTale.com\" \/>\n<meta name=\"twitter:card\" content=\"summary_large_image\" \/>\n<meta name=\"twitter:label1\" content=\"Est. reading time\" \/>\n\t<meta name=\"twitter:data1\" content=\"1 minut\" \/>\n<script type=\"application\/ld+json\" class=\"yoast-schema-graph\">{\"@context\":\"https:\/\/schema.org\",\"@graph\":[{\"@type\":\"WebPage\",\"@id\":\"https:\/\/metaltale.com\/et\/toode\/moobli-kaepide-fine\/\",\"url\":\"https:\/\/metaltale.com\/et\/toode\/moobli-kaepide-fine\/\",\"name\":\"M\u00f6\u00f6bli k\u00e4epide FINE - MetalTale.com\",\"isPartOf\":{\"@id\":\"https:\/\/metaltale.com\/et\/#website\"},\"primaryImageOfPage\":{\"@id\":\"https:\/\/metaltale.com\/et\/toode\/moobli-kaepide-fine\/#primaryimage\"},\"image\":{\"@id\":\"https:\/\/metaltale.com\/et\/toode\/moobli-kaepide-fine\/#primaryimage\"},\"thumbnailUrl\":\"https:\/\/metaltale.com\/wp-content\/uploads\/2023\/11\/Baldx173-rankenx117lx117-FINESIA.jpg\",\"datePublished\":\"2024-02-13T13:07:38+00:00\",\"breadcrumb\":{\"@id\":\"https:\/\/metaltale.com\/et\/toode\/moobli-kaepide-fine\/#breadcrumb\"},\"inLanguage\":\"et\",\"potentialAction\":[{\"@type\":\"ReadAction\",\"target\":[\"https:\/\/metaltale.com\/et\/toode\/moobli-kaepide-fine\/\"]}]},{\"@type\":\"ImageObject\",\"inLanguage\":\"et\",\"@id\":\"https:\/\/metaltale.com\/et\/toode\/moobli-kaepide-fine\/#primaryimage\",\"url\":\"https:\/\/metaltale.com\/wp-content\/uploads\/2023\/11\/Baldx173-rankenx117lx117-FINESIA.jpg\",\"contentUrl\":\"https:\/\/metaltale.com\/wp-content\/uploads\/2023\/11\/Baldx173-rankenx117lx117-FINESIA.jpg\",\"width\":800,\"height\":800,\"caption\":\"M\u00f6\u00f6bli k\u00e4epide FINE\"},{\"@type\":\"BreadcrumbList\",\"@id\":\"https:\/\/metaltale.com\/et\/toode\/moobli-kaepide-fine\/#breadcrumb\",\"itemListElement\":[{\"@type\":\"ListItem\",\"position\":1,\"name\":\"Home\",\"item\":\"https:\/\/metaltale.com\/et\/kodu\/\"},{\"@type\":\"ListItem\",\"position\":2,\"name\":\"Kauplus\",\"item\":\"https:\/\/metaltale.com\/et\/shop\/\"},{\"@type\":\"ListItem\",\"position\":3,\"name\":\"M\u00f6\u00f6bli k\u00e4epide FINE\"}]},{\"@type\":\"WebSite\",\"@id\":\"https:\/\/metaltale.com\/et\/#website\",\"url\":\"https:\/\/metaltale.com\/et\/\",\"name\":\"Metaltale.com\",\"description\":\"\",\"potentialAction\":[{\"@type\":\"SearchAction\",\"target\":{\"@type\":\"EntryPoint\",\"urlTemplate\":\"https:\/\/metaltale.com\/et\/?s={search_term_string}\"},\"query-input\":{\"@type\":\"PropertyValueSpecification\",\"valueRequired\":true,\"valueName\":\"search_term_string\"}}],\"inLanguage\":\"et\"}]}<\/script>\n<!-- \/ Yoast SEO plugin. -->","yoast_head_json":{"title":"M\u00f6\u00f6bli k\u00e4epide FINE - MetalTale.com","robots":{"index":"index","follow":"follow","max-snippet":"max-snippet:-1","max-image-preview":"max-image-preview:large","max-video-preview":"max-video-preview:-1"},"canonical":"https:\/\/metaltale.com\/et\/toode\/moobli-kaepide-fine\/","og_locale":"et_EE","og_type":"article","og_title":"M\u00f6\u00f6bli k\u00e4epide FINE - MetalTale.com","og_description":"Mudel 24247Z05000.11 Materjal Tsinksulam Laius (cm) 5 K\u00f5rgus (cm) 1,5 Koguprojektsioon (cm) 3.2 Paigalduskruvid Kruvi V\u00e4rv Helekuldne kuld Toode on","og_url":"https:\/\/metaltale.com\/et\/toode\/moobli-kaepide-fine\/","og_site_name":"MetalTale.com","twitter_card":"summary_large_image","twitter_misc":{"Est. reading time":"1 minut"},"schema":{"@context":"https:\/\/schema.org","@graph":[{"@type":"WebPage","@id":"https:\/\/metaltale.com\/et\/toode\/moobli-kaepide-fine\/","url":"https:\/\/metaltale.com\/et\/toode\/moobli-kaepide-fine\/","name":"M\u00f6\u00f6bli k\u00e4epide FINE - MetalTale.com","isPartOf":{"@id":"https:\/\/metaltale.com\/et\/#website"},"primaryImageOfPage":{"@id":"https:\/\/metaltale.com\/et\/toode\/moobli-kaepide-fine\/#primaryimage"},"image":{"@id":"https:\/\/metaltale.com\/et\/toode\/moobli-kaepide-fine\/#primaryimage"},"thumbnailUrl":"https:\/\/metaltale.com\/wp-content\/uploads\/2023\/11\/Baldx173-rankenx117lx117-FINESIA.jpg","datePublished":"2024-02-13T13:07:38+00:00","breadcrumb":{"@id":"https:\/\/metaltale.com\/et\/toode\/moobli-kaepide-fine\/#breadcrumb"},"inLanguage":"et","potentialAction":[{"@type":"ReadAction","target":["https:\/\/metaltale.com\/et\/toode\/moobli-kaepide-fine\/"]}]},{"@type":"ImageObject","inLanguage":"et","@id":"https:\/\/metaltale.com\/et\/toode\/moobli-kaepide-fine\/#primaryimage","url":"https:\/\/metaltale.com\/wp-content\/uploads\/2023\/11\/Baldx173-rankenx117lx117-FINESIA.jpg","contentUrl":"https:\/\/metaltale.com\/wp-content\/uploads\/2023\/11\/Baldx173-rankenx117lx117-FINESIA.jpg","width":800,"height":800,"caption":"M\u00f6\u00f6bli k\u00e4epide FINE"},{"@type":"BreadcrumbList","@id":"https:\/\/metaltale.com\/et\/toode\/moobli-kaepide-fine\/#breadcrumb","itemListElement":[{"@type":"ListItem","position":1,"name":"Home","item":"https:\/\/metaltale.com\/et\/kodu\/"},{"@type":"ListItem","position":2,"name":"Kauplus","item":"https:\/\/metaltale.com\/et\/shop\/"},{"@type":"ListItem","position":3,"name":"M\u00f6\u00f6bli k\u00e4epide FINE"}]},{"@type":"WebSite","@id":"https:\/\/metaltale.com\/et\/#website","url":"https:\/\/metaltale.com\/et\/","name":"Metaltale.com","description":"","potentialAction":[{"@type":"SearchAction","target":{"@type":"EntryPoint","urlTemplate":"https:\/\/metaltale.com\/et\/?s={search_term_string}"},"query-input":{"@type":"PropertyValueSpecification","valueRequired":true,"valueName":"search_term_string"}}],"inLanguage":"et"}]}},"_links":{"self":[{"href":"https:\/\/metaltale.com\/et\/wp-json\/wp\/v2\/product\/136236","targetHints":{"allow":["GET"]}}],"collection":[{"href":"https:\/\/metaltale.com\/et\/wp-json\/wp\/v2\/product"}],"about":[{"href":"https:\/\/metaltale.com\/et\/wp-json\/wp\/v2\/types\/product"}],"replies":[{"embeddable":true,"href":"https:\/\/metaltale.com\/et\/wp-json\/wp\/v2\/comments?post=136236"}],"version-history":[{"count":0,"href":"https:\/\/metaltale.com\/et\/wp-json\/wp\/v2\/product\/136236\/revisions"}],"wp:featuredmedia":[{"embeddable":true,"href":"https:\/\/metaltale.com\/et\/wp-json\/wp\/v2\/media\/103224"}],"wp:attachment":[{"href":"https:\/\/metaltale.com\/et\/wp-json\/wp\/v2\/media?parent=136236"}],"wp:term":[{"taxonomy":"product_brand","embeddable":true,"href":"https:\/\/metaltale.com\/et\/wp-json\/wp\/v2\/product_brand?post=136236"},{"taxonomy":"product_cat","embeddable":true,"href":"https:\/\/metaltale.com\/et\/wp-json\/wp\/v2\/product_cat?post=136236"},{"taxonomy":"product_tag","embeddable":true,"href":"https:\/\/metaltale.com\/et\/wp-json\/wp\/v2\/product_tag?post=136236"}],"curies":[{"name":"wp","href":"https:\/\/api.w.org\/{rel}","templated":true}]}}