{"id":136230,"date":"2024-02-13T15:09:04","date_gmt":"2024-02-13T13:09:04","guid":{"rendered":"https:\/\/metaltale.com\/produktas\/moobli-kaepide-massive-50mm\/"},"modified":"2024-02-13T15:09:04","modified_gmt":"2024-02-13T13:09:04","slug":"moobli-kaepide-massive-50mm","status":"publish","type":"product","link":"https:\/\/metaltale.com\/et\/toode\/moobli-kaepide-massive-50mm\/","title":{"rendered":"M\u00f6\u00f6bli k\u00e4epide MASSIVE 50mm"},"content":{"rendered":"<div class=\"prod_data\">\n<p><strong>Mudel<\/strong> 15097Z. PRGR<br \/>\n<strong>Materjal<\/strong> Tsinksulam<br \/>\n<strong>Koguprojektsioon (cm)<\/strong> 2,8<br \/>\n<strong>Aukude vahe (cm)<\/strong> 5\/16,9,6<br \/>\nPaigalduskruvid Jah<br \/>\n<strong>V\u00e4rv<\/strong> Kuldne raud<\/p>\n<p>M\u00f6\u00f6bli k\u00e4epide on valmistatud k\u00f5rgeima kvaliteediga materjalist, nii et toode kestab meile kaua aega.<\/p>\n<p>Selle kuju ja vananenud pind annavad tootele t\u00f6\u00f6stusliku iseloomu.<\/p>\n<p>Selle kuju v\u00f5imaldab t\u00f5husat ja lihtsat avamist<\/p>\n<hr>\n<p>\u00d5iged m\u00f6\u00f6blitarvikud annavad meie m\u00f6\u00f6blile originaalse iseloomu. M\u00f6\u00f6bli k\u00e4epidemed on kindlasti \u00fcks neist aksessuaaridest, mis v\u00f5ivad anda meie m\u00f6\u00f6blile uue, erakordse ilme.<\/p>\n<p>N\u00e4idatud toode meenutab k\u00e4epidemeid otse 19. sajandist. T\u00f6\u00f6stusettev\u00f5tted. Selle raske kuju ja pind, mis j\u00e4tab kriimustatud raua mulje, ning dekoratiivsete tehases valmistatud kruvide kasutamine muudavad k\u00e4epideme tugevalt t\u00f6\u00f6stuslikuks. See k\u00e4epide sobib loft- ja t\u00f6\u00f6stusstiilis ruumidesse ning v\u00f5ib olla originaalne aktsent ka retrointerj\u00f6\u00f6ris. Toode r\u00f5\u00f5mustab k\u00f5iki originaalse stiili austajaid.<\/p>\n<\/div>\n","protected":false},"excerpt":{"rendered":"<p>Mudel 15097Z. PRGR Materjal Tsinksulam Koguprojektsioon (cm) 2,8 Aukude vahe (cm) 5\/16,9,6 Paigalduskruvid Jah V\u00e4rv Kuldne raud M\u00f6\u00f6bli k\u00e4epide on<\/p>\n","protected":false},"featured_media":130621,"comment_status":"open","ping_status":"closed","template":"","meta":{"_acf_changed":false,"pmpro_default_level":""},"product_brand":[],"product_cat":[23839,23836,23842],"product_tag":[],"class_list":{"0":"post-136230","1":"product","2":"type-product","3":"status-publish","4":"has-post-thumbnail","6":"product_cat-moobli-kaepidemed","7":"product_cat-moobli-tarvikud","8":"product_cat-spinteles-rankeneles-et","9":"pmpro-has-access","11":"first","12":"instock","13":"shipping-taxable","14":"purchasable","15":"product-type-simple"},"acf":[],"yoast_head":"<!-- This site is optimized with the Yoast SEO plugin v24.9 - https:\/\/yoast.com\/wordpress\/plugins\/seo\/ -->\n<title>M\u00f6\u00f6bli k\u00e4epide MASSIVE 50mm - MetalTale.com<\/title>\n<meta name=\"robots\" content=\"index, follow, max-snippet:-1, max-image-preview:large, max-video-preview:-1\" \/>\n<link rel=\"canonical\" href=\"https:\/\/metaltale.com\/et\/toode\/moobli-kaepide-massive-50mm\/\" \/>\n<meta property=\"og:locale\" content=\"et_EE\" \/>\n<meta property=\"og:type\" content=\"article\" \/>\n<meta property=\"og:title\" content=\"M\u00f6\u00f6bli k\u00e4epide MASSIVE 50mm - MetalTale.com\" \/>\n<meta property=\"og:description\" content=\"Mudel 15097Z. PRGR Materjal Tsinksulam Koguprojektsioon (cm) 2,8 Aukude vahe (cm) 5\/16,9,6 Paigalduskruvid Jah V\u00e4rv Kuldne raud M\u00f6\u00f6bli k\u00e4epide on\" \/>\n<meta property=\"og:url\" content=\"https:\/\/metaltale.com\/et\/toode\/moobli-kaepide-massive-50mm\/\" \/>\n<meta property=\"og:site_name\" content=\"MetalTale.com\" \/>\n<meta name=\"twitter:card\" content=\"summary_large_image\" \/>\n<meta name=\"twitter:label1\" content=\"Est. reading time\" \/>\n\t<meta name=\"twitter:data1\" content=\"1 minut\" \/>\n<script type=\"application\/ld+json\" class=\"yoast-schema-graph\">{\"@context\":\"https:\/\/schema.org\",\"@graph\":[{\"@type\":\"WebPage\",\"@id\":\"https:\/\/metaltale.com\/et\/toode\/moobli-kaepide-massive-50mm\/\",\"url\":\"https:\/\/metaltale.com\/et\/toode\/moobli-kaepide-massive-50mm\/\",\"name\":\"M\u00f6\u00f6bli k\u00e4epide MASSIVE 50mm - MetalTale.com\",\"isPartOf\":{\"@id\":\"https:\/\/metaltale.com\/et\/#website\"},\"primaryImageOfPage\":{\"@id\":\"https:\/\/metaltale.com\/et\/toode\/moobli-kaepide-massive-50mm\/#primaryimage\"},\"image\":{\"@id\":\"https:\/\/metaltale.com\/et\/toode\/moobli-kaepide-massive-50mm\/#primaryimage\"},\"thumbnailUrl\":\"https:\/\/metaltale.com\/wp-content\/uploads\/2024\/01\/Baldu-rankena-MASSIVE-50mm.jpg\",\"datePublished\":\"2024-02-13T13:09:04+00:00\",\"breadcrumb\":{\"@id\":\"https:\/\/metaltale.com\/et\/toode\/moobli-kaepide-massive-50mm\/#breadcrumb\"},\"inLanguage\":\"et\",\"potentialAction\":[{\"@type\":\"ReadAction\",\"target\":[\"https:\/\/metaltale.com\/et\/toode\/moobli-kaepide-massive-50mm\/\"]}]},{\"@type\":\"ImageObject\",\"inLanguage\":\"et\",\"@id\":\"https:\/\/metaltale.com\/et\/toode\/moobli-kaepide-massive-50mm\/#primaryimage\",\"url\":\"https:\/\/metaltale.com\/wp-content\/uploads\/2024\/01\/Baldu-rankena-MASSIVE-50mm.jpg\",\"contentUrl\":\"https:\/\/metaltale.com\/wp-content\/uploads\/2024\/01\/Baldu-rankena-MASSIVE-50mm.jpg\",\"width\":800,\"height\":800,\"caption\":\"M\u00f6\u00f6bli k\u00e4epide MASSIVE 50mm\"},{\"@type\":\"BreadcrumbList\",\"@id\":\"https:\/\/metaltale.com\/et\/toode\/moobli-kaepide-massive-50mm\/#breadcrumb\",\"itemListElement\":[{\"@type\":\"ListItem\",\"position\":1,\"name\":\"Home\",\"item\":\"https:\/\/metaltale.com\/et\/kodu\/\"},{\"@type\":\"ListItem\",\"position\":2,\"name\":\"Kauplus\",\"item\":\"https:\/\/metaltale.com\/et\/shop\/\"},{\"@type\":\"ListItem\",\"position\":3,\"name\":\"M\u00f6\u00f6bli k\u00e4epide MASSIVE 50mm\"}]},{\"@type\":\"WebSite\",\"@id\":\"https:\/\/metaltale.com\/et\/#website\",\"url\":\"https:\/\/metaltale.com\/et\/\",\"name\":\"Metaltale.com\",\"description\":\"\",\"potentialAction\":[{\"@type\":\"SearchAction\",\"target\":{\"@type\":\"EntryPoint\",\"urlTemplate\":\"https:\/\/metaltale.com\/et\/?s={search_term_string}\"},\"query-input\":{\"@type\":\"PropertyValueSpecification\",\"valueRequired\":true,\"valueName\":\"search_term_string\"}}],\"inLanguage\":\"et\"}]}<\/script>\n<!-- \/ Yoast SEO plugin. -->","yoast_head_json":{"title":"M\u00f6\u00f6bli k\u00e4epide MASSIVE 50mm - MetalTale.com","robots":{"index":"index","follow":"follow","max-snippet":"max-snippet:-1","max-image-preview":"max-image-preview:large","max-video-preview":"max-video-preview:-1"},"canonical":"https:\/\/metaltale.com\/et\/toode\/moobli-kaepide-massive-50mm\/","og_locale":"et_EE","og_type":"article","og_title":"M\u00f6\u00f6bli k\u00e4epide MASSIVE 50mm - MetalTale.com","og_description":"Mudel 15097Z. PRGR Materjal Tsinksulam Koguprojektsioon (cm) 2,8 Aukude vahe (cm) 5\/16,9,6 Paigalduskruvid Jah V\u00e4rv Kuldne raud M\u00f6\u00f6bli k\u00e4epide on","og_url":"https:\/\/metaltale.com\/et\/toode\/moobli-kaepide-massive-50mm\/","og_site_name":"MetalTale.com","twitter_card":"summary_large_image","twitter_misc":{"Est. reading time":"1 minut"},"schema":{"@context":"https:\/\/schema.org","@graph":[{"@type":"WebPage","@id":"https:\/\/metaltale.com\/et\/toode\/moobli-kaepide-massive-50mm\/","url":"https:\/\/metaltale.com\/et\/toode\/moobli-kaepide-massive-50mm\/","name":"M\u00f6\u00f6bli k\u00e4epide MASSIVE 50mm - MetalTale.com","isPartOf":{"@id":"https:\/\/metaltale.com\/et\/#website"},"primaryImageOfPage":{"@id":"https:\/\/metaltale.com\/et\/toode\/moobli-kaepide-massive-50mm\/#primaryimage"},"image":{"@id":"https:\/\/metaltale.com\/et\/toode\/moobli-kaepide-massive-50mm\/#primaryimage"},"thumbnailUrl":"https:\/\/metaltale.com\/wp-content\/uploads\/2024\/01\/Baldu-rankena-MASSIVE-50mm.jpg","datePublished":"2024-02-13T13:09:04+00:00","breadcrumb":{"@id":"https:\/\/metaltale.com\/et\/toode\/moobli-kaepide-massive-50mm\/#breadcrumb"},"inLanguage":"et","potentialAction":[{"@type":"ReadAction","target":["https:\/\/metaltale.com\/et\/toode\/moobli-kaepide-massive-50mm\/"]}]},{"@type":"ImageObject","inLanguage":"et","@id":"https:\/\/metaltale.com\/et\/toode\/moobli-kaepide-massive-50mm\/#primaryimage","url":"https:\/\/metaltale.com\/wp-content\/uploads\/2024\/01\/Baldu-rankena-MASSIVE-50mm.jpg","contentUrl":"https:\/\/metaltale.com\/wp-content\/uploads\/2024\/01\/Baldu-rankena-MASSIVE-50mm.jpg","width":800,"height":800,"caption":"M\u00f6\u00f6bli k\u00e4epide MASSIVE 50mm"},{"@type":"BreadcrumbList","@id":"https:\/\/metaltale.com\/et\/toode\/moobli-kaepide-massive-50mm\/#breadcrumb","itemListElement":[{"@type":"ListItem","position":1,"name":"Home","item":"https:\/\/metaltale.com\/et\/kodu\/"},{"@type":"ListItem","position":2,"name":"Kauplus","item":"https:\/\/metaltale.com\/et\/shop\/"},{"@type":"ListItem","position":3,"name":"M\u00f6\u00f6bli k\u00e4epide MASSIVE 50mm"}]},{"@type":"WebSite","@id":"https:\/\/metaltale.com\/et\/#website","url":"https:\/\/metaltale.com\/et\/","name":"Metaltale.com","description":"","potentialAction":[{"@type":"SearchAction","target":{"@type":"EntryPoint","urlTemplate":"https:\/\/metaltale.com\/et\/?s={search_term_string}"},"query-input":{"@type":"PropertyValueSpecification","valueRequired":true,"valueName":"search_term_string"}}],"inLanguage":"et"}]}},"_links":{"self":[{"href":"https:\/\/metaltale.com\/et\/wp-json\/wp\/v2\/product\/136230","targetHints":{"allow":["GET"]}}],"collection":[{"href":"https:\/\/metaltale.com\/et\/wp-json\/wp\/v2\/product"}],"about":[{"href":"https:\/\/metaltale.com\/et\/wp-json\/wp\/v2\/types\/product"}],"replies":[{"embeddable":true,"href":"https:\/\/metaltale.com\/et\/wp-json\/wp\/v2\/comments?post=136230"}],"version-history":[{"count":0,"href":"https:\/\/metaltale.com\/et\/wp-json\/wp\/v2\/product\/136230\/revisions"}],"wp:featuredmedia":[{"embeddable":true,"href":"https:\/\/metaltale.com\/et\/wp-json\/wp\/v2\/media\/130621"}],"wp:attachment":[{"href":"https:\/\/metaltale.com\/et\/wp-json\/wp\/v2\/media?parent=136230"}],"wp:term":[{"taxonomy":"product_brand","embeddable":true,"href":"https:\/\/metaltale.com\/et\/wp-json\/wp\/v2\/product_brand?post=136230"},{"taxonomy":"product_cat","embeddable":true,"href":"https:\/\/metaltale.com\/et\/wp-json\/wp\/v2\/product_cat?post=136230"},{"taxonomy":"product_tag","embeddable":true,"href":"https:\/\/metaltale.com\/et\/wp-json\/wp\/v2\/product_tag?post=136230"}],"curies":[{"name":"wp","href":"https:\/\/api.w.org\/{rel}","templated":true}]}}