{"id":136215,"date":"2024-02-13T15:17:46","date_gmt":"2024-02-13T13:17:46","guid":{"rendered":"https:\/\/metaltale.com\/produktas\/uksekaepidemed-antique-bristol-koos-lukuga-72-mm\/"},"modified":"2024-02-13T15:17:46","modified_gmt":"2024-02-13T13:17:46","slug":"uksekaepidemed-antique-bristol-koos-lukuga-72-mm","status":"publish","type":"product","link":"https:\/\/metaltale.com\/et\/toode\/uksekaepidemed-antique-bristol-koos-lukuga-72-mm\/","title":{"rendered":"Uksek\u00e4epidemed ANTIQUE BRISTOL koos lukuga 72 mm"},"content":{"rendered":"<div class=\"prod_data\">\n<p><strong>Mudel<\/strong> B.BL. RD. PRGR<br \/>\n<strong>Materjal<\/strong> teras<br \/>\n<strong>\u00dcldine k\u00f5rgus (cm)<\/strong> 24<br \/>\n<strong>\u00dcldine laius (cm)<\/strong> 14<br \/>\n<strong>Koguprojektsioon (cm)<\/strong> 7<br \/>\n<strong>Aluspinna m\u00f5\u00f5tmed (cm<\/strong> ) 4&#215;24<br \/>\nAukude <strong>vahe (cm)<\/strong> 19,5<br \/>\n<strong>K\u00e4epideme ja v\u00f5tmeava vaheline kaugus (mm)<\/strong> 72 mm<br \/>\n<strong>Abi<\/strong> Ei<br \/>\nPaigalduskruvid Jah<br \/>\n<strong>V\u00e4rv<\/strong> Vanem, roostevaba<br \/>\n<strong>Kogus komplekti kohta<\/strong> 2 x k\u00e4epide\/k\u00e4epide + s\u00fcdamik + kinnituskruvid<\/p>\n<p>Sisaldab kahte k\u00e4epidet (kuni 1 ukseleht), s\u00fcdamikku ja paigalduselemendid.<\/p>\n<p>Toodet saab kasutada sise- ja v\u00e4lisuste puhul.<\/p>\n<p>puudub k\u00e4epidemehhanism<\/p>\n<hr>\n<p>Sildiga k\u00e4epidemed on ideaalne valik k\u00f5igile maa-atmosf\u00e4\u00e4ri armastajatele. K\u00e4epidemed on valmistatud terasest, mis on originaalse musta v\u00e4rvi, s.t. roostej\u00e4lgedega, mis annab iseloomu ja originaalse disaini. Vananenud Bristoli k\u00e4epidemed t\u00e4iendavad iga sisekujundust, r\u00f5hutades kaunilt iga ukselehe stiili. Mudel on saadaval mitmes versioonis &#8211; tualettm\u00e4rgiga, sisestatud ja v\u00f5tmega. BRISTOLi kollektsiooni k\u00e4epidemed on lihtsa, kuid elegantse kujuga, mis muudab need ideaalseks paljudesse sisekujundusstiilidesse. Seda saab h\u00f5lpsasti paigaldada erinevatele ukset\u00fc\u00fcpidele ja selle tugev konstruktsioon tagab aastatepikkuse kasutamise.<\/p>\n<\/div>\n","protected":false},"excerpt":{"rendered":"<p>Mudel B.BL. RD. PRGR Materjal teras \u00dcldine k\u00f5rgus (cm) 24 \u00dcldine laius (cm) 14 Koguprojektsioon (cm) 7 Aluspinna m\u00f5\u00f5tmed (cm<\/p>\n","protected":false},"featured_media":130985,"comment_status":"open","ping_status":"closed","template":"","meta":{"_acf_changed":false,"pmpro_default_level":""},"product_brand":[],"product_cat":[24162,23882,23836],"product_tag":[],"class_list":{"0":"post-136215","1":"product","2":"type-product","3":"status-publish","4":"has-post-thumbnail","6":"product_cat-kaepidemed","7":"product_cat-duru-rankenos-duru-rankenos-et","8":"product_cat-moobli-tarvikud","9":"pmpro-has-access","11":"first","12":"instock","13":"shipping-taxable","14":"purchasable","15":"product-type-simple"},"acf":[],"yoast_head":"<!-- This site is optimized with the Yoast SEO plugin v24.9 - https:\/\/yoast.com\/wordpress\/plugins\/seo\/ -->\n<title>Uksek\u00e4epidemed ANTIQUE BRISTOL koos lukuga 72 mm - MetalTale.com<\/title>\n<meta name=\"robots\" content=\"index, follow, max-snippet:-1, max-image-preview:large, max-video-preview:-1\" \/>\n<link rel=\"canonical\" href=\"https:\/\/metaltale.com\/et\/toode\/uksekaepidemed-antique-bristol-koos-lukuga-72-mm\/\" \/>\n<meta property=\"og:locale\" content=\"et_EE\" \/>\n<meta property=\"og:type\" content=\"article\" \/>\n<meta property=\"og:title\" content=\"Uksek\u00e4epidemed ANTIQUE BRISTOL koos lukuga 72 mm - MetalTale.com\" \/>\n<meta property=\"og:description\" content=\"Mudel B.BL. RD. PRGR Materjal teras \u00dcldine k\u00f5rgus (cm) 24 \u00dcldine laius (cm) 14 Koguprojektsioon (cm) 7 Aluspinna m\u00f5\u00f5tmed (cm\" \/>\n<meta property=\"og:url\" content=\"https:\/\/metaltale.com\/et\/toode\/uksekaepidemed-antique-bristol-koos-lukuga-72-mm\/\" \/>\n<meta property=\"og:site_name\" content=\"MetalTale.com\" \/>\n<meta property=\"og:image\" content=\"https:\/\/metaltale.com\/wp-content\/uploads\/2024\/02\/Duru-rankenos-ANTIQUE-BRISTOL-su-uzraktu-72-mm.jpg\" \/>\n\t<meta property=\"og:image:width\" content=\"800\" \/>\n\t<meta property=\"og:image:height\" content=\"800\" \/>\n\t<meta property=\"og:image:type\" content=\"image\/jpeg\" \/>\n<meta name=\"twitter:card\" content=\"summary_large_image\" \/>\n<meta name=\"twitter:label1\" content=\"Est. reading time\" \/>\n\t<meta name=\"twitter:data1\" content=\"1 minut\" \/>\n<script type=\"application\/ld+json\" class=\"yoast-schema-graph\">{\"@context\":\"https:\/\/schema.org\",\"@graph\":[{\"@type\":\"WebPage\",\"@id\":\"https:\/\/metaltale.com\/et\/toode\/uksekaepidemed-antique-bristol-koos-lukuga-72-mm\/\",\"url\":\"https:\/\/metaltale.com\/et\/toode\/uksekaepidemed-antique-bristol-koos-lukuga-72-mm\/\",\"name\":\"Uksek\u00e4epidemed ANTIQUE BRISTOL koos lukuga 72 mm - MetalTale.com\",\"isPartOf\":{\"@id\":\"https:\/\/metaltale.com\/et\/#website\"},\"primaryImageOfPage\":{\"@id\":\"https:\/\/metaltale.com\/et\/toode\/uksekaepidemed-antique-bristol-koos-lukuga-72-mm\/#primaryimage\"},\"image\":{\"@id\":\"https:\/\/metaltale.com\/et\/toode\/uksekaepidemed-antique-bristol-koos-lukuga-72-mm\/#primaryimage\"},\"thumbnailUrl\":\"https:\/\/metaltale.com\/wp-content\/uploads\/2024\/02\/Duru-rankenos-ANTIQUE-BRISTOL-su-uzraktu-72-mm.jpg\",\"datePublished\":\"2024-02-13T13:17:46+00:00\",\"breadcrumb\":{\"@id\":\"https:\/\/metaltale.com\/et\/toode\/uksekaepidemed-antique-bristol-koos-lukuga-72-mm\/#breadcrumb\"},\"inLanguage\":\"et\",\"potentialAction\":[{\"@type\":\"ReadAction\",\"target\":[\"https:\/\/metaltale.com\/et\/toode\/uksekaepidemed-antique-bristol-koos-lukuga-72-mm\/\"]}]},{\"@type\":\"ImageObject\",\"inLanguage\":\"et\",\"@id\":\"https:\/\/metaltale.com\/et\/toode\/uksekaepidemed-antique-bristol-koos-lukuga-72-mm\/#primaryimage\",\"url\":\"https:\/\/metaltale.com\/wp-content\/uploads\/2024\/02\/Duru-rankenos-ANTIQUE-BRISTOL-su-uzraktu-72-mm.jpg\",\"contentUrl\":\"https:\/\/metaltale.com\/wp-content\/uploads\/2024\/02\/Duru-rankenos-ANTIQUE-BRISTOL-su-uzraktu-72-mm.jpg\",\"width\":800,\"height\":800,\"caption\":\"Uksek\u00e4epidemed ANTIQUE BRISTOL koos lukuga 72 mm\"},{\"@type\":\"BreadcrumbList\",\"@id\":\"https:\/\/metaltale.com\/et\/toode\/uksekaepidemed-antique-bristol-koos-lukuga-72-mm\/#breadcrumb\",\"itemListElement\":[{\"@type\":\"ListItem\",\"position\":1,\"name\":\"Home\",\"item\":\"https:\/\/metaltale.com\/et\/kodu\/\"},{\"@type\":\"ListItem\",\"position\":2,\"name\":\"Kauplus\",\"item\":\"https:\/\/metaltale.com\/et\/shop\/\"},{\"@type\":\"ListItem\",\"position\":3,\"name\":\"Uksek\u00e4epidemed ANTIQUE BRISTOL koos lukuga 72 mm\"}]},{\"@type\":\"WebSite\",\"@id\":\"https:\/\/metaltale.com\/et\/#website\",\"url\":\"https:\/\/metaltale.com\/et\/\",\"name\":\"Metaltale.com\",\"description\":\"\",\"potentialAction\":[{\"@type\":\"SearchAction\",\"target\":{\"@type\":\"EntryPoint\",\"urlTemplate\":\"https:\/\/metaltale.com\/et\/?s={search_term_string}\"},\"query-input\":{\"@type\":\"PropertyValueSpecification\",\"valueRequired\":true,\"valueName\":\"search_term_string\"}}],\"inLanguage\":\"et\"}]}<\/script>\n<!-- \/ Yoast SEO plugin. -->","yoast_head_json":{"title":"Uksek\u00e4epidemed ANTIQUE BRISTOL koos lukuga 72 mm - MetalTale.com","robots":{"index":"index","follow":"follow","max-snippet":"max-snippet:-1","max-image-preview":"max-image-preview:large","max-video-preview":"max-video-preview:-1"},"canonical":"https:\/\/metaltale.com\/et\/toode\/uksekaepidemed-antique-bristol-koos-lukuga-72-mm\/","og_locale":"et_EE","og_type":"article","og_title":"Uksek\u00e4epidemed ANTIQUE BRISTOL koos lukuga 72 mm - MetalTale.com","og_description":"Mudel B.BL. RD. PRGR Materjal teras \u00dcldine k\u00f5rgus (cm) 24 \u00dcldine laius (cm) 14 Koguprojektsioon (cm) 7 Aluspinna m\u00f5\u00f5tmed (cm","og_url":"https:\/\/metaltale.com\/et\/toode\/uksekaepidemed-antique-bristol-koos-lukuga-72-mm\/","og_site_name":"MetalTale.com","og_image":[{"width":800,"height":800,"url":"https:\/\/metaltale.com\/wp-content\/uploads\/2024\/02\/Duru-rankenos-ANTIQUE-BRISTOL-su-uzraktu-72-mm.jpg","type":"image\/jpeg"}],"twitter_card":"summary_large_image","twitter_misc":{"Est. reading time":"1 minut"},"schema":{"@context":"https:\/\/schema.org","@graph":[{"@type":"WebPage","@id":"https:\/\/metaltale.com\/et\/toode\/uksekaepidemed-antique-bristol-koos-lukuga-72-mm\/","url":"https:\/\/metaltale.com\/et\/toode\/uksekaepidemed-antique-bristol-koos-lukuga-72-mm\/","name":"Uksek\u00e4epidemed ANTIQUE BRISTOL koos lukuga 72 mm - MetalTale.com","isPartOf":{"@id":"https:\/\/metaltale.com\/et\/#website"},"primaryImageOfPage":{"@id":"https:\/\/metaltale.com\/et\/toode\/uksekaepidemed-antique-bristol-koos-lukuga-72-mm\/#primaryimage"},"image":{"@id":"https:\/\/metaltale.com\/et\/toode\/uksekaepidemed-antique-bristol-koos-lukuga-72-mm\/#primaryimage"},"thumbnailUrl":"https:\/\/metaltale.com\/wp-content\/uploads\/2024\/02\/Duru-rankenos-ANTIQUE-BRISTOL-su-uzraktu-72-mm.jpg","datePublished":"2024-02-13T13:17:46+00:00","breadcrumb":{"@id":"https:\/\/metaltale.com\/et\/toode\/uksekaepidemed-antique-bristol-koos-lukuga-72-mm\/#breadcrumb"},"inLanguage":"et","potentialAction":[{"@type":"ReadAction","target":["https:\/\/metaltale.com\/et\/toode\/uksekaepidemed-antique-bristol-koos-lukuga-72-mm\/"]}]},{"@type":"ImageObject","inLanguage":"et","@id":"https:\/\/metaltale.com\/et\/toode\/uksekaepidemed-antique-bristol-koos-lukuga-72-mm\/#primaryimage","url":"https:\/\/metaltale.com\/wp-content\/uploads\/2024\/02\/Duru-rankenos-ANTIQUE-BRISTOL-su-uzraktu-72-mm.jpg","contentUrl":"https:\/\/metaltale.com\/wp-content\/uploads\/2024\/02\/Duru-rankenos-ANTIQUE-BRISTOL-su-uzraktu-72-mm.jpg","width":800,"height":800,"caption":"Uksek\u00e4epidemed ANTIQUE BRISTOL koos lukuga 72 mm"},{"@type":"BreadcrumbList","@id":"https:\/\/metaltale.com\/et\/toode\/uksekaepidemed-antique-bristol-koos-lukuga-72-mm\/#breadcrumb","itemListElement":[{"@type":"ListItem","position":1,"name":"Home","item":"https:\/\/metaltale.com\/et\/kodu\/"},{"@type":"ListItem","position":2,"name":"Kauplus","item":"https:\/\/metaltale.com\/et\/shop\/"},{"@type":"ListItem","position":3,"name":"Uksek\u00e4epidemed ANTIQUE BRISTOL koos lukuga 72 mm"}]},{"@type":"WebSite","@id":"https:\/\/metaltale.com\/et\/#website","url":"https:\/\/metaltale.com\/et\/","name":"Metaltale.com","description":"","potentialAction":[{"@type":"SearchAction","target":{"@type":"EntryPoint","urlTemplate":"https:\/\/metaltale.com\/et\/?s={search_term_string}"},"query-input":{"@type":"PropertyValueSpecification","valueRequired":true,"valueName":"search_term_string"}}],"inLanguage":"et"}]}},"_links":{"self":[{"href":"https:\/\/metaltale.com\/et\/wp-json\/wp\/v2\/product\/136215","targetHints":{"allow":["GET"]}}],"collection":[{"href":"https:\/\/metaltale.com\/et\/wp-json\/wp\/v2\/product"}],"about":[{"href":"https:\/\/metaltale.com\/et\/wp-json\/wp\/v2\/types\/product"}],"replies":[{"embeddable":true,"href":"https:\/\/metaltale.com\/et\/wp-json\/wp\/v2\/comments?post=136215"}],"version-history":[{"count":0,"href":"https:\/\/metaltale.com\/et\/wp-json\/wp\/v2\/product\/136215\/revisions"}],"wp:featuredmedia":[{"embeddable":true,"href":"https:\/\/metaltale.com\/et\/wp-json\/wp\/v2\/media\/130985"}],"wp:attachment":[{"href":"https:\/\/metaltale.com\/et\/wp-json\/wp\/v2\/media?parent=136215"}],"wp:term":[{"taxonomy":"product_brand","embeddable":true,"href":"https:\/\/metaltale.com\/et\/wp-json\/wp\/v2\/product_brand?post=136215"},{"taxonomy":"product_cat","embeddable":true,"href":"https:\/\/metaltale.com\/et\/wp-json\/wp\/v2\/product_cat?post=136215"},{"taxonomy":"product_tag","embeddable":true,"href":"https:\/\/metaltale.com\/et\/wp-json\/wp\/v2\/product_tag?post=136215"}],"curies":[{"name":"wp","href":"https:\/\/api.w.org\/{rel}","templated":true}]}}