{"id":136212,"date":"2024-02-13T15:17:46","date_gmt":"2024-02-13T13:17:46","guid":{"rendered":"https:\/\/metaltale.com\/produktas\/uksekaepide-preston-72-mm-koos-lukuga\/"},"modified":"2024-02-13T15:17:46","modified_gmt":"2024-02-13T13:17:46","slug":"uksekaepide-preston-72-mm-koos-lukuga","status":"publish","type":"product","link":"https:\/\/metaltale.com\/et\/toode\/uksekaepide-preston-72-mm-koos-lukuga\/","title":{"rendered":"Uksek\u00e4epide PRESTON 72 mm koos lukuga"},"content":{"rendered":"<div class=\"prod_data\">\n<h2>M\u00f6\u00f6blitarvikud &#8211; Uksek\u00e4epide PRESTON 72 MM<\/h2>\n<p><strong>Mudel:<\/strong> B.PNKL-72<br \/>\n<strong>Materjal:<\/strong> teras<br \/>\n<strong>\u00dcldine k\u00f5rgus (cm):<\/strong> 24<br \/>\n<strong>\u00dcldine laius (cm):<\/strong> 11,5<br \/>\n<strong>Koguprojektsioon (cm):<\/strong> 5<br \/>\n<strong>K\u00e4epideme ja v\u00f5tmeava vaheline kaugus (mm):<\/strong> 72 mm<br \/>\n<strong>Paigalduskruvid:<\/strong> jah<br \/>\n<strong>V\u00e4rv:<\/strong> must<br \/>\n<strong>Viimistlus:<\/strong> Pehme, satiinne efekt<br \/>\n<strong>Pind:<\/strong> sile<br \/>\n<strong>Kogus komplekti kohta<\/strong> 1 k\u00e4epide (m\u00f5lemale poole uksele) + s\u00fcdamik + kinnituskruvid<br \/>\n<strong>Kasutamine:<\/strong> sise- ja v\u00e4lisustele<\/p>\n<p>Preston terasest k\u00e4epidemed on saadaval musta, poolmatt &#8211; funktsionaalsuse ja esteetika kombinatsioon neile, kes hindavad kvaliteeti ja eksklusiivset stiili. K\u00e4epidemed on vastupidavad ja vastupidavad, sobivad nii sise- kui ka v\u00e4lisustele.<\/p>\n<\/div>\n","protected":false},"excerpt":{"rendered":"<p>M\u00f6\u00f6blitarvikud &#8211; Uksek\u00e4epide PRESTON 72 MM Mudel: B.PNKL-72 Materjal: teras \u00dcldine k\u00f5rgus (cm): 24 \u00dcldine laius (cm): 11,5 Koguprojektsioon (cm):<\/p>\n","protected":false},"featured_media":64530,"comment_status":"open","ping_status":"closed","template":"","meta":{"_acf_changed":false,"pmpro_default_level":""},"product_brand":[],"product_cat":[24162,24204,23882,23836],"product_tag":[],"class_list":{"0":"post-136212","1":"product","2":"type-product","3":"status-publish","4":"has-post-thumbnail","6":"product_cat-kaepidemed","7":"product_cat-metallist-uksekaepidemed","8":"product_cat-duru-rankenos-duru-rankenos-et","9":"product_cat-moobli-tarvikud","10":"pmpro-has-access","12":"first","13":"instock","14":"shipping-taxable","15":"purchasable","16":"product-type-simple"},"acf":[],"yoast_head":"<!-- This site is optimized with the Yoast SEO plugin v24.9 - https:\/\/yoast.com\/wordpress\/plugins\/seo\/ -->\n<title>Uksek\u00e4epide PRESTON 72 mm koos lukuga - MetalTale.com<\/title>\n<meta name=\"robots\" content=\"index, follow, max-snippet:-1, max-image-preview:large, max-video-preview:-1\" \/>\n<link rel=\"canonical\" href=\"https:\/\/metaltale.com\/et\/toode\/uksekaepide-preston-72-mm-koos-lukuga\/\" \/>\n<meta property=\"og:locale\" content=\"et_EE\" \/>\n<meta property=\"og:type\" content=\"article\" \/>\n<meta property=\"og:title\" content=\"Uksek\u00e4epide PRESTON 72 mm koos lukuga - MetalTale.com\" \/>\n<meta property=\"og:description\" content=\"M\u00f6\u00f6blitarvikud &#8211; Uksek\u00e4epide PRESTON 72 MM Mudel: B.PNKL-72 Materjal: teras \u00dcldine k\u00f5rgus (cm): 24 \u00dcldine laius (cm): 11,5 Koguprojektsioon (cm):\" \/>\n<meta property=\"og:url\" content=\"https:\/\/metaltale.com\/et\/toode\/uksekaepide-preston-72-mm-koos-lukuga\/\" \/>\n<meta property=\"og:site_name\" content=\"MetalTale.com\" \/>\n<meta property=\"og:image\" content=\"https:\/\/metaltale.com\/wp-content\/uploads\/2023\/09\/preston-na-klucz-72-90.jpg\" \/>\n\t<meta property=\"og:image:width\" content=\"800\" \/>\n\t<meta property=\"og:image:height\" content=\"800\" \/>\n\t<meta property=\"og:image:type\" content=\"image\/jpeg\" \/>\n<meta name=\"twitter:card\" content=\"summary_large_image\" \/>\n<script type=\"application\/ld+json\" class=\"yoast-schema-graph\">{\"@context\":\"https:\/\/schema.org\",\"@graph\":[{\"@type\":\"WebPage\",\"@id\":\"https:\/\/metaltale.com\/et\/toode\/uksekaepide-preston-72-mm-koos-lukuga\/\",\"url\":\"https:\/\/metaltale.com\/et\/toode\/uksekaepide-preston-72-mm-koos-lukuga\/\",\"name\":\"Uksek\u00e4epide PRESTON 72 mm koos lukuga - MetalTale.com\",\"isPartOf\":{\"@id\":\"https:\/\/metaltale.com\/et\/#website\"},\"primaryImageOfPage\":{\"@id\":\"https:\/\/metaltale.com\/et\/toode\/uksekaepide-preston-72-mm-koos-lukuga\/#primaryimage\"},\"image\":{\"@id\":\"https:\/\/metaltale.com\/et\/toode\/uksekaepide-preston-72-mm-koos-lukuga\/#primaryimage\"},\"thumbnailUrl\":\"https:\/\/metaltale.com\/wp-content\/uploads\/2023\/09\/preston-na-klucz-72-90.jpg\",\"datePublished\":\"2024-02-13T13:17:46+00:00\",\"breadcrumb\":{\"@id\":\"https:\/\/metaltale.com\/et\/toode\/uksekaepide-preston-72-mm-koos-lukuga\/#breadcrumb\"},\"inLanguage\":\"et\",\"potentialAction\":[{\"@type\":\"ReadAction\",\"target\":[\"https:\/\/metaltale.com\/et\/toode\/uksekaepide-preston-72-mm-koos-lukuga\/\"]}]},{\"@type\":\"ImageObject\",\"inLanguage\":\"et\",\"@id\":\"https:\/\/metaltale.com\/et\/toode\/uksekaepide-preston-72-mm-koos-lukuga\/#primaryimage\",\"url\":\"https:\/\/metaltale.com\/wp-content\/uploads\/2023\/09\/preston-na-klucz-72-90.jpg\",\"contentUrl\":\"https:\/\/metaltale.com\/wp-content\/uploads\/2023\/09\/preston-na-klucz-72-90.jpg\",\"width\":800,\"height\":800,\"caption\":\"Uksek\u00e4epide PRESTON 90 mm\"},{\"@type\":\"BreadcrumbList\",\"@id\":\"https:\/\/metaltale.com\/et\/toode\/uksekaepide-preston-72-mm-koos-lukuga\/#breadcrumb\",\"itemListElement\":[{\"@type\":\"ListItem\",\"position\":1,\"name\":\"Home\",\"item\":\"https:\/\/metaltale.com\/et\/kodu\/\"},{\"@type\":\"ListItem\",\"position\":2,\"name\":\"Kauplus\",\"item\":\"https:\/\/metaltale.com\/et\/shop\/\"},{\"@type\":\"ListItem\",\"position\":3,\"name\":\"Uksek\u00e4epide PRESTON 72 mm koos lukuga\"}]},{\"@type\":\"WebSite\",\"@id\":\"https:\/\/metaltale.com\/et\/#website\",\"url\":\"https:\/\/metaltale.com\/et\/\",\"name\":\"Metaltale.com\",\"description\":\"\",\"potentialAction\":[{\"@type\":\"SearchAction\",\"target\":{\"@type\":\"EntryPoint\",\"urlTemplate\":\"https:\/\/metaltale.com\/et\/?s={search_term_string}\"},\"query-input\":{\"@type\":\"PropertyValueSpecification\",\"valueRequired\":true,\"valueName\":\"search_term_string\"}}],\"inLanguage\":\"et\"}]}<\/script>\n<!-- \/ Yoast SEO plugin. -->","yoast_head_json":{"title":"Uksek\u00e4epide PRESTON 72 mm koos lukuga - MetalTale.com","robots":{"index":"index","follow":"follow","max-snippet":"max-snippet:-1","max-image-preview":"max-image-preview:large","max-video-preview":"max-video-preview:-1"},"canonical":"https:\/\/metaltale.com\/et\/toode\/uksekaepide-preston-72-mm-koos-lukuga\/","og_locale":"et_EE","og_type":"article","og_title":"Uksek\u00e4epide PRESTON 72 mm koos lukuga - MetalTale.com","og_description":"M\u00f6\u00f6blitarvikud &#8211; Uksek\u00e4epide PRESTON 72 MM Mudel: B.PNKL-72 Materjal: teras \u00dcldine k\u00f5rgus (cm): 24 \u00dcldine laius (cm): 11,5 Koguprojektsioon (cm):","og_url":"https:\/\/metaltale.com\/et\/toode\/uksekaepide-preston-72-mm-koos-lukuga\/","og_site_name":"MetalTale.com","og_image":[{"width":800,"height":800,"url":"https:\/\/metaltale.com\/wp-content\/uploads\/2023\/09\/preston-na-klucz-72-90.jpg","type":"image\/jpeg"}],"twitter_card":"summary_large_image","schema":{"@context":"https:\/\/schema.org","@graph":[{"@type":"WebPage","@id":"https:\/\/metaltale.com\/et\/toode\/uksekaepide-preston-72-mm-koos-lukuga\/","url":"https:\/\/metaltale.com\/et\/toode\/uksekaepide-preston-72-mm-koos-lukuga\/","name":"Uksek\u00e4epide PRESTON 72 mm koos lukuga - MetalTale.com","isPartOf":{"@id":"https:\/\/metaltale.com\/et\/#website"},"primaryImageOfPage":{"@id":"https:\/\/metaltale.com\/et\/toode\/uksekaepide-preston-72-mm-koos-lukuga\/#primaryimage"},"image":{"@id":"https:\/\/metaltale.com\/et\/toode\/uksekaepide-preston-72-mm-koos-lukuga\/#primaryimage"},"thumbnailUrl":"https:\/\/metaltale.com\/wp-content\/uploads\/2023\/09\/preston-na-klucz-72-90.jpg","datePublished":"2024-02-13T13:17:46+00:00","breadcrumb":{"@id":"https:\/\/metaltale.com\/et\/toode\/uksekaepide-preston-72-mm-koos-lukuga\/#breadcrumb"},"inLanguage":"et","potentialAction":[{"@type":"ReadAction","target":["https:\/\/metaltale.com\/et\/toode\/uksekaepide-preston-72-mm-koos-lukuga\/"]}]},{"@type":"ImageObject","inLanguage":"et","@id":"https:\/\/metaltale.com\/et\/toode\/uksekaepide-preston-72-mm-koos-lukuga\/#primaryimage","url":"https:\/\/metaltale.com\/wp-content\/uploads\/2023\/09\/preston-na-klucz-72-90.jpg","contentUrl":"https:\/\/metaltale.com\/wp-content\/uploads\/2023\/09\/preston-na-klucz-72-90.jpg","width":800,"height":800,"caption":"Uksek\u00e4epide PRESTON 90 mm"},{"@type":"BreadcrumbList","@id":"https:\/\/metaltale.com\/et\/toode\/uksekaepide-preston-72-mm-koos-lukuga\/#breadcrumb","itemListElement":[{"@type":"ListItem","position":1,"name":"Home","item":"https:\/\/metaltale.com\/et\/kodu\/"},{"@type":"ListItem","position":2,"name":"Kauplus","item":"https:\/\/metaltale.com\/et\/shop\/"},{"@type":"ListItem","position":3,"name":"Uksek\u00e4epide PRESTON 72 mm koos lukuga"}]},{"@type":"WebSite","@id":"https:\/\/metaltale.com\/et\/#website","url":"https:\/\/metaltale.com\/et\/","name":"Metaltale.com","description":"","potentialAction":[{"@type":"SearchAction","target":{"@type":"EntryPoint","urlTemplate":"https:\/\/metaltale.com\/et\/?s={search_term_string}"},"query-input":{"@type":"PropertyValueSpecification","valueRequired":true,"valueName":"search_term_string"}}],"inLanguage":"et"}]}},"_links":{"self":[{"href":"https:\/\/metaltale.com\/et\/wp-json\/wp\/v2\/product\/136212","targetHints":{"allow":["GET"]}}],"collection":[{"href":"https:\/\/metaltale.com\/et\/wp-json\/wp\/v2\/product"}],"about":[{"href":"https:\/\/metaltale.com\/et\/wp-json\/wp\/v2\/types\/product"}],"replies":[{"embeddable":true,"href":"https:\/\/metaltale.com\/et\/wp-json\/wp\/v2\/comments?post=136212"}],"version-history":[{"count":0,"href":"https:\/\/metaltale.com\/et\/wp-json\/wp\/v2\/product\/136212\/revisions"}],"wp:featuredmedia":[{"embeddable":true,"href":"https:\/\/metaltale.com\/et\/wp-json\/wp\/v2\/media\/64530"}],"wp:attachment":[{"href":"https:\/\/metaltale.com\/et\/wp-json\/wp\/v2\/media?parent=136212"}],"wp:term":[{"taxonomy":"product_brand","embeddable":true,"href":"https:\/\/metaltale.com\/et\/wp-json\/wp\/v2\/product_brand?post=136212"},{"taxonomy":"product_cat","embeddable":true,"href":"https:\/\/metaltale.com\/et\/wp-json\/wp\/v2\/product_cat?post=136212"},{"taxonomy":"product_tag","embeddable":true,"href":"https:\/\/metaltale.com\/et\/wp-json\/wp\/v2\/product_tag?post=136212"}],"curies":[{"name":"wp","href":"https:\/\/api.w.org\/{rel}","templated":true}]}}