{"id":136200,"date":"2024-02-13T15:17:46","date_gmt":"2024-02-13T13:17:46","guid":{"rendered":"https:\/\/metaltale.com\/produktas\/loft-stiilis-sahtli-kapp-strong\/"},"modified":"2024-02-13T15:17:46","modified_gmt":"2024-02-13T13:17:46","slug":"loft-stiilis-sahtli-kapp-strong","status":"publish","type":"product","link":"https:\/\/metaltale.com\/et\/toode\/loft-stiilis-sahtli-kapp-strong\/","title":{"rendered":"Loft-stiilis sahtli kapp STRONG"},"content":{"rendered":"<div class=\"prod_data\">\n<p><strong>Mudel<\/strong> ZA.SG.B3<br \/>\nTugev <strong>kollektsioon<\/strong><br \/>\n<strong>Materjal<\/strong> Tammepuit, teras<br \/>\nLaius (cm) 150<br \/>\n<strong>K\u00f5rgus (cm)<\/strong> 90<br \/>\n<strong>S\u00fcgavus (cm)<\/strong> 45<br \/>\n<strong>V\u00e4rv<\/strong> Must, puit &#8211; naturaalne \u00f5li<br \/>\n<strong>Viimistlus<\/strong> Pulbriga kaetud, \u00f5litatud<br \/>\n<strong>Tarne t\u00fc\u00fcp<\/strong> T\u00e4ielikult kokkupandud toode<\/p>\n<p>Tammepuidust ja pulberv\u00e4rvitud terasest sahtli kapp<\/p>\n<p>kapp on varustatud vaikse sulgemise v\u00f5imalusega<\/p>\n<p>naturaalse v\u00e4rvilise \u00f5liga kaitstud tammepuit<\/p>\n<p>N\u00e4htav tekstuur ja kortsud annavad unikaalse v\u00e4limuse.<\/p>\n<p>puidust esipaneelide ja metallkorpusega sahtlid<\/p>\n<p>toodete v\u00e4rvus v\u00f5ib erineda galeriis olevatest piltidest, mis v\u00f5ib olla tingitud individuaalsetest monitoriseadetest ja materjalide iseloomust.<\/p>\n<p>teras ja tammepuit on tooraine, mille v\u00e4rvus, toon ja tekstuur v\u00f5ivad s\u00f5ltuvalt paigaldusest v\u00f5i tootmispartiist erineda.<\/p>\n<hr>\n<p>Meie ainulaadne Strong-kapp on valmistatud parimatest tammepuidust, mis on hoolikalt kaitstud \u00f5liga, s\u00e4ilitades selle loomuliku tooni ja ilu. Metallist elemendid annavad tervikule kaasaegse v\u00e4limuse ja elegantsi. Kirstul on kolm mahukat ja vaikselt sulguvat sahtlit. See muudab sahtlite avamise ja sulgemise lihtsaks. Suletud kappide esik\u00fcljed on valmistatud metallv\u00f5rgust ja -plekist, nii et sisu ei ole n\u00e4htav. Sellel kirstul on ebatavaline lahendus &#8211; l\u00fckandukses\u00fcsteem, mis on originaalne alternatiiv traditsioonilistele hingedele. Metallist elementide kasutamine annab kirstule t\u00f6\u00f6stusliku ja moodsa v\u00e4limuse, andes samal ajal erilise esteetika.<\/p>\n<\/div>\n","protected":false},"excerpt":{"rendered":"<p>Mudel ZA.SG.B3 Tugev kollektsioon Materjal Tammepuit, teras Laius (cm) 150 K\u00f5rgus (cm) 90 S\u00fcgavus (cm) 45 V\u00e4rv Must, puit &#8211;<\/p>\n","protected":false},"featured_media":96333,"comment_status":"open","ping_status":"closed","template":"","meta":{"_acf_changed":false,"pmpro_default_level":""},"product_brand":[],"product_cat":[24201,24138],"product_tag":[],"class_list":{"0":"post-136200","1":"product","2":"type-product","3":"status-publish","4":"has-post-thumbnail","6":"product_cat-kommodid","7":"product_cat-toostusmoobel","8":"pmpro-has-access","10":"first","11":"instock","12":"shipping-taxable","13":"purchasable","14":"product-type-simple"},"acf":[],"yoast_head":"<!-- This site is optimized with the Yoast SEO plugin v24.9 - https:\/\/yoast.com\/wordpress\/plugins\/seo\/ -->\n<title>Loft-stiilis sahtli kapp STRONG - MetalTale.com<\/title>\n<meta name=\"robots\" content=\"index, follow, max-snippet:-1, max-image-preview:large, max-video-preview:-1\" \/>\n<link rel=\"canonical\" href=\"https:\/\/metaltale.com\/et\/toode\/loft-stiilis-sahtli-kapp-strong\/\" \/>\n<meta property=\"og:locale\" content=\"et_EE\" \/>\n<meta property=\"og:type\" content=\"article\" \/>\n<meta property=\"og:title\" content=\"Loft-stiilis sahtli kapp STRONG - MetalTale.com\" \/>\n<meta property=\"og:description\" content=\"Mudel ZA.SG.B3 Tugev kollektsioon Materjal Tammepuit, teras Laius (cm) 150 K\u00f5rgus (cm) 90 S\u00fcgavus (cm) 45 V\u00e4rv Must, puit &#8211;\" \/>\n<meta property=\"og:url\" content=\"https:\/\/metaltale.com\/et\/toode\/loft-stiilis-sahtli-kapp-strong\/\" \/>\n<meta property=\"og:site_name\" content=\"MetalTale.com\" \/>\n<meta name=\"twitter:card\" content=\"summary_large_image\" \/>\n<meta name=\"twitter:label1\" content=\"Est. reading time\" \/>\n\t<meta name=\"twitter:data1\" content=\"1 minut\" \/>\n<script type=\"application\/ld+json\" class=\"yoast-schema-graph\">{\"@context\":\"https:\/\/schema.org\",\"@graph\":[{\"@type\":\"WebPage\",\"@id\":\"https:\/\/metaltale.com\/et\/toode\/loft-stiilis-sahtli-kapp-strong\/\",\"url\":\"https:\/\/metaltale.com\/et\/toode\/loft-stiilis-sahtli-kapp-strong\/\",\"name\":\"Loft-stiilis sahtli kapp STRONG - MetalTale.com\",\"isPartOf\":{\"@id\":\"https:\/\/metaltale.com\/et\/#website\"},\"primaryImageOfPage\":{\"@id\":\"https:\/\/metaltale.com\/et\/toode\/loft-stiilis-sahtli-kapp-strong\/#primaryimage\"},\"image\":{\"@id\":\"https:\/\/metaltale.com\/et\/toode\/loft-stiilis-sahtli-kapp-strong\/#primaryimage\"},\"thumbnailUrl\":\"https:\/\/metaltale.com\/wp-content\/uploads\/2023\/10\/Komoda-loftas-industrialna-STRONG.jpg\",\"datePublished\":\"2024-02-13T13:17:46+00:00\",\"breadcrumb\":{\"@id\":\"https:\/\/metaltale.com\/et\/toode\/loft-stiilis-sahtli-kapp-strong\/#breadcrumb\"},\"inLanguage\":\"et\",\"potentialAction\":[{\"@type\":\"ReadAction\",\"target\":[\"https:\/\/metaltale.com\/et\/toode\/loft-stiilis-sahtli-kapp-strong\/\"]}]},{\"@type\":\"ImageObject\",\"inLanguage\":\"et\",\"@id\":\"https:\/\/metaltale.com\/et\/toode\/loft-stiilis-sahtli-kapp-strong\/#primaryimage\",\"url\":\"https:\/\/metaltale.com\/wp-content\/uploads\/2023\/10\/Komoda-loftas-industrialna-STRONG.jpg\",\"contentUrl\":\"https:\/\/metaltale.com\/wp-content\/uploads\/2023\/10\/Komoda-loftas-industrialna-STRONG.jpg\",\"width\":800,\"height\":800},{\"@type\":\"BreadcrumbList\",\"@id\":\"https:\/\/metaltale.com\/et\/toode\/loft-stiilis-sahtli-kapp-strong\/#breadcrumb\",\"itemListElement\":[{\"@type\":\"ListItem\",\"position\":1,\"name\":\"Home\",\"item\":\"https:\/\/metaltale.com\/et\/kodu\/\"},{\"@type\":\"ListItem\",\"position\":2,\"name\":\"Kauplus\",\"item\":\"https:\/\/metaltale.com\/et\/shop\/\"},{\"@type\":\"ListItem\",\"position\":3,\"name\":\"Loft-stiilis sahtli kapp STRONG\"}]},{\"@type\":\"WebSite\",\"@id\":\"https:\/\/metaltale.com\/et\/#website\",\"url\":\"https:\/\/metaltale.com\/et\/\",\"name\":\"Metaltale.com\",\"description\":\"\",\"potentialAction\":[{\"@type\":\"SearchAction\",\"target\":{\"@type\":\"EntryPoint\",\"urlTemplate\":\"https:\/\/metaltale.com\/et\/?s={search_term_string}\"},\"query-input\":{\"@type\":\"PropertyValueSpecification\",\"valueRequired\":true,\"valueName\":\"search_term_string\"}}],\"inLanguage\":\"et\"}]}<\/script>\n<!-- \/ Yoast SEO plugin. -->","yoast_head_json":{"title":"Loft-stiilis sahtli kapp STRONG - MetalTale.com","robots":{"index":"index","follow":"follow","max-snippet":"max-snippet:-1","max-image-preview":"max-image-preview:large","max-video-preview":"max-video-preview:-1"},"canonical":"https:\/\/metaltale.com\/et\/toode\/loft-stiilis-sahtli-kapp-strong\/","og_locale":"et_EE","og_type":"article","og_title":"Loft-stiilis sahtli kapp STRONG - MetalTale.com","og_description":"Mudel ZA.SG.B3 Tugev kollektsioon Materjal Tammepuit, teras Laius (cm) 150 K\u00f5rgus (cm) 90 S\u00fcgavus (cm) 45 V\u00e4rv Must, puit &#8211;","og_url":"https:\/\/metaltale.com\/et\/toode\/loft-stiilis-sahtli-kapp-strong\/","og_site_name":"MetalTale.com","twitter_card":"summary_large_image","twitter_misc":{"Est. reading time":"1 minut"},"schema":{"@context":"https:\/\/schema.org","@graph":[{"@type":"WebPage","@id":"https:\/\/metaltale.com\/et\/toode\/loft-stiilis-sahtli-kapp-strong\/","url":"https:\/\/metaltale.com\/et\/toode\/loft-stiilis-sahtli-kapp-strong\/","name":"Loft-stiilis sahtli kapp STRONG - MetalTale.com","isPartOf":{"@id":"https:\/\/metaltale.com\/et\/#website"},"primaryImageOfPage":{"@id":"https:\/\/metaltale.com\/et\/toode\/loft-stiilis-sahtli-kapp-strong\/#primaryimage"},"image":{"@id":"https:\/\/metaltale.com\/et\/toode\/loft-stiilis-sahtli-kapp-strong\/#primaryimage"},"thumbnailUrl":"https:\/\/metaltale.com\/wp-content\/uploads\/2023\/10\/Komoda-loftas-industrialna-STRONG.jpg","datePublished":"2024-02-13T13:17:46+00:00","breadcrumb":{"@id":"https:\/\/metaltale.com\/et\/toode\/loft-stiilis-sahtli-kapp-strong\/#breadcrumb"},"inLanguage":"et","potentialAction":[{"@type":"ReadAction","target":["https:\/\/metaltale.com\/et\/toode\/loft-stiilis-sahtli-kapp-strong\/"]}]},{"@type":"ImageObject","inLanguage":"et","@id":"https:\/\/metaltale.com\/et\/toode\/loft-stiilis-sahtli-kapp-strong\/#primaryimage","url":"https:\/\/metaltale.com\/wp-content\/uploads\/2023\/10\/Komoda-loftas-industrialna-STRONG.jpg","contentUrl":"https:\/\/metaltale.com\/wp-content\/uploads\/2023\/10\/Komoda-loftas-industrialna-STRONG.jpg","width":800,"height":800},{"@type":"BreadcrumbList","@id":"https:\/\/metaltale.com\/et\/toode\/loft-stiilis-sahtli-kapp-strong\/#breadcrumb","itemListElement":[{"@type":"ListItem","position":1,"name":"Home","item":"https:\/\/metaltale.com\/et\/kodu\/"},{"@type":"ListItem","position":2,"name":"Kauplus","item":"https:\/\/metaltale.com\/et\/shop\/"},{"@type":"ListItem","position":3,"name":"Loft-stiilis sahtli kapp STRONG"}]},{"@type":"WebSite","@id":"https:\/\/metaltale.com\/et\/#website","url":"https:\/\/metaltale.com\/et\/","name":"Metaltale.com","description":"","potentialAction":[{"@type":"SearchAction","target":{"@type":"EntryPoint","urlTemplate":"https:\/\/metaltale.com\/et\/?s={search_term_string}"},"query-input":{"@type":"PropertyValueSpecification","valueRequired":true,"valueName":"search_term_string"}}],"inLanguage":"et"}]}},"_links":{"self":[{"href":"https:\/\/metaltale.com\/et\/wp-json\/wp\/v2\/product\/136200","targetHints":{"allow":["GET"]}}],"collection":[{"href":"https:\/\/metaltale.com\/et\/wp-json\/wp\/v2\/product"}],"about":[{"href":"https:\/\/metaltale.com\/et\/wp-json\/wp\/v2\/types\/product"}],"replies":[{"embeddable":true,"href":"https:\/\/metaltale.com\/et\/wp-json\/wp\/v2\/comments?post=136200"}],"version-history":[{"count":0,"href":"https:\/\/metaltale.com\/et\/wp-json\/wp\/v2\/product\/136200\/revisions"}],"wp:featuredmedia":[{"embeddable":true,"href":"https:\/\/metaltale.com\/et\/wp-json\/wp\/v2\/media\/96333"}],"wp:attachment":[{"href":"https:\/\/metaltale.com\/et\/wp-json\/wp\/v2\/media?parent=136200"}],"wp:term":[{"taxonomy":"product_brand","embeddable":true,"href":"https:\/\/metaltale.com\/et\/wp-json\/wp\/v2\/product_brand?post=136200"},{"taxonomy":"product_cat","embeddable":true,"href":"https:\/\/metaltale.com\/et\/wp-json\/wp\/v2\/product_cat?post=136200"},{"taxonomy":"product_tag","embeddable":true,"href":"https:\/\/metaltale.com\/et\/wp-json\/wp\/v2\/product_tag?post=136200"}],"curies":[{"name":"wp","href":"https:\/\/api.w.org\/{rel}","templated":true}]}}