{"id":136184,"date":"2024-02-13T15:15:50","date_gmt":"2024-02-13T13:15:50","guid":{"rendered":"https:\/\/metaltale.com\/produktas\/aknakaepide-lincoln-aged\/"},"modified":"2024-02-13T15:15:50","modified_gmt":"2024-02-13T13:15:50","slug":"aknakaepide-lincoln-aged","status":"publish","type":"product","link":"https:\/\/metaltale.com\/et\/toode\/aknakaepide-lincoln-aged\/","title":{"rendered":"Aknak\u00e4epide LINCOLN AGED"},"content":{"rendered":"<div class=\"prod_data\">\n<p><strong>Mudel<\/strong> B.KOLN-RD<br \/>\n<strong>Materjal<\/strong> teras<br \/>\n<strong>\u00dcldine k\u00f5rgus (cm)<\/strong> 7<br \/>\n<strong>\u00dcldine laius (cm)<\/strong> 13<br \/>\n<strong>Koguprojektsioon (cm)<\/strong> 7<br \/>\nAukude <strong>vahekaugus (cm)<\/strong> 4,3<br \/>\nPaigalduskruvid Jah<br \/>\n<strong>V\u00e4rv<\/strong> Vanem, roostevaba<\/p>\n<p>Terasest toode<\/p>\n<p>122 mm k\u00e4epide mugava haarde jaoks<\/p>\n<p>Roosteefekt r\u00f5hutab toote maal\u00e4hedast iseloomu.<\/p>\n<p>funktsionaalsuse ja dekoratiivse disaini kombinatsioon<\/p>\n<hr>\n<p>Kvaliteetsetest materjalidest valmistatud k\u00e4epide on iseloomuliku rustikaalse v\u00e4limusega, mis annab sellele antiikse ja v\u00f5luva iseloomu. K\u00e4epide on hoolikalt kujundatud nii, et see peegeldab t\u00e4pselt rooste m\u00f5ju, andes sellele autentse, vananenud v\u00e4limuse. K\u00e4epide sobib puidust aknaluugile, andes kogu ruumile maal\u00e4hedase iseloomu. Toote ergonoomilise kuju t\u00f5ttu on k\u00e4epidemest lihtne kinni haarata. &#8220;Lincoln&#8217;i vananenud k\u00e4epide on ideaalne valik rustikaalse, vintage-stiilis v\u00e4limuse austajatele, kes hindavad ainulaadsust ja esteetilisust igas detailis.<\/p>\n<\/div>\n","protected":false},"excerpt":{"rendered":"<p>Mudel B.KOLN-RD Materjal teras \u00dcldine k\u00f5rgus (cm) 7 \u00dcldine laius (cm) 13 Koguprojektsioon (cm) 7 Aukude vahekaugus (cm) 4,3 Paigalduskruvid<\/p>\n","protected":false},"featured_media":103878,"comment_status":"open","ping_status":"closed","template":"","meta":{"_acf_changed":false,"pmpro_default_level":""},"product_brand":[],"product_cat":[24169,24162,23836],"product_tag":[],"class_list":{"0":"post-136184","1":"product","2":"type-product","3":"status-publish","4":"has-post-thumbnail","6":"product_cat-aknakaepidemed","7":"product_cat-kaepidemed","8":"product_cat-moobli-tarvikud","9":"pmpro-has-access","11":"first","12":"instock","13":"shipping-taxable","14":"purchasable","15":"product-type-simple"},"acf":[],"yoast_head":"<!-- This site is optimized with the Yoast SEO plugin v24.9 - https:\/\/yoast.com\/wordpress\/plugins\/seo\/ -->\n<title>Aknak\u00e4epide LINCOLN AGED - MetalTale.com<\/title>\n<meta name=\"robots\" content=\"index, follow, max-snippet:-1, max-image-preview:large, max-video-preview:-1\" \/>\n<link rel=\"canonical\" href=\"https:\/\/metaltale.com\/et\/toode\/aknakaepide-lincoln-aged\/\" \/>\n<meta property=\"og:locale\" content=\"et_EE\" \/>\n<meta property=\"og:type\" content=\"article\" \/>\n<meta property=\"og:title\" content=\"Aknak\u00e4epide LINCOLN AGED - MetalTale.com\" \/>\n<meta property=\"og:description\" content=\"Mudel B.KOLN-RD Materjal teras \u00dcldine k\u00f5rgus (cm) 7 \u00dcldine laius (cm) 13 Koguprojektsioon (cm) 7 Aukude vahekaugus (cm) 4,3 Paigalduskruvid\" \/>\n<meta property=\"og:url\" content=\"https:\/\/metaltale.com\/et\/toode\/aknakaepide-lincoln-aged\/\" \/>\n<meta property=\"og:site_name\" content=\"MetalTale.com\" \/>\n<meta property=\"og:image\" content=\"https:\/\/metaltale.com\/wp-content\/uploads\/2023\/11\/Langx173-rankena-LINCOLN-AGED.jpg\" \/>\n\t<meta property=\"og:image:width\" content=\"800\" \/>\n\t<meta property=\"og:image:height\" content=\"800\" \/>\n\t<meta property=\"og:image:type\" content=\"image\/jpeg\" \/>\n<meta name=\"twitter:card\" content=\"summary_large_image\" \/>\n<meta name=\"twitter:label1\" content=\"Est. reading time\" \/>\n\t<meta name=\"twitter:data1\" content=\"1 minut\" \/>\n<script type=\"application\/ld+json\" class=\"yoast-schema-graph\">{\"@context\":\"https:\/\/schema.org\",\"@graph\":[{\"@type\":\"WebPage\",\"@id\":\"https:\/\/metaltale.com\/et\/toode\/aknakaepide-lincoln-aged\/\",\"url\":\"https:\/\/metaltale.com\/et\/toode\/aknakaepide-lincoln-aged\/\",\"name\":\"Aknak\u00e4epide LINCOLN AGED - MetalTale.com\",\"isPartOf\":{\"@id\":\"https:\/\/metaltale.com\/et\/#website\"},\"primaryImageOfPage\":{\"@id\":\"https:\/\/metaltale.com\/et\/toode\/aknakaepide-lincoln-aged\/#primaryimage\"},\"image\":{\"@id\":\"https:\/\/metaltale.com\/et\/toode\/aknakaepide-lincoln-aged\/#primaryimage\"},\"thumbnailUrl\":\"https:\/\/metaltale.com\/wp-content\/uploads\/2023\/11\/Langx173-rankena-LINCOLN-AGED.jpg\",\"datePublished\":\"2024-02-13T13:15:50+00:00\",\"breadcrumb\":{\"@id\":\"https:\/\/metaltale.com\/et\/toode\/aknakaepide-lincoln-aged\/#breadcrumb\"},\"inLanguage\":\"et\",\"potentialAction\":[{\"@type\":\"ReadAction\",\"target\":[\"https:\/\/metaltale.com\/et\/toode\/aknakaepide-lincoln-aged\/\"]}]},{\"@type\":\"ImageObject\",\"inLanguage\":\"et\",\"@id\":\"https:\/\/metaltale.com\/et\/toode\/aknakaepide-lincoln-aged\/#primaryimage\",\"url\":\"https:\/\/metaltale.com\/wp-content\/uploads\/2023\/11\/Langx173-rankena-LINCOLN-AGED.jpg\",\"contentUrl\":\"https:\/\/metaltale.com\/wp-content\/uploads\/2023\/11\/Langx173-rankena-LINCOLN-AGED.jpg\",\"width\":800,\"height\":800,\"caption\":\"Aknak\u00e4epide LINCOLN AGED\"},{\"@type\":\"BreadcrumbList\",\"@id\":\"https:\/\/metaltale.com\/et\/toode\/aknakaepide-lincoln-aged\/#breadcrumb\",\"itemListElement\":[{\"@type\":\"ListItem\",\"position\":1,\"name\":\"Home\",\"item\":\"https:\/\/metaltale.com\/et\/kodu\/\"},{\"@type\":\"ListItem\",\"position\":2,\"name\":\"Kauplus\",\"item\":\"https:\/\/metaltale.com\/et\/shop\/\"},{\"@type\":\"ListItem\",\"position\":3,\"name\":\"Aknak\u00e4epide LINCOLN AGED\"}]},{\"@type\":\"WebSite\",\"@id\":\"https:\/\/metaltale.com\/et\/#website\",\"url\":\"https:\/\/metaltale.com\/et\/\",\"name\":\"Metaltale.com\",\"description\":\"\",\"potentialAction\":[{\"@type\":\"SearchAction\",\"target\":{\"@type\":\"EntryPoint\",\"urlTemplate\":\"https:\/\/metaltale.com\/et\/?s={search_term_string}\"},\"query-input\":{\"@type\":\"PropertyValueSpecification\",\"valueRequired\":true,\"valueName\":\"search_term_string\"}}],\"inLanguage\":\"et\"}]}<\/script>\n<!-- \/ Yoast SEO plugin. -->","yoast_head_json":{"title":"Aknak\u00e4epide LINCOLN AGED - MetalTale.com","robots":{"index":"index","follow":"follow","max-snippet":"max-snippet:-1","max-image-preview":"max-image-preview:large","max-video-preview":"max-video-preview:-1"},"canonical":"https:\/\/metaltale.com\/et\/toode\/aknakaepide-lincoln-aged\/","og_locale":"et_EE","og_type":"article","og_title":"Aknak\u00e4epide LINCOLN AGED - MetalTale.com","og_description":"Mudel B.KOLN-RD Materjal teras \u00dcldine k\u00f5rgus (cm) 7 \u00dcldine laius (cm) 13 Koguprojektsioon (cm) 7 Aukude vahekaugus (cm) 4,3 Paigalduskruvid","og_url":"https:\/\/metaltale.com\/et\/toode\/aknakaepide-lincoln-aged\/","og_site_name":"MetalTale.com","og_image":[{"width":800,"height":800,"url":"https:\/\/metaltale.com\/wp-content\/uploads\/2023\/11\/Langx173-rankena-LINCOLN-AGED.jpg","type":"image\/jpeg"}],"twitter_card":"summary_large_image","twitter_misc":{"Est. reading time":"1 minut"},"schema":{"@context":"https:\/\/schema.org","@graph":[{"@type":"WebPage","@id":"https:\/\/metaltale.com\/et\/toode\/aknakaepide-lincoln-aged\/","url":"https:\/\/metaltale.com\/et\/toode\/aknakaepide-lincoln-aged\/","name":"Aknak\u00e4epide LINCOLN AGED - MetalTale.com","isPartOf":{"@id":"https:\/\/metaltale.com\/et\/#website"},"primaryImageOfPage":{"@id":"https:\/\/metaltale.com\/et\/toode\/aknakaepide-lincoln-aged\/#primaryimage"},"image":{"@id":"https:\/\/metaltale.com\/et\/toode\/aknakaepide-lincoln-aged\/#primaryimage"},"thumbnailUrl":"https:\/\/metaltale.com\/wp-content\/uploads\/2023\/11\/Langx173-rankena-LINCOLN-AGED.jpg","datePublished":"2024-02-13T13:15:50+00:00","breadcrumb":{"@id":"https:\/\/metaltale.com\/et\/toode\/aknakaepide-lincoln-aged\/#breadcrumb"},"inLanguage":"et","potentialAction":[{"@type":"ReadAction","target":["https:\/\/metaltale.com\/et\/toode\/aknakaepide-lincoln-aged\/"]}]},{"@type":"ImageObject","inLanguage":"et","@id":"https:\/\/metaltale.com\/et\/toode\/aknakaepide-lincoln-aged\/#primaryimage","url":"https:\/\/metaltale.com\/wp-content\/uploads\/2023\/11\/Langx173-rankena-LINCOLN-AGED.jpg","contentUrl":"https:\/\/metaltale.com\/wp-content\/uploads\/2023\/11\/Langx173-rankena-LINCOLN-AGED.jpg","width":800,"height":800,"caption":"Aknak\u00e4epide LINCOLN AGED"},{"@type":"BreadcrumbList","@id":"https:\/\/metaltale.com\/et\/toode\/aknakaepide-lincoln-aged\/#breadcrumb","itemListElement":[{"@type":"ListItem","position":1,"name":"Home","item":"https:\/\/metaltale.com\/et\/kodu\/"},{"@type":"ListItem","position":2,"name":"Kauplus","item":"https:\/\/metaltale.com\/et\/shop\/"},{"@type":"ListItem","position":3,"name":"Aknak\u00e4epide LINCOLN AGED"}]},{"@type":"WebSite","@id":"https:\/\/metaltale.com\/et\/#website","url":"https:\/\/metaltale.com\/et\/","name":"Metaltale.com","description":"","potentialAction":[{"@type":"SearchAction","target":{"@type":"EntryPoint","urlTemplate":"https:\/\/metaltale.com\/et\/?s={search_term_string}"},"query-input":{"@type":"PropertyValueSpecification","valueRequired":true,"valueName":"search_term_string"}}],"inLanguage":"et"}]}},"_links":{"self":[{"href":"https:\/\/metaltale.com\/et\/wp-json\/wp\/v2\/product\/136184","targetHints":{"allow":["GET"]}}],"collection":[{"href":"https:\/\/metaltale.com\/et\/wp-json\/wp\/v2\/product"}],"about":[{"href":"https:\/\/metaltale.com\/et\/wp-json\/wp\/v2\/types\/product"}],"replies":[{"embeddable":true,"href":"https:\/\/metaltale.com\/et\/wp-json\/wp\/v2\/comments?post=136184"}],"version-history":[{"count":0,"href":"https:\/\/metaltale.com\/et\/wp-json\/wp\/v2\/product\/136184\/revisions"}],"wp:featuredmedia":[{"embeddable":true,"href":"https:\/\/metaltale.com\/et\/wp-json\/wp\/v2\/media\/103878"}],"wp:attachment":[{"href":"https:\/\/metaltale.com\/et\/wp-json\/wp\/v2\/media?parent=136184"}],"wp:term":[{"taxonomy":"product_brand","embeddable":true,"href":"https:\/\/metaltale.com\/et\/wp-json\/wp\/v2\/product_brand?post=136184"},{"taxonomy":"product_cat","embeddable":true,"href":"https:\/\/metaltale.com\/et\/wp-json\/wp\/v2\/product_cat?post=136184"},{"taxonomy":"product_tag","embeddable":true,"href":"https:\/\/metaltale.com\/et\/wp-json\/wp\/v2\/product_tag?post=136184"}],"curies":[{"name":"wp","href":"https:\/\/api.w.org\/{rel}","templated":true}]}}