{"id":136182,"date":"2024-02-13T15:15:50","date_gmt":"2024-02-13T13:15:50","guid":{"rendered":"https:\/\/metaltale.com\/produktas\/aknakaepide-bristol-aged\/"},"modified":"2024-02-13T15:15:50","modified_gmt":"2024-02-13T13:15:50","slug":"aknakaepide-bristol-aged","status":"publish","type":"product","link":"https:\/\/metaltale.com\/et\/toode\/aknakaepide-bristol-aged\/","title":{"rendered":"Aknak\u00e4epide BRISTOL AGED"},"content":{"rendered":"<div class=\"prod_data\">\n<p><strong>Mudel<\/strong> B.KOBL-RD<br \/>\n<strong>Materjal<\/strong> teras<br \/>\n<strong>\u00dcldine k\u00f5rgus (cm)<\/strong> 7<br \/>\n<strong>\u00dcldine laius (cm)<\/strong> 13<br \/>\n<strong>Koguprojektsioon (cm)<\/strong> 7<br \/>\n<strong>Alusplaadi m\u00f5\u00f5tmed (cm<\/strong> ) 3,1&#215;7<br \/>\nAukude <strong>vahekaugus (cm)<\/strong> 4,3<br \/>\nPaigalduskruvid Jah<br \/>\n<strong>V\u00e4rv<\/strong> Vanem, roostevaba<\/p>\n<p>Terasest toode<\/p>\n<p>122 mm k\u00e4epide mugava haarde jaoks<\/p>\n<p>Roosteefekt r\u00f5hutab toote maal\u00e4hedast iseloomu.<\/p>\n<p>funktsionaalsuse ja dekoratiivse disaini kombinatsioon<\/p>\n<hr>\n<p>Roosteefektiga Bristoli k\u00e4epide on ideaalne valik algup\u00e4rase rustikaalse stiili austajatele. K\u00e4epide on hoolikalt kujundatud nii, et see peegeldab t\u00e4pselt rooste m\u00f5ju, andes sellele autentse, vananenud v\u00e4limuse. Selle v\u00e4rviskeem lisab igale aknale v\u00f5lu ja iseloomu, andes interj\u00f6\u00f6rile maal\u00e4hedase tooni. Tugev konstruktsioon ja kvaliteetsed materjalid muudavad k\u00e4epideme vastupidavaks ja kauakestvaks. K\u00e4epidemel on mugav k\u00e4epide, mis teeb akende avamise ja sulgemise lihtsaks.<\/p>\n<\/div>\n","protected":false},"excerpt":{"rendered":"<p>Mudel B.KOBL-RD Materjal teras \u00dcldine k\u00f5rgus (cm) 7 \u00dcldine laius (cm) 13 Koguprojektsioon (cm) 7 Alusplaadi m\u00f5\u00f5tmed (cm ) 3,1&#215;7<\/p>\n","protected":false},"featured_media":98706,"comment_status":"open","ping_status":"closed","template":"","meta":{"_acf_changed":false,"pmpro_default_level":""},"product_brand":[],"product_cat":[24169,24162,23836],"product_tag":[],"class_list":{"0":"post-136182","1":"product","2":"type-product","3":"status-publish","4":"has-post-thumbnail","6":"product_cat-aknakaepidemed","7":"product_cat-kaepidemed","8":"product_cat-moobli-tarvikud","9":"pmpro-has-access","11":"first","12":"instock","13":"shipping-taxable","14":"purchasable","15":"product-type-simple"},"acf":[],"yoast_head":"<!-- This site is optimized with the Yoast SEO plugin v24.9 - https:\/\/yoast.com\/wordpress\/plugins\/seo\/ -->\n<title>Aknak\u00e4epide BRISTOL AGED - MetalTale.com<\/title>\n<meta name=\"robots\" content=\"index, follow, max-snippet:-1, max-image-preview:large, max-video-preview:-1\" \/>\n<link rel=\"canonical\" href=\"https:\/\/metaltale.com\/et\/toode\/aknakaepide-bristol-aged\/\" \/>\n<meta property=\"og:locale\" content=\"et_EE\" \/>\n<meta property=\"og:type\" content=\"article\" \/>\n<meta property=\"og:title\" content=\"Aknak\u00e4epide BRISTOL AGED - MetalTale.com\" \/>\n<meta property=\"og:description\" content=\"Mudel B.KOBL-RD Materjal teras \u00dcldine k\u00f5rgus (cm) 7 \u00dcldine laius (cm) 13 Koguprojektsioon (cm) 7 Alusplaadi m\u00f5\u00f5tmed (cm ) 3,1&#215;7\" \/>\n<meta property=\"og:url\" content=\"https:\/\/metaltale.com\/et\/toode\/aknakaepide-bristol-aged\/\" \/>\n<meta property=\"og:site_name\" content=\"MetalTale.com\" \/>\n<meta property=\"og:image\" content=\"https:\/\/metaltale.com\/wp-content\/uploads\/2023\/11\/Langx173-rankena-BRISTOL-AGED.jpg\" \/>\n\t<meta property=\"og:image:width\" content=\"800\" \/>\n\t<meta property=\"og:image:height\" content=\"800\" \/>\n\t<meta property=\"og:image:type\" content=\"image\/jpeg\" \/>\n<meta name=\"twitter:card\" content=\"summary_large_image\" \/>\n<meta name=\"twitter:label1\" content=\"Est. reading time\" \/>\n\t<meta name=\"twitter:data1\" content=\"1 minut\" \/>\n<script type=\"application\/ld+json\" class=\"yoast-schema-graph\">{\"@context\":\"https:\/\/schema.org\",\"@graph\":[{\"@type\":\"WebPage\",\"@id\":\"https:\/\/metaltale.com\/et\/toode\/aknakaepide-bristol-aged\/\",\"url\":\"https:\/\/metaltale.com\/et\/toode\/aknakaepide-bristol-aged\/\",\"name\":\"Aknak\u00e4epide BRISTOL AGED - MetalTale.com\",\"isPartOf\":{\"@id\":\"https:\/\/metaltale.com\/et\/#website\"},\"primaryImageOfPage\":{\"@id\":\"https:\/\/metaltale.com\/et\/toode\/aknakaepide-bristol-aged\/#primaryimage\"},\"image\":{\"@id\":\"https:\/\/metaltale.com\/et\/toode\/aknakaepide-bristol-aged\/#primaryimage\"},\"thumbnailUrl\":\"https:\/\/metaltale.com\/wp-content\/uploads\/2023\/11\/Langx173-rankena-BRISTOL-AGED.jpg\",\"datePublished\":\"2024-02-13T13:15:50+00:00\",\"breadcrumb\":{\"@id\":\"https:\/\/metaltale.com\/et\/toode\/aknakaepide-bristol-aged\/#breadcrumb\"},\"inLanguage\":\"et\",\"potentialAction\":[{\"@type\":\"ReadAction\",\"target\":[\"https:\/\/metaltale.com\/et\/toode\/aknakaepide-bristol-aged\/\"]}]},{\"@type\":\"ImageObject\",\"inLanguage\":\"et\",\"@id\":\"https:\/\/metaltale.com\/et\/toode\/aknakaepide-bristol-aged\/#primaryimage\",\"url\":\"https:\/\/metaltale.com\/wp-content\/uploads\/2023\/11\/Langx173-rankena-BRISTOL-AGED.jpg\",\"contentUrl\":\"https:\/\/metaltale.com\/wp-content\/uploads\/2023\/11\/Langx173-rankena-BRISTOL-AGED.jpg\",\"width\":800,\"height\":800,\"caption\":\"Aknak\u00e4epide BRISTOL AGED\"},{\"@type\":\"BreadcrumbList\",\"@id\":\"https:\/\/metaltale.com\/et\/toode\/aknakaepide-bristol-aged\/#breadcrumb\",\"itemListElement\":[{\"@type\":\"ListItem\",\"position\":1,\"name\":\"Home\",\"item\":\"https:\/\/metaltale.com\/et\/kodu\/\"},{\"@type\":\"ListItem\",\"position\":2,\"name\":\"Kauplus\",\"item\":\"https:\/\/metaltale.com\/et\/shop\/\"},{\"@type\":\"ListItem\",\"position\":3,\"name\":\"Aknak\u00e4epide BRISTOL AGED\"}]},{\"@type\":\"WebSite\",\"@id\":\"https:\/\/metaltale.com\/et\/#website\",\"url\":\"https:\/\/metaltale.com\/et\/\",\"name\":\"Metaltale.com\",\"description\":\"\",\"potentialAction\":[{\"@type\":\"SearchAction\",\"target\":{\"@type\":\"EntryPoint\",\"urlTemplate\":\"https:\/\/metaltale.com\/et\/?s={search_term_string}\"},\"query-input\":{\"@type\":\"PropertyValueSpecification\",\"valueRequired\":true,\"valueName\":\"search_term_string\"}}],\"inLanguage\":\"et\"}]}<\/script>\n<!-- \/ Yoast SEO plugin. -->","yoast_head_json":{"title":"Aknak\u00e4epide BRISTOL AGED - MetalTale.com","robots":{"index":"index","follow":"follow","max-snippet":"max-snippet:-1","max-image-preview":"max-image-preview:large","max-video-preview":"max-video-preview:-1"},"canonical":"https:\/\/metaltale.com\/et\/toode\/aknakaepide-bristol-aged\/","og_locale":"et_EE","og_type":"article","og_title":"Aknak\u00e4epide BRISTOL AGED - MetalTale.com","og_description":"Mudel B.KOBL-RD Materjal teras \u00dcldine k\u00f5rgus (cm) 7 \u00dcldine laius (cm) 13 Koguprojektsioon (cm) 7 Alusplaadi m\u00f5\u00f5tmed (cm ) 3,1&#215;7","og_url":"https:\/\/metaltale.com\/et\/toode\/aknakaepide-bristol-aged\/","og_site_name":"MetalTale.com","og_image":[{"width":800,"height":800,"url":"https:\/\/metaltale.com\/wp-content\/uploads\/2023\/11\/Langx173-rankena-BRISTOL-AGED.jpg","type":"image\/jpeg"}],"twitter_card":"summary_large_image","twitter_misc":{"Est. reading time":"1 minut"},"schema":{"@context":"https:\/\/schema.org","@graph":[{"@type":"WebPage","@id":"https:\/\/metaltale.com\/et\/toode\/aknakaepide-bristol-aged\/","url":"https:\/\/metaltale.com\/et\/toode\/aknakaepide-bristol-aged\/","name":"Aknak\u00e4epide BRISTOL AGED - MetalTale.com","isPartOf":{"@id":"https:\/\/metaltale.com\/et\/#website"},"primaryImageOfPage":{"@id":"https:\/\/metaltale.com\/et\/toode\/aknakaepide-bristol-aged\/#primaryimage"},"image":{"@id":"https:\/\/metaltale.com\/et\/toode\/aknakaepide-bristol-aged\/#primaryimage"},"thumbnailUrl":"https:\/\/metaltale.com\/wp-content\/uploads\/2023\/11\/Langx173-rankena-BRISTOL-AGED.jpg","datePublished":"2024-02-13T13:15:50+00:00","breadcrumb":{"@id":"https:\/\/metaltale.com\/et\/toode\/aknakaepide-bristol-aged\/#breadcrumb"},"inLanguage":"et","potentialAction":[{"@type":"ReadAction","target":["https:\/\/metaltale.com\/et\/toode\/aknakaepide-bristol-aged\/"]}]},{"@type":"ImageObject","inLanguage":"et","@id":"https:\/\/metaltale.com\/et\/toode\/aknakaepide-bristol-aged\/#primaryimage","url":"https:\/\/metaltale.com\/wp-content\/uploads\/2023\/11\/Langx173-rankena-BRISTOL-AGED.jpg","contentUrl":"https:\/\/metaltale.com\/wp-content\/uploads\/2023\/11\/Langx173-rankena-BRISTOL-AGED.jpg","width":800,"height":800,"caption":"Aknak\u00e4epide BRISTOL AGED"},{"@type":"BreadcrumbList","@id":"https:\/\/metaltale.com\/et\/toode\/aknakaepide-bristol-aged\/#breadcrumb","itemListElement":[{"@type":"ListItem","position":1,"name":"Home","item":"https:\/\/metaltale.com\/et\/kodu\/"},{"@type":"ListItem","position":2,"name":"Kauplus","item":"https:\/\/metaltale.com\/et\/shop\/"},{"@type":"ListItem","position":3,"name":"Aknak\u00e4epide BRISTOL AGED"}]},{"@type":"WebSite","@id":"https:\/\/metaltale.com\/et\/#website","url":"https:\/\/metaltale.com\/et\/","name":"Metaltale.com","description":"","potentialAction":[{"@type":"SearchAction","target":{"@type":"EntryPoint","urlTemplate":"https:\/\/metaltale.com\/et\/?s={search_term_string}"},"query-input":{"@type":"PropertyValueSpecification","valueRequired":true,"valueName":"search_term_string"}}],"inLanguage":"et"}]}},"_links":{"self":[{"href":"https:\/\/metaltale.com\/et\/wp-json\/wp\/v2\/product\/136182","targetHints":{"allow":["GET"]}}],"collection":[{"href":"https:\/\/metaltale.com\/et\/wp-json\/wp\/v2\/product"}],"about":[{"href":"https:\/\/metaltale.com\/et\/wp-json\/wp\/v2\/types\/product"}],"replies":[{"embeddable":true,"href":"https:\/\/metaltale.com\/et\/wp-json\/wp\/v2\/comments?post=136182"}],"version-history":[{"count":0,"href":"https:\/\/metaltale.com\/et\/wp-json\/wp\/v2\/product\/136182\/revisions"}],"wp:featuredmedia":[{"embeddable":true,"href":"https:\/\/metaltale.com\/et\/wp-json\/wp\/v2\/media\/98706"}],"wp:attachment":[{"href":"https:\/\/metaltale.com\/et\/wp-json\/wp\/v2\/media?parent=136182"}],"wp:term":[{"taxonomy":"product_brand","embeddable":true,"href":"https:\/\/metaltale.com\/et\/wp-json\/wp\/v2\/product_brand?post=136182"},{"taxonomy":"product_cat","embeddable":true,"href":"https:\/\/metaltale.com\/et\/wp-json\/wp\/v2\/product_cat?post=136182"},{"taxonomy":"product_tag","embeddable":true,"href":"https:\/\/metaltale.com\/et\/wp-json\/wp\/v2\/product_tag?post=136182"}],"curies":[{"name":"wp","href":"https:\/\/api.w.org\/{rel}","templated":true}]}}