{"id":136041,"date":"2024-02-13T15:11:48","date_gmt":"2024-02-13T13:11:48","guid":{"rendered":"https:\/\/metaltale.com\/produktas\/metallist-dekoratiivne-paneel-batman\/"},"modified":"2024-02-13T15:11:48","modified_gmt":"2024-02-13T13:11:48","slug":"metallist-dekoratiivne-paneel-batman","status":"publish","type":"product","link":"https:\/\/metaltale.com\/et\/toode\/metallist-dekoratiivne-paneel-batman\/","title":{"rendered":"Metallist dekoratiivne paneel BATMAN"},"content":{"rendered":"<div class=\"prod_data\"><strong>Mudel<\/strong> IN.20007  <br \/><strong>EAN.<\/strong>  5905369930096  <br \/><strong>Orienteerimine<\/strong> Vertikaalne  <br \/><strong>Tuba<\/strong> Teismeliste tuba  <br \/>Motivatsioon Teised, inimesed <br \/><strong>Materjal<\/strong> teras  <br \/><strong>Laius (cm)<\/strong> 20  <br \/><strong>K\u00f5rgus (cm)<\/strong> 30  <br \/><strong>Kujundid Ristk\u00fclikukujuline<\/strong>  <\/p>\n<p>Dekoratiivpaneel oli valmistatud k\u00f5rge kulumisastmega v\u00e4rvist ja lisaks kaitstud lakiga, et kaitsta seda kriimustuste eest. Plakat on valmistatud terasest, mis tagab meile toote vastupidavuse. Paneel on t\u00e4nu h\u00e4sti valitud v\u00e4rvikomplektile ja n\u00e4htavatele vananemism\u00e4rkidele s\u00e4ilitanud retroh\u00f5ngulise v\u00e4limuse. Plakatil on peened kinnitusavad.<\/p>\n<p>Tootel on kujutis BATMANi allkirjaga ning \u00fclemises nurgas on n\u00e4ha selle kangelase tunnus &#8211; nahkhiire pitser.<\/p>\n<p>Plaat sobib retro- ja vintage-interj\u00f6\u00f6ridesse. See sobib ka suurep\u00e4raseks kingituseks, eriti superkangelaste f\u00e4nnidele.<\/p>\n<\/div>\n","protected":false},"excerpt":{"rendered":"<p>Mudel IN.20007 EAN. 5905369930096 Orienteerimine Vertikaalne Tuba Teismeliste tuba Motivatsioon Teised, inimesed Materjal teras Laius (cm) 20 K\u00f5rgus (cm) 30<\/p>\n","protected":false},"featured_media":93631,"comment_status":"open","ping_status":"closed","template":"","meta":{"_acf_changed":false,"pmpro_default_level":""},"product_brand":[],"product_cat":[24165],"product_tag":[],"class_list":{"0":"post-136041","1":"product","2":"type-product","3":"status-publish","4":"has-post-thumbnail","6":"product_cat-metallist-dekoratiivsed-tahvlid","7":"pmpro-has-access","9":"first","10":"instock","11":"shipping-taxable","12":"purchasable","13":"product-type-simple"},"acf":[],"yoast_head":"<!-- This site is optimized with the Yoast SEO plugin v24.9 - https:\/\/yoast.com\/wordpress\/plugins\/seo\/ -->\n<title>Metallist dekoratiivne paneel BATMAN - MetalTale.com<\/title>\n<meta name=\"robots\" content=\"index, follow, max-snippet:-1, max-image-preview:large, max-video-preview:-1\" \/>\n<link rel=\"canonical\" href=\"https:\/\/metaltale.com\/et\/toode\/metallist-dekoratiivne-paneel-batman\/\" \/>\n<meta property=\"og:locale\" content=\"et_EE\" \/>\n<meta property=\"og:type\" content=\"article\" \/>\n<meta property=\"og:title\" content=\"Metallist dekoratiivne paneel BATMAN - MetalTale.com\" \/>\n<meta property=\"og:description\" content=\"Mudel IN.20007 EAN. 5905369930096 Orienteerimine Vertikaalne Tuba Teismeliste tuba Motivatsioon Teised, inimesed Materjal teras Laius (cm) 20 K\u00f5rgus (cm) 30\" \/>\n<meta property=\"og:url\" content=\"https:\/\/metaltale.com\/et\/toode\/metallist-dekoratiivne-paneel-batman\/\" \/>\n<meta property=\"og:site_name\" content=\"MetalTale.com\" \/>\n<meta name=\"twitter:card\" content=\"summary_large_image\" \/>\n<meta name=\"twitter:label1\" content=\"Est. reading time\" \/>\n\t<meta name=\"twitter:data1\" content=\"1 minut\" \/>\n<script type=\"application\/ld+json\" class=\"yoast-schema-graph\">{\"@context\":\"https:\/\/schema.org\",\"@graph\":[{\"@type\":\"WebPage\",\"@id\":\"https:\/\/metaltale.com\/et\/toode\/metallist-dekoratiivne-paneel-batman\/\",\"url\":\"https:\/\/metaltale.com\/et\/toode\/metallist-dekoratiivne-paneel-batman\/\",\"name\":\"Metallist dekoratiivne paneel BATMAN - MetalTale.com\",\"isPartOf\":{\"@id\":\"https:\/\/metaltale.com\/et\/#website\"},\"primaryImageOfPage\":{\"@id\":\"https:\/\/metaltale.com\/et\/toode\/metallist-dekoratiivne-paneel-batman\/#primaryimage\"},\"image\":{\"@id\":\"https:\/\/metaltale.com\/et\/toode\/metallist-dekoratiivne-paneel-batman\/#primaryimage\"},\"thumbnailUrl\":\"https:\/\/metaltale.com\/wp-content\/uploads\/2023\/10\/Metalinx117-dekoratyvinx117-plokx161tx117-BATMAN.jpg\",\"datePublished\":\"2024-02-13T13:11:48+00:00\",\"breadcrumb\":{\"@id\":\"https:\/\/metaltale.com\/et\/toode\/metallist-dekoratiivne-paneel-batman\/#breadcrumb\"},\"inLanguage\":\"et\",\"potentialAction\":[{\"@type\":\"ReadAction\",\"target\":[\"https:\/\/metaltale.com\/et\/toode\/metallist-dekoratiivne-paneel-batman\/\"]}]},{\"@type\":\"ImageObject\",\"inLanguage\":\"et\",\"@id\":\"https:\/\/metaltale.com\/et\/toode\/metallist-dekoratiivne-paneel-batman\/#primaryimage\",\"url\":\"https:\/\/metaltale.com\/wp-content\/uploads\/2023\/10\/Metalinx117-dekoratyvinx117-plokx161tx117-BATMAN.jpg\",\"contentUrl\":\"https:\/\/metaltale.com\/wp-content\/uploads\/2023\/10\/Metalinx117-dekoratyvinx117-plokx161tx117-BATMAN.jpg\",\"width\":800,\"height\":800},{\"@type\":\"BreadcrumbList\",\"@id\":\"https:\/\/metaltale.com\/et\/toode\/metallist-dekoratiivne-paneel-batman\/#breadcrumb\",\"itemListElement\":[{\"@type\":\"ListItem\",\"position\":1,\"name\":\"Home\",\"item\":\"https:\/\/metaltale.com\/et\/kodu\/\"},{\"@type\":\"ListItem\",\"position\":2,\"name\":\"Kauplus\",\"item\":\"https:\/\/metaltale.com\/et\/shop\/\"},{\"@type\":\"ListItem\",\"position\":3,\"name\":\"Metallist dekoratiivne paneel BATMAN\"}]},{\"@type\":\"WebSite\",\"@id\":\"https:\/\/metaltale.com\/et\/#website\",\"url\":\"https:\/\/metaltale.com\/et\/\",\"name\":\"Metaltale.com\",\"description\":\"\",\"potentialAction\":[{\"@type\":\"SearchAction\",\"target\":{\"@type\":\"EntryPoint\",\"urlTemplate\":\"https:\/\/metaltale.com\/et\/?s={search_term_string}\"},\"query-input\":{\"@type\":\"PropertyValueSpecification\",\"valueRequired\":true,\"valueName\":\"search_term_string\"}}],\"inLanguage\":\"et\"}]}<\/script>\n<!-- \/ Yoast SEO plugin. -->","yoast_head_json":{"title":"Metallist dekoratiivne paneel BATMAN - MetalTale.com","robots":{"index":"index","follow":"follow","max-snippet":"max-snippet:-1","max-image-preview":"max-image-preview:large","max-video-preview":"max-video-preview:-1"},"canonical":"https:\/\/metaltale.com\/et\/toode\/metallist-dekoratiivne-paneel-batman\/","og_locale":"et_EE","og_type":"article","og_title":"Metallist dekoratiivne paneel BATMAN - MetalTale.com","og_description":"Mudel IN.20007 EAN. 5905369930096 Orienteerimine Vertikaalne Tuba Teismeliste tuba Motivatsioon Teised, inimesed Materjal teras Laius (cm) 20 K\u00f5rgus (cm) 30","og_url":"https:\/\/metaltale.com\/et\/toode\/metallist-dekoratiivne-paneel-batman\/","og_site_name":"MetalTale.com","twitter_card":"summary_large_image","twitter_misc":{"Est. reading time":"1 minut"},"schema":{"@context":"https:\/\/schema.org","@graph":[{"@type":"WebPage","@id":"https:\/\/metaltale.com\/et\/toode\/metallist-dekoratiivne-paneel-batman\/","url":"https:\/\/metaltale.com\/et\/toode\/metallist-dekoratiivne-paneel-batman\/","name":"Metallist dekoratiivne paneel BATMAN - MetalTale.com","isPartOf":{"@id":"https:\/\/metaltale.com\/et\/#website"},"primaryImageOfPage":{"@id":"https:\/\/metaltale.com\/et\/toode\/metallist-dekoratiivne-paneel-batman\/#primaryimage"},"image":{"@id":"https:\/\/metaltale.com\/et\/toode\/metallist-dekoratiivne-paneel-batman\/#primaryimage"},"thumbnailUrl":"https:\/\/metaltale.com\/wp-content\/uploads\/2023\/10\/Metalinx117-dekoratyvinx117-plokx161tx117-BATMAN.jpg","datePublished":"2024-02-13T13:11:48+00:00","breadcrumb":{"@id":"https:\/\/metaltale.com\/et\/toode\/metallist-dekoratiivne-paneel-batman\/#breadcrumb"},"inLanguage":"et","potentialAction":[{"@type":"ReadAction","target":["https:\/\/metaltale.com\/et\/toode\/metallist-dekoratiivne-paneel-batman\/"]}]},{"@type":"ImageObject","inLanguage":"et","@id":"https:\/\/metaltale.com\/et\/toode\/metallist-dekoratiivne-paneel-batman\/#primaryimage","url":"https:\/\/metaltale.com\/wp-content\/uploads\/2023\/10\/Metalinx117-dekoratyvinx117-plokx161tx117-BATMAN.jpg","contentUrl":"https:\/\/metaltale.com\/wp-content\/uploads\/2023\/10\/Metalinx117-dekoratyvinx117-plokx161tx117-BATMAN.jpg","width":800,"height":800},{"@type":"BreadcrumbList","@id":"https:\/\/metaltale.com\/et\/toode\/metallist-dekoratiivne-paneel-batman\/#breadcrumb","itemListElement":[{"@type":"ListItem","position":1,"name":"Home","item":"https:\/\/metaltale.com\/et\/kodu\/"},{"@type":"ListItem","position":2,"name":"Kauplus","item":"https:\/\/metaltale.com\/et\/shop\/"},{"@type":"ListItem","position":3,"name":"Metallist dekoratiivne paneel BATMAN"}]},{"@type":"WebSite","@id":"https:\/\/metaltale.com\/et\/#website","url":"https:\/\/metaltale.com\/et\/","name":"Metaltale.com","description":"","potentialAction":[{"@type":"SearchAction","target":{"@type":"EntryPoint","urlTemplate":"https:\/\/metaltale.com\/et\/?s={search_term_string}"},"query-input":{"@type":"PropertyValueSpecification","valueRequired":true,"valueName":"search_term_string"}}],"inLanguage":"et"}]}},"_links":{"self":[{"href":"https:\/\/metaltale.com\/et\/wp-json\/wp\/v2\/product\/136041","targetHints":{"allow":["GET"]}}],"collection":[{"href":"https:\/\/metaltale.com\/et\/wp-json\/wp\/v2\/product"}],"about":[{"href":"https:\/\/metaltale.com\/et\/wp-json\/wp\/v2\/types\/product"}],"replies":[{"embeddable":true,"href":"https:\/\/metaltale.com\/et\/wp-json\/wp\/v2\/comments?post=136041"}],"version-history":[{"count":0,"href":"https:\/\/metaltale.com\/et\/wp-json\/wp\/v2\/product\/136041\/revisions"}],"wp:featuredmedia":[{"embeddable":true,"href":"https:\/\/metaltale.com\/et\/wp-json\/wp\/v2\/media\/93631"}],"wp:attachment":[{"href":"https:\/\/metaltale.com\/et\/wp-json\/wp\/v2\/media?parent=136041"}],"wp:term":[{"taxonomy":"product_brand","embeddable":true,"href":"https:\/\/metaltale.com\/et\/wp-json\/wp\/v2\/product_brand?post=136041"},{"taxonomy":"product_cat","embeddable":true,"href":"https:\/\/metaltale.com\/et\/wp-json\/wp\/v2\/product_cat?post=136041"},{"taxonomy":"product_tag","embeddable":true,"href":"https:\/\/metaltale.com\/et\/wp-json\/wp\/v2\/product_tag?post=136041"}],"curies":[{"name":"wp","href":"https:\/\/api.w.org\/{rel}","templated":true}]}}