{"id":135985,"date":"2024-02-13T15:13:54","date_gmt":"2024-02-13T13:13:54","guid":{"rendered":"https:\/\/metaltale.com\/produktas\/metallist-dekoratiivplaat-i-am-not-a-pensioner\/"},"modified":"2024-02-13T15:13:54","modified_gmt":"2024-02-13T13:13:54","slug":"metallist-dekoratiivplaat-i-am-not-a-pensioner","status":"publish","type":"product","link":"https:\/\/metaltale.com\/et\/toode\/metallist-dekoratiivplaat-i-am-not-a-pensioner\/","title":{"rendered":"Metallist dekoratiivplaat I AM NOT A PENSIONER"},"content":{"rendered":"<div class=\"prod_data\"><strong>Mudel<\/strong> IN.30940  <br \/><strong>EAN.<\/strong>  5905369930690  <br \/><strong>Orienteerimine<\/strong> Vertikaalne  <br \/><strong>Toakohvik<\/strong>  <br \/><strong>Motiiv<\/strong> huumor, informatiivne  <br \/><strong>Materjal<\/strong> teras  <br \/><strong>Laius (cm)<\/strong> 20  <br \/><strong>K\u00f5rgus (cm)<\/strong> 30  <br \/><strong>Kujundid Ristk\u00fclikukujuline<\/strong>  <\/p>\n<p>Dekoratiivne ristk\u00fclikukujuline paneel. Toode on valmistatud terasest ja kaetud k\u00f5rge kulumiskindlusega v\u00e4rviga. \u00dcmarad nurgad suurendavad kasutuskvaliteeti. Paneelil on humoorikas iseloom ja see on hoitud maal\u00e4hedases atmosf\u00e4\u00e4ris. Toote pinnal olid roostej\u00e4ljed ja kriimustused, mis on paneeli vananemise tahtlik m\u00f5ju. Poster on suurep\u00e4rane kingiidee, eriti meie vanavanematele. Peened kinnitusaugud v\u00f5imaldavad kiiret ja lihtsat riputamist.<\/p>\n<p>Tootel on kiri &#8220;Ma ei ole pensionil, ma olen \u00e4sja omandanud, vt. lapselapsed&#8221;.<\/p>\n<p>Toode on suurep\u00e4rane t\u00e4iendus retro- v\u00f5i vintage-interj\u00f6\u00f6ridele.<\/p>\n<\/div>\n","protected":false},"excerpt":{"rendered":"<p>Mudel IN.30940 EAN. 5905369930690 Orienteerimine Vertikaalne Toakohvik Motiiv huumor, informatiivne Materjal teras Laius (cm) 20 K\u00f5rgus (cm) 30 Kujundid Ristk\u00fclikukujuline<\/p>\n","protected":false},"featured_media":94572,"comment_status":"open","ping_status":"closed","template":"","meta":{"_acf_changed":false,"pmpro_default_level":""},"product_brand":[],"product_cat":[24165],"product_tag":[],"class_list":{"0":"post-135985","1":"product","2":"type-product","3":"status-publish","4":"has-post-thumbnail","6":"product_cat-metallist-dekoratiivsed-tahvlid","7":"pmpro-has-access","9":"first","10":"instock","11":"shipping-taxable","12":"purchasable","13":"product-type-simple"},"acf":[],"yoast_head":"<!-- This site is optimized with the Yoast SEO plugin v24.9 - https:\/\/yoast.com\/wordpress\/plugins\/seo\/ -->\n<title>Metallist dekoratiivplaat I AM NOT A PENSIONER - MetalTale.com<\/title>\n<meta name=\"robots\" content=\"index, follow, max-snippet:-1, max-image-preview:large, max-video-preview:-1\" \/>\n<link rel=\"canonical\" href=\"https:\/\/metaltale.com\/et\/toode\/metallist-dekoratiivplaat-i-am-not-a-pensioner\/\" \/>\n<meta property=\"og:locale\" content=\"et_EE\" \/>\n<meta property=\"og:type\" content=\"article\" \/>\n<meta property=\"og:title\" content=\"Metallist dekoratiivplaat I AM NOT A PENSIONER - MetalTale.com\" \/>\n<meta property=\"og:description\" content=\"Mudel IN.30940 EAN. 5905369930690 Orienteerimine Vertikaalne Toakohvik Motiiv huumor, informatiivne Materjal teras Laius (cm) 20 K\u00f5rgus (cm) 30 Kujundid Ristk\u00fclikukujuline\" \/>\n<meta property=\"og:url\" content=\"https:\/\/metaltale.com\/et\/toode\/metallist-dekoratiivplaat-i-am-not-a-pensioner\/\" \/>\n<meta property=\"og:site_name\" content=\"MetalTale.com\" \/>\n<meta name=\"twitter:card\" content=\"summary_large_image\" \/>\n<meta name=\"twitter:label1\" content=\"Est. reading time\" \/>\n\t<meta name=\"twitter:data1\" content=\"1 minut\" \/>\n<script type=\"application\/ld+json\" class=\"yoast-schema-graph\">{\"@context\":\"https:\/\/schema.org\",\"@graph\":[{\"@type\":\"WebPage\",\"@id\":\"https:\/\/metaltale.com\/et\/toode\/metallist-dekoratiivplaat-i-am-not-a-pensioner\/\",\"url\":\"https:\/\/metaltale.com\/et\/toode\/metallist-dekoratiivplaat-i-am-not-a-pensioner\/\",\"name\":\"Metallist dekoratiivplaat I AM NOT A PENSIONER - MetalTale.com\",\"isPartOf\":{\"@id\":\"https:\/\/metaltale.com\/et\/#website\"},\"primaryImageOfPage\":{\"@id\":\"https:\/\/metaltale.com\/et\/toode\/metallist-dekoratiivplaat-i-am-not-a-pensioner\/#primaryimage\"},\"image\":{\"@id\":\"https:\/\/metaltale.com\/et\/toode\/metallist-dekoratiivplaat-i-am-not-a-pensioner\/#primaryimage\"},\"thumbnailUrl\":\"https:\/\/metaltale.com\/wp-content\/uploads\/2023\/10\/Metalinx117-dekoratyvinx117-plokx161tx117-Ax160-NESU-PENSININKAS.jpg\",\"datePublished\":\"2024-02-13T13:13:54+00:00\",\"breadcrumb\":{\"@id\":\"https:\/\/metaltale.com\/et\/toode\/metallist-dekoratiivplaat-i-am-not-a-pensioner\/#breadcrumb\"},\"inLanguage\":\"et\",\"potentialAction\":[{\"@type\":\"ReadAction\",\"target\":[\"https:\/\/metaltale.com\/et\/toode\/metallist-dekoratiivplaat-i-am-not-a-pensioner\/\"]}]},{\"@type\":\"ImageObject\",\"inLanguage\":\"et\",\"@id\":\"https:\/\/metaltale.com\/et\/toode\/metallist-dekoratiivplaat-i-am-not-a-pensioner\/#primaryimage\",\"url\":\"https:\/\/metaltale.com\/wp-content\/uploads\/2023\/10\/Metalinx117-dekoratyvinx117-plokx161tx117-Ax160-NESU-PENSININKAS.jpg\",\"contentUrl\":\"https:\/\/metaltale.com\/wp-content\/uploads\/2023\/10\/Metalinx117-dekoratyvinx117-plokx161tx117-Ax160-NESU-PENSININKAS.jpg\",\"width\":800,\"height\":800},{\"@type\":\"BreadcrumbList\",\"@id\":\"https:\/\/metaltale.com\/et\/toode\/metallist-dekoratiivplaat-i-am-not-a-pensioner\/#breadcrumb\",\"itemListElement\":[{\"@type\":\"ListItem\",\"position\":1,\"name\":\"Home\",\"item\":\"https:\/\/metaltale.com\/et\/kodu\/\"},{\"@type\":\"ListItem\",\"position\":2,\"name\":\"Kauplus\",\"item\":\"https:\/\/metaltale.com\/et\/shop\/\"},{\"@type\":\"ListItem\",\"position\":3,\"name\":\"Metallist dekoratiivplaat I AM NOT A PENSIONER\"}]},{\"@type\":\"WebSite\",\"@id\":\"https:\/\/metaltale.com\/et\/#website\",\"url\":\"https:\/\/metaltale.com\/et\/\",\"name\":\"Metaltale.com\",\"description\":\"\",\"potentialAction\":[{\"@type\":\"SearchAction\",\"target\":{\"@type\":\"EntryPoint\",\"urlTemplate\":\"https:\/\/metaltale.com\/et\/?s={search_term_string}\"},\"query-input\":{\"@type\":\"PropertyValueSpecification\",\"valueRequired\":true,\"valueName\":\"search_term_string\"}}],\"inLanguage\":\"et\"}]}<\/script>\n<!-- \/ Yoast SEO plugin. -->","yoast_head_json":{"title":"Metallist dekoratiivplaat I AM NOT A PENSIONER - MetalTale.com","robots":{"index":"index","follow":"follow","max-snippet":"max-snippet:-1","max-image-preview":"max-image-preview:large","max-video-preview":"max-video-preview:-1"},"canonical":"https:\/\/metaltale.com\/et\/toode\/metallist-dekoratiivplaat-i-am-not-a-pensioner\/","og_locale":"et_EE","og_type":"article","og_title":"Metallist dekoratiivplaat I AM NOT A PENSIONER - MetalTale.com","og_description":"Mudel IN.30940 EAN. 5905369930690 Orienteerimine Vertikaalne Toakohvik Motiiv huumor, informatiivne Materjal teras Laius (cm) 20 K\u00f5rgus (cm) 30 Kujundid Ristk\u00fclikukujuline","og_url":"https:\/\/metaltale.com\/et\/toode\/metallist-dekoratiivplaat-i-am-not-a-pensioner\/","og_site_name":"MetalTale.com","twitter_card":"summary_large_image","twitter_misc":{"Est. reading time":"1 minut"},"schema":{"@context":"https:\/\/schema.org","@graph":[{"@type":"WebPage","@id":"https:\/\/metaltale.com\/et\/toode\/metallist-dekoratiivplaat-i-am-not-a-pensioner\/","url":"https:\/\/metaltale.com\/et\/toode\/metallist-dekoratiivplaat-i-am-not-a-pensioner\/","name":"Metallist dekoratiivplaat I AM NOT A PENSIONER - MetalTale.com","isPartOf":{"@id":"https:\/\/metaltale.com\/et\/#website"},"primaryImageOfPage":{"@id":"https:\/\/metaltale.com\/et\/toode\/metallist-dekoratiivplaat-i-am-not-a-pensioner\/#primaryimage"},"image":{"@id":"https:\/\/metaltale.com\/et\/toode\/metallist-dekoratiivplaat-i-am-not-a-pensioner\/#primaryimage"},"thumbnailUrl":"https:\/\/metaltale.com\/wp-content\/uploads\/2023\/10\/Metalinx117-dekoratyvinx117-plokx161tx117-Ax160-NESU-PENSININKAS.jpg","datePublished":"2024-02-13T13:13:54+00:00","breadcrumb":{"@id":"https:\/\/metaltale.com\/et\/toode\/metallist-dekoratiivplaat-i-am-not-a-pensioner\/#breadcrumb"},"inLanguage":"et","potentialAction":[{"@type":"ReadAction","target":["https:\/\/metaltale.com\/et\/toode\/metallist-dekoratiivplaat-i-am-not-a-pensioner\/"]}]},{"@type":"ImageObject","inLanguage":"et","@id":"https:\/\/metaltale.com\/et\/toode\/metallist-dekoratiivplaat-i-am-not-a-pensioner\/#primaryimage","url":"https:\/\/metaltale.com\/wp-content\/uploads\/2023\/10\/Metalinx117-dekoratyvinx117-plokx161tx117-Ax160-NESU-PENSININKAS.jpg","contentUrl":"https:\/\/metaltale.com\/wp-content\/uploads\/2023\/10\/Metalinx117-dekoratyvinx117-plokx161tx117-Ax160-NESU-PENSININKAS.jpg","width":800,"height":800},{"@type":"BreadcrumbList","@id":"https:\/\/metaltale.com\/et\/toode\/metallist-dekoratiivplaat-i-am-not-a-pensioner\/#breadcrumb","itemListElement":[{"@type":"ListItem","position":1,"name":"Home","item":"https:\/\/metaltale.com\/et\/kodu\/"},{"@type":"ListItem","position":2,"name":"Kauplus","item":"https:\/\/metaltale.com\/et\/shop\/"},{"@type":"ListItem","position":3,"name":"Metallist dekoratiivplaat I AM NOT A PENSIONER"}]},{"@type":"WebSite","@id":"https:\/\/metaltale.com\/et\/#website","url":"https:\/\/metaltale.com\/et\/","name":"Metaltale.com","description":"","potentialAction":[{"@type":"SearchAction","target":{"@type":"EntryPoint","urlTemplate":"https:\/\/metaltale.com\/et\/?s={search_term_string}"},"query-input":{"@type":"PropertyValueSpecification","valueRequired":true,"valueName":"search_term_string"}}],"inLanguage":"et"}]}},"_links":{"self":[{"href":"https:\/\/metaltale.com\/et\/wp-json\/wp\/v2\/product\/135985","targetHints":{"allow":["GET"]}}],"collection":[{"href":"https:\/\/metaltale.com\/et\/wp-json\/wp\/v2\/product"}],"about":[{"href":"https:\/\/metaltale.com\/et\/wp-json\/wp\/v2\/types\/product"}],"replies":[{"embeddable":true,"href":"https:\/\/metaltale.com\/et\/wp-json\/wp\/v2\/comments?post=135985"}],"version-history":[{"count":0,"href":"https:\/\/metaltale.com\/et\/wp-json\/wp\/v2\/product\/135985\/revisions"}],"wp:featuredmedia":[{"embeddable":true,"href":"https:\/\/metaltale.com\/et\/wp-json\/wp\/v2\/media\/94572"}],"wp:attachment":[{"href":"https:\/\/metaltale.com\/et\/wp-json\/wp\/v2\/media?parent=135985"}],"wp:term":[{"taxonomy":"product_brand","embeddable":true,"href":"https:\/\/metaltale.com\/et\/wp-json\/wp\/v2\/product_brand?post=135985"},{"taxonomy":"product_cat","embeddable":true,"href":"https:\/\/metaltale.com\/et\/wp-json\/wp\/v2\/product_cat?post=135985"},{"taxonomy":"product_tag","embeddable":true,"href":"https:\/\/metaltale.com\/et\/wp-json\/wp\/v2\/product_tag?post=135985"}],"curies":[{"name":"wp","href":"https:\/\/api.w.org\/{rel}","templated":true}]}}