{"id":135972,"date":"2024-02-13T14:39:55","date_gmt":"2024-02-13T12:39:55","guid":{"rendered":"https:\/\/metaltale.com\/produktas\/metallist-aiakaunistus-butterfly-shadow\/"},"modified":"2024-02-13T14:39:55","modified_gmt":"2024-02-13T12:39:55","slug":"metallist-aiakaunistus-butterfly-shadow","status":"publish","type":"product","link":"https:\/\/metaltale.com\/et\/toode\/metallist-aiakaunistus-butterfly-shadow\/","title":{"rendered":"Metallist aiakaunistus BUTTERFLY SHADOW"},"content":{"rendered":"<div class=\"prod_data\">\n<p><strong>Mudel<\/strong> AF.797.676.06<br \/>\n<strong>EAN.<\/strong>  5905369922855<br \/>\nMaterjal Metall<br \/>\n<strong> [cm]Kogupikkus<\/strong> 9<strong> <\/strong><br \/>\n<strong>\u00dcldine k\u00f5rgus (cm)<\/strong> 55<br \/>\n<strong>\u00dcldine laius (cm)<\/strong> 5<br \/>\n<strong>V\u00e4rv<\/strong> teras<\/p>\n<p>&#8211; aia kaunistamine tipptundidel<br \/>\n&#8211; alternatiiv aiafiguuridele<br \/>\n&#8211; Kergekaaluline, auklik vorm<\/p>\n<hr>\n<p>Ebatavaline ja originaalne aiakaunistus, mis kaunistab iga \u00f5ueala lillepeenart. Metallist liblikad toovad lavale kevadise v\u00e4rskuse ja muudavad ruumi t\u00e4ielikult metamorfseks. Metallist aiakaunistused on moodsa iseloomuga ja n\u00e4evad koos lampide ja laternate seltsis suurep\u00e4raselt v\u00e4lja. Originaaldekoratsioonide kasutamine muudab pergolade ja terrasside metamorfoosi lihtsaks.<\/p>\n<\/div>\n","protected":false},"excerpt":{"rendered":"<p>Mudel AF.797.676.06 EAN. 5905369922855 Materjal Metall [cm]Kogupikkus 9 \u00dcldine k\u00f5rgus (cm) 55 \u00dcldine laius (cm) 5 V\u00e4rv teras &#8211; aia<\/p>\n","protected":false},"featured_media":131927,"comment_status":"open","ping_status":"closed","template":"","meta":{"_acf_changed":false,"pmpro_default_level":""},"product_brand":[],"product_cat":[24208,23895],"product_tag":[],"class_list":{"0":"post-135972","1":"product","2":"type-product","3":"status-publish","4":"has-post-thumbnail","6":"product_cat-aia-kaunistused","7":"product_cat-kaunistused","8":"pmpro-has-access","10":"first","11":"instock","12":"shipping-taxable","13":"purchasable","14":"product-type-simple"},"acf":[],"yoast_head":"<!-- This site is optimized with the Yoast SEO plugin v24.9 - https:\/\/yoast.com\/wordpress\/plugins\/seo\/ -->\n<title>Metallist aiakaunistus BUTTERFLY SHADOW - MetalTale.com<\/title>\n<meta name=\"robots\" content=\"index, follow, max-snippet:-1, max-image-preview:large, max-video-preview:-1\" \/>\n<link rel=\"canonical\" href=\"https:\/\/metaltale.com\/et\/toode\/metallist-aiakaunistus-butterfly-shadow\/\" \/>\n<meta property=\"og:locale\" content=\"et_EE\" \/>\n<meta property=\"og:type\" content=\"article\" \/>\n<meta property=\"og:title\" content=\"Metallist aiakaunistus BUTTERFLY SHADOW - MetalTale.com\" \/>\n<meta property=\"og:description\" content=\"Mudel AF.797.676.06 EAN. 5905369922855 Materjal Metall [cm]Kogupikkus 9 \u00dcldine k\u00f5rgus (cm) 55 \u00dcldine laius (cm) 5 V\u00e4rv teras &#8211; aia\" \/>\n<meta property=\"og:url\" content=\"https:\/\/metaltale.com\/et\/toode\/metallist-aiakaunistus-butterfly-shadow\/\" \/>\n<meta property=\"og:site_name\" content=\"MetalTale.com\" \/>\n<meta property=\"og:image\" content=\"https:\/\/metaltale.com\/wp-content\/uploads\/2024\/02\/Metaline-sodo-dekoracija-BUTTERFLY-SHADOW.jpg\" \/>\n\t<meta property=\"og:image:width\" content=\"800\" \/>\n\t<meta property=\"og:image:height\" content=\"800\" \/>\n\t<meta property=\"og:image:type\" content=\"image\/jpeg\" \/>\n<meta name=\"twitter:card\" content=\"summary_large_image\" \/>\n<script type=\"application\/ld+json\" class=\"yoast-schema-graph\">{\"@context\":\"https:\/\/schema.org\",\"@graph\":[{\"@type\":\"WebPage\",\"@id\":\"https:\/\/metaltale.com\/et\/toode\/metallist-aiakaunistus-butterfly-shadow\/\",\"url\":\"https:\/\/metaltale.com\/et\/toode\/metallist-aiakaunistus-butterfly-shadow\/\",\"name\":\"Metallist aiakaunistus BUTTERFLY SHADOW - MetalTale.com\",\"isPartOf\":{\"@id\":\"https:\/\/metaltale.com\/et\/#website\"},\"primaryImageOfPage\":{\"@id\":\"https:\/\/metaltale.com\/et\/toode\/metallist-aiakaunistus-butterfly-shadow\/#primaryimage\"},\"image\":{\"@id\":\"https:\/\/metaltale.com\/et\/toode\/metallist-aiakaunistus-butterfly-shadow\/#primaryimage\"},\"thumbnailUrl\":\"https:\/\/metaltale.com\/wp-content\/uploads\/2024\/02\/Metaline-sodo-dekoracija-BUTTERFLY-SHADOW.jpg\",\"datePublished\":\"2024-02-13T12:39:55+00:00\",\"breadcrumb\":{\"@id\":\"https:\/\/metaltale.com\/et\/toode\/metallist-aiakaunistus-butterfly-shadow\/#breadcrumb\"},\"inLanguage\":\"et\",\"potentialAction\":[{\"@type\":\"ReadAction\",\"target\":[\"https:\/\/metaltale.com\/et\/toode\/metallist-aiakaunistus-butterfly-shadow\/\"]}]},{\"@type\":\"ImageObject\",\"inLanguage\":\"et\",\"@id\":\"https:\/\/metaltale.com\/et\/toode\/metallist-aiakaunistus-butterfly-shadow\/#primaryimage\",\"url\":\"https:\/\/metaltale.com\/wp-content\/uploads\/2024\/02\/Metaline-sodo-dekoracija-BUTTERFLY-SHADOW.jpg\",\"contentUrl\":\"https:\/\/metaltale.com\/wp-content\/uploads\/2024\/02\/Metaline-sodo-dekoracija-BUTTERFLY-SHADOW.jpg\",\"width\":800,\"height\":800,\"caption\":\"Metallist aiakaunistus BUTTERFLY SHADOW\"},{\"@type\":\"BreadcrumbList\",\"@id\":\"https:\/\/metaltale.com\/et\/toode\/metallist-aiakaunistus-butterfly-shadow\/#breadcrumb\",\"itemListElement\":[{\"@type\":\"ListItem\",\"position\":1,\"name\":\"Home\",\"item\":\"https:\/\/metaltale.com\/et\/kodu\/\"},{\"@type\":\"ListItem\",\"position\":2,\"name\":\"Kauplus\",\"item\":\"https:\/\/metaltale.com\/et\/shop\/\"},{\"@type\":\"ListItem\",\"position\":3,\"name\":\"Metallist aiakaunistus BUTTERFLY SHADOW\"}]},{\"@type\":\"WebSite\",\"@id\":\"https:\/\/metaltale.com\/et\/#website\",\"url\":\"https:\/\/metaltale.com\/et\/\",\"name\":\"Metaltale.com\",\"description\":\"\",\"potentialAction\":[{\"@type\":\"SearchAction\",\"target\":{\"@type\":\"EntryPoint\",\"urlTemplate\":\"https:\/\/metaltale.com\/et\/?s={search_term_string}\"},\"query-input\":{\"@type\":\"PropertyValueSpecification\",\"valueRequired\":true,\"valueName\":\"search_term_string\"}}],\"inLanguage\":\"et\"}]}<\/script>\n<!-- \/ Yoast SEO plugin. -->","yoast_head_json":{"title":"Metallist aiakaunistus BUTTERFLY SHADOW - MetalTale.com","robots":{"index":"index","follow":"follow","max-snippet":"max-snippet:-1","max-image-preview":"max-image-preview:large","max-video-preview":"max-video-preview:-1"},"canonical":"https:\/\/metaltale.com\/et\/toode\/metallist-aiakaunistus-butterfly-shadow\/","og_locale":"et_EE","og_type":"article","og_title":"Metallist aiakaunistus BUTTERFLY SHADOW - MetalTale.com","og_description":"Mudel AF.797.676.06 EAN. 5905369922855 Materjal Metall [cm]Kogupikkus 9 \u00dcldine k\u00f5rgus (cm) 55 \u00dcldine laius (cm) 5 V\u00e4rv teras &#8211; aia","og_url":"https:\/\/metaltale.com\/et\/toode\/metallist-aiakaunistus-butterfly-shadow\/","og_site_name":"MetalTale.com","og_image":[{"width":800,"height":800,"url":"https:\/\/metaltale.com\/wp-content\/uploads\/2024\/02\/Metaline-sodo-dekoracija-BUTTERFLY-SHADOW.jpg","type":"image\/jpeg"}],"twitter_card":"summary_large_image","schema":{"@context":"https:\/\/schema.org","@graph":[{"@type":"WebPage","@id":"https:\/\/metaltale.com\/et\/toode\/metallist-aiakaunistus-butterfly-shadow\/","url":"https:\/\/metaltale.com\/et\/toode\/metallist-aiakaunistus-butterfly-shadow\/","name":"Metallist aiakaunistus BUTTERFLY SHADOW - MetalTale.com","isPartOf":{"@id":"https:\/\/metaltale.com\/et\/#website"},"primaryImageOfPage":{"@id":"https:\/\/metaltale.com\/et\/toode\/metallist-aiakaunistus-butterfly-shadow\/#primaryimage"},"image":{"@id":"https:\/\/metaltale.com\/et\/toode\/metallist-aiakaunistus-butterfly-shadow\/#primaryimage"},"thumbnailUrl":"https:\/\/metaltale.com\/wp-content\/uploads\/2024\/02\/Metaline-sodo-dekoracija-BUTTERFLY-SHADOW.jpg","datePublished":"2024-02-13T12:39:55+00:00","breadcrumb":{"@id":"https:\/\/metaltale.com\/et\/toode\/metallist-aiakaunistus-butterfly-shadow\/#breadcrumb"},"inLanguage":"et","potentialAction":[{"@type":"ReadAction","target":["https:\/\/metaltale.com\/et\/toode\/metallist-aiakaunistus-butterfly-shadow\/"]}]},{"@type":"ImageObject","inLanguage":"et","@id":"https:\/\/metaltale.com\/et\/toode\/metallist-aiakaunistus-butterfly-shadow\/#primaryimage","url":"https:\/\/metaltale.com\/wp-content\/uploads\/2024\/02\/Metaline-sodo-dekoracija-BUTTERFLY-SHADOW.jpg","contentUrl":"https:\/\/metaltale.com\/wp-content\/uploads\/2024\/02\/Metaline-sodo-dekoracija-BUTTERFLY-SHADOW.jpg","width":800,"height":800,"caption":"Metallist aiakaunistus BUTTERFLY SHADOW"},{"@type":"BreadcrumbList","@id":"https:\/\/metaltale.com\/et\/toode\/metallist-aiakaunistus-butterfly-shadow\/#breadcrumb","itemListElement":[{"@type":"ListItem","position":1,"name":"Home","item":"https:\/\/metaltale.com\/et\/kodu\/"},{"@type":"ListItem","position":2,"name":"Kauplus","item":"https:\/\/metaltale.com\/et\/shop\/"},{"@type":"ListItem","position":3,"name":"Metallist aiakaunistus BUTTERFLY SHADOW"}]},{"@type":"WebSite","@id":"https:\/\/metaltale.com\/et\/#website","url":"https:\/\/metaltale.com\/et\/","name":"Metaltale.com","description":"","potentialAction":[{"@type":"SearchAction","target":{"@type":"EntryPoint","urlTemplate":"https:\/\/metaltale.com\/et\/?s={search_term_string}"},"query-input":{"@type":"PropertyValueSpecification","valueRequired":true,"valueName":"search_term_string"}}],"inLanguage":"et"}]}},"_links":{"self":[{"href":"https:\/\/metaltale.com\/et\/wp-json\/wp\/v2\/product\/135972","targetHints":{"allow":["GET"]}}],"collection":[{"href":"https:\/\/metaltale.com\/et\/wp-json\/wp\/v2\/product"}],"about":[{"href":"https:\/\/metaltale.com\/et\/wp-json\/wp\/v2\/types\/product"}],"replies":[{"embeddable":true,"href":"https:\/\/metaltale.com\/et\/wp-json\/wp\/v2\/comments?post=135972"}],"version-history":[{"count":0,"href":"https:\/\/metaltale.com\/et\/wp-json\/wp\/v2\/product\/135972\/revisions"}],"wp:featuredmedia":[{"embeddable":true,"href":"https:\/\/metaltale.com\/et\/wp-json\/wp\/v2\/media\/131927"}],"wp:attachment":[{"href":"https:\/\/metaltale.com\/et\/wp-json\/wp\/v2\/media?parent=135972"}],"wp:term":[{"taxonomy":"product_brand","embeddable":true,"href":"https:\/\/metaltale.com\/et\/wp-json\/wp\/v2\/product_brand?post=135972"},{"taxonomy":"product_cat","embeddable":true,"href":"https:\/\/metaltale.com\/et\/wp-json\/wp\/v2\/product_cat?post=135972"},{"taxonomy":"product_tag","embeddable":true,"href":"https:\/\/metaltale.com\/et\/wp-json\/wp\/v2\/product_tag?post=135972"}],"curies":[{"name":"wp","href":"https:\/\/api.w.org\/{rel}","templated":true}]}}