{"id":135969,"date":"2024-02-13T14:39:55","date_gmt":"2024-02-13T12:39:55","guid":{"rendered":"https:\/\/metaltale.com\/produktas\/metallist-aiakaunistus-butterfly-contrast\/"},"modified":"2024-02-13T14:39:55","modified_gmt":"2024-02-13T12:39:55","slug":"metallist-aiakaunistus-butterfly-contrast","status":"publish","type":"product","link":"https:\/\/metaltale.com\/et\/toode\/metallist-aiakaunistus-butterfly-contrast\/","title":{"rendered":"Metallist aiakaunistus BUTTERFLY CONTRAST"},"content":{"rendered":"<div class=\"prod_data\">\n<p><strong>Mudel<\/strong> AF.797.676.00<br \/>\n<strong>EAN.<\/strong>  5905369922862<br \/>\nMaterjal Metall<br \/>\n<strong> [cm]Kogupikkus<\/strong> 9<strong> <\/strong><br \/>\n\u00dcldine k\u00f5rgus (cm) 53<br \/>\n<strong>\u00dcldine laius (cm)<\/strong> 5<br \/>\n<strong>V\u00e4rv<\/strong> teras<\/p>\n<p>&#8211; aia kaunistamine tipptundidel<br \/>\n&#8211; alternatiiv aiafiguuridele<br \/>\n&#8211; Kergekaaluline, auklik vorm<\/p>\n<hr>\n<p>Liblikas on unikaalsete aeddekoratsioonide rida, mis muudab t\u00e4ielikult krundi iseloomu. Aiakaunistused, mida saab \u00fche liigutusega lillepeenardesse v\u00f5i p\u00f5\u00f5sastesse paigutada, on mitteinvasiivne ja originaalne kaunistusvorm. Tagasihoidlik, kuid samas pilkup\u00fc\u00fcdev metallist liblikas sobib maal\u00e4hedasesse kliimasse, kuigi selle iseloomu saab vabalt luua, kombineerides seda erinevate taimedega.<\/p>\n<\/div>\n","protected":false},"excerpt":{"rendered":"<p>Mudel AF.797.676.00 EAN. 5905369922862 Materjal Metall [cm]Kogupikkus 9 \u00dcldine k\u00f5rgus (cm) 53 \u00dcldine laius (cm) 5 V\u00e4rv teras &#8211; aia<\/p>\n","protected":false},"featured_media":102366,"comment_status":"open","ping_status":"closed","template":"","meta":{"_acf_changed":false,"pmpro_default_level":""},"product_brand":[],"product_cat":[24208,23895],"product_tag":[],"class_list":{"0":"post-135969","1":"product","2":"type-product","3":"status-publish","4":"has-post-thumbnail","6":"product_cat-aia-kaunistused","7":"product_cat-kaunistused","8":"pmpro-has-access","10":"first","11":"instock","12":"shipping-taxable","13":"purchasable","14":"product-type-simple"},"acf":[],"yoast_head":"<!-- This site is optimized with the Yoast SEO plugin v24.9 - https:\/\/yoast.com\/wordpress\/plugins\/seo\/ -->\n<title>Metallist aiakaunistus BUTTERFLY CONTRAST - MetalTale.com<\/title>\n<meta name=\"robots\" content=\"index, follow, max-snippet:-1, max-image-preview:large, max-video-preview:-1\" \/>\n<link rel=\"canonical\" href=\"https:\/\/metaltale.com\/et\/toode\/metallist-aiakaunistus-butterfly-contrast\/\" \/>\n<meta property=\"og:locale\" content=\"et_EE\" \/>\n<meta property=\"og:type\" content=\"article\" \/>\n<meta property=\"og:title\" content=\"Metallist aiakaunistus BUTTERFLY CONTRAST - MetalTale.com\" \/>\n<meta property=\"og:description\" content=\"Mudel AF.797.676.00 EAN. 5905369922862 Materjal Metall [cm]Kogupikkus 9 \u00dcldine k\u00f5rgus (cm) 53 \u00dcldine laius (cm) 5 V\u00e4rv teras &#8211; aia\" \/>\n<meta property=\"og:url\" content=\"https:\/\/metaltale.com\/et\/toode\/metallist-aiakaunistus-butterfly-contrast\/\" \/>\n<meta property=\"og:site_name\" content=\"MetalTale.com\" \/>\n<meta property=\"og:image\" content=\"https:\/\/metaltale.com\/wp-content\/uploads\/2023\/11\/Sodo-dekoravimas-DRUGELIO-DETALx116.jpg\" \/>\n\t<meta property=\"og:image:width\" content=\"800\" \/>\n\t<meta property=\"og:image:height\" content=\"800\" \/>\n\t<meta property=\"og:image:type\" content=\"image\/jpeg\" \/>\n<meta name=\"twitter:card\" content=\"summary_large_image\" \/>\n<script type=\"application\/ld+json\" class=\"yoast-schema-graph\">{\"@context\":\"https:\/\/schema.org\",\"@graph\":[{\"@type\":\"WebPage\",\"@id\":\"https:\/\/metaltale.com\/et\/toode\/metallist-aiakaunistus-butterfly-contrast\/\",\"url\":\"https:\/\/metaltale.com\/et\/toode\/metallist-aiakaunistus-butterfly-contrast\/\",\"name\":\"Metallist aiakaunistus BUTTERFLY CONTRAST - MetalTale.com\",\"isPartOf\":{\"@id\":\"https:\/\/metaltale.com\/et\/#website\"},\"primaryImageOfPage\":{\"@id\":\"https:\/\/metaltale.com\/et\/toode\/metallist-aiakaunistus-butterfly-contrast\/#primaryimage\"},\"image\":{\"@id\":\"https:\/\/metaltale.com\/et\/toode\/metallist-aiakaunistus-butterfly-contrast\/#primaryimage\"},\"thumbnailUrl\":\"https:\/\/metaltale.com\/wp-content\/uploads\/2023\/11\/Sodo-dekoravimas-DRUGELIO-DETALx116.jpg\",\"datePublished\":\"2024-02-13T12:39:55+00:00\",\"breadcrumb\":{\"@id\":\"https:\/\/metaltale.com\/et\/toode\/metallist-aiakaunistus-butterfly-contrast\/#breadcrumb\"},\"inLanguage\":\"et\",\"potentialAction\":[{\"@type\":\"ReadAction\",\"target\":[\"https:\/\/metaltale.com\/et\/toode\/metallist-aiakaunistus-butterfly-contrast\/\"]}]},{\"@type\":\"ImageObject\",\"inLanguage\":\"et\",\"@id\":\"https:\/\/metaltale.com\/et\/toode\/metallist-aiakaunistus-butterfly-contrast\/#primaryimage\",\"url\":\"https:\/\/metaltale.com\/wp-content\/uploads\/2023\/11\/Sodo-dekoravimas-DRUGELIO-DETALx116.jpg\",\"contentUrl\":\"https:\/\/metaltale.com\/wp-content\/uploads\/2023\/11\/Sodo-dekoravimas-DRUGELIO-DETALx116.jpg\",\"width\":800,\"height\":800,\"caption\":\"Metallist aiakaunistus BUTTERFLY CONTRAST\"},{\"@type\":\"BreadcrumbList\",\"@id\":\"https:\/\/metaltale.com\/et\/toode\/metallist-aiakaunistus-butterfly-contrast\/#breadcrumb\",\"itemListElement\":[{\"@type\":\"ListItem\",\"position\":1,\"name\":\"Home\",\"item\":\"https:\/\/metaltale.com\/et\/kodu\/\"},{\"@type\":\"ListItem\",\"position\":2,\"name\":\"Kauplus\",\"item\":\"https:\/\/metaltale.com\/et\/shop\/\"},{\"@type\":\"ListItem\",\"position\":3,\"name\":\"Metallist aiakaunistus BUTTERFLY CONTRAST\"}]},{\"@type\":\"WebSite\",\"@id\":\"https:\/\/metaltale.com\/et\/#website\",\"url\":\"https:\/\/metaltale.com\/et\/\",\"name\":\"Metaltale.com\",\"description\":\"\",\"potentialAction\":[{\"@type\":\"SearchAction\",\"target\":{\"@type\":\"EntryPoint\",\"urlTemplate\":\"https:\/\/metaltale.com\/et\/?s={search_term_string}\"},\"query-input\":{\"@type\":\"PropertyValueSpecification\",\"valueRequired\":true,\"valueName\":\"search_term_string\"}}],\"inLanguage\":\"et\"}]}<\/script>\n<!-- \/ Yoast SEO plugin. -->","yoast_head_json":{"title":"Metallist aiakaunistus BUTTERFLY CONTRAST - MetalTale.com","robots":{"index":"index","follow":"follow","max-snippet":"max-snippet:-1","max-image-preview":"max-image-preview:large","max-video-preview":"max-video-preview:-1"},"canonical":"https:\/\/metaltale.com\/et\/toode\/metallist-aiakaunistus-butterfly-contrast\/","og_locale":"et_EE","og_type":"article","og_title":"Metallist aiakaunistus BUTTERFLY CONTRAST - MetalTale.com","og_description":"Mudel AF.797.676.00 EAN. 5905369922862 Materjal Metall [cm]Kogupikkus 9 \u00dcldine k\u00f5rgus (cm) 53 \u00dcldine laius (cm) 5 V\u00e4rv teras &#8211; aia","og_url":"https:\/\/metaltale.com\/et\/toode\/metallist-aiakaunistus-butterfly-contrast\/","og_site_name":"MetalTale.com","og_image":[{"width":800,"height":800,"url":"https:\/\/metaltale.com\/wp-content\/uploads\/2023\/11\/Sodo-dekoravimas-DRUGELIO-DETALx116.jpg","type":"image\/jpeg"}],"twitter_card":"summary_large_image","schema":{"@context":"https:\/\/schema.org","@graph":[{"@type":"WebPage","@id":"https:\/\/metaltale.com\/et\/toode\/metallist-aiakaunistus-butterfly-contrast\/","url":"https:\/\/metaltale.com\/et\/toode\/metallist-aiakaunistus-butterfly-contrast\/","name":"Metallist aiakaunistus BUTTERFLY CONTRAST - MetalTale.com","isPartOf":{"@id":"https:\/\/metaltale.com\/et\/#website"},"primaryImageOfPage":{"@id":"https:\/\/metaltale.com\/et\/toode\/metallist-aiakaunistus-butterfly-contrast\/#primaryimage"},"image":{"@id":"https:\/\/metaltale.com\/et\/toode\/metallist-aiakaunistus-butterfly-contrast\/#primaryimage"},"thumbnailUrl":"https:\/\/metaltale.com\/wp-content\/uploads\/2023\/11\/Sodo-dekoravimas-DRUGELIO-DETALx116.jpg","datePublished":"2024-02-13T12:39:55+00:00","breadcrumb":{"@id":"https:\/\/metaltale.com\/et\/toode\/metallist-aiakaunistus-butterfly-contrast\/#breadcrumb"},"inLanguage":"et","potentialAction":[{"@type":"ReadAction","target":["https:\/\/metaltale.com\/et\/toode\/metallist-aiakaunistus-butterfly-contrast\/"]}]},{"@type":"ImageObject","inLanguage":"et","@id":"https:\/\/metaltale.com\/et\/toode\/metallist-aiakaunistus-butterfly-contrast\/#primaryimage","url":"https:\/\/metaltale.com\/wp-content\/uploads\/2023\/11\/Sodo-dekoravimas-DRUGELIO-DETALx116.jpg","contentUrl":"https:\/\/metaltale.com\/wp-content\/uploads\/2023\/11\/Sodo-dekoravimas-DRUGELIO-DETALx116.jpg","width":800,"height":800,"caption":"Metallist aiakaunistus BUTTERFLY CONTRAST"},{"@type":"BreadcrumbList","@id":"https:\/\/metaltale.com\/et\/toode\/metallist-aiakaunistus-butterfly-contrast\/#breadcrumb","itemListElement":[{"@type":"ListItem","position":1,"name":"Home","item":"https:\/\/metaltale.com\/et\/kodu\/"},{"@type":"ListItem","position":2,"name":"Kauplus","item":"https:\/\/metaltale.com\/et\/shop\/"},{"@type":"ListItem","position":3,"name":"Metallist aiakaunistus BUTTERFLY CONTRAST"}]},{"@type":"WebSite","@id":"https:\/\/metaltale.com\/et\/#website","url":"https:\/\/metaltale.com\/et\/","name":"Metaltale.com","description":"","potentialAction":[{"@type":"SearchAction","target":{"@type":"EntryPoint","urlTemplate":"https:\/\/metaltale.com\/et\/?s={search_term_string}"},"query-input":{"@type":"PropertyValueSpecification","valueRequired":true,"valueName":"search_term_string"}}],"inLanguage":"et"}]}},"_links":{"self":[{"href":"https:\/\/metaltale.com\/et\/wp-json\/wp\/v2\/product\/135969","targetHints":{"allow":["GET"]}}],"collection":[{"href":"https:\/\/metaltale.com\/et\/wp-json\/wp\/v2\/product"}],"about":[{"href":"https:\/\/metaltale.com\/et\/wp-json\/wp\/v2\/types\/product"}],"replies":[{"embeddable":true,"href":"https:\/\/metaltale.com\/et\/wp-json\/wp\/v2\/comments?post=135969"}],"version-history":[{"count":0,"href":"https:\/\/metaltale.com\/et\/wp-json\/wp\/v2\/product\/135969\/revisions"}],"wp:featuredmedia":[{"embeddable":true,"href":"https:\/\/metaltale.com\/et\/wp-json\/wp\/v2\/media\/102366"}],"wp:attachment":[{"href":"https:\/\/metaltale.com\/et\/wp-json\/wp\/v2\/media?parent=135969"}],"wp:term":[{"taxonomy":"product_brand","embeddable":true,"href":"https:\/\/metaltale.com\/et\/wp-json\/wp\/v2\/product_brand?post=135969"},{"taxonomy":"product_cat","embeddable":true,"href":"https:\/\/metaltale.com\/et\/wp-json\/wp\/v2\/product_cat?post=135969"},{"taxonomy":"product_tag","embeddable":true,"href":"https:\/\/metaltale.com\/et\/wp-json\/wp\/v2\/product_tag?post=135969"}],"curies":[{"name":"wp","href":"https:\/\/api.w.org\/{rel}","templated":true}]}}