{"id":135963,"date":"2024-02-13T15:01:57","date_gmt":"2024-02-13T13:01:57","guid":{"rendered":"https:\/\/metaltale.com\/produktas\/metallist-seinakaunistus-3d-loft-leaves-115x35-cm\/"},"modified":"2024-02-13T15:01:57","modified_gmt":"2024-02-13T13:01:57","slug":"metallist-seinakaunistus-3d-loft-leaves-115x35-cm","status":"publish","type":"product","link":"https:\/\/metaltale.com\/et\/toode\/metallist-seinakaunistus-3d-loft-leaves-115x35-cm\/","title":{"rendered":"Metallist seinakaunistus 3D LOFT LEAVES 115&#215;35 cm"},"content":{"rendered":"<div class=\"prod_data\">\n<p><strong>Mudel<\/strong> PT. A21510<br \/>\n<strong>EAN.<\/strong>  5907772074961<br \/>\n<strong>Laius (cm)<\/strong> 115<br \/>\nK\u00f5rgus (cm) 35<br \/>\n<strong>Paksus (cm<\/strong> ) 4,5<br \/>\n<strong>Materjal<\/strong> teras<br \/>\nKujundid Ristk\u00fclikukujuline<br \/>\nOrienteerimine Horisontaalne<br \/>\n<strong>Motiiv<\/strong> Puud, muud<\/p>\n<p>&#8211; 3D metallist seinakattematerjal taaskasutatud terasest<br \/>\n&#8211; Ehtsad \u00fcleulatuvused , mis annavad uimastava kolmem\u00f5\u00f5tmelise efekti.<br \/>\n&#8211; vaoshoitud v\u00e4rvid tagavad mitmek\u00fclgsuse ja ajas\u00f5bralikkuse.<br \/>\n&#8211; impregneerimine l\u00e4bipaistva lakiga tagab v\u00e4rvi s\u00e4ilimise ja kriimustuskindluse.<\/p>\n<hr>\n<p>3D-metallist seinakaunistused on viimistlus, mis sobib nii kaasaegsetesse ruumidesse kui ka lihtsamatesse v\u00f5i rangematesse ruumidesse. Pakutav toode muudab palmilehed peene kuldse varjundiga. Universaalsed ja \u00fchtsed v\u00e4rvid on viimistluse eelis, mis on samal ajal originaalne. Stiilne kaunistus sobib ideaalselt nii elutuppa kui ka magamistuppa ja v\u00e4ikestesse ruumidesse, mis ei ole \u00fclerahvastatud. Iga k\u00e4sitsi valmistatud kaunistus on ainulaadne. N\u00e4htamatud kinnitusklambrid tagavad probleemivaba lukustuse.<\/p>\n<\/div>\n","protected":false},"excerpt":{"rendered":"<p>Mudel PT. A21510 EAN. 5907772074961 Laius (cm) 115 K\u00f5rgus (cm) 35 Paksus (cm ) 4,5 Materjal teras Kujundid Ristk\u00fclikukujuline Orienteerimine<\/p>\n","protected":false},"featured_media":98538,"comment_status":"open","ping_status":"closed","template":"","meta":{"_acf_changed":false,"pmpro_default_level":""},"product_brand":[],"product_cat":[23913,23895],"product_tag":[],"class_list":{"0":"post-135963","1":"product","2":"type-product","3":"status-publish","4":"has-post-thumbnail","6":"product_cat-3d-paveikslai-et","7":"product_cat-kaunistused","8":"pmpro-has-access","10":"first","11":"instock","12":"shipping-taxable","13":"purchasable","14":"product-type-simple"},"acf":[],"yoast_head":"<!-- This site is optimized with the Yoast SEO plugin v24.9 - https:\/\/yoast.com\/wordpress\/plugins\/seo\/ -->\n<title>Metallist seinakaunistus 3D LOFT LEAVES 115x35 cm - MetalTale.com<\/title>\n<meta name=\"robots\" content=\"index, follow, max-snippet:-1, max-image-preview:large, max-video-preview:-1\" \/>\n<link rel=\"canonical\" href=\"https:\/\/metaltale.com\/et\/toode\/metallist-seinakaunistus-3d-loft-leaves-115x35-cm\/\" \/>\n<meta property=\"og:locale\" content=\"et_EE\" \/>\n<meta property=\"og:type\" content=\"article\" \/>\n<meta property=\"og:title\" content=\"Metallist seinakaunistus 3D LOFT LEAVES 115x35 cm - MetalTale.com\" \/>\n<meta property=\"og:description\" content=\"Mudel PT. A21510 EAN. 5907772074961 Laius (cm) 115 K\u00f5rgus (cm) 35 Paksus (cm ) 4,5 Materjal teras Kujundid Ristk\u00fclikukujuline Orienteerimine\" \/>\n<meta property=\"og:url\" content=\"https:\/\/metaltale.com\/et\/toode\/metallist-seinakaunistus-3d-loft-leaves-115x35-cm\/\" \/>\n<meta property=\"og:site_name\" content=\"MetalTale.com\" \/>\n<meta name=\"twitter:card\" content=\"summary_large_image\" \/>\n<meta name=\"twitter:label1\" content=\"Est. reading time\" \/>\n\t<meta name=\"twitter:data1\" content=\"1 minut\" \/>\n<script type=\"application\/ld+json\" class=\"yoast-schema-graph\">{\"@context\":\"https:\/\/schema.org\",\"@graph\":[{\"@type\":\"WebPage\",\"@id\":\"https:\/\/metaltale.com\/et\/toode\/metallist-seinakaunistus-3d-loft-leaves-115x35-cm\/\",\"url\":\"https:\/\/metaltale.com\/et\/toode\/metallist-seinakaunistus-3d-loft-leaves-115x35-cm\/\",\"name\":\"Metallist seinakaunistus 3D LOFT LEAVES 115x35 cm - MetalTale.com\",\"isPartOf\":{\"@id\":\"https:\/\/metaltale.com\/et\/#website\"},\"primaryImageOfPage\":{\"@id\":\"https:\/\/metaltale.com\/et\/toode\/metallist-seinakaunistus-3d-loft-leaves-115x35-cm\/#primaryimage\"},\"image\":{\"@id\":\"https:\/\/metaltale.com\/et\/toode\/metallist-seinakaunistus-3d-loft-leaves-115x35-cm\/#primaryimage\"},\"thumbnailUrl\":\"https:\/\/metaltale.com\/wp-content\/uploads\/2023\/11\/3D-vaizdas-LOFTO-LAPAI.jpg\",\"datePublished\":\"2024-02-13T13:01:57+00:00\",\"breadcrumb\":{\"@id\":\"https:\/\/metaltale.com\/et\/toode\/metallist-seinakaunistus-3d-loft-leaves-115x35-cm\/#breadcrumb\"},\"inLanguage\":\"et\",\"potentialAction\":[{\"@type\":\"ReadAction\",\"target\":[\"https:\/\/metaltale.com\/et\/toode\/metallist-seinakaunistus-3d-loft-leaves-115x35-cm\/\"]}]},{\"@type\":\"ImageObject\",\"inLanguage\":\"et\",\"@id\":\"https:\/\/metaltale.com\/et\/toode\/metallist-seinakaunistus-3d-loft-leaves-115x35-cm\/#primaryimage\",\"url\":\"https:\/\/metaltale.com\/wp-content\/uploads\/2023\/11\/3D-vaizdas-LOFTO-LAPAI.jpg\",\"contentUrl\":\"https:\/\/metaltale.com\/wp-content\/uploads\/2023\/11\/3D-vaizdas-LOFTO-LAPAI.jpg\",\"width\":800,\"height\":800},{\"@type\":\"BreadcrumbList\",\"@id\":\"https:\/\/metaltale.com\/et\/toode\/metallist-seinakaunistus-3d-loft-leaves-115x35-cm\/#breadcrumb\",\"itemListElement\":[{\"@type\":\"ListItem\",\"position\":1,\"name\":\"Home\",\"item\":\"https:\/\/metaltale.com\/et\/kodu\/\"},{\"@type\":\"ListItem\",\"position\":2,\"name\":\"Kauplus\",\"item\":\"https:\/\/metaltale.com\/et\/shop\/\"},{\"@type\":\"ListItem\",\"position\":3,\"name\":\"Metallist seinakaunistus 3D LOFT LEAVES 115&#215;35 cm\"}]},{\"@type\":\"WebSite\",\"@id\":\"https:\/\/metaltale.com\/et\/#website\",\"url\":\"https:\/\/metaltale.com\/et\/\",\"name\":\"Metaltale.com\",\"description\":\"\",\"potentialAction\":[{\"@type\":\"SearchAction\",\"target\":{\"@type\":\"EntryPoint\",\"urlTemplate\":\"https:\/\/metaltale.com\/et\/?s={search_term_string}\"},\"query-input\":{\"@type\":\"PropertyValueSpecification\",\"valueRequired\":true,\"valueName\":\"search_term_string\"}}],\"inLanguage\":\"et\"}]}<\/script>\n<!-- \/ Yoast SEO plugin. -->","yoast_head_json":{"title":"Metallist seinakaunistus 3D LOFT LEAVES 115x35 cm - MetalTale.com","robots":{"index":"index","follow":"follow","max-snippet":"max-snippet:-1","max-image-preview":"max-image-preview:large","max-video-preview":"max-video-preview:-1"},"canonical":"https:\/\/metaltale.com\/et\/toode\/metallist-seinakaunistus-3d-loft-leaves-115x35-cm\/","og_locale":"et_EE","og_type":"article","og_title":"Metallist seinakaunistus 3D LOFT LEAVES 115x35 cm - MetalTale.com","og_description":"Mudel PT. A21510 EAN. 5907772074961 Laius (cm) 115 K\u00f5rgus (cm) 35 Paksus (cm ) 4,5 Materjal teras Kujundid Ristk\u00fclikukujuline Orienteerimine","og_url":"https:\/\/metaltale.com\/et\/toode\/metallist-seinakaunistus-3d-loft-leaves-115x35-cm\/","og_site_name":"MetalTale.com","twitter_card":"summary_large_image","twitter_misc":{"Est. reading time":"1 minut"},"schema":{"@context":"https:\/\/schema.org","@graph":[{"@type":"WebPage","@id":"https:\/\/metaltale.com\/et\/toode\/metallist-seinakaunistus-3d-loft-leaves-115x35-cm\/","url":"https:\/\/metaltale.com\/et\/toode\/metallist-seinakaunistus-3d-loft-leaves-115x35-cm\/","name":"Metallist seinakaunistus 3D LOFT LEAVES 115x35 cm - MetalTale.com","isPartOf":{"@id":"https:\/\/metaltale.com\/et\/#website"},"primaryImageOfPage":{"@id":"https:\/\/metaltale.com\/et\/toode\/metallist-seinakaunistus-3d-loft-leaves-115x35-cm\/#primaryimage"},"image":{"@id":"https:\/\/metaltale.com\/et\/toode\/metallist-seinakaunistus-3d-loft-leaves-115x35-cm\/#primaryimage"},"thumbnailUrl":"https:\/\/metaltale.com\/wp-content\/uploads\/2023\/11\/3D-vaizdas-LOFTO-LAPAI.jpg","datePublished":"2024-02-13T13:01:57+00:00","breadcrumb":{"@id":"https:\/\/metaltale.com\/et\/toode\/metallist-seinakaunistus-3d-loft-leaves-115x35-cm\/#breadcrumb"},"inLanguage":"et","potentialAction":[{"@type":"ReadAction","target":["https:\/\/metaltale.com\/et\/toode\/metallist-seinakaunistus-3d-loft-leaves-115x35-cm\/"]}]},{"@type":"ImageObject","inLanguage":"et","@id":"https:\/\/metaltale.com\/et\/toode\/metallist-seinakaunistus-3d-loft-leaves-115x35-cm\/#primaryimage","url":"https:\/\/metaltale.com\/wp-content\/uploads\/2023\/11\/3D-vaizdas-LOFTO-LAPAI.jpg","contentUrl":"https:\/\/metaltale.com\/wp-content\/uploads\/2023\/11\/3D-vaizdas-LOFTO-LAPAI.jpg","width":800,"height":800},{"@type":"BreadcrumbList","@id":"https:\/\/metaltale.com\/et\/toode\/metallist-seinakaunistus-3d-loft-leaves-115x35-cm\/#breadcrumb","itemListElement":[{"@type":"ListItem","position":1,"name":"Home","item":"https:\/\/metaltale.com\/et\/kodu\/"},{"@type":"ListItem","position":2,"name":"Kauplus","item":"https:\/\/metaltale.com\/et\/shop\/"},{"@type":"ListItem","position":3,"name":"Metallist seinakaunistus 3D LOFT LEAVES 115&#215;35 cm"}]},{"@type":"WebSite","@id":"https:\/\/metaltale.com\/et\/#website","url":"https:\/\/metaltale.com\/et\/","name":"Metaltale.com","description":"","potentialAction":[{"@type":"SearchAction","target":{"@type":"EntryPoint","urlTemplate":"https:\/\/metaltale.com\/et\/?s={search_term_string}"},"query-input":{"@type":"PropertyValueSpecification","valueRequired":true,"valueName":"search_term_string"}}],"inLanguage":"et"}]}},"_links":{"self":[{"href":"https:\/\/metaltale.com\/et\/wp-json\/wp\/v2\/product\/135963","targetHints":{"allow":["GET"]}}],"collection":[{"href":"https:\/\/metaltale.com\/et\/wp-json\/wp\/v2\/product"}],"about":[{"href":"https:\/\/metaltale.com\/et\/wp-json\/wp\/v2\/types\/product"}],"replies":[{"embeddable":true,"href":"https:\/\/metaltale.com\/et\/wp-json\/wp\/v2\/comments?post=135963"}],"version-history":[{"count":0,"href":"https:\/\/metaltale.com\/et\/wp-json\/wp\/v2\/product\/135963\/revisions"}],"wp:featuredmedia":[{"embeddable":true,"href":"https:\/\/metaltale.com\/et\/wp-json\/wp\/v2\/media\/98538"}],"wp:attachment":[{"href":"https:\/\/metaltale.com\/et\/wp-json\/wp\/v2\/media?parent=135963"}],"wp:term":[{"taxonomy":"product_brand","embeddable":true,"href":"https:\/\/metaltale.com\/et\/wp-json\/wp\/v2\/product_brand?post=135963"},{"taxonomy":"product_cat","embeddable":true,"href":"https:\/\/metaltale.com\/et\/wp-json\/wp\/v2\/product_cat?post=135963"},{"taxonomy":"product_tag","embeddable":true,"href":"https:\/\/metaltale.com\/et\/wp-json\/wp\/v2\/product_tag?post=135963"}],"curies":[{"name":"wp","href":"https:\/\/api.w.org\/{rel}","templated":true}]}}