{"id":135956,"date":"2024-01-12T20:59:21","date_gmt":"2024-01-12T18:59:21","guid":{"rendered":"https:\/\/metaltale.com\/produktas\/metallplaat-i-love-everything\/"},"modified":"2024-01-12T20:59:21","modified_gmt":"2024-01-12T18:59:21","slug":"metallplaat-i-love-everything","status":"publish","type":"product","link":"https:\/\/metaltale.com\/et\/toode\/metallplaat-i-love-everything\/","title":{"rendered":"Metallplaat I LOVE EVERYTHING"},"content":{"rendered":"<div class=\"prod_data\"><strong>Model<\/strong> To. C055  <br \/><strong>EAN.<\/strong>  5905369907104  <br \/><strong>Laius (cm)<\/strong> 31  <br \/><strong>K\u00f5rgus (cm)<\/strong> 16  <br \/><strong>Materjal<\/strong> teras  <br \/><strong>Kujundid Ristk\u00fclikukujuline<\/strong>  <br \/><strong>Orienteerimine<\/strong> Horisontaalne  <br \/><strong>Ruumibaar<\/strong>  <br \/><strong>Motiiv<\/strong> joogid  <\/p>\n<p>Ristk\u00fclikukujuline metallplaat. Plakat on kaetud k\u00f5rge kulumiskindlusega v\u00e4rviga ja kaitstud kulumisvastase lakiga. Tahvli reljeefne graafika ja kiri teevad selle ainulaadseks. Iga eksemplar on \u00fcmbritsetud kaitsekilega. Toote atraktiivsust suurendab eba\u00fchtlane v\u00e4rvus, st taust, mis j\u00e4tab mulje karedast tekstuurist. Plaat on kinnitatud peente avadega.<\/p>\n<p>Toode, millel on kujutatud kiri &#8220;I Love Whiskey&#8221;.<\/p>\n<p>Retro paneel ei toimi mitte ainult baarides, vaid ka stiilse lisana vintage-sisekujunduses.  <br \/>Metallist plakat on originaalne kingiidee.<\/p>\n<\/div>\n","protected":false},"excerpt":{"rendered":"<p>Model To. C055 EAN. 5905369907104 Laius (cm) 31 K\u00f5rgus (cm) 16 Materjal teras Kujundid Ristk\u00fclikukujuline Orienteerimine Horisontaalne Ruumibaar Motiiv joogid<\/p>\n","protected":false},"featured_media":68442,"comment_status":"open","ping_status":"closed","template":"","meta":{"_acf_changed":false,"pmpro_default_level":""},"product_brand":[],"product_cat":[23895],"product_tag":[],"class_list":{"0":"post-135956","1":"product","2":"type-product","3":"status-publish","4":"has-post-thumbnail","6":"product_cat-kaunistused","7":"pmpro-has-access","9":"first","10":"instock","11":"shipping-taxable","12":"purchasable","13":"product-type-simple"},"acf":[],"yoast_head":"<!-- This site is optimized with the Yoast SEO plugin v24.9 - https:\/\/yoast.com\/wordpress\/plugins\/seo\/ -->\n<title>Metallplaat I LOVE EVERYTHING - MetalTale.com<\/title>\n<meta name=\"robots\" content=\"index, follow, max-snippet:-1, max-image-preview:large, max-video-preview:-1\" \/>\n<link rel=\"canonical\" href=\"https:\/\/metaltale.com\/et\/toode\/metallplaat-i-love-everything\/\" \/>\n<meta property=\"og:locale\" content=\"et_EE\" \/>\n<meta property=\"og:type\" content=\"article\" \/>\n<meta property=\"og:title\" content=\"Metallplaat I LOVE EVERYTHING - MetalTale.com\" \/>\n<meta property=\"og:description\" content=\"Model To. C055 EAN. 5905369907104 Laius (cm) 31 K\u00f5rgus (cm) 16 Materjal teras Kujundid Ristk\u00fclikukujuline Orienteerimine Horisontaalne Ruumibaar Motiiv joogid\" \/>\n<meta property=\"og:url\" content=\"https:\/\/metaltale.com\/et\/toode\/metallplaat-i-love-everything\/\" \/>\n<meta property=\"og:site_name\" content=\"MetalTale.com\" \/>\n<meta name=\"twitter:card\" content=\"summary_large_image\" \/>\n<script type=\"application\/ld+json\" class=\"yoast-schema-graph\">{\"@context\":\"https:\/\/schema.org\",\"@graph\":[{\"@type\":\"WebPage\",\"@id\":\"https:\/\/metaltale.com\/et\/toode\/metallplaat-i-love-everything\/\",\"url\":\"https:\/\/metaltale.com\/et\/toode\/metallplaat-i-love-everything\/\",\"name\":\"Metallplaat I LOVE EVERYTHING - MetalTale.com\",\"isPartOf\":{\"@id\":\"https:\/\/metaltale.com\/et\/#website\"},\"primaryImageOfPage\":{\"@id\":\"https:\/\/metaltale.com\/et\/toode\/metallplaat-i-love-everything\/#primaryimage\"},\"image\":{\"@id\":\"https:\/\/metaltale.com\/et\/toode\/metallplaat-i-love-everything\/#primaryimage\"},\"thumbnailUrl\":\"https:\/\/metaltale.com\/wp-content\/uploads\/2023\/09\/Metalinx117-plokx161tx117-Ax160-MYLIU-VISKx12E.jpg\",\"datePublished\":\"2024-01-12T18:59:21+00:00\",\"breadcrumb\":{\"@id\":\"https:\/\/metaltale.com\/et\/toode\/metallplaat-i-love-everything\/#breadcrumb\"},\"inLanguage\":\"et\",\"potentialAction\":[{\"@type\":\"ReadAction\",\"target\":[\"https:\/\/metaltale.com\/et\/toode\/metallplaat-i-love-everything\/\"]}]},{\"@type\":\"ImageObject\",\"inLanguage\":\"et\",\"@id\":\"https:\/\/metaltale.com\/et\/toode\/metallplaat-i-love-everything\/#primaryimage\",\"url\":\"https:\/\/metaltale.com\/wp-content\/uploads\/2023\/09\/Metalinx117-plokx161tx117-Ax160-MYLIU-VISKx12E.jpg\",\"contentUrl\":\"https:\/\/metaltale.com\/wp-content\/uploads\/2023\/09\/Metalinx117-plokx161tx117-Ax160-MYLIU-VISKx12E.jpg\",\"width\":800,\"height\":800},{\"@type\":\"BreadcrumbList\",\"@id\":\"https:\/\/metaltale.com\/et\/toode\/metallplaat-i-love-everything\/#breadcrumb\",\"itemListElement\":[{\"@type\":\"ListItem\",\"position\":1,\"name\":\"Home\",\"item\":\"https:\/\/metaltale.com\/et\/kodu\/\"},{\"@type\":\"ListItem\",\"position\":2,\"name\":\"Kauplus\",\"item\":\"https:\/\/metaltale.com\/et\/shop\/\"},{\"@type\":\"ListItem\",\"position\":3,\"name\":\"Metallplaat I LOVE EVERYTHING\"}]},{\"@type\":\"WebSite\",\"@id\":\"https:\/\/metaltale.com\/et\/#website\",\"url\":\"https:\/\/metaltale.com\/et\/\",\"name\":\"Metaltale.com\",\"description\":\"\",\"potentialAction\":[{\"@type\":\"SearchAction\",\"target\":{\"@type\":\"EntryPoint\",\"urlTemplate\":\"https:\/\/metaltale.com\/et\/?s={search_term_string}\"},\"query-input\":{\"@type\":\"PropertyValueSpecification\",\"valueRequired\":true,\"valueName\":\"search_term_string\"}}],\"inLanguage\":\"et\"}]}<\/script>\n<!-- \/ Yoast SEO plugin. -->","yoast_head_json":{"title":"Metallplaat I LOVE EVERYTHING - MetalTale.com","robots":{"index":"index","follow":"follow","max-snippet":"max-snippet:-1","max-image-preview":"max-image-preview:large","max-video-preview":"max-video-preview:-1"},"canonical":"https:\/\/metaltale.com\/et\/toode\/metallplaat-i-love-everything\/","og_locale":"et_EE","og_type":"article","og_title":"Metallplaat I LOVE EVERYTHING - MetalTale.com","og_description":"Model To. C055 EAN. 5905369907104 Laius (cm) 31 K\u00f5rgus (cm) 16 Materjal teras Kujundid Ristk\u00fclikukujuline Orienteerimine Horisontaalne Ruumibaar Motiiv joogid","og_url":"https:\/\/metaltale.com\/et\/toode\/metallplaat-i-love-everything\/","og_site_name":"MetalTale.com","twitter_card":"summary_large_image","schema":{"@context":"https:\/\/schema.org","@graph":[{"@type":"WebPage","@id":"https:\/\/metaltale.com\/et\/toode\/metallplaat-i-love-everything\/","url":"https:\/\/metaltale.com\/et\/toode\/metallplaat-i-love-everything\/","name":"Metallplaat I LOVE EVERYTHING - MetalTale.com","isPartOf":{"@id":"https:\/\/metaltale.com\/et\/#website"},"primaryImageOfPage":{"@id":"https:\/\/metaltale.com\/et\/toode\/metallplaat-i-love-everything\/#primaryimage"},"image":{"@id":"https:\/\/metaltale.com\/et\/toode\/metallplaat-i-love-everything\/#primaryimage"},"thumbnailUrl":"https:\/\/metaltale.com\/wp-content\/uploads\/2023\/09\/Metalinx117-plokx161tx117-Ax160-MYLIU-VISKx12E.jpg","datePublished":"2024-01-12T18:59:21+00:00","breadcrumb":{"@id":"https:\/\/metaltale.com\/et\/toode\/metallplaat-i-love-everything\/#breadcrumb"},"inLanguage":"et","potentialAction":[{"@type":"ReadAction","target":["https:\/\/metaltale.com\/et\/toode\/metallplaat-i-love-everything\/"]}]},{"@type":"ImageObject","inLanguage":"et","@id":"https:\/\/metaltale.com\/et\/toode\/metallplaat-i-love-everything\/#primaryimage","url":"https:\/\/metaltale.com\/wp-content\/uploads\/2023\/09\/Metalinx117-plokx161tx117-Ax160-MYLIU-VISKx12E.jpg","contentUrl":"https:\/\/metaltale.com\/wp-content\/uploads\/2023\/09\/Metalinx117-plokx161tx117-Ax160-MYLIU-VISKx12E.jpg","width":800,"height":800},{"@type":"BreadcrumbList","@id":"https:\/\/metaltale.com\/et\/toode\/metallplaat-i-love-everything\/#breadcrumb","itemListElement":[{"@type":"ListItem","position":1,"name":"Home","item":"https:\/\/metaltale.com\/et\/kodu\/"},{"@type":"ListItem","position":2,"name":"Kauplus","item":"https:\/\/metaltale.com\/et\/shop\/"},{"@type":"ListItem","position":3,"name":"Metallplaat I LOVE EVERYTHING"}]},{"@type":"WebSite","@id":"https:\/\/metaltale.com\/et\/#website","url":"https:\/\/metaltale.com\/et\/","name":"Metaltale.com","description":"","potentialAction":[{"@type":"SearchAction","target":{"@type":"EntryPoint","urlTemplate":"https:\/\/metaltale.com\/et\/?s={search_term_string}"},"query-input":{"@type":"PropertyValueSpecification","valueRequired":true,"valueName":"search_term_string"}}],"inLanguage":"et"}]}},"_links":{"self":[{"href":"https:\/\/metaltale.com\/et\/wp-json\/wp\/v2\/product\/135956","targetHints":{"allow":["GET"]}}],"collection":[{"href":"https:\/\/metaltale.com\/et\/wp-json\/wp\/v2\/product"}],"about":[{"href":"https:\/\/metaltale.com\/et\/wp-json\/wp\/v2\/types\/product"}],"replies":[{"embeddable":true,"href":"https:\/\/metaltale.com\/et\/wp-json\/wp\/v2\/comments?post=135956"}],"version-history":[{"count":0,"href":"https:\/\/metaltale.com\/et\/wp-json\/wp\/v2\/product\/135956\/revisions"}],"wp:featuredmedia":[{"embeddable":true,"href":"https:\/\/metaltale.com\/et\/wp-json\/wp\/v2\/media\/68442"}],"wp:attachment":[{"href":"https:\/\/metaltale.com\/et\/wp-json\/wp\/v2\/media?parent=135956"}],"wp:term":[{"taxonomy":"product_brand","embeddable":true,"href":"https:\/\/metaltale.com\/et\/wp-json\/wp\/v2\/product_brand?post=135956"},{"taxonomy":"product_cat","embeddable":true,"href":"https:\/\/metaltale.com\/et\/wp-json\/wp\/v2\/product_cat?post=135956"},{"taxonomy":"product_tag","embeddable":true,"href":"https:\/\/metaltale.com\/et\/wp-json\/wp\/v2\/product_tag?post=135956"}],"curies":[{"name":"wp","href":"https:\/\/api.w.org\/{rel}","templated":true}]}}