{"id":135933,"date":"2024-02-13T13:45:05","date_gmt":"2024-02-13T11:45:05","guid":{"rendered":"https:\/\/metaltale.com\/produktas\/metallist-suunaplaat-motel-red\/"},"modified":"2024-02-13T13:45:05","modified_gmt":"2024-02-13T11:45:05","slug":"metallist-suunaplaat-motel-red","status":"publish","type":"product","link":"https:\/\/metaltale.com\/et\/toode\/metallist-suunaplaat-motel-red\/","title":{"rendered":"Metallist suunaplaat MOTEL RED"},"content":{"rendered":"<div class=\"prod_data\"><strong>Model<\/strong> To. JT41  <br \/><strong>EAN.<\/strong>  5905369910838  <br \/><strong>Laius (cm)<\/strong> 45  <br \/><strong>K\u00f5rgus (cm)<\/strong> 16  <br \/><strong>Materjal<\/strong> teras  <br \/><strong>Kujundid<\/strong> Noolega  <br \/><strong>Orienteerimine<\/strong> Horisontaalne  <br \/><strong>Motiivne<\/strong> teave  <\/p>\n<p>Metallist noolekujuline plaat. Toode on kaetud kulumiskindla v\u00e4rvikihiga, mis on lisaks kaitstud kriimustuskindla lakiga. Teine eelis on graafika ja kirjade reljeefne kujundus tahvlil, samas kui v\u00e4rvitud kriimustused s\u00e4ilitavad retroatmosf\u00e4\u00e4ri ja p\u00fc\u00fcavad pilku. Tooriku kinnitamine on v\u00f5imalik t\u00e4nu neljale s\u00fcmmeetriliselt paigutatud augule.<\/p>\n<p>Noolega paremale osutav Motel.<\/p>\n<p>Retropaneel ei kasutata mitte ainult baarides, vaid see sobib ideaalselt ka vintage-sisekujundusse. Toode on huvitav teema ka motellides ja nendega seotud ruumides.  <br \/>Metallist n\u00e4pun\u00e4idik on samuti originaalne kingiidee.<\/p>\n<\/div>\n","protected":false},"excerpt":{"rendered":"<p>Model To. JT41 EAN. 5905369910838 Laius (cm) 45 K\u00f5rgus (cm) 16 Materjal teras Kujundid Noolega Orienteerimine Horisontaalne Motiivne teave Metallist<\/p>\n","protected":false},"featured_media":68406,"comment_status":"open","ping_status":"closed","template":"","meta":{"_acf_changed":false,"pmpro_default_level":""},"product_brand":[],"product_cat":[23895],"product_tag":[],"class_list":{"0":"post-135933","1":"product","2":"type-product","3":"status-publish","4":"has-post-thumbnail","6":"product_cat-kaunistused","7":"pmpro-has-access","9":"first","10":"instock","11":"shipping-taxable","12":"purchasable","13":"product-type-simple"},"acf":[],"yoast_head":"<!-- This site is optimized with the Yoast SEO plugin v24.9 - https:\/\/yoast.com\/wordpress\/plugins\/seo\/ -->\n<title>Metallist suunaplaat MOTEL RED - MetalTale.com<\/title>\n<meta name=\"robots\" content=\"index, follow, max-snippet:-1, max-image-preview:large, max-video-preview:-1\" \/>\n<link rel=\"canonical\" href=\"https:\/\/metaltale.com\/et\/toode\/metallist-suunaplaat-motel-red\/\" \/>\n<meta property=\"og:locale\" content=\"et_EE\" \/>\n<meta property=\"og:type\" content=\"article\" \/>\n<meta property=\"og:title\" content=\"Metallist suunaplaat MOTEL RED - MetalTale.com\" \/>\n<meta property=\"og:description\" content=\"Model To. JT41 EAN. 5905369910838 Laius (cm) 45 K\u00f5rgus (cm) 16 Materjal teras Kujundid Noolega Orienteerimine Horisontaalne Motiivne teave Metallist\" \/>\n<meta property=\"og:url\" content=\"https:\/\/metaltale.com\/et\/toode\/metallist-suunaplaat-motel-red\/\" \/>\n<meta property=\"og:site_name\" content=\"MetalTale.com\" \/>\n<meta name=\"twitter:card\" content=\"summary_large_image\" \/>\n<meta name=\"twitter:label1\" content=\"Est. reading time\" \/>\n\t<meta name=\"twitter:data1\" content=\"1 minut\" \/>\n<script type=\"application\/ld+json\" class=\"yoast-schema-graph\">{\"@context\":\"https:\/\/schema.org\",\"@graph\":[{\"@type\":\"WebPage\",\"@id\":\"https:\/\/metaltale.com\/et\/toode\/metallist-suunaplaat-motel-red\/\",\"url\":\"https:\/\/metaltale.com\/et\/toode\/metallist-suunaplaat-motel-red\/\",\"name\":\"Metallist suunaplaat MOTEL RED - MetalTale.com\",\"isPartOf\":{\"@id\":\"https:\/\/metaltale.com\/et\/#website\"},\"primaryImageOfPage\":{\"@id\":\"https:\/\/metaltale.com\/et\/toode\/metallist-suunaplaat-motel-red\/#primaryimage\"},\"image\":{\"@id\":\"https:\/\/metaltale.com\/et\/toode\/metallist-suunaplaat-motel-red\/#primaryimage\"},\"thumbnailUrl\":\"https:\/\/metaltale.com\/wp-content\/uploads\/2023\/09\/Metalinx117-krypties-plokx161tx117-MOTEL-RED.jpg\",\"datePublished\":\"2024-02-13T11:45:05+00:00\",\"breadcrumb\":{\"@id\":\"https:\/\/metaltale.com\/et\/toode\/metallist-suunaplaat-motel-red\/#breadcrumb\"},\"inLanguage\":\"et\",\"potentialAction\":[{\"@type\":\"ReadAction\",\"target\":[\"https:\/\/metaltale.com\/et\/toode\/metallist-suunaplaat-motel-red\/\"]}]},{\"@type\":\"ImageObject\",\"inLanguage\":\"et\",\"@id\":\"https:\/\/metaltale.com\/et\/toode\/metallist-suunaplaat-motel-red\/#primaryimage\",\"url\":\"https:\/\/metaltale.com\/wp-content\/uploads\/2023\/09\/Metalinx117-krypties-plokx161tx117-MOTEL-RED.jpg\",\"contentUrl\":\"https:\/\/metaltale.com\/wp-content\/uploads\/2023\/09\/Metalinx117-krypties-plokx161tx117-MOTEL-RED.jpg\",\"width\":800,\"height\":800},{\"@type\":\"BreadcrumbList\",\"@id\":\"https:\/\/metaltale.com\/et\/toode\/metallist-suunaplaat-motel-red\/#breadcrumb\",\"itemListElement\":[{\"@type\":\"ListItem\",\"position\":1,\"name\":\"Home\",\"item\":\"https:\/\/metaltale.com\/et\/kodu\/\"},{\"@type\":\"ListItem\",\"position\":2,\"name\":\"Kauplus\",\"item\":\"https:\/\/metaltale.com\/et\/shop\/\"},{\"@type\":\"ListItem\",\"position\":3,\"name\":\"Metallist suunaplaat MOTEL RED\"}]},{\"@type\":\"WebSite\",\"@id\":\"https:\/\/metaltale.com\/et\/#website\",\"url\":\"https:\/\/metaltale.com\/et\/\",\"name\":\"Metaltale.com\",\"description\":\"\",\"potentialAction\":[{\"@type\":\"SearchAction\",\"target\":{\"@type\":\"EntryPoint\",\"urlTemplate\":\"https:\/\/metaltale.com\/et\/?s={search_term_string}\"},\"query-input\":{\"@type\":\"PropertyValueSpecification\",\"valueRequired\":true,\"valueName\":\"search_term_string\"}}],\"inLanguage\":\"et\"}]}<\/script>\n<!-- \/ Yoast SEO plugin. -->","yoast_head_json":{"title":"Metallist suunaplaat MOTEL RED - MetalTale.com","robots":{"index":"index","follow":"follow","max-snippet":"max-snippet:-1","max-image-preview":"max-image-preview:large","max-video-preview":"max-video-preview:-1"},"canonical":"https:\/\/metaltale.com\/et\/toode\/metallist-suunaplaat-motel-red\/","og_locale":"et_EE","og_type":"article","og_title":"Metallist suunaplaat MOTEL RED - MetalTale.com","og_description":"Model To. JT41 EAN. 5905369910838 Laius (cm) 45 K\u00f5rgus (cm) 16 Materjal teras Kujundid Noolega Orienteerimine Horisontaalne Motiivne teave Metallist","og_url":"https:\/\/metaltale.com\/et\/toode\/metallist-suunaplaat-motel-red\/","og_site_name":"MetalTale.com","twitter_card":"summary_large_image","twitter_misc":{"Est. reading time":"1 minut"},"schema":{"@context":"https:\/\/schema.org","@graph":[{"@type":"WebPage","@id":"https:\/\/metaltale.com\/et\/toode\/metallist-suunaplaat-motel-red\/","url":"https:\/\/metaltale.com\/et\/toode\/metallist-suunaplaat-motel-red\/","name":"Metallist suunaplaat MOTEL RED - MetalTale.com","isPartOf":{"@id":"https:\/\/metaltale.com\/et\/#website"},"primaryImageOfPage":{"@id":"https:\/\/metaltale.com\/et\/toode\/metallist-suunaplaat-motel-red\/#primaryimage"},"image":{"@id":"https:\/\/metaltale.com\/et\/toode\/metallist-suunaplaat-motel-red\/#primaryimage"},"thumbnailUrl":"https:\/\/metaltale.com\/wp-content\/uploads\/2023\/09\/Metalinx117-krypties-plokx161tx117-MOTEL-RED.jpg","datePublished":"2024-02-13T11:45:05+00:00","breadcrumb":{"@id":"https:\/\/metaltale.com\/et\/toode\/metallist-suunaplaat-motel-red\/#breadcrumb"},"inLanguage":"et","potentialAction":[{"@type":"ReadAction","target":["https:\/\/metaltale.com\/et\/toode\/metallist-suunaplaat-motel-red\/"]}]},{"@type":"ImageObject","inLanguage":"et","@id":"https:\/\/metaltale.com\/et\/toode\/metallist-suunaplaat-motel-red\/#primaryimage","url":"https:\/\/metaltale.com\/wp-content\/uploads\/2023\/09\/Metalinx117-krypties-plokx161tx117-MOTEL-RED.jpg","contentUrl":"https:\/\/metaltale.com\/wp-content\/uploads\/2023\/09\/Metalinx117-krypties-plokx161tx117-MOTEL-RED.jpg","width":800,"height":800},{"@type":"BreadcrumbList","@id":"https:\/\/metaltale.com\/et\/toode\/metallist-suunaplaat-motel-red\/#breadcrumb","itemListElement":[{"@type":"ListItem","position":1,"name":"Home","item":"https:\/\/metaltale.com\/et\/kodu\/"},{"@type":"ListItem","position":2,"name":"Kauplus","item":"https:\/\/metaltale.com\/et\/shop\/"},{"@type":"ListItem","position":3,"name":"Metallist suunaplaat MOTEL RED"}]},{"@type":"WebSite","@id":"https:\/\/metaltale.com\/et\/#website","url":"https:\/\/metaltale.com\/et\/","name":"Metaltale.com","description":"","potentialAction":[{"@type":"SearchAction","target":{"@type":"EntryPoint","urlTemplate":"https:\/\/metaltale.com\/et\/?s={search_term_string}"},"query-input":{"@type":"PropertyValueSpecification","valueRequired":true,"valueName":"search_term_string"}}],"inLanguage":"et"}]}},"_links":{"self":[{"href":"https:\/\/metaltale.com\/et\/wp-json\/wp\/v2\/product\/135933","targetHints":{"allow":["GET"]}}],"collection":[{"href":"https:\/\/metaltale.com\/et\/wp-json\/wp\/v2\/product"}],"about":[{"href":"https:\/\/metaltale.com\/et\/wp-json\/wp\/v2\/types\/product"}],"replies":[{"embeddable":true,"href":"https:\/\/metaltale.com\/et\/wp-json\/wp\/v2\/comments?post=135933"}],"version-history":[{"count":0,"href":"https:\/\/metaltale.com\/et\/wp-json\/wp\/v2\/product\/135933\/revisions"}],"wp:featuredmedia":[{"embeddable":true,"href":"https:\/\/metaltale.com\/et\/wp-json\/wp\/v2\/media\/68406"}],"wp:attachment":[{"href":"https:\/\/metaltale.com\/et\/wp-json\/wp\/v2\/media?parent=135933"}],"wp:term":[{"taxonomy":"product_brand","embeddable":true,"href":"https:\/\/metaltale.com\/et\/wp-json\/wp\/v2\/product_brand?post=135933"},{"taxonomy":"product_cat","embeddable":true,"href":"https:\/\/metaltale.com\/et\/wp-json\/wp\/v2\/product_cat?post=135933"},{"taxonomy":"product_tag","embeddable":true,"href":"https:\/\/metaltale.com\/et\/wp-json\/wp\/v2\/product_tag?post=135933"}],"curies":[{"name":"wp","href":"https:\/\/api.w.org\/{rel}","templated":true}]}}