{"id":135925,"date":"2024-02-13T13:23:04","date_gmt":"2024-02-13T11:23:04","guid":{"rendered":"https:\/\/metaltale.com\/produktas\/metallist-konsooljalg-kwadro-loft-71-cm-must\/"},"modified":"2024-02-13T13:23:04","modified_gmt":"2024-02-13T11:23:04","slug":"metallist-konsooljalg-kwadro-loft-71-cm-must","status":"publish","type":"product","link":"https:\/\/metaltale.com\/et\/toode\/metallist-konsooljalg-kwadro-loft-71-cm-must\/","title":{"rendered":"Metallist konsooljalg KWADRO LOFT 71 cm, must"},"content":{"rendered":"<div class=\"prod_data\">\n<p><strong>Mudel<\/strong> ZA. CAP. NDSKA<br \/>\n<strong>Materjal<\/strong> teras<br \/>\n<strong>Materjali paksus (cm<\/strong> ) PROFIIL 2 x 8<br \/>\n\u00dcldine k\u00f5rgus (cm) 71<br \/>\n<strong>\u00dcldine laius (cm)<\/strong> 40<br \/>\nPaigalduskruvid Ei<br \/>\n<strong>V\u00e4rv<\/strong> Must<br \/>\nKogus komplekti kohta 1 tk.<\/p>\n<p>&#8211; Konsooli terasjalg on saadaval kahes v\u00e4rvitoonis<br \/>\n&#8211; stabiilne ristk\u00fclikukujuline struktuur on tugevuse ja vastupidavuse garantii.<br \/>\n&#8211; must pulberv\u00e4rvitud jalg pakub suurt kriimustuskindlust<br \/>\n&#8211; toodete v\u00e4rvus v\u00f5ib erineda fotogaleriis n\u00e4idatud v\u00e4rvusest, mis on tingitud individuaalsetest monitoriseadetest ja materjalide iseloomust &#8211; teras on toormaterjal, mille v\u00e4rvus, toon ja tekstuur v\u00f5ivad eksemplariti v\u00f5i partiiti erineda.<br \/>\n&#8211; Pakutavad kruvid on m\u00f5eldud t\u00f6\u00f6pindade jaoks, mille paksus on min. 37 mm<\/p>\n<hr>\n<p>Kui olete teinud iseehitatud konsooli, siis on see ainult Kwadro Loft&#8217;i jalgadel. \u00dchest k\u00fcljest lihtne ja intuitiivne paigaldus, teisest k\u00fcljest julge, loft-taoline efekt saali v\u00f5i koridori <span class=\"hiddenSpellError\">laua n\u00e4<\/span> ol. Laua aluse mudel on kombinatsioon v\u00e4ga lihtsast disainist ja t\u00f6\u00f6stuslikust naelast. T\u00f6\u00f6tlemata terasest versioonil on vaatamata pulberv\u00e4rvile n\u00e4ha selgeid tahtlikke kriimustusi ja v\u00e4rvimuutusi, mis on iseloomulikud t\u00f6\u00f6tlemata terasele.  Kwadro Loft <span class=\"hiddenGrammarError\"> mustas<\/span> v\u00e4rvitoonis on rahulikum ja elegantsem jalg nii moodsasse kui ka t\u00f6\u00f6stuslikusse interj\u00f6\u00f6ri. \u00dcksk\u00f5ik, millise v\u00e4rvi te ka ei valiks, saab konsool, mis on paigutatud pakutud jalgadega salvele, saavutada uimastava ja neetiva <span class=\"hiddenSpellError\">loftm\u00f6\u00f6bli<\/span> efekti. Terasjalad v\u00f5ivad veidi erineda galeriivaatest, s\u00e4ilitades samas oma unikaalse iseloomu (n\u00e4htavad esemed ja kulumisj\u00e4ljed).<\/p>\n<\/div>\n","protected":false},"excerpt":{"rendered":"<p>Mudel ZA. CAP. NDSKA Materjal teras Materjali paksus (cm ) PROFIIL 2 x 8 \u00dcldine k\u00f5rgus (cm) 71 \u00dcldine laius<\/p>\n","protected":false},"featured_media":119246,"comment_status":"open","ping_status":"closed","template":"","meta":{"_acf_changed":false,"pmpro_default_level":""},"product_brand":[],"product_cat":[24171,24137],"product_tag":[],"class_list":{"0":"post-135925","1":"product","2":"type-product","3":"status-publish","4":"has-post-thumbnail","6":"product_cat-kohvilaua-jalad","7":"product_cat-moobli-jalad","8":"pmpro-has-access","10":"first","11":"instock","12":"shipping-taxable","13":"purchasable","14":"product-type-simple"},"acf":[],"yoast_head":"<!-- This site is optimized with the Yoast SEO plugin v24.9 - https:\/\/yoast.com\/wordpress\/plugins\/seo\/ -->\n<title>Metallist konsooljalg KWADRO LOFT 71 cm, must - MetalTale.com<\/title>\n<meta name=\"robots\" content=\"index, follow, max-snippet:-1, max-image-preview:large, max-video-preview:-1\" \/>\n<link rel=\"canonical\" href=\"https:\/\/metaltale.com\/et\/toode\/metallist-konsooljalg-kwadro-loft-71-cm-must\/\" \/>\n<meta property=\"og:locale\" content=\"et_EE\" \/>\n<meta property=\"og:type\" content=\"article\" \/>\n<meta property=\"og:title\" content=\"Metallist konsooljalg KWADRO LOFT 71 cm, must - MetalTale.com\" \/>\n<meta property=\"og:description\" content=\"Mudel ZA. CAP. NDSKA Materjal teras Materjali paksus (cm ) PROFIIL 2 x 8 \u00dcldine k\u00f5rgus (cm) 71 \u00dcldine laius\" \/>\n<meta property=\"og:url\" content=\"https:\/\/metaltale.com\/et\/toode\/metallist-konsooljalg-kwadro-loft-71-cm-must\/\" \/>\n<meta property=\"og:site_name\" content=\"MetalTale.com\" \/>\n<meta name=\"twitter:card\" content=\"summary_large_image\" \/>\n<meta name=\"twitter:label1\" content=\"Est. reading time\" \/>\n\t<meta name=\"twitter:data1\" content=\"1 minut\" \/>\n<script type=\"application\/ld+json\" class=\"yoast-schema-graph\">{\"@context\":\"https:\/\/schema.org\",\"@graph\":[{\"@type\":\"WebPage\",\"@id\":\"https:\/\/metaltale.com\/et\/toode\/metallist-konsooljalg-kwadro-loft-71-cm-must\/\",\"url\":\"https:\/\/metaltale.com\/et\/toode\/metallist-konsooljalg-kwadro-loft-71-cm-must\/\",\"name\":\"Metallist konsooljalg KWADRO LOFT 71 cm, must - MetalTale.com\",\"isPartOf\":{\"@id\":\"https:\/\/metaltale.com\/et\/#website\"},\"primaryImageOfPage\":{\"@id\":\"https:\/\/metaltale.com\/et\/toode\/metallist-konsooljalg-kwadro-loft-71-cm-must\/#primaryimage\"},\"image\":{\"@id\":\"https:\/\/metaltale.com\/et\/toode\/metallist-konsooljalg-kwadro-loft-71-cm-must\/#primaryimage\"},\"thumbnailUrl\":\"https:\/\/metaltale.com\/wp-content\/uploads\/2023\/12\/Konsoles-metaline-koja.jpg\",\"datePublished\":\"2024-02-13T11:23:04+00:00\",\"breadcrumb\":{\"@id\":\"https:\/\/metaltale.com\/et\/toode\/metallist-konsooljalg-kwadro-loft-71-cm-must\/#breadcrumb\"},\"inLanguage\":\"et\",\"potentialAction\":[{\"@type\":\"ReadAction\",\"target\":[\"https:\/\/metaltale.com\/et\/toode\/metallist-konsooljalg-kwadro-loft-71-cm-must\/\"]}]},{\"@type\":\"ImageObject\",\"inLanguage\":\"et\",\"@id\":\"https:\/\/metaltale.com\/et\/toode\/metallist-konsooljalg-kwadro-loft-71-cm-must\/#primaryimage\",\"url\":\"https:\/\/metaltale.com\/wp-content\/uploads\/2023\/12\/Konsoles-metaline-koja.jpg\",\"contentUrl\":\"https:\/\/metaltale.com\/wp-content\/uploads\/2023\/12\/Konsoles-metaline-koja.jpg\",\"width\":800,\"height\":800,\"caption\":\"metallist lauajalg\"},{\"@type\":\"BreadcrumbList\",\"@id\":\"https:\/\/metaltale.com\/et\/toode\/metallist-konsooljalg-kwadro-loft-71-cm-must\/#breadcrumb\",\"itemListElement\":[{\"@type\":\"ListItem\",\"position\":1,\"name\":\"Home\",\"item\":\"https:\/\/metaltale.com\/et\/kodu\/\"},{\"@type\":\"ListItem\",\"position\":2,\"name\":\"Kauplus\",\"item\":\"https:\/\/metaltale.com\/et\/shop\/\"},{\"@type\":\"ListItem\",\"position\":3,\"name\":\"Metallist konsooljalg KWADRO LOFT 71 cm, must\"}]},{\"@type\":\"WebSite\",\"@id\":\"https:\/\/metaltale.com\/et\/#website\",\"url\":\"https:\/\/metaltale.com\/et\/\",\"name\":\"Metaltale.com\",\"description\":\"\",\"potentialAction\":[{\"@type\":\"SearchAction\",\"target\":{\"@type\":\"EntryPoint\",\"urlTemplate\":\"https:\/\/metaltale.com\/et\/?s={search_term_string}\"},\"query-input\":{\"@type\":\"PropertyValueSpecification\",\"valueRequired\":true,\"valueName\":\"search_term_string\"}}],\"inLanguage\":\"et\"}]}<\/script>\n<!-- \/ Yoast SEO plugin. -->","yoast_head_json":{"title":"Metallist konsooljalg KWADRO LOFT 71 cm, must - MetalTale.com","robots":{"index":"index","follow":"follow","max-snippet":"max-snippet:-1","max-image-preview":"max-image-preview:large","max-video-preview":"max-video-preview:-1"},"canonical":"https:\/\/metaltale.com\/et\/toode\/metallist-konsooljalg-kwadro-loft-71-cm-must\/","og_locale":"et_EE","og_type":"article","og_title":"Metallist konsooljalg KWADRO LOFT 71 cm, must - MetalTale.com","og_description":"Mudel ZA. CAP. NDSKA Materjal teras Materjali paksus (cm ) PROFIIL 2 x 8 \u00dcldine k\u00f5rgus (cm) 71 \u00dcldine laius","og_url":"https:\/\/metaltale.com\/et\/toode\/metallist-konsooljalg-kwadro-loft-71-cm-must\/","og_site_name":"MetalTale.com","twitter_card":"summary_large_image","twitter_misc":{"Est. reading time":"1 minut"},"schema":{"@context":"https:\/\/schema.org","@graph":[{"@type":"WebPage","@id":"https:\/\/metaltale.com\/et\/toode\/metallist-konsooljalg-kwadro-loft-71-cm-must\/","url":"https:\/\/metaltale.com\/et\/toode\/metallist-konsooljalg-kwadro-loft-71-cm-must\/","name":"Metallist konsooljalg KWADRO LOFT 71 cm, must - MetalTale.com","isPartOf":{"@id":"https:\/\/metaltale.com\/et\/#website"},"primaryImageOfPage":{"@id":"https:\/\/metaltale.com\/et\/toode\/metallist-konsooljalg-kwadro-loft-71-cm-must\/#primaryimage"},"image":{"@id":"https:\/\/metaltale.com\/et\/toode\/metallist-konsooljalg-kwadro-loft-71-cm-must\/#primaryimage"},"thumbnailUrl":"https:\/\/metaltale.com\/wp-content\/uploads\/2023\/12\/Konsoles-metaline-koja.jpg","datePublished":"2024-02-13T11:23:04+00:00","breadcrumb":{"@id":"https:\/\/metaltale.com\/et\/toode\/metallist-konsooljalg-kwadro-loft-71-cm-must\/#breadcrumb"},"inLanguage":"et","potentialAction":[{"@type":"ReadAction","target":["https:\/\/metaltale.com\/et\/toode\/metallist-konsooljalg-kwadro-loft-71-cm-must\/"]}]},{"@type":"ImageObject","inLanguage":"et","@id":"https:\/\/metaltale.com\/et\/toode\/metallist-konsooljalg-kwadro-loft-71-cm-must\/#primaryimage","url":"https:\/\/metaltale.com\/wp-content\/uploads\/2023\/12\/Konsoles-metaline-koja.jpg","contentUrl":"https:\/\/metaltale.com\/wp-content\/uploads\/2023\/12\/Konsoles-metaline-koja.jpg","width":800,"height":800,"caption":"metallist lauajalg"},{"@type":"BreadcrumbList","@id":"https:\/\/metaltale.com\/et\/toode\/metallist-konsooljalg-kwadro-loft-71-cm-must\/#breadcrumb","itemListElement":[{"@type":"ListItem","position":1,"name":"Home","item":"https:\/\/metaltale.com\/et\/kodu\/"},{"@type":"ListItem","position":2,"name":"Kauplus","item":"https:\/\/metaltale.com\/et\/shop\/"},{"@type":"ListItem","position":3,"name":"Metallist konsooljalg KWADRO LOFT 71 cm, must"}]},{"@type":"WebSite","@id":"https:\/\/metaltale.com\/et\/#website","url":"https:\/\/metaltale.com\/et\/","name":"Metaltale.com","description":"","potentialAction":[{"@type":"SearchAction","target":{"@type":"EntryPoint","urlTemplate":"https:\/\/metaltale.com\/et\/?s={search_term_string}"},"query-input":{"@type":"PropertyValueSpecification","valueRequired":true,"valueName":"search_term_string"}}],"inLanguage":"et"}]}},"_links":{"self":[{"href":"https:\/\/metaltale.com\/et\/wp-json\/wp\/v2\/product\/135925","targetHints":{"allow":["GET"]}}],"collection":[{"href":"https:\/\/metaltale.com\/et\/wp-json\/wp\/v2\/product"}],"about":[{"href":"https:\/\/metaltale.com\/et\/wp-json\/wp\/v2\/types\/product"}],"replies":[{"embeddable":true,"href":"https:\/\/metaltale.com\/et\/wp-json\/wp\/v2\/comments?post=135925"}],"version-history":[{"count":0,"href":"https:\/\/metaltale.com\/et\/wp-json\/wp\/v2\/product\/135925\/revisions"}],"wp:featuredmedia":[{"embeddable":true,"href":"https:\/\/metaltale.com\/et\/wp-json\/wp\/v2\/media\/119246"}],"wp:attachment":[{"href":"https:\/\/metaltale.com\/et\/wp-json\/wp\/v2\/media?parent=135925"}],"wp:term":[{"taxonomy":"product_brand","embeddable":true,"href":"https:\/\/metaltale.com\/et\/wp-json\/wp\/v2\/product_brand?post=135925"},{"taxonomy":"product_cat","embeddable":true,"href":"https:\/\/metaltale.com\/et\/wp-json\/wp\/v2\/product_cat?post=135925"},{"taxonomy":"product_tag","embeddable":true,"href":"https:\/\/metaltale.com\/et\/wp-json\/wp\/v2\/product_tag?post=135925"}],"curies":[{"name":"wp","href":"https:\/\/api.w.org\/{rel}","templated":true}]}}