{"id":135871,"date":"2024-02-13T15:09:42","date_gmt":"2024-02-13T13:09:42","guid":{"rendered":"https:\/\/metaltale.com\/produktas\/metallist-dekoratiivpaneel-one-love\/"},"modified":"2024-02-13T15:09:42","modified_gmt":"2024-02-13T13:09:42","slug":"metallist-dekoratiivpaneel-one-love","status":"publish","type":"product","link":"https:\/\/metaltale.com\/et\/toode\/metallist-dekoratiivpaneel-one-love\/","title":{"rendered":"Metallist dekoratiivpaneel ONE LOVE"},"content":{"rendered":"<div class=\"prod_data\"><strong>Model<\/strong> To. C200  <br \/><strong>EAN.<\/strong>  5905369930942  <br \/><strong>Orienteerimine<\/strong> Horisontaalne  <br \/><strong>Tuba<\/strong> Baar, kohvik, restoran  <br \/><strong>Motiiv<\/strong> Muu  <br \/><strong>Materjal<\/strong> teras  <br \/><strong>Laius (cm)<\/strong> 30  <br \/><strong>K\u00f5rgus (cm)<\/strong> 15  <br \/><strong>Kujundid Ristk\u00fclikukujuline<\/strong>  <\/p>\n<p>Ristk\u00fclikukujuline metallplaat. Toode on kaetud k\u00f5rge kulumiskindlusega v\u00e4rviga ja kaitstud kulumisvastase lakiga. Plaadi pinnal v\u00f5ib t\u00e4heldada n\u00e4htavaid rooste ja v\u00e4rvimuutuse j\u00e4lgi, mis on toote vananemise tahtlik m\u00f5ju. Tootel on peened augud, mis v\u00f5imaldavad klaasi riputada plaati. Iga eksemplar on \u00fcmbritsetud kaitsekilega.<\/p>\n<p>Tootel on kujutatud nool koos kirjaga ONE LOVE.<\/p>\n<p>Retro paneel ei toimi mitte ainult baarides, vaid ka stiilse lisana vintage-sisekujunduses. Metallist plakat on originaalne kingiidee.<\/p>\n<\/div>\n","protected":false},"excerpt":{"rendered":"<p>Model To. C200 EAN. 5905369930942 Orienteerimine Horisontaalne Tuba Baar, kohvik, restoran Motiiv Muu Materjal teras Laius (cm) 30 K\u00f5rgus (cm)<\/p>\n","protected":false},"featured_media":93080,"comment_status":"open","ping_status":"closed","template":"","meta":{"_acf_changed":false,"pmpro_default_level":""},"product_brand":[],"product_cat":[24165],"product_tag":[],"class_list":{"0":"post-135871","1":"product","2":"type-product","3":"status-publish","4":"has-post-thumbnail","6":"product_cat-metallist-dekoratiivsed-tahvlid","7":"pmpro-has-access","9":"first","10":"instock","11":"shipping-taxable","12":"purchasable","13":"product-type-simple"},"acf":[],"yoast_head":"<!-- This site is optimized with the Yoast SEO plugin v24.9 - https:\/\/yoast.com\/wordpress\/plugins\/seo\/ -->\n<title>Metallist dekoratiivpaneel ONE LOVE - MetalTale.com<\/title>\n<meta name=\"robots\" content=\"index, follow, max-snippet:-1, max-image-preview:large, max-video-preview:-1\" \/>\n<link rel=\"canonical\" href=\"https:\/\/metaltale.com\/et\/toode\/metallist-dekoratiivpaneel-one-love\/\" \/>\n<meta property=\"og:locale\" content=\"et_EE\" \/>\n<meta property=\"og:type\" content=\"article\" \/>\n<meta property=\"og:title\" content=\"Metallist dekoratiivpaneel ONE LOVE - MetalTale.com\" \/>\n<meta property=\"og:description\" content=\"Model To. C200 EAN. 5905369930942 Orienteerimine Horisontaalne Tuba Baar, kohvik, restoran Motiiv Muu Materjal teras Laius (cm) 30 K\u00f5rgus (cm)\" \/>\n<meta property=\"og:url\" content=\"https:\/\/metaltale.com\/et\/toode\/metallist-dekoratiivpaneel-one-love\/\" \/>\n<meta property=\"og:site_name\" content=\"MetalTale.com\" \/>\n<meta name=\"twitter:card\" content=\"summary_large_image\" \/>\n<script type=\"application\/ld+json\" class=\"yoast-schema-graph\">{\"@context\":\"https:\/\/schema.org\",\"@graph\":[{\"@type\":\"WebPage\",\"@id\":\"https:\/\/metaltale.com\/et\/toode\/metallist-dekoratiivpaneel-one-love\/\",\"url\":\"https:\/\/metaltale.com\/et\/toode\/metallist-dekoratiivpaneel-one-love\/\",\"name\":\"Metallist dekoratiivpaneel ONE LOVE - MetalTale.com\",\"isPartOf\":{\"@id\":\"https:\/\/metaltale.com\/et\/#website\"},\"primaryImageOfPage\":{\"@id\":\"https:\/\/metaltale.com\/et\/toode\/metallist-dekoratiivpaneel-one-love\/#primaryimage\"},\"image\":{\"@id\":\"https:\/\/metaltale.com\/et\/toode\/metallist-dekoratiivpaneel-one-love\/#primaryimage\"},\"thumbnailUrl\":\"https:\/\/metaltale.com\/wp-content\/uploads\/2023\/10\/Metalinx117-dekoratyvinx117-plokx161tx117-VIENA-MEILx116.jpg\",\"datePublished\":\"2024-02-13T13:09:42+00:00\",\"breadcrumb\":{\"@id\":\"https:\/\/metaltale.com\/et\/toode\/metallist-dekoratiivpaneel-one-love\/#breadcrumb\"},\"inLanguage\":\"et\",\"potentialAction\":[{\"@type\":\"ReadAction\",\"target\":[\"https:\/\/metaltale.com\/et\/toode\/metallist-dekoratiivpaneel-one-love\/\"]}]},{\"@type\":\"ImageObject\",\"inLanguage\":\"et\",\"@id\":\"https:\/\/metaltale.com\/et\/toode\/metallist-dekoratiivpaneel-one-love\/#primaryimage\",\"url\":\"https:\/\/metaltale.com\/wp-content\/uploads\/2023\/10\/Metalinx117-dekoratyvinx117-plokx161tx117-VIENA-MEILx116.jpg\",\"contentUrl\":\"https:\/\/metaltale.com\/wp-content\/uploads\/2023\/10\/Metalinx117-dekoratyvinx117-plokx161tx117-VIENA-MEILx116.jpg\",\"width\":800,\"height\":800},{\"@type\":\"BreadcrumbList\",\"@id\":\"https:\/\/metaltale.com\/et\/toode\/metallist-dekoratiivpaneel-one-love\/#breadcrumb\",\"itemListElement\":[{\"@type\":\"ListItem\",\"position\":1,\"name\":\"Home\",\"item\":\"https:\/\/metaltale.com\/et\/kodu\/\"},{\"@type\":\"ListItem\",\"position\":2,\"name\":\"Kauplus\",\"item\":\"https:\/\/metaltale.com\/et\/shop\/\"},{\"@type\":\"ListItem\",\"position\":3,\"name\":\"Metallist dekoratiivpaneel ONE LOVE\"}]},{\"@type\":\"WebSite\",\"@id\":\"https:\/\/metaltale.com\/et\/#website\",\"url\":\"https:\/\/metaltale.com\/et\/\",\"name\":\"Metaltale.com\",\"description\":\"\",\"potentialAction\":[{\"@type\":\"SearchAction\",\"target\":{\"@type\":\"EntryPoint\",\"urlTemplate\":\"https:\/\/metaltale.com\/et\/?s={search_term_string}\"},\"query-input\":{\"@type\":\"PropertyValueSpecification\",\"valueRequired\":true,\"valueName\":\"search_term_string\"}}],\"inLanguage\":\"et\"}]}<\/script>\n<!-- \/ Yoast SEO plugin. -->","yoast_head_json":{"title":"Metallist dekoratiivpaneel ONE LOVE - MetalTale.com","robots":{"index":"index","follow":"follow","max-snippet":"max-snippet:-1","max-image-preview":"max-image-preview:large","max-video-preview":"max-video-preview:-1"},"canonical":"https:\/\/metaltale.com\/et\/toode\/metallist-dekoratiivpaneel-one-love\/","og_locale":"et_EE","og_type":"article","og_title":"Metallist dekoratiivpaneel ONE LOVE - MetalTale.com","og_description":"Model To. C200 EAN. 5905369930942 Orienteerimine Horisontaalne Tuba Baar, kohvik, restoran Motiiv Muu Materjal teras Laius (cm) 30 K\u00f5rgus (cm)","og_url":"https:\/\/metaltale.com\/et\/toode\/metallist-dekoratiivpaneel-one-love\/","og_site_name":"MetalTale.com","twitter_card":"summary_large_image","schema":{"@context":"https:\/\/schema.org","@graph":[{"@type":"WebPage","@id":"https:\/\/metaltale.com\/et\/toode\/metallist-dekoratiivpaneel-one-love\/","url":"https:\/\/metaltale.com\/et\/toode\/metallist-dekoratiivpaneel-one-love\/","name":"Metallist dekoratiivpaneel ONE LOVE - MetalTale.com","isPartOf":{"@id":"https:\/\/metaltale.com\/et\/#website"},"primaryImageOfPage":{"@id":"https:\/\/metaltale.com\/et\/toode\/metallist-dekoratiivpaneel-one-love\/#primaryimage"},"image":{"@id":"https:\/\/metaltale.com\/et\/toode\/metallist-dekoratiivpaneel-one-love\/#primaryimage"},"thumbnailUrl":"https:\/\/metaltale.com\/wp-content\/uploads\/2023\/10\/Metalinx117-dekoratyvinx117-plokx161tx117-VIENA-MEILx116.jpg","datePublished":"2024-02-13T13:09:42+00:00","breadcrumb":{"@id":"https:\/\/metaltale.com\/et\/toode\/metallist-dekoratiivpaneel-one-love\/#breadcrumb"},"inLanguage":"et","potentialAction":[{"@type":"ReadAction","target":["https:\/\/metaltale.com\/et\/toode\/metallist-dekoratiivpaneel-one-love\/"]}]},{"@type":"ImageObject","inLanguage":"et","@id":"https:\/\/metaltale.com\/et\/toode\/metallist-dekoratiivpaneel-one-love\/#primaryimage","url":"https:\/\/metaltale.com\/wp-content\/uploads\/2023\/10\/Metalinx117-dekoratyvinx117-plokx161tx117-VIENA-MEILx116.jpg","contentUrl":"https:\/\/metaltale.com\/wp-content\/uploads\/2023\/10\/Metalinx117-dekoratyvinx117-plokx161tx117-VIENA-MEILx116.jpg","width":800,"height":800},{"@type":"BreadcrumbList","@id":"https:\/\/metaltale.com\/et\/toode\/metallist-dekoratiivpaneel-one-love\/#breadcrumb","itemListElement":[{"@type":"ListItem","position":1,"name":"Home","item":"https:\/\/metaltale.com\/et\/kodu\/"},{"@type":"ListItem","position":2,"name":"Kauplus","item":"https:\/\/metaltale.com\/et\/shop\/"},{"@type":"ListItem","position":3,"name":"Metallist dekoratiivpaneel ONE LOVE"}]},{"@type":"WebSite","@id":"https:\/\/metaltale.com\/et\/#website","url":"https:\/\/metaltale.com\/et\/","name":"Metaltale.com","description":"","potentialAction":[{"@type":"SearchAction","target":{"@type":"EntryPoint","urlTemplate":"https:\/\/metaltale.com\/et\/?s={search_term_string}"},"query-input":{"@type":"PropertyValueSpecification","valueRequired":true,"valueName":"search_term_string"}}],"inLanguage":"et"}]}},"_links":{"self":[{"href":"https:\/\/metaltale.com\/et\/wp-json\/wp\/v2\/product\/135871","targetHints":{"allow":["GET"]}}],"collection":[{"href":"https:\/\/metaltale.com\/et\/wp-json\/wp\/v2\/product"}],"about":[{"href":"https:\/\/metaltale.com\/et\/wp-json\/wp\/v2\/types\/product"}],"replies":[{"embeddable":true,"href":"https:\/\/metaltale.com\/et\/wp-json\/wp\/v2\/comments?post=135871"}],"version-history":[{"count":0,"href":"https:\/\/metaltale.com\/et\/wp-json\/wp\/v2\/product\/135871\/revisions"}],"wp:featuredmedia":[{"embeddable":true,"href":"https:\/\/metaltale.com\/et\/wp-json\/wp\/v2\/media\/93080"}],"wp:attachment":[{"href":"https:\/\/metaltale.com\/et\/wp-json\/wp\/v2\/media?parent=135871"}],"wp:term":[{"taxonomy":"product_brand","embeddable":true,"href":"https:\/\/metaltale.com\/et\/wp-json\/wp\/v2\/product_brand?post=135871"},{"taxonomy":"product_cat","embeddable":true,"href":"https:\/\/metaltale.com\/et\/wp-json\/wp\/v2\/product_cat?post=135871"},{"taxonomy":"product_tag","embeddable":true,"href":"https:\/\/metaltale.com\/et\/wp-json\/wp\/v2\/product_tag?post=135871"}],"curies":[{"name":"wp","href":"https:\/\/api.w.org\/{rel}","templated":true}]}}