{"id":135834,"date":"2024-02-13T15:09:42","date_gmt":"2024-02-13T13:09:42","guid":{"rendered":"https:\/\/metaltale.com\/produktas\/metallist-dekoratiivne-tahvel-tualeto-mother\/"},"modified":"2024-02-13T15:09:42","modified_gmt":"2024-02-13T13:09:42","slug":"metallist-dekoratiivne-tahvel-tualeto-mother","status":"publish","type":"product","link":"https:\/\/metaltale.com\/et\/toode\/metallist-dekoratiivne-tahvel-tualeto-mother\/","title":{"rendered":"Metallist dekoratiivne tahvel TUALETO MOTHER"},"content":{"rendered":"<div class=\"prod_data\"><strong>Model<\/strong> To. C203  <br \/><strong>EAN.<\/strong>  5905369931086  <br \/><strong>Orienteerimine<\/strong> Horisontaalne  <br \/><strong>Tuba<\/strong> Baar, kohvik, restoran  <br \/><strong>Motiivne<\/strong> teave  <br \/><strong>Materjal<\/strong> teras  <br \/><strong>Laius (cm)<\/strong> 30  <br \/><strong>K\u00f5rgus (cm)<\/strong> 15  <br \/><strong>Kujundid Ristk\u00fclikukujuline<\/strong>  <\/p>\n<p>Ristk\u00fclikukujuline metallplaat. Kavandatav paneel on valmistatud k\u00f5rgeima kvaliteediga meetodil, kaetud k\u00f5rgeima kulumiskindla v\u00e4rviga ja kaitstud kriimustuskindla lakiga. Plaadil on n\u00e4htavad roostej\u00e4ljed, mis on plaadi vananemise tahtlik efekt. Pruunikas ja bee\u017eis toonides s\u00e4ilinud graafika r\u00f5hutab veelgi paneeli maal\u00e4hedast iseloomu. Tootel on peened augud, mis muudavad plaadi riputamise v\u00e4ga lihtsaks.<\/p>\n<p>Tootel on kiri TUALETO WOMEN.<\/p>\n<p>Metallpaneel on ideaalne valik vintage- ja retrobaaridesse, kohvikutesse v\u00f5i restoranidesse.<br \/>Metallist plakat on originaalne kingiidee.<\/p>\n<\/div>\n","protected":false},"excerpt":{"rendered":"<p>Model To. C203 EAN. 5905369931086 Orienteerimine Horisontaalne Tuba Baar, kohvik, restoran Motiivne teave Materjal teras Laius (cm) 30 K\u00f5rgus (cm)<\/p>\n","protected":false},"featured_media":93049,"comment_status":"open","ping_status":"closed","template":"","meta":{"_acf_changed":false,"pmpro_default_level":""},"product_brand":[],"product_cat":[24165],"product_tag":[],"class_list":{"0":"post-135834","1":"product","2":"type-product","3":"status-publish","4":"has-post-thumbnail","6":"product_cat-metallist-dekoratiivsed-tahvlid","7":"pmpro-has-access","9":"first","10":"instock","11":"shipping-taxable","12":"purchasable","13":"product-type-simple"},"acf":[],"yoast_head":"<!-- This site is optimized with the Yoast SEO plugin v24.9 - https:\/\/yoast.com\/wordpress\/plugins\/seo\/ -->\n<title>Metallist dekoratiivne tahvel TUALETO MOTHER - MetalTale.com<\/title>\n<meta name=\"robots\" content=\"index, follow, max-snippet:-1, max-image-preview:large, max-video-preview:-1\" \/>\n<link rel=\"canonical\" href=\"https:\/\/metaltale.com\/et\/toode\/metallist-dekoratiivne-tahvel-tualeto-mother\/\" \/>\n<meta property=\"og:locale\" content=\"et_EE\" \/>\n<meta property=\"og:type\" content=\"article\" \/>\n<meta property=\"og:title\" content=\"Metallist dekoratiivne tahvel TUALETO MOTHER - MetalTale.com\" \/>\n<meta property=\"og:description\" content=\"Model To. C203 EAN. 5905369931086 Orienteerimine Horisontaalne Tuba Baar, kohvik, restoran Motiivne teave Materjal teras Laius (cm) 30 K\u00f5rgus (cm)\" \/>\n<meta property=\"og:url\" content=\"https:\/\/metaltale.com\/et\/toode\/metallist-dekoratiivne-tahvel-tualeto-mother\/\" \/>\n<meta property=\"og:site_name\" content=\"MetalTale.com\" \/>\n<meta name=\"twitter:card\" content=\"summary_large_image\" \/>\n<meta name=\"twitter:label1\" content=\"Est. reading time\" \/>\n\t<meta name=\"twitter:data1\" content=\"1 minut\" \/>\n<script type=\"application\/ld+json\" class=\"yoast-schema-graph\">{\"@context\":\"https:\/\/schema.org\",\"@graph\":[{\"@type\":\"WebPage\",\"@id\":\"https:\/\/metaltale.com\/et\/toode\/metallist-dekoratiivne-tahvel-tualeto-mother\/\",\"url\":\"https:\/\/metaltale.com\/et\/toode\/metallist-dekoratiivne-tahvel-tualeto-mother\/\",\"name\":\"Metallist dekoratiivne tahvel TUALETO MOTHER - MetalTale.com\",\"isPartOf\":{\"@id\":\"https:\/\/metaltale.com\/et\/#website\"},\"primaryImageOfPage\":{\"@id\":\"https:\/\/metaltale.com\/et\/toode\/metallist-dekoratiivne-tahvel-tualeto-mother\/#primaryimage\"},\"image\":{\"@id\":\"https:\/\/metaltale.com\/et\/toode\/metallist-dekoratiivne-tahvel-tualeto-mother\/#primaryimage\"},\"thumbnailUrl\":\"https:\/\/metaltale.com\/wp-content\/uploads\/2023\/10\/Metalinx117-dekoratyvinx117-plokx161tx117-TUALETO-MOTERYS.jpg\",\"datePublished\":\"2024-02-13T13:09:42+00:00\",\"breadcrumb\":{\"@id\":\"https:\/\/metaltale.com\/et\/toode\/metallist-dekoratiivne-tahvel-tualeto-mother\/#breadcrumb\"},\"inLanguage\":\"et\",\"potentialAction\":[{\"@type\":\"ReadAction\",\"target\":[\"https:\/\/metaltale.com\/et\/toode\/metallist-dekoratiivne-tahvel-tualeto-mother\/\"]}]},{\"@type\":\"ImageObject\",\"inLanguage\":\"et\",\"@id\":\"https:\/\/metaltale.com\/et\/toode\/metallist-dekoratiivne-tahvel-tualeto-mother\/#primaryimage\",\"url\":\"https:\/\/metaltale.com\/wp-content\/uploads\/2023\/10\/Metalinx117-dekoratyvinx117-plokx161tx117-TUALETO-MOTERYS.jpg\",\"contentUrl\":\"https:\/\/metaltale.com\/wp-content\/uploads\/2023\/10\/Metalinx117-dekoratyvinx117-plokx161tx117-TUALETO-MOTERYS.jpg\",\"width\":800,\"height\":800},{\"@type\":\"BreadcrumbList\",\"@id\":\"https:\/\/metaltale.com\/et\/toode\/metallist-dekoratiivne-tahvel-tualeto-mother\/#breadcrumb\",\"itemListElement\":[{\"@type\":\"ListItem\",\"position\":1,\"name\":\"Home\",\"item\":\"https:\/\/metaltale.com\/et\/kodu\/\"},{\"@type\":\"ListItem\",\"position\":2,\"name\":\"Kauplus\",\"item\":\"https:\/\/metaltale.com\/et\/shop\/\"},{\"@type\":\"ListItem\",\"position\":3,\"name\":\"Metallist dekoratiivne tahvel TUALETO MOTHER\"}]},{\"@type\":\"WebSite\",\"@id\":\"https:\/\/metaltale.com\/et\/#website\",\"url\":\"https:\/\/metaltale.com\/et\/\",\"name\":\"Metaltale.com\",\"description\":\"\",\"potentialAction\":[{\"@type\":\"SearchAction\",\"target\":{\"@type\":\"EntryPoint\",\"urlTemplate\":\"https:\/\/metaltale.com\/et\/?s={search_term_string}\"},\"query-input\":{\"@type\":\"PropertyValueSpecification\",\"valueRequired\":true,\"valueName\":\"search_term_string\"}}],\"inLanguage\":\"et\"}]}<\/script>\n<!-- \/ Yoast SEO plugin. -->","yoast_head_json":{"title":"Metallist dekoratiivne tahvel TUALETO MOTHER - MetalTale.com","robots":{"index":"index","follow":"follow","max-snippet":"max-snippet:-1","max-image-preview":"max-image-preview:large","max-video-preview":"max-video-preview:-1"},"canonical":"https:\/\/metaltale.com\/et\/toode\/metallist-dekoratiivne-tahvel-tualeto-mother\/","og_locale":"et_EE","og_type":"article","og_title":"Metallist dekoratiivne tahvel TUALETO MOTHER - MetalTale.com","og_description":"Model To. C203 EAN. 5905369931086 Orienteerimine Horisontaalne Tuba Baar, kohvik, restoran Motiivne teave Materjal teras Laius (cm) 30 K\u00f5rgus (cm)","og_url":"https:\/\/metaltale.com\/et\/toode\/metallist-dekoratiivne-tahvel-tualeto-mother\/","og_site_name":"MetalTale.com","twitter_card":"summary_large_image","twitter_misc":{"Est. reading time":"1 minut"},"schema":{"@context":"https:\/\/schema.org","@graph":[{"@type":"WebPage","@id":"https:\/\/metaltale.com\/et\/toode\/metallist-dekoratiivne-tahvel-tualeto-mother\/","url":"https:\/\/metaltale.com\/et\/toode\/metallist-dekoratiivne-tahvel-tualeto-mother\/","name":"Metallist dekoratiivne tahvel TUALETO MOTHER - MetalTale.com","isPartOf":{"@id":"https:\/\/metaltale.com\/et\/#website"},"primaryImageOfPage":{"@id":"https:\/\/metaltale.com\/et\/toode\/metallist-dekoratiivne-tahvel-tualeto-mother\/#primaryimage"},"image":{"@id":"https:\/\/metaltale.com\/et\/toode\/metallist-dekoratiivne-tahvel-tualeto-mother\/#primaryimage"},"thumbnailUrl":"https:\/\/metaltale.com\/wp-content\/uploads\/2023\/10\/Metalinx117-dekoratyvinx117-plokx161tx117-TUALETO-MOTERYS.jpg","datePublished":"2024-02-13T13:09:42+00:00","breadcrumb":{"@id":"https:\/\/metaltale.com\/et\/toode\/metallist-dekoratiivne-tahvel-tualeto-mother\/#breadcrumb"},"inLanguage":"et","potentialAction":[{"@type":"ReadAction","target":["https:\/\/metaltale.com\/et\/toode\/metallist-dekoratiivne-tahvel-tualeto-mother\/"]}]},{"@type":"ImageObject","inLanguage":"et","@id":"https:\/\/metaltale.com\/et\/toode\/metallist-dekoratiivne-tahvel-tualeto-mother\/#primaryimage","url":"https:\/\/metaltale.com\/wp-content\/uploads\/2023\/10\/Metalinx117-dekoratyvinx117-plokx161tx117-TUALETO-MOTERYS.jpg","contentUrl":"https:\/\/metaltale.com\/wp-content\/uploads\/2023\/10\/Metalinx117-dekoratyvinx117-plokx161tx117-TUALETO-MOTERYS.jpg","width":800,"height":800},{"@type":"BreadcrumbList","@id":"https:\/\/metaltale.com\/et\/toode\/metallist-dekoratiivne-tahvel-tualeto-mother\/#breadcrumb","itemListElement":[{"@type":"ListItem","position":1,"name":"Home","item":"https:\/\/metaltale.com\/et\/kodu\/"},{"@type":"ListItem","position":2,"name":"Kauplus","item":"https:\/\/metaltale.com\/et\/shop\/"},{"@type":"ListItem","position":3,"name":"Metallist dekoratiivne tahvel TUALETO MOTHER"}]},{"@type":"WebSite","@id":"https:\/\/metaltale.com\/et\/#website","url":"https:\/\/metaltale.com\/et\/","name":"Metaltale.com","description":"","potentialAction":[{"@type":"SearchAction","target":{"@type":"EntryPoint","urlTemplate":"https:\/\/metaltale.com\/et\/?s={search_term_string}"},"query-input":{"@type":"PropertyValueSpecification","valueRequired":true,"valueName":"search_term_string"}}],"inLanguage":"et"}]}},"_links":{"self":[{"href":"https:\/\/metaltale.com\/et\/wp-json\/wp\/v2\/product\/135834","targetHints":{"allow":["GET"]}}],"collection":[{"href":"https:\/\/metaltale.com\/et\/wp-json\/wp\/v2\/product"}],"about":[{"href":"https:\/\/metaltale.com\/et\/wp-json\/wp\/v2\/types\/product"}],"replies":[{"embeddable":true,"href":"https:\/\/metaltale.com\/et\/wp-json\/wp\/v2\/comments?post=135834"}],"version-history":[{"count":0,"href":"https:\/\/metaltale.com\/et\/wp-json\/wp\/v2\/product\/135834\/revisions"}],"wp:featuredmedia":[{"embeddable":true,"href":"https:\/\/metaltale.com\/et\/wp-json\/wp\/v2\/media\/93049"}],"wp:attachment":[{"href":"https:\/\/metaltale.com\/et\/wp-json\/wp\/v2\/media?parent=135834"}],"wp:term":[{"taxonomy":"product_brand","embeddable":true,"href":"https:\/\/metaltale.com\/et\/wp-json\/wp\/v2\/product_brand?post=135834"},{"taxonomy":"product_cat","embeddable":true,"href":"https:\/\/metaltale.com\/et\/wp-json\/wp\/v2\/product_cat?post=135834"},{"taxonomy":"product_tag","embeddable":true,"href":"https:\/\/metaltale.com\/et\/wp-json\/wp\/v2\/product_tag?post=135834"}],"curies":[{"name":"wp","href":"https:\/\/api.w.org\/{rel}","templated":true}]}}