{"id":135684,"date":"2023-12-11T01:38:02","date_gmt":"2023-12-10T23:38:02","guid":{"rendered":"https:\/\/metaltale.com\/produktas\/metallist-ratikukang-forged-heart\/"},"modified":"2023-12-11T01:38:02","modified_gmt":"2023-12-10T23:38:02","slug":"metallist-ratikukang-forged-heart","status":"publish","type":"product","link":"https:\/\/metaltale.com\/et\/toode\/metallist-ratikukang-forged-heart\/","title":{"rendered":"Metallist r\u00e4tikukang FORGED HEART"},"content":{"rendered":"<div class=\"prod_data\">\n<p><strong>Mudel<\/strong> CH.54707<br \/>\n<strong>Materjal<\/strong> teras<br \/>\n<strong>\u00dcldine k\u00f5rgus (cm)<\/strong> 12<br \/>\n<strong>\u00dcldl\u00e4bim\u00f5\u00f5t (cm<\/strong> ) 16<br \/>\n<strong>Koguprojektsioon (cm)<\/strong> 16<br \/>\nAukude <strong>vahe (cm)<\/strong> 2,5<br \/>\nPaigalduskruvid Jah<br \/>\n<strong>V\u00e4rv<\/strong> teras<br \/>\n<strong>Viimistlus<\/strong> Lakitud<\/p>\n<p>vedrustus on valmistatud terasest, nii et see kestab pikka aega.<\/p>\n<p>originaalne maal\u00e4hedane disain<\/p>\n<p>kiireks paigaldamiseks on kaasas kruvide komplekt<\/p>\n<hr>\n<p>Seinale paigaldatav r\u00e4tikukang on stiilne t\u00e4iendus igasse retro- v\u00f5i maal\u00e4hedases stiilis vannituppa. See on valmistatud terasest, mis tagab pika kasutusaja. R\u00e4tiku riputamiseks asetage see lihtsalt r\u00f5ngale, mis ripub hoidiku k\u00fcljes. See praktiline disain tagab h\u00f5lpsa ja mugava riputusklambri kasutamise, v\u00f5imaldades r\u00e4tiku hoiustamist k\u00e4ttesaadavas ja esteetiliselt meeldivas kohas. Dekoratiivne s\u00fcda ja toorest v\u00e4rvi teras r\u00f5hutavad toote maal\u00e4hedast iseloomu.<\/p>\n<\/div>\n","protected":false},"excerpt":{"rendered":"<p>Mudel CH.54707 Materjal teras \u00dcldine k\u00f5rgus (cm) 12 \u00dcldl\u00e4bim\u00f5\u00f5t (cm ) 16 Koguprojektsioon (cm) 16 Aukude vahe (cm) 2,5 Paigalduskruvid<\/p>\n","protected":false},"featured_media":117156,"comment_status":"open","ping_status":"closed","template":"","meta":{"_acf_changed":false,"pmpro_default_level":""},"product_brand":[],"product_cat":[23836,23881],"product_tag":[],"class_list":{"0":"post-135684","1":"product","2":"type-product","3":"status-publish","4":"has-post-thumbnail","6":"product_cat-moobli-tarvikud","7":"product_cat-ranksluosciu-kabyklos-et","8":"pmpro-has-access","10":"first","11":"instock","12":"shipping-taxable","13":"purchasable","14":"product-type-simple"},"acf":[],"yoast_head":"<!-- This site is optimized with the Yoast SEO plugin v24.9 - https:\/\/yoast.com\/wordpress\/plugins\/seo\/ -->\n<title>Metallist r\u00e4tikukang FORGED HEART - MetalTale.com<\/title>\n<meta name=\"robots\" content=\"index, follow, max-snippet:-1, max-image-preview:large, max-video-preview:-1\" \/>\n<link rel=\"canonical\" href=\"https:\/\/metaltale.com\/et\/toode\/metallist-ratikukang-forged-heart\/\" \/>\n<meta property=\"og:locale\" content=\"et_EE\" \/>\n<meta property=\"og:type\" content=\"article\" \/>\n<meta property=\"og:title\" content=\"Metallist r\u00e4tikukang FORGED HEART - MetalTale.com\" \/>\n<meta property=\"og:description\" content=\"Mudel CH.54707 Materjal teras \u00dcldine k\u00f5rgus (cm) 12 \u00dcldl\u00e4bim\u00f5\u00f5t (cm ) 16 Koguprojektsioon (cm) 16 Aukude vahe (cm) 2,5 Paigalduskruvid\" \/>\n<meta property=\"og:url\" content=\"https:\/\/metaltale.com\/et\/toode\/metallist-ratikukang-forged-heart\/\" \/>\n<meta property=\"og:site_name\" content=\"MetalTale.com\" \/>\n<meta property=\"og:image\" content=\"https:\/\/metaltale.com\/wp-content\/uploads\/2023\/12\/Metalinis-rankx161luosx10Dix173-laikiklis-su-kalta-x161irdimi.jpg\" \/>\n\t<meta property=\"og:image:width\" content=\"800\" \/>\n\t<meta property=\"og:image:height\" content=\"800\" \/>\n\t<meta property=\"og:image:type\" content=\"image\/jpeg\" \/>\n<meta name=\"twitter:card\" content=\"summary_large_image\" \/>\n<meta name=\"twitter:label1\" content=\"Est. reading time\" \/>\n\t<meta name=\"twitter:data1\" content=\"1 minut\" \/>\n<script type=\"application\/ld+json\" class=\"yoast-schema-graph\">{\"@context\":\"https:\/\/schema.org\",\"@graph\":[{\"@type\":\"WebPage\",\"@id\":\"https:\/\/metaltale.com\/et\/toode\/metallist-ratikukang-forged-heart\/\",\"url\":\"https:\/\/metaltale.com\/et\/toode\/metallist-ratikukang-forged-heart\/\",\"name\":\"Metallist r\u00e4tikukang FORGED HEART - MetalTale.com\",\"isPartOf\":{\"@id\":\"https:\/\/metaltale.com\/et\/#website\"},\"primaryImageOfPage\":{\"@id\":\"https:\/\/metaltale.com\/et\/toode\/metallist-ratikukang-forged-heart\/#primaryimage\"},\"image\":{\"@id\":\"https:\/\/metaltale.com\/et\/toode\/metallist-ratikukang-forged-heart\/#primaryimage\"},\"thumbnailUrl\":\"https:\/\/metaltale.com\/wp-content\/uploads\/2023\/12\/Metalinis-rankx161luosx10Dix173-laikiklis-su-kalta-x161irdimi.jpg\",\"datePublished\":\"2023-12-10T23:38:02+00:00\",\"breadcrumb\":{\"@id\":\"https:\/\/metaltale.com\/et\/toode\/metallist-ratikukang-forged-heart\/#breadcrumb\"},\"inLanguage\":\"et\",\"potentialAction\":[{\"@type\":\"ReadAction\",\"target\":[\"https:\/\/metaltale.com\/et\/toode\/metallist-ratikukang-forged-heart\/\"]}]},{\"@type\":\"ImageObject\",\"inLanguage\":\"et\",\"@id\":\"https:\/\/metaltale.com\/et\/toode\/metallist-ratikukang-forged-heart\/#primaryimage\",\"url\":\"https:\/\/metaltale.com\/wp-content\/uploads\/2023\/12\/Metalinis-rankx161luosx10Dix173-laikiklis-su-kalta-x161irdimi.jpg\",\"contentUrl\":\"https:\/\/metaltale.com\/wp-content\/uploads\/2023\/12\/Metalinis-rankx161luosx10Dix173-laikiklis-su-kalta-x161irdimi.jpg\",\"width\":800,\"height\":800,\"caption\":\"Metallist r\u00e4tikukang FORGED HEART\"},{\"@type\":\"BreadcrumbList\",\"@id\":\"https:\/\/metaltale.com\/et\/toode\/metallist-ratikukang-forged-heart\/#breadcrumb\",\"itemListElement\":[{\"@type\":\"ListItem\",\"position\":1,\"name\":\"Home\",\"item\":\"https:\/\/metaltale.com\/et\/kodu\/\"},{\"@type\":\"ListItem\",\"position\":2,\"name\":\"Kauplus\",\"item\":\"https:\/\/metaltale.com\/et\/shop\/\"},{\"@type\":\"ListItem\",\"position\":3,\"name\":\"Metallist r\u00e4tikukang FORGED HEART\"}]},{\"@type\":\"WebSite\",\"@id\":\"https:\/\/metaltale.com\/et\/#website\",\"url\":\"https:\/\/metaltale.com\/et\/\",\"name\":\"Metaltale.com\",\"description\":\"\",\"potentialAction\":[{\"@type\":\"SearchAction\",\"target\":{\"@type\":\"EntryPoint\",\"urlTemplate\":\"https:\/\/metaltale.com\/et\/?s={search_term_string}\"},\"query-input\":{\"@type\":\"PropertyValueSpecification\",\"valueRequired\":true,\"valueName\":\"search_term_string\"}}],\"inLanguage\":\"et\"}]}<\/script>\n<!-- \/ Yoast SEO plugin. -->","yoast_head_json":{"title":"Metallist r\u00e4tikukang FORGED HEART - MetalTale.com","robots":{"index":"index","follow":"follow","max-snippet":"max-snippet:-1","max-image-preview":"max-image-preview:large","max-video-preview":"max-video-preview:-1"},"canonical":"https:\/\/metaltale.com\/et\/toode\/metallist-ratikukang-forged-heart\/","og_locale":"et_EE","og_type":"article","og_title":"Metallist r\u00e4tikukang FORGED HEART - MetalTale.com","og_description":"Mudel CH.54707 Materjal teras \u00dcldine k\u00f5rgus (cm) 12 \u00dcldl\u00e4bim\u00f5\u00f5t (cm ) 16 Koguprojektsioon (cm) 16 Aukude vahe (cm) 2,5 Paigalduskruvid","og_url":"https:\/\/metaltale.com\/et\/toode\/metallist-ratikukang-forged-heart\/","og_site_name":"MetalTale.com","og_image":[{"width":800,"height":800,"url":"https:\/\/metaltale.com\/wp-content\/uploads\/2023\/12\/Metalinis-rankx161luosx10Dix173-laikiklis-su-kalta-x161irdimi.jpg","type":"image\/jpeg"}],"twitter_card":"summary_large_image","twitter_misc":{"Est. reading time":"1 minut"},"schema":{"@context":"https:\/\/schema.org","@graph":[{"@type":"WebPage","@id":"https:\/\/metaltale.com\/et\/toode\/metallist-ratikukang-forged-heart\/","url":"https:\/\/metaltale.com\/et\/toode\/metallist-ratikukang-forged-heart\/","name":"Metallist r\u00e4tikukang FORGED HEART - MetalTale.com","isPartOf":{"@id":"https:\/\/metaltale.com\/et\/#website"},"primaryImageOfPage":{"@id":"https:\/\/metaltale.com\/et\/toode\/metallist-ratikukang-forged-heart\/#primaryimage"},"image":{"@id":"https:\/\/metaltale.com\/et\/toode\/metallist-ratikukang-forged-heart\/#primaryimage"},"thumbnailUrl":"https:\/\/metaltale.com\/wp-content\/uploads\/2023\/12\/Metalinis-rankx161luosx10Dix173-laikiklis-su-kalta-x161irdimi.jpg","datePublished":"2023-12-10T23:38:02+00:00","breadcrumb":{"@id":"https:\/\/metaltale.com\/et\/toode\/metallist-ratikukang-forged-heart\/#breadcrumb"},"inLanguage":"et","potentialAction":[{"@type":"ReadAction","target":["https:\/\/metaltale.com\/et\/toode\/metallist-ratikukang-forged-heart\/"]}]},{"@type":"ImageObject","inLanguage":"et","@id":"https:\/\/metaltale.com\/et\/toode\/metallist-ratikukang-forged-heart\/#primaryimage","url":"https:\/\/metaltale.com\/wp-content\/uploads\/2023\/12\/Metalinis-rankx161luosx10Dix173-laikiklis-su-kalta-x161irdimi.jpg","contentUrl":"https:\/\/metaltale.com\/wp-content\/uploads\/2023\/12\/Metalinis-rankx161luosx10Dix173-laikiklis-su-kalta-x161irdimi.jpg","width":800,"height":800,"caption":"Metallist r\u00e4tikukang FORGED HEART"},{"@type":"BreadcrumbList","@id":"https:\/\/metaltale.com\/et\/toode\/metallist-ratikukang-forged-heart\/#breadcrumb","itemListElement":[{"@type":"ListItem","position":1,"name":"Home","item":"https:\/\/metaltale.com\/et\/kodu\/"},{"@type":"ListItem","position":2,"name":"Kauplus","item":"https:\/\/metaltale.com\/et\/shop\/"},{"@type":"ListItem","position":3,"name":"Metallist r\u00e4tikukang FORGED HEART"}]},{"@type":"WebSite","@id":"https:\/\/metaltale.com\/et\/#website","url":"https:\/\/metaltale.com\/et\/","name":"Metaltale.com","description":"","potentialAction":[{"@type":"SearchAction","target":{"@type":"EntryPoint","urlTemplate":"https:\/\/metaltale.com\/et\/?s={search_term_string}"},"query-input":{"@type":"PropertyValueSpecification","valueRequired":true,"valueName":"search_term_string"}}],"inLanguage":"et"}]}},"_links":{"self":[{"href":"https:\/\/metaltale.com\/et\/wp-json\/wp\/v2\/product\/135684","targetHints":{"allow":["GET"]}}],"collection":[{"href":"https:\/\/metaltale.com\/et\/wp-json\/wp\/v2\/product"}],"about":[{"href":"https:\/\/metaltale.com\/et\/wp-json\/wp\/v2\/types\/product"}],"replies":[{"embeddable":true,"href":"https:\/\/metaltale.com\/et\/wp-json\/wp\/v2\/comments?post=135684"}],"version-history":[{"count":0,"href":"https:\/\/metaltale.com\/et\/wp-json\/wp\/v2\/product\/135684\/revisions"}],"wp:featuredmedia":[{"embeddable":true,"href":"https:\/\/metaltale.com\/et\/wp-json\/wp\/v2\/media\/117156"}],"wp:attachment":[{"href":"https:\/\/metaltale.com\/et\/wp-json\/wp\/v2\/media?parent=135684"}],"wp:term":[{"taxonomy":"product_brand","embeddable":true,"href":"https:\/\/metaltale.com\/et\/wp-json\/wp\/v2\/product_brand?post=135684"},{"taxonomy":"product_cat","embeddable":true,"href":"https:\/\/metaltale.com\/et\/wp-json\/wp\/v2\/product_cat?post=135684"},{"taxonomy":"product_tag","embeddable":true,"href":"https:\/\/metaltale.com\/et\/wp-json\/wp\/v2\/product_tag?post=135684"}],"curies":[{"name":"wp","href":"https:\/\/api.w.org\/{rel}","templated":true}]}}