{"id":135679,"date":"2024-02-13T14:39:55","date_gmt":"2024-02-13T12:39:55","guid":{"rendered":"https:\/\/metaltale.com\/produktas\/metallist-seisev-kuunlajalg-lily\/"},"modified":"2024-02-13T14:39:55","modified_gmt":"2024-02-13T12:39:55","slug":"metallist-seisev-kuunlajalg-lily","status":"publish","type":"product","link":"https:\/\/metaltale.com\/et\/toode\/metallist-seisev-kuunlajalg-lily\/","title":{"rendered":"Metallist seisev k\u00fc\u00fcnlajalg LILY"},"content":{"rendered":"<div class=\"prod_data\"><strong>Mudel<\/strong> AF.794.85-PRGR  <br \/><strong>Materjal<\/strong> Metall  <br \/><strong>\u00dcldk\u00f5rgus (cm)<\/strong> 15, 25  <br \/><strong>\u00dcldl\u00e4bim\u00f5\u00f5t (cm)<\/strong> 9, 10  <br \/><strong>V\u00e4rv<\/strong> Must  <\/p>\n<p>&#8211; k\u00e4sitsi valmistatud k\u00fc\u00fcnlajalg<br \/>&#8211; mustast rauast valmistatud tooted<br \/>&#8211; valige k\u00fc\u00fcnlaaluse jaoks k\u00fc\u00fcnal, mille l\u00e4bim\u00f5\u00f5t on 2,2 cm.<\/p>\n<hr>\n<p>\u00dcksik sepistatud k\u00fc\u00fcnlajalg on originaalne interj\u00f6\u00f6ri aksessuaar, mis sobib suurep\u00e4raselt retro-elutubadesse ja rustikaalsesse s\u00f6\u00f6gituppa. N\u00e4htavate haamrij\u00e4lgedega must pikk k\u00fc\u00fcnlajalg paistab silma oma lihtsuse poolest, mis v\u00f5imaldab teil kasutada mitut eksemplari, et luua ainulaadne kompositsioon. K\u00fc\u00fcnal LELIJA k\u00fc\u00fcnlaaluses annab peole piduliku retroh\u00f5ngulise atmosf\u00e4\u00e4ri.  <\/p>\n<\/div>\n","protected":false},"excerpt":{"rendered":"<p>Mudel AF.794.85-PRGR Materjal Metall \u00dcldk\u00f5rgus (cm) 15, 25 \u00dcldl\u00e4bim\u00f5\u00f5t (cm) 9, 10 V\u00e4rv Must &#8211; k\u00e4sitsi valmistatud k\u00fc\u00fcnlajalg&#8211; mustast rauast<\/p>\n","protected":false},"featured_media":89095,"comment_status":"open","ping_status":"closed","template":"","meta":{"_acf_changed":false,"pmpro_default_level":""},"product_brand":[],"product_cat":[24187],"product_tag":[],"class_list":{"0":"post-135679","1":"product","2":"type-product","3":"status-publish","4":"has-post-thumbnail","6":"product_cat-tostetavad-kuunlajalad","7":"pmpro-has-access","9":"first","10":"instock","11":"shipping-taxable","12":"purchasable","13":"product-type-simple"},"acf":[],"yoast_head":"<!-- This site is optimized with the Yoast SEO plugin v24.9 - https:\/\/yoast.com\/wordpress\/plugins\/seo\/ -->\n<title>Metallist seisev k\u00fc\u00fcnlajalg LILY - MetalTale.com<\/title>\n<meta name=\"robots\" content=\"index, follow, max-snippet:-1, max-image-preview:large, max-video-preview:-1\" \/>\n<link rel=\"canonical\" href=\"https:\/\/metaltale.com\/et\/toode\/metallist-seisev-kuunlajalg-lily\/\" \/>\n<meta property=\"og:locale\" content=\"et_EE\" \/>\n<meta property=\"og:type\" content=\"article\" \/>\n<meta property=\"og:title\" content=\"Metallist seisev k\u00fc\u00fcnlajalg LILY - MetalTale.com\" \/>\n<meta property=\"og:description\" content=\"Mudel AF.794.85-PRGR Materjal Metall \u00dcldk\u00f5rgus (cm) 15, 25 \u00dcldl\u00e4bim\u00f5\u00f5t (cm) 9, 10 V\u00e4rv Must &#8211; k\u00e4sitsi valmistatud k\u00fc\u00fcnlajalg&#8211; mustast rauast\" \/>\n<meta property=\"og:url\" content=\"https:\/\/metaltale.com\/et\/toode\/metallist-seisev-kuunlajalg-lily\/\" \/>\n<meta property=\"og:site_name\" content=\"MetalTale.com\" \/>\n<meta name=\"twitter:card\" content=\"summary_large_image\" \/>\n<script type=\"application\/ld+json\" class=\"yoast-schema-graph\">{\"@context\":\"https:\/\/schema.org\",\"@graph\":[{\"@type\":\"WebPage\",\"@id\":\"https:\/\/metaltale.com\/et\/toode\/metallist-seisev-kuunlajalg-lily\/\",\"url\":\"https:\/\/metaltale.com\/et\/toode\/metallist-seisev-kuunlajalg-lily\/\",\"name\":\"Metallist seisev k\u00fc\u00fcnlajalg LILY - MetalTale.com\",\"isPartOf\":{\"@id\":\"https:\/\/metaltale.com\/et\/#website\"},\"primaryImageOfPage\":{\"@id\":\"https:\/\/metaltale.com\/et\/toode\/metallist-seisev-kuunlajalg-lily\/#primaryimage\"},\"image\":{\"@id\":\"https:\/\/metaltale.com\/et\/toode\/metallist-seisev-kuunlajalg-lily\/#primaryimage\"},\"thumbnailUrl\":\"https:\/\/metaltale.com\/wp-content\/uploads\/2023\/10\/x17Dvakidx117-LILY-15cm.jpg\",\"datePublished\":\"2024-02-13T12:39:55+00:00\",\"breadcrumb\":{\"@id\":\"https:\/\/metaltale.com\/et\/toode\/metallist-seisev-kuunlajalg-lily\/#breadcrumb\"},\"inLanguage\":\"et\",\"potentialAction\":[{\"@type\":\"ReadAction\",\"target\":[\"https:\/\/metaltale.com\/et\/toode\/metallist-seisev-kuunlajalg-lily\/\"]}]},{\"@type\":\"ImageObject\",\"inLanguage\":\"et\",\"@id\":\"https:\/\/metaltale.com\/et\/toode\/metallist-seisev-kuunlajalg-lily\/#primaryimage\",\"url\":\"https:\/\/metaltale.com\/wp-content\/uploads\/2023\/10\/x17Dvakidx117-LILY-15cm.jpg\",\"contentUrl\":\"https:\/\/metaltale.com\/wp-content\/uploads\/2023\/10\/x17Dvakidx117-LILY-15cm.jpg\",\"width\":800,\"height\":800},{\"@type\":\"BreadcrumbList\",\"@id\":\"https:\/\/metaltale.com\/et\/toode\/metallist-seisev-kuunlajalg-lily\/#breadcrumb\",\"itemListElement\":[{\"@type\":\"ListItem\",\"position\":1,\"name\":\"Home\",\"item\":\"https:\/\/metaltale.com\/et\/kodu\/\"},{\"@type\":\"ListItem\",\"position\":2,\"name\":\"Kauplus\",\"item\":\"https:\/\/metaltale.com\/et\/shop\/\"},{\"@type\":\"ListItem\",\"position\":3,\"name\":\"Metallist seisev k\u00fc\u00fcnlajalg LILY\"}]},{\"@type\":\"WebSite\",\"@id\":\"https:\/\/metaltale.com\/et\/#website\",\"url\":\"https:\/\/metaltale.com\/et\/\",\"name\":\"Metaltale.com\",\"description\":\"\",\"potentialAction\":[{\"@type\":\"SearchAction\",\"target\":{\"@type\":\"EntryPoint\",\"urlTemplate\":\"https:\/\/metaltale.com\/et\/?s={search_term_string}\"},\"query-input\":{\"@type\":\"PropertyValueSpecification\",\"valueRequired\":true,\"valueName\":\"search_term_string\"}}],\"inLanguage\":\"et\"}]}<\/script>\n<!-- \/ Yoast SEO plugin. -->","yoast_head_json":{"title":"Metallist seisev k\u00fc\u00fcnlajalg LILY - MetalTale.com","robots":{"index":"index","follow":"follow","max-snippet":"max-snippet:-1","max-image-preview":"max-image-preview:large","max-video-preview":"max-video-preview:-1"},"canonical":"https:\/\/metaltale.com\/et\/toode\/metallist-seisev-kuunlajalg-lily\/","og_locale":"et_EE","og_type":"article","og_title":"Metallist seisev k\u00fc\u00fcnlajalg LILY - MetalTale.com","og_description":"Mudel AF.794.85-PRGR Materjal Metall \u00dcldk\u00f5rgus (cm) 15, 25 \u00dcldl\u00e4bim\u00f5\u00f5t (cm) 9, 10 V\u00e4rv Must &#8211; k\u00e4sitsi valmistatud k\u00fc\u00fcnlajalg&#8211; mustast rauast","og_url":"https:\/\/metaltale.com\/et\/toode\/metallist-seisev-kuunlajalg-lily\/","og_site_name":"MetalTale.com","twitter_card":"summary_large_image","schema":{"@context":"https:\/\/schema.org","@graph":[{"@type":"WebPage","@id":"https:\/\/metaltale.com\/et\/toode\/metallist-seisev-kuunlajalg-lily\/","url":"https:\/\/metaltale.com\/et\/toode\/metallist-seisev-kuunlajalg-lily\/","name":"Metallist seisev k\u00fc\u00fcnlajalg LILY - MetalTale.com","isPartOf":{"@id":"https:\/\/metaltale.com\/et\/#website"},"primaryImageOfPage":{"@id":"https:\/\/metaltale.com\/et\/toode\/metallist-seisev-kuunlajalg-lily\/#primaryimage"},"image":{"@id":"https:\/\/metaltale.com\/et\/toode\/metallist-seisev-kuunlajalg-lily\/#primaryimage"},"thumbnailUrl":"https:\/\/metaltale.com\/wp-content\/uploads\/2023\/10\/x17Dvakidx117-LILY-15cm.jpg","datePublished":"2024-02-13T12:39:55+00:00","breadcrumb":{"@id":"https:\/\/metaltale.com\/et\/toode\/metallist-seisev-kuunlajalg-lily\/#breadcrumb"},"inLanguage":"et","potentialAction":[{"@type":"ReadAction","target":["https:\/\/metaltale.com\/et\/toode\/metallist-seisev-kuunlajalg-lily\/"]}]},{"@type":"ImageObject","inLanguage":"et","@id":"https:\/\/metaltale.com\/et\/toode\/metallist-seisev-kuunlajalg-lily\/#primaryimage","url":"https:\/\/metaltale.com\/wp-content\/uploads\/2023\/10\/x17Dvakidx117-LILY-15cm.jpg","contentUrl":"https:\/\/metaltale.com\/wp-content\/uploads\/2023\/10\/x17Dvakidx117-LILY-15cm.jpg","width":800,"height":800},{"@type":"BreadcrumbList","@id":"https:\/\/metaltale.com\/et\/toode\/metallist-seisev-kuunlajalg-lily\/#breadcrumb","itemListElement":[{"@type":"ListItem","position":1,"name":"Home","item":"https:\/\/metaltale.com\/et\/kodu\/"},{"@type":"ListItem","position":2,"name":"Kauplus","item":"https:\/\/metaltale.com\/et\/shop\/"},{"@type":"ListItem","position":3,"name":"Metallist seisev k\u00fc\u00fcnlajalg LILY"}]},{"@type":"WebSite","@id":"https:\/\/metaltale.com\/et\/#website","url":"https:\/\/metaltale.com\/et\/","name":"Metaltale.com","description":"","potentialAction":[{"@type":"SearchAction","target":{"@type":"EntryPoint","urlTemplate":"https:\/\/metaltale.com\/et\/?s={search_term_string}"},"query-input":{"@type":"PropertyValueSpecification","valueRequired":true,"valueName":"search_term_string"}}],"inLanguage":"et"}]}},"_links":{"self":[{"href":"https:\/\/metaltale.com\/et\/wp-json\/wp\/v2\/product\/135679","targetHints":{"allow":["GET"]}}],"collection":[{"href":"https:\/\/metaltale.com\/et\/wp-json\/wp\/v2\/product"}],"about":[{"href":"https:\/\/metaltale.com\/et\/wp-json\/wp\/v2\/types\/product"}],"replies":[{"embeddable":true,"href":"https:\/\/metaltale.com\/et\/wp-json\/wp\/v2\/comments?post=135679"}],"version-history":[{"count":0,"href":"https:\/\/metaltale.com\/et\/wp-json\/wp\/v2\/product\/135679\/revisions"}],"wp:featuredmedia":[{"embeddable":true,"href":"https:\/\/metaltale.com\/et\/wp-json\/wp\/v2\/media\/89095"}],"wp:attachment":[{"href":"https:\/\/metaltale.com\/et\/wp-json\/wp\/v2\/media?parent=135679"}],"wp:term":[{"taxonomy":"product_brand","embeddable":true,"href":"https:\/\/metaltale.com\/et\/wp-json\/wp\/v2\/product_brand?post=135679"},{"taxonomy":"product_cat","embeddable":true,"href":"https:\/\/metaltale.com\/et\/wp-json\/wp\/v2\/product_cat?post=135679"},{"taxonomy":"product_tag","embeddable":true,"href":"https:\/\/metaltale.com\/et\/wp-json\/wp\/v2\/product_tag?post=135679"}],"curies":[{"name":"wp","href":"https:\/\/api.w.org\/{rel}","templated":true}]}}